{"id":615,"date":"2025-11-01T08:18:22","date_gmt":"2025-11-01T08:18:22","guid":{"rendered":"https:\/\/www.cxjsmartcard.com\/?post_type=product&#038;p=615"},"modified":"2025-12-29T01:27:12","modified_gmt":"2025-12-29T01:27:12","slug":"contactless-credit-protector-nfc-bank-anti-theft-rfid-blocking-card","status":"publish","type":"product","link":"https:\/\/www.cxjsmartcard.com\/es\/contactless-credit-protector-nfc-bank-anti-theft-rfid-blocking-card\/","title":{"rendered":"Protector de cr\u00e9dito sin contacto NFC para tarjetas bancarias antirrobo con bloqueo RFID"},"content":{"rendered":"<p data-start=\"74\" data-end=\"353\">Tarjeta RFID sin contacto que protege las se\u00f1ales NFC de 13,56 MHz para evitar la falsificaci\u00f3n de tarjetas bancarias e identificaciones. Construcci\u00f3n delgada de PVC, personalizaci\u00f3n CMYK a todo color y f\u00e1cil de usar: una sola tarjeta protege varias tarjetas sin contacto en la misma ranura.<\/p>\n<p data-start=\"355\" data-end=\"374\"><strong data-start=\"355\" data-end=\"372\">Especificaci\u00f3n<\/strong><\/p>\n<div class=\"_tableContainer_1rjym_1\">\n<div class=\"group _tableWrapper_1rjym_13 flex w-fit flex-col-reverse\" tabindex=\"-1\">\n<table class=\"w-fit min-w-(--thread-content-width)\" data-start=\"375\" data-end=\"676\">\n<thead data-start=\"375\" data-end=\"393\">\n<tr data-start=\"375\" data-end=\"393\">\n<th data-start=\"375\" data-end=\"382\" data-col-size=\"sm\">Art\u00edculo<\/th>\n<th data-start=\"382\" data-end=\"393\" data-col-size=\"md\">Detalles<\/th>\n<\/tr>\n<\/thead>\n<tbody data-start=\"404\" data-end=\"676\">\n<tr data-start=\"404\" data-end=\"440\">\n<td data-start=\"404\" data-end=\"415\" data-col-size=\"sm\">Material<\/td>\n<td data-col-size=\"md\" data-start=\"415\" data-end=\"440\">M\u00f3dulo de bloqueo de PVC +<\/td>\n<\/tr>\n<tr data-start=\"441\" data-end=\"471\">\n<td data-start=\"441\" data-end=\"448\" data-col-size=\"sm\">Tama\u00f1o<\/td>\n<td data-col-size=\"md\" data-start=\"448\" data-end=\"471\">85,5 \u00d7 54 mm (CR80)<\/td>\n<\/tr>\n<tr data-start=\"472\" data-end=\"499\">\n<td data-start=\"472\" data-end=\"484\" data-col-size=\"sm\">Espesor<\/td>\n<td data-col-size=\"md\" data-start=\"484\" data-end=\"499\">0,76\u20131,5 mm<\/td>\n<\/tr>\n<tr data-start=\"500\" data-end=\"530\">\n<td data-start=\"500\" data-end=\"511\" data-col-size=\"sm\">Impresi\u00f3n<\/td>\n<td data-col-size=\"md\" data-start=\"511\" data-end=\"530\">CMYK a todo color<\/td>\n<\/tr>\n<tr data-start=\"531\" data-end=\"568\">\n<td data-start=\"531\" data-end=\"552\" data-col-size=\"sm\">Frecuencia de bloqueo<\/td>\n<td data-col-size=\"md\" data-start=\"552\" data-end=\"568\">HF 13,56 MHz<\/td>\n<\/tr>\n<tr data-start=\"569\" data-end=\"627\">\n<td data-start=\"569\" data-end=\"579\" data-col-size=\"sm\">Paquete<\/td>\n<td data-col-size=\"md\" data-start=\"579\" data-end=\"627\">Bolsa OPP; cart\u00f3n (embalaje personalizado disponible)<\/td>\n<\/tr>\n<tr data-start=\"628\" data-end=\"676\">\n<td data-start=\"628\" data-end=\"640\" data-col-size=\"sm\">Plazo de entrega<\/td>\n<td data-col-size=\"md\" data-start=\"640\" data-end=\"676\">7\u201310 d\u00edas h\u00e1biles despu\u00e9s del pago<\/td>\n<\/tr>\n<\/tbody>\n<\/table>\n<\/div>\n<\/div>\n<p data-start=\"678\" data-end=\"956\"><strong data-start=\"678\" data-end=\"694\">C\u00f3mo funciona<\/strong><br data-start=\"694\" data-end=\"697\" \/>Las tarjetas RFID\/NFC utilizan ondas de radio y crean peque\u00f1os campos electromagn\u00e9ticos que pueden leerse a corta distancia. La tarjeta bloqueadora introduce interferencias que interrumpen la se\u00f1al de radiofrecuencia, impidiendo que lectores no autorizados accedan a los datos de las tarjetas sin contacto cercanas.<\/p>\n<p data-start=\"958\" data-end=\"976\"><strong data-start=\"958\" data-end=\"974\">Beneficios clave<\/strong><\/p>\n<ul data-start=\"977\" data-end=\"1247\">\n<li data-start=\"977\" data-end=\"1034\">\n<p data-start=\"979\" data-end=\"1034\">Previene el robo de tarjetas de cr\u00e9dito\/d\u00e9bito e identificaciones mediante RFID\/NFC<\/p>\n<\/li>\n<li data-start=\"1035\" data-end=\"1078\">\n<p data-start=\"1037\" data-end=\"1078\">Reemplaza carteras\/fundas de bloqueo voluminosas<\/p>\n<\/li>\n<li data-start=\"1079\" data-end=\"1141\">\n<p data-start=\"1081\" data-end=\"1141\">Una tarjeta protege todas las tarjetas sin contacto en un bolsillo tipo billetera<\/p>\n<\/li>\n<li data-start=\"1142\" data-end=\"1190\">\n<p data-start=\"1144\" data-end=\"1190\">F\u00e1cil de probar con cualquier tel\u00e9fono inteligente con NFC<\/p>\n<\/li>\n<li data-start=\"1191\" data-end=\"1247\">\n<p data-start=\"1193\" data-end=\"1247\">PVC duradero; admite ilustraciones personalizadas e impresi\u00f3n de logotipos.<\/p>\n<\/li>\n<\/ul>","protected":false},"excerpt":{"rendered":"<p>Tarjeta delgada de bloqueo RFID de PVC que protege las tarjetas NFC de 13,56 MHz contra robos; una tarjeta protege varias tarjetas y admite personalizaci\u00f3n CMYK a todo color.<\/p>","protected":false},"featured_media":618,"template":"","meta":{"_gspb_post_css":""},"product_brand":[],"product_cat":[15],"product_tag":[],"class_list":{"0":"post-615","1":"product","2":"type-product","3":"status-publish","4":"has-post-thumbnail","6":"product_cat-rfid-cards","8":"first","9":"instock","10":"shipping-taxable","11":"purchasable","12":"product-type-simple"},"_links":{"self":[{"href":"https:\/\/www.cxjsmartcard.com\/es\/wp-json\/wp\/v2\/product\/615","targetHints":{"allow":["GET"]}}],"collection":[{"href":"https:\/\/www.cxjsmartcard.com\/es\/wp-json\/wp\/v2\/product"}],"about":[{"href":"https:\/\/www.cxjsmartcard.com\/es\/wp-json\/wp\/v2\/types\/product"}],"wp:featuredmedia":[{"embeddable":true,"href":"https:\/\/www.cxjsmartcard.com\/es\/wp-json\/wp\/v2\/media\/618"}],"wp:attachment":[{"href":"https:\/\/www.cxjsmartcard.com\/es\/wp-json\/wp\/v2\/media?parent=615"}],"wp:term":[{"taxonomy":"product_brand","embeddable":true,"href":"https:\/\/www.cxjsmartcard.com\/es\/wp-json\/wp\/v2\/product_brand?post=615"},{"taxonomy":"product_cat","embeddable":true,"href":"https:\/\/www.cxjsmartcard.com\/es\/wp-json\/wp\/v2\/product_cat?post=615"},{"taxonomy":"product_tag","embeddable":true,"href":"https:\/\/www.cxjsmartcard.com\/es\/wp-json\/wp\/v2\/product_tag?post=615"}],"curies":[{"name":"wp","href":"https:\/\/api.w.org\/{rel}","templated":true}]}}