{"id":608,"date":"2025-11-01T08:15:35","date_gmt":"2025-11-01T08:15:35","guid":{"rendered":"https:\/\/www.cxjsmartcard.com\/?post_type=product&#038;p=608"},"modified":"2025-12-29T01:27:12","modified_gmt":"2025-12-29T01:27:12","slug":"anti-theft-credit-card-protector-rfid-blocking-card","status":"publish","type":"product","link":"https:\/\/www.cxjsmartcard.com\/es\/anti-theft-credit-card-protector-rfid-blocking-card\/","title":{"rendered":"Protector antirrobo para tarjetas de cr\u00e9dito con bloqueo RFID"},"content":{"rendered":"<p data-start=\"58\" data-end=\"460\">Tarjeta bloqueadora RFID dise\u00f1ada para proteger tarjetas de pago sin contacto, pasaportes, documentos de identidad y otras tarjetas inteligentes de 13,56 MHz contra escaneos no autorizados. Col\u00f3quela en la misma ranura que su tarjeta y crear\u00e1 un campo de interferencia que bloquea las ondas de radio, impidiendo el robo y la clonaci\u00f3n de datos. Ideal para bancos, finanzas, viajes, regalos corporativos y protecci\u00f3n de la privacidad personal.<\/p>\n<p data-start=\"462\" data-end=\"481\"><strong data-start=\"462\" data-end=\"479\">Especificaci\u00f3n<\/strong><\/p>\n<div class=\"_tableContainer_1rjym_1\">\n<div class=\"group _tableWrapper_1rjym_13 flex w-fit flex-col-reverse\" tabindex=\"-1\">\n<table class=\"w-fit min-w-(--thread-content-width)\" data-start=\"482\" data-end=\"1365\">\n<thead data-start=\"482\" data-end=\"500\">\n<tr data-start=\"482\" data-end=\"500\">\n<th data-start=\"482\" data-end=\"489\" data-col-size=\"sm\">Art\u00edculo<\/th>\n<th data-start=\"489\" data-end=\"500\" data-col-size=\"md\">Detalles<\/th>\n<\/tr>\n<\/thead>\n<tbody data-start=\"511\" data-end=\"1365\">\n<tr data-start=\"511\" data-end=\"583\">\n<td data-start=\"511\" data-end=\"526\" data-col-size=\"sm\">Nombre del producto<\/td>\n<td data-col-size=\"md\" data-start=\"526\" data-end=\"583\">Protector de tarjetas de cr\u00e9dito antirrobo con bloqueo RFID<\/td>\n<\/tr>\n<tr data-start=\"584\" data-end=\"651\">\n<td data-start=\"584\" data-end=\"595\" data-col-size=\"sm\">Funci\u00f3n<\/td>\n<td data-col-size=\"md\" data-start=\"595\" data-end=\"651\">Bloquea se\u00f1ales RF\/NFC de 13,56 MHz para evitar el robo de datos<\/td>\n<\/tr>\n<tr data-start=\"652\" data-end=\"701\">\n<td data-start=\"652\" data-end=\"663\" data-col-size=\"sm\">Material<\/td>\n<td data-col-size=\"md\" data-start=\"663\" data-end=\"701\">PVC con m\u00f3dulo de blindaje incorporado<\/td>\n<\/tr>\n<tr data-start=\"702\" data-end=\"741\">\n<td data-start=\"702\" data-end=\"709\" data-col-size=\"sm\">Tama\u00f1o<\/td>\n<td data-col-size=\"md\" data-start=\"709\" data-end=\"741\">85,5 \u00d7 54 mm (CR80 est\u00e1ndar)<\/td>\n<\/tr>\n<tr data-start=\"742\" data-end=\"764\">\n<td data-start=\"742\" data-end=\"754\" data-col-size=\"sm\">Espesor<\/td>\n<td data-col-size=\"md\" data-start=\"754\" data-end=\"764\">1,5 mil\u00edmetros<\/td>\n<\/tr>\n<tr data-start=\"765\" data-end=\"785\">\n<td data-start=\"765\" data-end=\"774\" data-col-size=\"sm\">Peso<\/td>\n<td data-col-size=\"md\" data-start=\"774\" data-end=\"785\">11 g\/ud.<\/td>\n<\/tr>\n<tr data-start=\"786\" data-end=\"850\">\n<td data-start=\"786\" data-end=\"808\" data-col-size=\"sm\">Frecuencia de blindaje<\/td>\n<td data-col-size=\"md\" data-start=\"808\" data-end=\"850\">13,56 MHz (tarjetas inteligentes de alta frecuencia)<\/td>\n<\/tr>\n<tr data-start=\"851\" data-end=\"899\">\n<td data-start=\"851\" data-end=\"862\" data-col-size=\"sm\">Impresi\u00f3n<\/td>\n<td data-start=\"862\" data-end=\"899\" data-col-size=\"md\">Impresi\u00f3n offset, impresi\u00f3n digital<\/td>\n<\/tr>\n<tr data-start=\"900\" data-end=\"994\">\n<td data-start=\"900\" data-end=\"919\" data-col-size=\"sm\">Artesan\u00edas disponibles<\/td>\n<td data-col-size=\"md\" data-start=\"919\" data-end=\"994\">Serigraf\u00eda, c\u00f3digo QR din\u00e1mico, c\u00f3digo de barras din\u00e1mico, estampaci\u00f3n en caliente, recubrimiento UV<\/td>\n<\/tr>\n<tr data-start=\"995\" data-end=\"1054\">\n<td data-start=\"995\" data-end=\"1013\" data-col-size=\"sm\">M\u00e9todos de marcado<\/td>\n<td data-col-size=\"md\" data-start=\"1013\" data-end=\"1054\">C\u00f3digo l\u00e1ser, c\u00f3digo en aerosol, c\u00f3digo en relieve<\/td>\n<\/tr>\n<tr data-start=\"1055\" data-end=\"1131\">\n<td data-start=\"1055\" data-end=\"1063\" data-col-size=\"sm\">Uso<\/td>\n<td data-col-size=\"md\" data-start=\"1063\" data-end=\"1131\">Junto con tarjetas bancarias\/pasaportes para bloquear la lectura inal\u00e1mbrica<\/td>\n<\/tr>\n<tr data-start=\"1132\" data-end=\"1205\">\n<td data-start=\"1132\" data-end=\"1144\" data-col-size=\"sm\">Embalaje<\/td>\n<td data-col-size=\"md\" data-start=\"1144\" data-end=\"1205\">125 piezas\/caja peque\u00f1a; 1000 piezas\/cart\u00f3n; 30,5 \u00d7 22,5 \u00d7 20,5 cm<\/td>\n<\/tr>\n<tr data-start=\"1206\" data-end=\"1277\">\n<td data-start=\"1206\" data-end=\"1222\" data-col-size=\"sm\">Personalizaci\u00f3n<\/td>\n<td data-col-size=\"md\" data-start=\"1222\" data-end=\"1277\">Color, dise\u00f1o, impresi\u00f3n de logotipos para marcas y regalos.<\/td>\n<\/tr>\n<tr data-start=\"1278\" data-end=\"1365\">\n<td data-start=\"1278\" data-end=\"1292\" data-col-size=\"sm\">Solicitud<\/td>\n<td data-start=\"1292\" data-end=\"1365\" data-col-size=\"md\">Tarjetas de cr\u00e9dito\/d\u00e9bito, documento de identidad, licencia de conducir, pasaportes, tarjetas de membres\u00eda<\/td>\n<\/tr>\n<\/tbody>\n<\/table>\n<\/div>\n<\/div>\n<p data-start=\"1367\" data-end=\"1583\"><strong data-start=\"1367\" data-end=\"1383\">C\u00f3mo funciona<\/strong><br data-start=\"1383\" data-end=\"1386\" \/>La tarjeta crea un campo de radiofrecuencia protector que interrumpe la se\u00f1al del lector, por lo que los esc\u00e1neres no pueden leer los datos de la tarjeta ni siquiera a corta distancia. Una tarjeta bloqueadora puede proteger varias tarjetas en el mismo bolsillo de la cartera.<\/p>\n<p data-start=\"1585\" data-end=\"1603\"><strong data-start=\"1585\" data-end=\"1601\">Aplicaciones<\/strong><\/p>\n<ul data-start=\"1604\" data-end=\"1815\">\n<li data-start=\"1604\" data-end=\"1639\">\n<p data-start=\"1606\" data-end=\"1639\">Anti-skimming de tarjetas de cr\u00e9dito\/d\u00e9bito<\/p>\n<\/li>\n<li data-start=\"1640\" data-end=\"1672\">\n<p data-start=\"1642\" data-end=\"1672\">Pasaporte electr\u00f3nico y protecci\u00f3n de la identidad<\/p>\n<\/li>\n<li data-start=\"1673\" data-end=\"1713\">\n<p data-start=\"1675\" data-end=\"1713\">Antiespionaje de tel\u00e9fonos inteligentes con NFC<\/p>\n<\/li>\n<li data-start=\"1714\" data-end=\"1768\">\n<p data-start=\"1716\" data-end=\"1768\">Regalos promocionales corporativos con funci\u00f3n de seguridad<\/p>\n<\/li>\n<li data-start=\"1769\" data-end=\"1815\">\n<p data-start=\"1771\" data-end=\"1815\">Alternativa a las carteras\/fundas con bloqueo RFID<\/p>\n<\/li>\n<\/ul>","protected":false},"excerpt":{"rendered":"<p>Tarjeta delgada de bloqueo RFID de PVC que protege las tarjetas sin contacto de 13,56 MHz de la lectura inal\u00e1mbrica no autorizada; apta para billetera y totalmente imprimible para marca.<\/p>","protected":false},"featured_media":609,"template":"","meta":{"_gspb_post_css":""},"product_brand":[],"product_cat":[15],"product_tag":[],"class_list":{"0":"post-608","1":"product","2":"type-product","3":"status-publish","4":"has-post-thumbnail","6":"product_cat-rfid-cards","8":"first","9":"instock","10":"shipping-taxable","11":"purchasable","12":"product-type-simple"},"_links":{"self":[{"href":"https:\/\/www.cxjsmartcard.com\/es\/wp-json\/wp\/v2\/product\/608","targetHints":{"allow":["GET"]}}],"collection":[{"href":"https:\/\/www.cxjsmartcard.com\/es\/wp-json\/wp\/v2\/product"}],"about":[{"href":"https:\/\/www.cxjsmartcard.com\/es\/wp-json\/wp\/v2\/types\/product"}],"wp:featuredmedia":[{"embeddable":true,"href":"https:\/\/www.cxjsmartcard.com\/es\/wp-json\/wp\/v2\/media\/609"}],"wp:attachment":[{"href":"https:\/\/www.cxjsmartcard.com\/es\/wp-json\/wp\/v2\/media?parent=608"}],"wp:term":[{"taxonomy":"product_brand","embeddable":true,"href":"https:\/\/www.cxjsmartcard.com\/es\/wp-json\/wp\/v2\/product_brand?post=608"},{"taxonomy":"product_cat","embeddable":true,"href":"https:\/\/www.cxjsmartcard.com\/es\/wp-json\/wp\/v2\/product_cat?post=608"},{"taxonomy":"product_tag","embeddable":true,"href":"https:\/\/www.cxjsmartcard.com\/es\/wp-json\/wp\/v2\/product_tag?post=608"}],"curies":[{"name":"wp","href":"https:\/\/api.w.org\/{rel}","templated":true}]}}