{"id":1185,"date":"2025-11-24T08:59:19","date_gmt":"2025-11-24T08:59:19","guid":{"rendered":"https:\/\/www.cxjsmartcard.com\/?post_type=product&#038;p=1185"},"modified":"2025-12-29T01:27:06","modified_gmt":"2025-12-29T01:27:06","slug":"ntag215-nfc-coin-tag-504_byte-blank-programmable-token","status":"publish","type":"product","link":"https:\/\/www.cxjsmartcard.com\/es\/ntag215-nfc-coin-tag-504_byte-blank-programmable-token\/","title":{"rendered":"Etiqueta de moneda NFC NTAG215 de 504 bytes, token programable en blanco"},"content":{"rendered":"<p data-start=\"40\" data-end=\"431\">La etiqueta NFC para monedas NTAG215, un token programable en blanco de 504 bytes, es una etiqueta NFC para monedas peque\u00f1a y resistente de 13,56 MHz, dise\u00f1ada para proyectos que requieren una memoria fiable y regrabable en un formato compacto. Gracias a la tecnolog\u00eda de chip NTAG215 original, ofrece 504 bytes de memoria utilizable y un ID \u00fanico de 7 bytes, lo que la hace ideal para codificar URL, texto, ID, datos de configuraci\u00f3n, datos de juegos, informaci\u00f3n de fidelizaci\u00f3n y m\u00e1s.<\/p>\n<p data-start=\"433\" data-end=\"814\">La etiqueta cumple con el est\u00e1ndar ISO\/IEC 14443A y es compatible con la mayor\u00eda de los smartphones, tablets y lectores con NFC compatibles con etiquetas NFC Forum Tipo 2. Simplemente toque con un tel\u00e9fono o lector para leer o escribir datos como enlaces a sitios web, activadores de aplicaciones, configuraci\u00f3n de Wi-Fi, cupones o detalles de eventos. Una vez codificados, los datos se pueden bloquear para evitar cambios si la aplicaci\u00f3n lo requiere.<\/p>\n<p data-start=\"816\" data-end=\"1207\">La construcci\u00f3n tipo moneda facilita su manejo e instalaci\u00f3n. Los di\u00e1metros habituales son de 20 a 30 mm (o seg\u00fan pedido), con un perfil delgado y plano que se adapta a paneles, carcasas, expositores, llaveros o insignias. La carcasa suele estar hecha de pl\u00e1stico PVC o ABS, lo que le confiere una buena resistencia al desgaste diario, a impactos leves y a la humedad en entornos interiores o exteriores cubiertos.<\/p>\n<p data-start=\"1209\" data-end=\"1527\">El chip NTAG215 integrado permite una comunicaci\u00f3n r\u00e1pida, retenci\u00f3n de datos de 10 a\u00f1os y hasta 100\u00a0000 ciclos de lectura\/escritura. Esto convierte al token en una opci\u00f3n ideal para proyectos de larga duraci\u00f3n, como programas de fidelizaci\u00f3n, identificadores de acceso, tokens de juegos o puntos de registro, que se codifican y leen repetidamente durante su vida \u00fatil.<\/p>\n<p data-start=\"1529\" data-end=\"1608\">La instalaci\u00f3n y la integraci\u00f3n son flexibles. La etiqueta para monedas se puede suministrar con:<\/p>\n<ul data-start=\"1610\" data-end=\"1874\">\n<li data-start=\"1610\" data-end=\"1752\">\n<p data-start=\"1612\" data-end=\"1752\"><strong data-start=\"1612\" data-end=\"1632\">Respaldo adhesivo<\/strong> \u2013 para una r\u00e1pida instalaci\u00f3n \u201cpelar y pegar\u201d en superficies limpias, no met\u00e1licas, como pl\u00e1stico, vidrio, madera o paredes pintadas.<\/p>\n<\/li>\n<li data-start=\"1753\" data-end=\"1874\">\n<p data-start=\"1755\" data-end=\"1874\"><strong data-start=\"1755\" data-end=\"1779\">Versi\u00f3n no adhesiva<\/strong> \u2013 para empotrar en carcasas, llaveros, juguetes, piezas de juego, pulseras o materiales impresos.<\/p>\n<\/li>\n<\/ul>\n<p data-start=\"1876\" data-end=\"2052\">(Si es necesario, se puede especificar una versi\u00f3n antimetal para que la etiqueta se pueda usar en superficies met\u00e1licas; de lo contrario, las etiquetas de monedas NTAG215 est\u00e1ndar est\u00e1n dise\u00f1adas para entornos no met\u00e1licos).<\/p>\n<p data-start=\"2054\" data-end=\"2259\">Cada etiqueta se env\u00eda en blanco y sin formato, lista para sus propios datos. Puede codificarla con software NFC gratuito o profesional, utilizando lectores NFC de escritorio o tel\u00e9fonos m\u00f3viles compatibles con NFC. Usos t\u00edpicos:<\/p>\n<ul data-start=\"2261\" data-end=\"2603\">\n<li data-start=\"2261\" data-end=\"2305\">\n<p data-start=\"2263\" data-end=\"2305\">Fichas de registro de eventos y credenciales de visitante<\/p>\n<\/li>\n<li data-start=\"2306\" data-end=\"2365\">\n<p data-start=\"2308\" data-end=\"2365\">Tokens de fidelizaci\u00f3n y membres\u00eda para tiendas, gimnasios y clubes<\/p>\n<\/li>\n<li data-start=\"2366\" data-end=\"2432\">\n<p data-start=\"2368\" data-end=\"2432\">Piezas de juego y fichas coleccionables con contenido digital oculto<\/p>\n<\/li>\n<li data-start=\"2433\" data-end=\"2474\">\n<p data-start=\"2435\" data-end=\"2474\">Etiquetas de inventario y activos de servicio ligero<\/p>\n<\/li>\n<li data-start=\"2475\" data-end=\"2538\">\n<p data-start=\"2477\" data-end=\"2538\">Carteles inteligentes, etiquetas colgantes de productos y puntos de contacto de marketing<\/p>\n<\/li>\n<li data-start=\"2539\" data-end=\"2603\">\n<p data-start=\"2541\" data-end=\"2603\">Proyectos NFC de bricolaje y pasatiempos, activadores de automatizaci\u00f3n o atajos<\/p>\n<\/li>\n<\/ul>\n<p data-start=\"2605\" data-end=\"2888\">Para la marca y la identificaci\u00f3n, la superficie puede imprimirse con su logotipo, texto, n\u00fameros de serie, c\u00f3digos de barras o c\u00f3digos QR. Los diferentes colores y dise\u00f1os sencillos ayudan a distinguir lotes, grupos de usuarios o funciones (por ejemplo, diferentes colores para distintos niveles de juego o zonas de acceso).<\/p>\n<p data-start=\"2890\" data-end=\"3163\">Con su equilibrio de tama\u00f1o compacto, memoria de 504 bytes, buena compatibilidad y f\u00e1cil manejo, la etiqueta de moneda NFC NTAG215 es una &quot;ficha en blanco&quot; pr\u00e1ctica para una amplia variedad de aplicaciones NFC en las que desea controlar el contenido usted mismo y mantener el formato limpio y simple.<\/p>","protected":false},"excerpt":{"rendered":"<p>Etiqueta de moneda NFC NTAG215 con memoria de usuario de 504 bytes, compatible con NFC Forum Tipo 2 ISO14443A. Ficha en blanco y regrabable de 13,56 MHz en formato de moneda compacto, ideal para programas de fidelizaci\u00f3n, juegos, puntos de facturaci\u00f3n, carteles inteligentes y proyectos NFC DIY.<\/p>","protected":false},"featured_media":1186,"template":"","meta":{"_gspb_post_css":""},"product_brand":[],"product_cat":[15],"product_tag":[],"class_list":{"0":"post-1185","1":"product","2":"type-product","3":"status-publish","4":"has-post-thumbnail","6":"product_cat-rfid-cards","8":"first","9":"instock","10":"shipping-taxable","11":"purchasable","12":"product-type-simple"},"_links":{"self":[{"href":"https:\/\/www.cxjsmartcard.com\/es\/wp-json\/wp\/v2\/product\/1185","targetHints":{"allow":["GET"]}}],"collection":[{"href":"https:\/\/www.cxjsmartcard.com\/es\/wp-json\/wp\/v2\/product"}],"about":[{"href":"https:\/\/www.cxjsmartcard.com\/es\/wp-json\/wp\/v2\/types\/product"}],"wp:featuredmedia":[{"embeddable":true,"href":"https:\/\/www.cxjsmartcard.com\/es\/wp-json\/wp\/v2\/media\/1186"}],"wp:attachment":[{"href":"https:\/\/www.cxjsmartcard.com\/es\/wp-json\/wp\/v2\/media?parent=1185"}],"wp:term":[{"taxonomy":"product_brand","embeddable":true,"href":"https:\/\/www.cxjsmartcard.com\/es\/wp-json\/wp\/v2\/product_brand?post=1185"},{"taxonomy":"product_cat","embeddable":true,"href":"https:\/\/www.cxjsmartcard.com\/es\/wp-json\/wp\/v2\/product_cat?post=1185"},{"taxonomy":"product_tag","embeddable":true,"href":"https:\/\/www.cxjsmartcard.com\/es\/wp-json\/wp\/v2\/product_tag?post=1185"}],"curies":[{"name":"wp","href":"https:\/\/api.w.org\/{rel}","templated":true}]}}