{"id":1180,"date":"2025-11-24T08:56:36","date_gmt":"2025-11-24T08:56:36","guid":{"rendered":"https:\/\/www.cxjsmartcard.com\/?post_type=product&#038;p=1180"},"modified":"2025-12-29T01:27:06","modified_gmt":"2025-12-29T01:27:06","slug":"ntag213-rfid-patrol-tag","status":"publish","type":"product","link":"https:\/\/www.cxjsmartcard.com\/es\/ntag213-rfid-patrol-tag\/","title":{"rendered":"Etiqueta de patrulla RFID Ntag213"},"content":{"rendered":"<p data-start=\"40\" data-end=\"414\">La etiqueta RFID de patrulla Ntag213 es una etiqueta compacta tipo moneda dise\u00f1ada para sistemas de patrullaje, almacenes y gesti\u00f3n de activos. Fabricada en PVC, ABS o PPS, est\u00e1 laminada en un disco s\u00f3lido resistente al agua, la humedad y los impactos, lo que permite su uso fiable en puertas, paredes, equipos y otras posiciones de uso frecuente en entornos industriales.<\/p>\n<p data-start=\"416\" data-end=\"763\">La etiqueta utiliza NTAG213 con memoria de usuario de 144 bytes y rendimiento estable de alta frecuencia (HF), ideal para registrar puntos de control de patrulla, identificaciones de activos, registros de inspecci\u00f3n y otros datos b\u00e1sicos. Su superficie plana y lisa facilita la impresi\u00f3n de logotipos, n\u00fameros de serie, c\u00f3digos QR o c\u00f3digos de barras, lo que convierte cada etiqueta en un soporte de identificaci\u00f3n y un elemento de marca.<\/p>\n<p data-start=\"765\" data-end=\"1111\">Disponemos de diferentes materiales y estructuras seg\u00fan la aplicaci\u00f3n. Las versiones de PVC y ABS son aptas para la mayor\u00eda de usos en interiores y exteriores, mientras que el PPS se puede seleccionar para condiciones de trabajo m\u00e1s exigentes. Las capas antimet\u00e1licas opcionales ayudan a mantener la lectura \u00f3ptima cuando la etiqueta se monta en superficies met\u00e1licas como armarios, m\u00e1quinas o estanter\u00edas.<\/p>\n<p data-start=\"1113\" data-end=\"1488\">La instalaci\u00f3n es flexible. La etiqueta de patrullaje puede suministrarse con un resistente adhesivo 3M para un montaje r\u00e1pido con solo despegar y pegar, o con orificios para tornillos para su fijaci\u00f3n mec\u00e1nica en superficies rugosas o con alta vibraci\u00f3n. Se ofrecen varios tama\u00f1os redondos, incluyendo 25, 30, 34, 40 y 52 mm, y se pueden fabricar di\u00e1metros personalizados bajo pedido para adaptarse a las instalaciones existentes o a los requisitos de dise\u00f1o.<\/p>\n<p data-start=\"1490\" data-end=\"1868\">Para adaptarse a diferentes sistemas, se pueden configurar m\u00faltiples familias de chips. Las opciones de HF incluyen MIFARE S50, S70, NTAG213\/215\/216, MIFARE Ultralight e I CODE SLIX para su uso con lectores NFC y RFID comunes. Para aplicaciones de largo alcance, se pueden seleccionar chips UHF como UC G2XL, H3, M4 y M5, con distancias de lectura de hasta varios metros, seg\u00fan el tipo de chip, la antena y el lector.<\/p>\n<p data-start=\"1870\" data-end=\"2273\">La distancia de lectura t\u00edpica var\u00eda desde un toque cercano hasta varios metros (0-6 m), dependiendo del chip seleccionado, la frecuencia y el entorno. La temperatura de funcionamiento, de -25 \u00b0C a 60 \u00b0C, cubre la mayor\u00eda de los entornos de patrullaje, log\u00edstica y almacenamiento en interiores y semiexteriores. Los clientes pueden personalizar el tama\u00f1o, el tipo de chip, el m\u00e9todo de impresi\u00f3n (como serigraf\u00eda u offset), el dise\u00f1o de la superficie, la configuraci\u00f3n antimetal y la forma de instalaci\u00f3n.<\/p>\n<p data-start=\"2275\" data-end=\"2705\">En uso, la etiqueta RFID de patrullaje Ntag213 puede servir como punto de control en sistemas de patrullaje de seguridad, como identificador para pal\u00e9s y cajas en almacenes, como etiqueta de identificaci\u00f3n para maquinaria y equipos, o como una etiqueta de activos sencilla y duradera para el seguimiento de propiedades a largo plazo. Ayuda a mejorar la precisi\u00f3n de la lectura, agiliza las inspecciones y facilita la gesti\u00f3n de registros digitales en plataformas de gesti\u00f3n en log\u00edstica, f\u00e1bricas, edificios comerciales y otras instalaciones.<\/p>","protected":false},"excerpt":{"rendered":"<p>La etiqueta RFID de patrullaje Ntag213 es una etiqueta para monedas impermeable y resistente a impactos, fabricada en PVC, ABS o PPS, con memoria de 144 bytes y dise\u00f1o antimetal opcional. Admite montaje adhesivo o con tornillos en varios tama\u00f1os redondos y ofrece opciones de chip HF y UHF para gesti\u00f3n de almacenes, seguimiento de activos, aplicaciones industriales y patrullaje de seguridad.<\/p>","protected":false},"featured_media":1184,"template":"","meta":{"_gspb_post_css":""},"product_brand":[],"product_cat":[29],"product_tag":[],"class_list":{"0":"post-1180","1":"product","2":"type-product","3":"status-publish","4":"has-post-thumbnail","6":"product_cat-nfc-tags","8":"first","9":"instock","10":"shipping-taxable","11":"purchasable","12":"product-type-simple"},"_links":{"self":[{"href":"https:\/\/www.cxjsmartcard.com\/es\/wp-json\/wp\/v2\/product\/1180","targetHints":{"allow":["GET"]}}],"collection":[{"href":"https:\/\/www.cxjsmartcard.com\/es\/wp-json\/wp\/v2\/product"}],"about":[{"href":"https:\/\/www.cxjsmartcard.com\/es\/wp-json\/wp\/v2\/types\/product"}],"wp:featuredmedia":[{"embeddable":true,"href":"https:\/\/www.cxjsmartcard.com\/es\/wp-json\/wp\/v2\/media\/1184"}],"wp:attachment":[{"href":"https:\/\/www.cxjsmartcard.com\/es\/wp-json\/wp\/v2\/media?parent=1180"}],"wp:term":[{"taxonomy":"product_brand","embeddable":true,"href":"https:\/\/www.cxjsmartcard.com\/es\/wp-json\/wp\/v2\/product_brand?post=1180"},{"taxonomy":"product_cat","embeddable":true,"href":"https:\/\/www.cxjsmartcard.com\/es\/wp-json\/wp\/v2\/product_cat?post=1180"},{"taxonomy":"product_tag","embeddable":true,"href":"https:\/\/www.cxjsmartcard.com\/es\/wp-json\/wp\/v2\/product_tag?post=1180"}],"curies":[{"name":"wp","href":"https:\/\/api.w.org\/{rel}","templated":true}]}}