{"id":1174,"date":"2025-11-24T08:42:34","date_gmt":"2025-11-24T08:42:34","guid":{"rendered":"https:\/\/www.cxjsmartcard.com\/?post_type=product&#038;p=1174"},"modified":"2025-12-29T01:27:06","modified_gmt":"2025-12-29T01:27:06","slug":"fpc-micro-rfid-nfc-tags-stickers","status":"publish","type":"product","link":"https:\/\/www.cxjsmartcard.com\/es\/fpc-micro-rfid-nfc-tags-stickers\/","title":{"rendered":"Etiquetas adhesivas NFC FPC Micro RFID"},"content":{"rendered":"<p data-start=\"40\" data-end=\"503\">Las etiquetas adhesivas FPC micro RFID NFC son etiquetas de identificaci\u00f3n ultrapeque\u00f1as y flexibles, dise\u00f1adas para un seguimiento preciso en espacios extremadamente limitados. Fabricadas con una antena FPC flexible y materiales de base compactos, son ideales para aplicaciones como control de acceso, gesti\u00f3n de activos, seguimiento de art\u00edculos peque\u00f1os (p. ej., instrumental quir\u00fargico, productos farmac\u00e9uticos, suministros m\u00e9dicos), protecci\u00f3n de marca para productos de alto valor e incluso gesti\u00f3n de animales.<\/p>\n<p data-start=\"505\" data-end=\"950\">El cuerpo de la etiqueta combina una antena FPC con una base de papel, PVC o PET, lo que proporciona una estructura delgada y flexible que se integra f\u00e1cilmente en espacios reducidos o superficies curvas. Los tama\u00f1os est\u00e1ndar incluyen di\u00e1metros redondos de 5 mm, 7 mm, 8 mm, 9 mm, 10 mm y 15 mm, as\u00ed como formatos rectangulares populares como 8\u00d78 mm, 10\u00d710 mm, 4\u00d712 mm, 6\u00d716 mm, 15\u00d715 mm y 9\u00d746 mm. Se pueden fabricar formas y dimensiones personalizadas seg\u00fan los requisitos espec\u00edficos del proyecto.<\/p>\n<p data-start=\"952\" data-end=\"1487\">A pesar de su reducido tama\u00f1o, estas microetiquetas ofrecen un rendimiento estable. Su dise\u00f1o de doble antena de cobre permite una distancia de lectura t\u00edpica de entre 1 y 10 cm (dependiendo del chip, el lector y el entorno), lo que proporciona una identificaci\u00f3n fiable de corto alcance donde las zonas de lectura controladas son importantes. Su fabricaci\u00f3n en PET mejora las propiedades de impermeabilidad, resistencia qu\u00edmica y resistencia al calor, lo que las hace ideales para entornos m\u00e9dicos, de laboratorio e industriales donde la limpieza frecuente, la esterilizaci\u00f3n o las condiciones adversas son habituales.<\/p>\n<p data-start=\"1489\" data-end=\"1990\">Para ser compatibles con una amplia gama de sistemas, las etiquetas est\u00e1n disponibles con m\u00faltiples circuitos integrados y protocolos de alta frecuencia. Las opciones incluyen chips MIFARE Classic\u00ae, MIFARE Plus\u00ae, MIFARE DESFire\u00ae, NTAG\u00ae 203\/213\/215\/216 (NFC Forum Tipo 2), la serie MIFARE Ultralight\u00ae y la familia ICODE\u00ae SLIX, que cumplen con las normas ISO\/IEC 14443A, ISO 15693 e ISO 18000-3. Esto garantiza la compatibilidad con lectores de alta frecuencia convencionales, esc\u00e1neres industriales y smartphones con NFC (para chips NTAG y MIFARE Ultralight).<\/p>\n<p data-start=\"1992\" data-end=\"2397\">El dise\u00f1o puede suministrarse como incrustaciones h\u00famedas o como pegatinas terminadas con impresi\u00f3n de logotipos, gr\u00e1ficos o c\u00f3digos personalizados. Las opciones incluyen n\u00fameros de serie, c\u00f3digos de barras, c\u00f3digos QR o elementos de marca para facilitar la trazabilidad y la prevenci\u00f3n de falsificaciones. Tambi\u00e9n est\u00e1 disponible una configuraci\u00f3n antimetal, que permite que las microetiquetas funcionen de forma fiable en herramientas o equipos met\u00e1licos sin una p\u00e9rdida significativa de rendimiento.<\/p>\n<p data-start=\"2399\" data-end=\"2643\">Cada etiqueta admite m\u00e1s de 100.000 ciclos de lectura\/escritura, lo que ofrece un funcionamiento estable y duradero durante su vida \u00fatil. El dise\u00f1o pasivo de alta frecuencia no requiere bater\u00eda, lo que reduce el mantenimiento y permite una fijaci\u00f3n permanente o semipermanente a los objetos.<\/p>\n<p data-start=\"2645\" data-end=\"2663\"><strong data-start=\"2645\" data-end=\"2661\">Caracter\u00edsticas principales<\/strong><\/p>\n<ul data-start=\"2664\" data-end=\"3335\">\n<li data-start=\"2664\" data-end=\"2748\">\n<p data-start=\"2666\" data-end=\"2748\">Huella ultrapeque\u00f1a, a partir de 5 mm de di\u00e1metro y tama\u00f1os rectangulares compactos<\/p>\n<\/li>\n<li data-start=\"2749\" data-end=\"2818\">\n<p data-start=\"2751\" data-end=\"2818\">Antena FPC flexible con base de papel\/PVC\/PET para una f\u00e1cil integraci\u00f3n<\/p>\n<\/li>\n<li data-start=\"2819\" data-end=\"2926\">\n<p data-start=\"2821\" data-end=\"2926\">Estructura de antena de cobre doble para una lectura estable de corto alcance (aprox. 1\u201310 cm, seg\u00fan la aplicaci\u00f3n)<\/p>\n<\/li>\n<li data-start=\"2927\" data-end=\"3011\">\n<p data-start=\"2929\" data-end=\"3011\">Capa de PET que ofrece rendimiento impermeable, resistente a los qu\u00edmicos y al calor.<\/p>\n<\/li>\n<li data-start=\"3012\" data-end=\"3085\">\n<p data-start=\"3014\" data-end=\"3085\">Estructura anti-metal opcional para uso en herramientas y equipos met\u00e1licos<\/p>\n<\/li>\n<li data-start=\"3086\" data-end=\"3160\">\n<p data-start=\"3088\" data-end=\"3160\">Formato de incrustaci\u00f3n h\u00fameda o etiqueta terminada con impresi\u00f3n de logotipo o c\u00f3digo personalizado<\/p>\n<\/li>\n<li data-start=\"3161\" data-end=\"3294\">\n<p data-start=\"3163\" data-end=\"3294\">Opciones de chip de alta frecuencia: MIFARE Classic\u00ae, MIFARE Plus\u00ae, MIFARE DESFire\u00ae, serie NTAG\u00ae, MIFARE Ultralight\u00ae, familia ICODE\u00ae SLIX<\/p>\n<\/li>\n<li data-start=\"3295\" data-end=\"3335\">\n<p data-start=\"3297\" data-end=\"3335\">Resistencia de lectura\/escritura &gt;100.000 ciclos<\/p>\n<\/li>\n<\/ul>\n<p data-start=\"3337\" data-end=\"3363\"><strong data-start=\"3337\" data-end=\"3361\">Aplicaciones t\u00edpicas<\/strong><\/p>\n<ul data-start=\"3364\" data-end=\"4091\">\n<li data-start=\"3364\" data-end=\"3494\">\n<p data-start=\"3366\" data-end=\"3494\"><strong data-start=\"3366\" data-end=\"3392\">Medicina y atenci\u00f3n sanitaria<\/strong>:Seguimiento de instrumentos quir\u00fargicos, herramientas m\u00e9dicas reutilizables, productos farmac\u00e9uticos y equipos esterilizables.<\/p>\n<\/li>\n<li data-start=\"3495\" data-end=\"3628\">\n<p data-start=\"3497\" data-end=\"3628\"><strong data-start=\"3497\" data-end=\"3526\">Industrial y de laboratorio<\/strong>:Identificaci\u00f3n de peque\u00f1os componentes, accesorios, muestras y contenedores expuestos a productos qu\u00edmicos o calor.<\/p>\n<\/li>\n<li data-start=\"3629\" data-end=\"3740\">\n<p data-start=\"3631\" data-end=\"3740\"><strong data-start=\"3631\" data-end=\"3651\">Gesti\u00f3n de activos<\/strong>:Seguimiento preciso de activos o herramientas compactos y valiosos donde las etiquetas normales no caben.<\/p>\n<\/li>\n<li data-start=\"3741\" data-end=\"3852\">\n<p data-start=\"3743\" data-end=\"3852\"><strong data-start=\"3743\" data-end=\"3763\">Protecci\u00f3n de marca<\/strong>:Etiquetado invisible o discreto de productos peque\u00f1os y de alto valor para combatir la falsificaci\u00f3n.<\/p>\n<\/li>\n<li data-start=\"3853\" data-end=\"3961\">\n<p data-start=\"3855\" data-end=\"3961\"><strong data-start=\"3855\" data-end=\"3876\">Manejo de animales<\/strong>:Collares de etiquetado o peque\u00f1os dispositivos para animales donde el tama\u00f1o y la comodidad son fundamentales.<\/p>\n<\/li>\n<li data-start=\"3962\" data-end=\"4091\">\n<p data-start=\"3964\" data-end=\"4091\"><strong data-start=\"3964\" data-end=\"4016\">Control de acceso y credenciales de formato peque\u00f1o<\/strong>:Integraci\u00f3n en credenciales miniatura, llaveros o dispositivos de acceso integrados.<\/p>\n<\/li>\n<\/ul>\n<p data-start=\"4093\" data-end=\"4119\"><strong data-start=\"4093\" data-end=\"4117\">Beneficios de un vistazo<\/strong><\/p>\n<ul data-start=\"4120\" data-end=\"4486\">\n<li data-start=\"4120\" data-end=\"4191\">\n<p data-start=\"4122\" data-end=\"4191\">Permite el seguimiento a nivel de art\u00edculo incluso en objetos muy peque\u00f1os o irregulares.<\/p>\n<\/li>\n<li data-start=\"4192\" data-end=\"4269\">\n<p data-start=\"4194\" data-end=\"4269\">Mantiene un rendimiento confiable bajo exposici\u00f3n a la humedad, el calor y los productos qu\u00edmicos.<\/p>\n<\/li>\n<li data-start=\"4270\" data-end=\"4327\">\n<p data-start=\"4272\" data-end=\"4327\">Se puede configurar para entornos met\u00e1licos o no met\u00e1licos.<\/p>\n<\/li>\n<li data-start=\"4328\" data-end=\"4402\">\n<p data-start=\"4330\" data-end=\"4402\">Compatible con un amplio ecosistema de lectores HF\/NFC y dispositivos m\u00f3viles<\/p>\n<\/li>\n<li data-start=\"4403\" data-end=\"4486\">\n<p data-start=\"4405\" data-end=\"4486\">Dise\u00f1o, tama\u00f1o, forma e impresi\u00f3n altamente personalizables para las necesidades espec\u00edficas del proyecto.<\/p>\n<\/li>\n<\/ul>","protected":false},"excerpt":{"rendered":"<p>Las etiquetas adhesivas FPC micro RFID NFC son etiquetas HF ultrapeque\u00f1as y flexibles para el seguimiento preciso de art\u00edculos diminutos y activos de alto valor. Disponibles en m\u00faltiples tama\u00f1os micro, opciones de chip y formas personalizadas, ofrecen resistencia al agua, al calor y a los productos qu\u00edmicos, con estructura antimet\u00e1lica opcional e impresi\u00f3n de logotipo o c\u00f3digo personalizado.<\/p>","protected":false},"featured_media":1175,"template":"","meta":{"_gspb_post_css":""},"product_brand":[],"product_cat":[29],"product_tag":[],"class_list":{"0":"post-1174","1":"product","2":"type-product","3":"status-publish","4":"has-post-thumbnail","6":"product_cat-nfc-tags","8":"first","9":"instock","10":"shipping-taxable","11":"purchasable","12":"product-type-simple"},"_links":{"self":[{"href":"https:\/\/www.cxjsmartcard.com\/es\/wp-json\/wp\/v2\/product\/1174","targetHints":{"allow":["GET"]}}],"collection":[{"href":"https:\/\/www.cxjsmartcard.com\/es\/wp-json\/wp\/v2\/product"}],"about":[{"href":"https:\/\/www.cxjsmartcard.com\/es\/wp-json\/wp\/v2\/types\/product"}],"wp:featuredmedia":[{"embeddable":true,"href":"https:\/\/www.cxjsmartcard.com\/es\/wp-json\/wp\/v2\/media\/1175"}],"wp:attachment":[{"href":"https:\/\/www.cxjsmartcard.com\/es\/wp-json\/wp\/v2\/media?parent=1174"}],"wp:term":[{"taxonomy":"product_brand","embeddable":true,"href":"https:\/\/www.cxjsmartcard.com\/es\/wp-json\/wp\/v2\/product_brand?post=1174"},{"taxonomy":"product_cat","embeddable":true,"href":"https:\/\/www.cxjsmartcard.com\/es\/wp-json\/wp\/v2\/product_cat?post=1174"},{"taxonomy":"product_tag","embeddable":true,"href":"https:\/\/www.cxjsmartcard.com\/es\/wp-json\/wp\/v2\/product_tag?post=1174"}],"curies":[{"name":"wp","href":"https:\/\/api.w.org\/{rel}","templated":true}]}}