{"id":1162,"date":"2025-11-24T08:36:41","date_gmt":"2025-11-24T08:36:41","guid":{"rendered":"https:\/\/www.cxjsmartcard.com\/?post_type=product&#038;p=1162"},"modified":"2025-12-29T01:27:06","modified_gmt":"2025-12-29T01:27:06","slug":"anti-metal-nfc-coin-tag","status":"publish","type":"product","link":"https:\/\/www.cxjsmartcard.com\/es\/anti-metal-nfc-coin-tag\/","title":{"rendered":"Etiqueta de moneda NFC antimetal"},"content":{"rendered":"<p data-start=\"31\" data-end=\"547\">La etiqueta NFC antimetal para monedas est\u00e1 dise\u00f1ada para un rendimiento fiable en superficies met\u00e1licas, cumple totalmente con las normas ISO\/IEC 14443A e ISO 18000-3 y es compatible con todos los lectores y antenas NFC Tipo A de 13,56 MHz. Ofrece un alcance de lectura estable de entre 1 y 5 cm (y hasta unos 10 cm, dependiendo de la potencia del lector y el entorno), lo que la hace ideal para la identificaci\u00f3n e interacci\u00f3n a corta distancia en aplicaciones profesionales como pagos m\u00f3viles, tickets electr\u00f3nicos y autenticaci\u00f3n de productos.<\/p>\n<p data-start=\"549\" data-end=\"877\">Fabricada con chips NTAG\u00ae 213, NTAG\u00ae 215 y otros chips NFC comunes, esta etiqueta para monedas sobre metal ofrece un UID de 7 bytes y amplias opciones de memoria de usuario (144 o 504 bytes). Admite operaciones completas de lectura\/escritura, 10 a\u00f1os de retenci\u00f3n de datos y hasta 100\u00a0000 ciclos de programaci\u00f3n, lo que garantiza una fiabilidad a largo plazo en proyectos exigentes.<\/p>\n<p data-start=\"879\" data-end=\"1222\">La etiqueta presenta un formato redondo compacto de 20 mm con una estructura optimizada para entornos met\u00e1licos: antena grabada en aluminio sobre papel protector, cubierta por una superficie impermeable de PVC y una capa de ferrita antimet\u00e1lica. Esta construcci\u00f3n a\u00edsla eficazmente la antena NFC de las interferencias met\u00e1licas, a la vez que mantiene la etiqueta delgada y f\u00e1cil de integrar.<\/p>\n<p data-start=\"1224\" data-end=\"1464\">El reverso autoadhesivo facilita y agiliza la instalaci\u00f3n: simplemente desp\u00e9guelo y p\u00e9guelo en armarios met\u00e1licos, herramientas, m\u00e1quinas, puertas u otros elementos met\u00e1licos. Cada caja contiene 200 piezas, lo que facilita su uso en proyectos medianos y grandes.<\/p>\n<p data-start=\"1466\" data-end=\"1745\">Para las necesidades de marca e integraci\u00f3n, la etiqueta admite una gran personalizaci\u00f3n: puede elegir diferentes modelos de chips, dise\u00f1os de antena, materiales, opciones de adhesivo\/pegamento, as\u00ed como impresi\u00f3n personalizada y manualidades especiales (como logotipos, n\u00fameros de serie, c\u00f3digos de barras, c\u00f3digos QR o ilustraciones en color).<\/p>\n<p data-start=\"1747\" data-end=\"1764\">Par\u00e1metros RFID<\/p>\n<ul data-start=\"1765\" data-end=\"2167\">\n<li data-start=\"1765\" data-end=\"1798\">\n<p data-start=\"1767\" data-end=\"1798\">Tipo: Etiqueta de moneda NFC antimetal<\/p>\n<\/li>\n<li data-start=\"1799\" data-end=\"1842\">\n<p data-start=\"1801\" data-end=\"1842\">Protocolo: ISO\/IEC 14443 A e ISO 18000-3<\/p>\n<\/li>\n<li data-start=\"1843\" data-end=\"1883\">\n<p data-start=\"1845\" data-end=\"1883\">Frecuencia: 13,56 MHz (banda HF global)<\/p>\n<\/li>\n<li data-start=\"1884\" data-end=\"1933\">\n<p data-start=\"1886\" data-end=\"1933\">Opciones de chip: NTAG\u00ae 213, NTAG\u00ae 215 y otros<\/p>\n<\/li>\n<li data-start=\"1934\" data-end=\"1992\">\n<p data-start=\"1936\" data-end=\"1992\">Memoria: UID de 7 bytes; memoria de usuario 144 bytes o 504 bytes<\/p>\n<\/li>\n<li data-start=\"1993\" data-end=\"2018\">\n<p data-start=\"1995\" data-end=\"2018\">Lectura\/escritura: compatible<\/p>\n<\/li>\n<li data-start=\"2019\" data-end=\"2087\">\n<p data-start=\"2021\" data-end=\"2087\">Rango de lectura t\u00edpico: 1\u20135 cm (seg\u00fan el lector y el entorno)<\/p>\n<\/li>\n<li data-start=\"2088\" data-end=\"2122\">\n<p data-start=\"2090\" data-end=\"2122\">Retenci\u00f3n de datos: hasta 10 a\u00f1os<\/p>\n<\/li>\n<li data-start=\"2123\" data-end=\"2167\">\n<p data-start=\"2125\" data-end=\"2167\">Ciclos de programaci\u00f3n: hasta 100.000 ciclos<\/p>\n<\/li>\n<\/ul>\n<p data-start=\"2169\" data-end=\"2190\">Par\u00e1metros f\u00edsicos<\/p>\n<ul data-start=\"2191\" data-end=\"2672\">\n<li data-start=\"2191\" data-end=\"2230\">\n<p data-start=\"2193\" data-end=\"2230\">Tama\u00f1o: Etiqueta de moneda redonda de 20 mm de di\u00e1metro<\/p>\n<\/li>\n<li data-start=\"2231\" data-end=\"2268\">\n<p data-start=\"2233\" data-end=\"2268\">Material del sustrato: Papel desmoldante<\/p>\n<\/li>\n<li data-start=\"2269\" data-end=\"2307\">\n<p data-start=\"2271\" data-end=\"2307\">Material de la antena: Grabado de aluminio<\/p>\n<\/li>\n<li data-start=\"2308\" data-end=\"2376\">\n<p data-start=\"2310\" data-end=\"2376\">Material de la superficie: PVC, impermeable, con capa de ferrita antimet\u00e1lica.<\/p>\n<\/li>\n<li data-start=\"2377\" data-end=\"2433\">\n<p data-start=\"2379\" data-end=\"2433\">Codificaci\u00f3n: compatible (precodificaci\u00f3n o en blanco opcional)<\/p>\n<\/li>\n<li data-start=\"2434\" data-end=\"2494\">\n<p data-start=\"2436\" data-end=\"2494\">Instalaci\u00f3n: Autoadhesivo, apto para superficies met\u00e1licas.<\/p>\n<\/li>\n<li data-start=\"2495\" data-end=\"2534\">\n<p data-start=\"2497\" data-end=\"2534\">Temperatura de funcionamiento: -25\u2103 a +65\u2103<\/p>\n<\/li>\n<li data-start=\"2535\" data-end=\"2569\">\n<p data-start=\"2537\" data-end=\"2569\">Humedad de funcionamiento: 20%\u201390% RH<\/p>\n<\/li>\n<li data-start=\"2570\" data-end=\"2596\">\n<p data-start=\"2572\" data-end=\"2596\">Embalaje: 200 piezas\/caja<\/p>\n<\/li>\n<li data-start=\"2597\" data-end=\"2672\">\n<p data-start=\"2599\" data-end=\"2672\">Servicio personalizado: Chip \/ Antena \/ Material \/ Pegamento \/ Impresi\u00f3n \/ Manualidades<\/p>\n<\/li>\n<\/ul>\n<p data-start=\"2674\" data-end=\"2708\">Aplicaciones y ventajas del mercado<\/p>\n<ul data-start=\"2709\" data-end=\"4180\">\n<li data-start=\"2709\" data-end=\"2893\">\n<p data-start=\"2711\" data-end=\"2893\">Pagos m\u00f3viles y transacciones sin contacto:<br data-start=\"2754\" data-end=\"2757\" \/>Se utiliza con dispositivos habilitados para NFC para pagos m\u00f3viles r\u00e1pidos y seguros, billeteras digitales y compras minoristas sin efectivo en mostradores o terminales de metal.<\/p>\n<\/li>\n<li data-start=\"2895\" data-end=\"3051\">\n<p data-start=\"2897\" data-end=\"3051\">Entradas electr\u00f3nicas y acceso a eventos:<br data-start=\"2924\" data-end=\"2927\" \/>Adecuado para conciertos, exposiciones, transporte y control de acceso a lugares, lo que permite un escaneo r\u00e1pido y un registro sin problemas.<\/p>\n<\/li>\n<li data-start=\"3053\" data-end=\"3229\">\n<p data-start=\"3055\" data-end=\"3229\">Autenticaci\u00f3n de productos y lucha contra la falsificaci\u00f3n:<br data-start=\"3100\" data-end=\"3103\" \/>Ayuda a verificar la autenticidad de productos de marca, como productos electr\u00f3nicos, productos de lujo o productos farmac\u00e9uticos, para proteger el valor de la marca.<\/p>\n<\/li>\n<li data-start=\"3231\" data-end=\"3396\">\n<p data-start=\"3233\" data-end=\"3396\">Gesti\u00f3n de activos y seguimiento de inventario:<br data-start=\"3271\" data-end=\"3274\" \/>Ideal para etiquetar herramientas, equipos, racks y m\u00e1quinas de metal, simplificando el seguimiento, conteo y registros de mantenimiento.<\/p>\n<\/li>\n<li data-start=\"3398\" data-end=\"3556\">\n<p data-start=\"3400\" data-end=\"3556\">Sistemas de rondas de vigilancia\/patrulla:<br data-start=\"3428\" data-end=\"3431\" \/>Funciona como punto de control de patrulla en paredes, puertas o instalaciones de metal, lo que permite a los guardias interceptar y registrar rutas de patrulla con precisi\u00f3n.<\/p>\n<\/li>\n<li data-start=\"3558\" data-end=\"3713\">\n<p data-start=\"3560\" data-end=\"3713\">Control de acceso y cerraduras inteligentes:<br data-start=\"3589\" data-end=\"3592\" \/>Compatible con sistemas de acceso NFC en puertas o marcos met\u00e1licos de oficinas, f\u00e1bricas, almacenes y edificios residenciales.<\/p>\n<\/li>\n<li data-start=\"3715\" data-end=\"3840\">\n<p data-start=\"3717\" data-end=\"3840\">Gesti\u00f3n de asistencia:<br data-start=\"3739\" data-end=\"3742\" \/>Admite control de asistencia de personal, estudiantes, contratistas o personal de eventos a trav\u00e9s de dispositivos NFC.<\/p>\n<\/li>\n<li data-start=\"3842\" data-end=\"4007\">\n<p data-start=\"3844\" data-end=\"4007\">Embalaje inteligente y marketing interactivo:<br data-start=\"3884\" data-end=\"3887\" \/>Incorporado en envases o displays para lanzar p\u00e1ginas web, promociones o campa\u00f1as digitales al ser tocado por tel\u00e9fonos inteligentes.<\/p>\n<\/li>\n<li data-start=\"4009\" data-end=\"4180\">\n<p data-start=\"4011\" data-end=\"4180\">Creciente demanda del mercado:<br data-start=\"4033\" data-end=\"4036\" \/>Ampliamente utilizado en ciudades inteligentes, log\u00edstica, comercio minorista, seguridad, producci\u00f3n industrial, gesti\u00f3n de fuerza laboral y otros escenarios de IoT y alta tecnolog\u00eda.<\/p>\n<\/li>\n<\/ul>\n<p data-start=\"4182\" data-end=\"4223\">\u00bfPor qu\u00e9 elegir nuestra etiqueta de moneda NFC anti-metal?<\/p>\n<ul data-start=\"4224\" data-end=\"4703\">\n<li data-start=\"4224\" data-end=\"4307\">\n<p data-start=\"4226\" data-end=\"4307\">Estructura robusta, impermeable y antimetal para uso a largo plazo en superficies met\u00e1licas.<\/p>\n<\/li>\n<li data-start=\"4308\" data-end=\"4377\">\n<p data-start=\"4310\" data-end=\"4377\">Totalmente compatible con lectores NFC ISO 14443A y dispositivos de 13,56 MHz<\/p>\n<\/li>\n<li data-start=\"4378\" data-end=\"4493\">\n<p data-start=\"4380\" data-end=\"4493\">Personalizaci\u00f3n flexible de chip, antena, material, adhesivo, impresi\u00f3n y artesan\u00eda para que coincida con su proyecto o marca.<\/p>\n<\/li>\n<li data-start=\"4494\" data-end=\"4574\">\n<p data-start=\"4496\" data-end=\"4574\">Larga vida \u00fatil con hasta 100.000 ciclos de escritura y retenci\u00f3n de datos de 10 a\u00f1os<\/p>\n<\/li>\n<li data-start=\"4575\" data-end=\"4703\">\n<p data-start=\"4577\" data-end=\"4703\">Adecuado para pagos, autenticaci\u00f3n, control de acceso, seguimiento de asistencia, sistemas de patrullaje y m\u00e1s aplicaciones NFC sobre metal.<\/p>\n<\/li>\n<\/ul>","protected":false},"excerpt":{"rendered":"<p data-start=\"4736\" data-end=\"5000\">Etiqueta NFC para monedas sobre metal, duradera, dise\u00f1ada para lectores ISO\/IEC 14443A de 13,56 MHz. Estructura de PVC + ferrita impermeable, chips NTAG213\/NTAG215 y reverso autoadhesivo. Ideal para pagos, emisi\u00f3n de billetes electr\u00f3nicos, autenticaci\u00f3n, control de acceso, asistencia y patrullaje en superficies met\u00e1licas.<\/p>\n<p data-start=\"5002\" data-end=\"5014\">Especificaciones clave:<\/p>\n<ul data-start=\"5015\" data-end=\"5358\">\n<li data-start=\"5015\" data-end=\"5041\">\n<p data-start=\"5017\" data-end=\"5041\">Frecuencia: 13,56 MHz HF<\/p>\n<\/li>\n<li data-start=\"5042\" data-end=\"5081\">\n<p data-start=\"5044\" data-end=\"5081\">Protocolo: ISO\/IEC 14443 A y 18000-3<\/p>\n<\/li>\n<li data-start=\"5082\" data-end=\"5125\">\n<p data-start=\"5084\" data-end=\"5125\">Chip: NTAG\u00ae 213 \/ NTAG\u00ae 215, UID de 7 bytes<\/p>\n<\/li>\n<li data-start=\"5126\" data-end=\"5165\">\n<p data-start=\"5128\" data-end=\"5165\">Memoria de usuario: 144 bytes o 504 bytes<\/p>\n<\/li>\n<li data-start=\"5166\" data-end=\"5206\">\n<p data-start=\"5168\" data-end=\"5206\">Tama\u00f1o: Etiqueta para monedas de \u00d820 mm, autoadhesiva<\/p>\n<\/li>\n<li data-start=\"5207\" data-end=\"5292\">\n<p data-start=\"5209\" data-end=\"5292\">Estructura: Antena de aluminio + papel protector + PVC impermeable + ferrita antimet\u00e1lica<\/p>\n<\/li>\n<li data-start=\"5293\" data-end=\"5358\">\n<p data-start=\"5295\" data-end=\"5358\">Resistencia: retenci\u00f3n de datos de 10 a\u00f1os, 100.000 ciclos de programaci\u00f3n<\/p>\n<\/li>\n<\/ul>","protected":false},"featured_media":1166,"template":"","meta":{"_gspb_post_css":""},"product_brand":[],"product_cat":[29],"product_tag":[],"class_list":{"0":"post-1162","1":"product","2":"type-product","3":"status-publish","4":"has-post-thumbnail","6":"product_cat-nfc-tags","8":"first","9":"instock","10":"shipping-taxable","11":"purchasable","12":"product-type-simple"},"_links":{"self":[{"href":"https:\/\/www.cxjsmartcard.com\/es\/wp-json\/wp\/v2\/product\/1162","targetHints":{"allow":["GET"]}}],"collection":[{"href":"https:\/\/www.cxjsmartcard.com\/es\/wp-json\/wp\/v2\/product"}],"about":[{"href":"https:\/\/www.cxjsmartcard.com\/es\/wp-json\/wp\/v2\/types\/product"}],"wp:featuredmedia":[{"embeddable":true,"href":"https:\/\/www.cxjsmartcard.com\/es\/wp-json\/wp\/v2\/media\/1166"}],"wp:attachment":[{"href":"https:\/\/www.cxjsmartcard.com\/es\/wp-json\/wp\/v2\/media?parent=1162"}],"wp:term":[{"taxonomy":"product_brand","embeddable":true,"href":"https:\/\/www.cxjsmartcard.com\/es\/wp-json\/wp\/v2\/product_brand?post=1162"},{"taxonomy":"product_cat","embeddable":true,"href":"https:\/\/www.cxjsmartcard.com\/es\/wp-json\/wp\/v2\/product_cat?post=1162"},{"taxonomy":"product_tag","embeddable":true,"href":"https:\/\/www.cxjsmartcard.com\/es\/wp-json\/wp\/v2\/product_tag?post=1162"}],"curies":[{"name":"wp","href":"https:\/\/api.w.org\/{rel}","templated":true}]}}