{"id":995,"date":"2025-11-03T09:46:30","date_gmt":"2025-11-03T09:46:30","guid":{"rendered":"https:\/\/www.cxjsmartcard.com\/?post_type=product&#038;p=995"},"modified":"2025-12-29T01:27:06","modified_gmt":"2025-12-29T01:27:06","slug":"uhf-rfid-keychain-key-fob","status":"publish","type":"product","link":"https:\/\/www.cxjsmartcard.com\/de\/uhf-rfid-keychain-key-fob\/","title":{"rendered":"UHF RFID-Schl\u00fcsselanh\u00e4nger"},"content":{"rendered":"<p data-start=\"37\" data-end=\"311\">ABS-UHF-RFID-Schl\u00fcsselanh\u00e4nger f\u00fcr Anlagenverfolgung, Zutrittskontrolle und Logistik. Funktioniert im Frequenzbereich von 860\u2013960 MHz (EPC Gen2), unterst\u00fctzt das gleichzeitige Auslesen mehrerer Tags und ist leicht, robust und individuell anpassbar f\u00fcr den privaten oder gesch\u00e4ftlichen Einsatz.<\/p>\n<p data-start=\"313\" data-end=\"331\"><strong data-start=\"313\" data-end=\"329\">Hauptmerkmale<\/strong><\/p>\n<ul data-start=\"332\" data-end=\"806\">\n<li data-start=\"332\" data-end=\"389\">\n<p data-start=\"334\" data-end=\"389\">ABS-Geh\u00e4use; schlag- und korrosionsbest\u00e4ndig; \u221220 \u00b0C bis +70 \u00b0C<\/p>\n<\/li>\n<li data-start=\"390\" data-end=\"460\">\n<p data-start=\"392\" data-end=\"460\">UHF 860\u2013960 MHz; EPC C1G2\/ISO 18000\u20136C; 96\u2013512-Bit-EPC-\/Benutzerspeicher<\/p>\n<\/li>\n<li data-start=\"461\" data-end=\"517\">\n<p data-start=\"463\" data-end=\"517\">Lesereichweite: 3\u201310 m (abh\u00e4ngig vom Leser\/der Umgebung)<\/p>\n<\/li>\n<li data-start=\"518\" data-end=\"575\">\n<p data-start=\"520\" data-end=\"575\">Mehrfach-Tag-Identifizierung f\u00fcr hocheffizientes Scannen<\/p>\n<\/li>\n<li data-start=\"576\" data-end=\"643\">\n<p data-start=\"578\" data-end=\"643\">Kompakt: typische Abmessungen 50 \u00d7 30 \u00d7 5 mm; 10\u201320 g; \u00d6se f\u00fcr Schl\u00fcsselring\/Lanyard<\/p>\n<\/li>\n<li data-start=\"644\" data-end=\"701\">\n<p data-start=\"646\" data-end=\"701\">Optionaler IP65\/IP67-Schutz; Lebensdauer &gt;10 Jahre<\/p>\n<\/li>\n<li data-start=\"702\" data-end=\"749\">\n<p data-start=\"704\" data-end=\"749\">Chipoptionen: NXP UCODE 8\/9, Alien H3\/H4\/H9<\/p>\n<\/li>\n<li data-start=\"750\" data-end=\"806\">\n<p data-start=\"752\" data-end=\"806\">Optionale HF-Variante (13,56 MHz, ISO 14443A) auf Anfrage<\/p>\n<\/li>\n<\/ul>\n<p data-start=\"808\" data-end=\"984\"><strong data-start=\"808\" data-end=\"824\">Anwendungen<\/strong><br data-start=\"824\" data-end=\"827\" \/>Unternehmensweites Anlagenmanagement \u2022 Intelligente Zutrittskontrolle und Anmeldung \u2022 Lagerhaltung und Logistik \u2022 R\u00fcckverfolgbarkeit im Einzelhandel\/F\u00e4lschungsschutz \u2022 Kennzeichnung von Haustieren\/Wertgegenst\u00e4nden.<\/p>\n<p data-start=\"986\" data-end=\"1175\"><strong data-start=\"986\" data-end=\"1016\">Anwendbare Kundengruppen<\/strong><br data-start=\"1016\" data-end=\"1019\" \/>Logistik &amp; Lieferkette \u2022 Fertigung &amp; Lagerbetrieb \u2022 Intelligente Geb\u00e4ude\/Immobilienverwaltung \u2022 Einzelhandelsmarken\/F\u00e4lschungsschutz \u2022 Einzelnutzer.<\/p>\n<h2 data-start=\"1177\" data-end=\"1202\">Tabelle (Spezifikationen)<\/h2>\n<div class=\"_tableContainer_1rjym_1\">\n<div class=\"group _tableWrapper_1rjym_13 flex w-fit flex-col-reverse\" tabindex=\"-1\">\n<table class=\"w-fit min-w-(--thread-content-width)\" data-start=\"1204\" data-end=\"3123\">\n<thead data-start=\"1204\" data-end=\"1305\">\n<tr data-start=\"1204\" data-end=\"1305\">\n<th data-start=\"1204\" data-end=\"1225\" data-col-size=\"sm\">Kategorie<\/th>\n<th data-start=\"1225\" data-end=\"1253\" data-col-size=\"sm\">Parameter<\/th>\n<th data-start=\"1253\" data-end=\"1305\" data-col-size=\"md\">Wert<\/th>\n<\/tr>\n<\/thead>\n<tbody data-start=\"1407\" data-end=\"3123\">\n<tr data-start=\"1407\" data-end=\"1507\">\n<td data-start=\"1407\" data-end=\"1427\" data-col-size=\"sm\">Produkt<\/td>\n<td data-col-size=\"sm\" data-start=\"1427\" data-end=\"1455\">Name<\/td>\n<td data-col-size=\"md\" data-start=\"1455\" data-end=\"1507\">ABS UHF RFID-Schl\u00fcsselanh\u00e4nger<\/td>\n<\/tr>\n<tr data-start=\"1508\" data-end=\"1608\">\n<td data-start=\"1508\" data-end=\"1528\" data-col-size=\"sm\">Abmessungen<\/td>\n<td data-col-size=\"sm\" data-start=\"1528\" data-end=\"1556\">Gr\u00f6\u00dfe \/ Gewicht<\/td>\n<td data-col-size=\"md\" data-start=\"1556\" data-end=\"1608\">50 \u00d7 30 \u00d7 5 mm (typ.); 10\u201320 g<\/td>\n<\/tr>\n<tr data-start=\"1609\" data-end=\"1709\">\n<td data-start=\"1609\" data-end=\"1629\" data-col-size=\"sm\">Materialien<\/td>\n<td data-start=\"1629\" data-end=\"1657\" data-col-size=\"sm\">Geh\u00e4use<\/td>\n<td data-col-size=\"md\" data-start=\"1657\" data-end=\"1709\">ABS (technischer Kunststoff)<\/td>\n<\/tr>\n<tr data-start=\"1710\" data-end=\"1810\">\n<td data-start=\"1710\" data-end=\"1730\" data-col-size=\"sm\">RF (UHF)<\/td>\n<td data-col-size=\"sm\" data-start=\"1730\" data-end=\"1758\">Frequenz \/ Protokoll<\/td>\n<td data-col-size=\"md\" data-start=\"1758\" data-end=\"1810\">860\u2013960 MHz; ISO 18000-6C \/ EPC C1G2<\/td>\n<\/tr>\n<tr data-start=\"1811\" data-end=\"1911\">\n<td data-start=\"1811\" data-end=\"1831\" data-col-size=\"sm\">Erinnerung<\/td>\n<td data-col-size=\"sm\" data-start=\"1831\" data-end=\"1859\">EPC\/Nutzer<\/td>\n<td data-col-size=\"md\" data-start=\"1859\" data-end=\"1911\">96\u2013512 Bit (konfigurierbar)<\/td>\n<\/tr>\n<tr data-start=\"1912\" data-end=\"2012\">\n<td data-start=\"1912\" data-end=\"1932\" data-col-size=\"sm\">Leistung<\/td>\n<td data-start=\"1932\" data-end=\"1960\" data-col-size=\"sm\">Lesebereich<\/td>\n<td data-start=\"1960\" data-end=\"2012\" data-col-size=\"md\">3\u201310 m (abh\u00e4ngig vom Leser\/der Umgebung)<\/td>\n<\/tr>\n<tr data-start=\"2013\" data-end=\"2113\">\n<td data-start=\"2013\" data-end=\"2033\" data-col-size=\"sm\">Durchsatz<\/td>\n<td data-start=\"2033\" data-end=\"2061\" data-col-size=\"sm\">Mehrfachlesung<\/td>\n<td data-col-size=\"md\" data-start=\"2061\" data-end=\"2113\">Stapelweises Lesen von Hunderten von Tags pro Sekunde<\/td>\n<\/tr>\n<tr data-start=\"2114\" data-end=\"2214\">\n<td data-start=\"2114\" data-end=\"2134\" data-col-size=\"sm\">Umfeld<\/td>\n<td data-start=\"2134\" data-end=\"2162\" data-col-size=\"sm\">Betriebstemperatur<\/td>\n<td data-start=\"2162\" data-end=\"2214\" data-col-size=\"md\">-20 \u00b0C bis +70 \u00b0C<\/td>\n<\/tr>\n<tr data-start=\"2215\" data-end=\"2315\">\n<td data-start=\"2215\" data-end=\"2235\" data-col-size=\"sm\">Schutz<\/td>\n<td data-start=\"2235\" data-end=\"2263\" data-col-size=\"sm\">Eingangsbewertung<\/td>\n<td data-start=\"2263\" data-end=\"2315\" data-col-size=\"md\">IP65 \/ IP67 (optional)<\/td>\n<\/tr>\n<tr data-start=\"2316\" data-end=\"2416\">\n<td data-start=\"2316\" data-end=\"2336\" data-col-size=\"sm\">Langlebigkeit<\/td>\n<td data-start=\"2336\" data-end=\"2364\" data-col-size=\"sm\">Nutzungsdauer<\/td>\n<td data-col-size=\"md\" data-start=\"2364\" data-end=\"2416\">&gt;10 Jahre (normale Umgebung)<\/td>\n<\/tr>\n<tr data-start=\"2417\" data-end=\"2517\">\n<td data-start=\"2417\" data-end=\"2437\" data-col-size=\"sm\">Personalisierung<\/td>\n<td data-col-size=\"sm\" data-start=\"2437\" data-end=\"2465\">Farbe\/Oberfl\u00e4che<\/td>\n<td data-col-size=\"md\" data-start=\"2465\" data-end=\"2517\">Individuelle Farben; Logo-\/ID-\/QR-\/Barcode-Druck<\/td>\n<\/tr>\n<tr data-start=\"2518\" data-end=\"2618\">\n<td data-start=\"2518\" data-end=\"2538\" data-col-size=\"sm\">IC-Optionen<\/td>\n<td data-start=\"2538\" data-end=\"2566\" data-col-size=\"sm\">Chips<\/td>\n<td data-col-size=\"md\" data-start=\"2566\" data-end=\"2618\">UCODE 8\/9; Alien H3\/H4\/H9<\/td>\n<\/tr>\n<tr data-start=\"2619\" data-end=\"2719\">\n<td data-start=\"2619\" data-end=\"2639\" data-col-size=\"sm\">Variante (HF)<\/td>\n<td data-start=\"2639\" data-end=\"2667\" data-col-size=\"sm\">Optional<\/td>\n<td data-start=\"2667\" data-end=\"2719\" data-col-size=\"md\">13,56 MHz; ISO 14443A (auf Anfrage)<\/td>\n<\/tr>\n<tr data-start=\"2720\" data-end=\"2820\">\n<td data-start=\"2720\" data-end=\"2740\" data-col-size=\"sm\">Anwendungsf\u00e4lle<\/td>\n<td data-col-size=\"sm\" data-start=\"2740\" data-end=\"2768\">Anwendungen<\/td>\n<td data-col-size=\"md\" data-start=\"2768\" data-end=\"2820\">Zugang, Verm\u00f6genswerte, Logistik, Einzelhandel, Haustiere\/Artikel<\/td>\n<\/tr>\n<tr data-start=\"2821\" data-end=\"2921\">\n<td data-start=\"2821\" data-end=\"2841\" data-col-size=\"sm\">Mindestbestellmenge<\/td>\n<td data-col-size=\"sm\" data-start=\"2841\" data-end=\"2869\">Mindestbestellwert<\/td>\n<td data-col-size=\"md\" data-start=\"2869\" data-end=\"2921\">200 St\u00fcck<\/td>\n<\/tr>\n<tr data-start=\"2922\" data-end=\"3022\">\n<td data-start=\"2922\" data-end=\"2942\" data-col-size=\"sm\">Besondere Merkmale<\/td>\n<td data-col-size=\"sm\" data-start=\"2942\" data-end=\"2970\">Attribute<\/td>\n<td data-col-size=\"md\" data-start=\"2970\" data-end=\"3022\">Wasserdicht\/Wetterfest; Mini-Etikett<\/td>\n<\/tr>\n<tr data-start=\"3023\" data-end=\"3123\">\n<td data-start=\"3023\" data-end=\"3043\" data-col-size=\"sm\">Herkunft<\/td>\n<td data-col-size=\"sm\" data-start=\"3043\" data-end=\"3071\">Herkunftsort<\/td>\n<td data-col-size=\"md\" data-start=\"3071\" data-end=\"3123\">Guangdong, China<\/td>\n<\/tr>\n<\/tbody>\n<\/table>\n<\/div>\n<\/div>","protected":false},"excerpt":{"rendered":"<p>ABS UHF RFID-Schl\u00fcsselanh\u00e4nger f\u00fcr Anlagen und Zutrittskontrolle \u2013 860\u2013960 MHz EPC Gen2, Lesereichweite 3\u201310 m, Multi-Tag-ID, kompaktes Design (50\u00d730\u00d75 mm), anpassbare Farben\/Bedruckung und optionale Schutzart IP65\/67.<\/p>","protected":false},"featured_media":998,"template":"","meta":{"_gspb_post_css":""},"product_brand":[],"product_cat":[30],"product_tag":[],"class_list":{"0":"post-995","1":"product","2":"type-product","3":"status-publish","4":"has-post-thumbnail","6":"product_cat-rfid-keyfobs","8":"first","9":"instock","10":"shipping-taxable","11":"purchasable","12":"product-type-simple"},"_links":{"self":[{"href":"https:\/\/www.cxjsmartcard.com\/de\/wp-json\/wp\/v2\/product\/995","targetHints":{"allow":["GET"]}}],"collection":[{"href":"https:\/\/www.cxjsmartcard.com\/de\/wp-json\/wp\/v2\/product"}],"about":[{"href":"https:\/\/www.cxjsmartcard.com\/de\/wp-json\/wp\/v2\/types\/product"}],"wp:featuredmedia":[{"embeddable":true,"href":"https:\/\/www.cxjsmartcard.com\/de\/wp-json\/wp\/v2\/media\/998"}],"wp:attachment":[{"href":"https:\/\/www.cxjsmartcard.com\/de\/wp-json\/wp\/v2\/media?parent=995"}],"wp:term":[{"taxonomy":"product_brand","embeddable":true,"href":"https:\/\/www.cxjsmartcard.com\/de\/wp-json\/wp\/v2\/product_brand?post=995"},{"taxonomy":"product_cat","embeddable":true,"href":"https:\/\/www.cxjsmartcard.com\/de\/wp-json\/wp\/v2\/product_cat?post=995"},{"taxonomy":"product_tag","embeddable":true,"href":"https:\/\/www.cxjsmartcard.com\/de\/wp-json\/wp\/v2\/product_tag?post=995"}],"curies":[{"name":"wp","href":"https:\/\/api.w.org\/{rel}","templated":true}]}}