{"id":990,"date":"2025-11-03T09:44:33","date_gmt":"2025-11-03T09:44:33","guid":{"rendered":"https:\/\/www.cxjsmartcard.com\/?post_type=product&#038;p=990"},"modified":"2025-12-29T01:27:06","modified_gmt":"2025-12-29T01:27:06","slug":"rfid-keychain-waterproof-key-fob-tag","status":"publish","type":"product","link":"https:\/\/www.cxjsmartcard.com\/de\/rfid-keychain-waterproof-key-fob-tag\/","title":{"rendered":"RFID-Schl\u00fcsselanh\u00e4nger, wasserdicht"},"content":{"rendered":"<p data-start=\"48\" data-end=\"312\">Robuster RFID\/NFC-Schl\u00fcsselanh\u00e4nger f\u00fcr den t\u00e4glichen Zugang und die Identifizierung. Die Geh\u00e4use aus PVC\/ABS\/Epoxidharz sind wasserdicht und erm\u00f6glichen individuelle Bedruckung und Seriennummern. Erh\u00e4ltlich f\u00fcr LF, HF und UHF, passend f\u00fcr neue und \u00e4ltere Systeme.<\/p>\n<p data-start=\"314\" data-end=\"328\"><strong data-start=\"314\" data-end=\"326\">Merkmale<\/strong><\/p>\n<ul data-start=\"329\" data-end=\"596\">\n<li data-start=\"329\" data-end=\"359\">\n<p data-start=\"331\" data-end=\"359\">Materialien: PVC, ABS, Epoxidharz<\/p>\n<\/li>\n<li data-start=\"360\" data-end=\"410\">\n<p data-start=\"362\" data-end=\"410\">Frequenzen: 125 kHz \u2022 13,56 MHz \u2022 860\u2013960 MHz<\/p>\n<\/li>\n<li data-start=\"411\" data-end=\"447\">\n<p data-start=\"413\" data-end=\"447\">Aufdruck: Logo und Seriennummer<\/p>\n<\/li>\n<li data-start=\"448\" data-end=\"552\">\n<p data-start=\"450\" data-end=\"552\">Chipoptionen: RFID 1K (MIFARE 1K), NTAG213\/215, H9, NXP UCODE 9, TK4100, EM4305, EM4200, T5577 usw.<\/p>\n<\/li>\n<li data-start=\"553\" data-end=\"596\">\n<p data-start=\"555\" data-end=\"596\">Farben: Schwarz, Wei\u00df, Gr\u00fcn, Blau, andere<\/p>\n<\/li>\n<\/ul>\n<p data-start=\"598\" data-end=\"769\"><strong data-start=\"598\" data-end=\"614\">Anwendungen<\/strong><br data-start=\"614\" data-end=\"617\" \/>Zutrittskontrolle, Anwesenheitskontrolle, Ausweiswesen, Logistik, Industrieautomation, Tickets, Mitgliedschaften, \u00f6ffentlicher Nahverkehr, bargeldloses Bezahlen, Schwimmb\u00e4der, W\u00e4scherei.<\/p>\n<p data-start=\"771\" data-end=\"803\"><strong data-start=\"771\" data-end=\"801\">Hinweise (g\u00e4ngige Bereitstellungen)<\/strong><\/p>\n<ul data-start=\"804\" data-end=\"1010\">\n<li data-start=\"804\" data-end=\"911\">\n<p data-start=\"806\" data-end=\"911\"><strong data-start=\"806\" data-end=\"820\">125 kHz LF<\/strong>: Zugangskontrollsysteme, Aufz\u00fcge, Geb\u00e4udeeing\u00e4nge \u2013 Chips wie ATA5577, TK4100, EM4200, EM4305.<\/p>\n<\/li>\n<li data-start=\"912\" data-end=\"1010\">\n<p data-start=\"914\" data-end=\"1010\"><strong data-start=\"914\" data-end=\"943\">13,56 MHz HF (ISO 14443A)<\/strong>: individuelle Wohnungs-\/T\u00fcrschl\u00f6sser \u2013 Chips wie MIFARE 1K, NTAG213.<\/p>\n<\/li>\n<\/ul>\n<h2 data-start=\"1012\" data-end=\"1037\">Tabelle (Spezifikationen)<\/h2>\n<div class=\"_tableContainer_1rjym_1\">\n<div class=\"group _tableWrapper_1rjym_13 flex w-fit flex-col-reverse\" tabindex=\"-1\">\n<table class=\"w-fit min-w-(--thread-content-width)\" data-start=\"1039\" data-end=\"2203\">\n<thead data-start=\"1039\" data-end=\"1135\">\n<tr data-start=\"1039\" data-end=\"1135\">\n<th data-start=\"1039\" data-end=\"1057\" data-col-size=\"sm\">Kategorie<\/th>\n<th data-start=\"1057\" data-end=\"1077\" data-col-size=\"sm\">Parameter<\/th>\n<th data-start=\"1077\" data-end=\"1135\" data-col-size=\"lg\">Wert<\/th>\n<\/tr>\n<\/thead>\n<tbody data-start=\"1233\" data-end=\"2203\">\n<tr data-start=\"1233\" data-end=\"1329\">\n<td data-start=\"1233\" data-end=\"1251\" data-col-size=\"sm\">Produkt<\/td>\n<td data-col-size=\"sm\" data-start=\"1251\" data-end=\"1271\">Typ<\/td>\n<td data-col-size=\"lg\" data-start=\"1271\" data-end=\"1329\">Wasserdichter RFID-Schl\u00fcsselanh\u00e4nger<\/td>\n<\/tr>\n<tr data-start=\"1330\" data-end=\"1426\">\n<td data-start=\"1330\" data-end=\"1348\" data-col-size=\"sm\">Materialien<\/td>\n<td data-start=\"1348\" data-end=\"1368\" data-col-size=\"sm\">Geh\u00e4use<\/td>\n<td data-col-size=\"lg\" data-start=\"1368\" data-end=\"1426\">PVC, ABS, Epoxidharz<\/td>\n<\/tr>\n<tr data-start=\"1427\" data-end=\"1523\">\n<td data-start=\"1427\" data-end=\"1445\" data-col-size=\"sm\">HF-B\u00e4nder<\/td>\n<td data-start=\"1445\" data-end=\"1465\" data-col-size=\"sm\">Frequenz<\/td>\n<td data-start=\"1465\" data-end=\"1523\" data-col-size=\"lg\">125 kHz; 13,56 MHz; 860\u2013960 MHz<\/td>\n<\/tr>\n<tr data-start=\"1524\" data-end=\"1620\">\n<td data-start=\"1524\" data-end=\"1542\" data-col-size=\"sm\">Personalisierung<\/td>\n<td data-start=\"1542\" data-end=\"1562\" data-col-size=\"sm\">Drucken<\/td>\n<td data-start=\"1562\" data-end=\"1620\" data-col-size=\"lg\">Logodruck; Seriennummern<\/td>\n<\/tr>\n<tr data-start=\"1621\" data-end=\"1739\">\n<td data-start=\"1621\" data-end=\"1639\" data-col-size=\"sm\">IC-Optionen<\/td>\n<td data-start=\"1639\" data-end=\"1659\" data-col-size=\"sm\">Chips<\/td>\n<td data-col-size=\"lg\" data-start=\"1659\" data-end=\"1739\">RFID 1K; NTAG213\/215; H9; NXP UCODE 9; TK4100; EM4305; EM4200; T5577; andere<\/td>\n<\/tr>\n<tr data-start=\"1740\" data-end=\"1836\">\n<td data-start=\"1740\" data-end=\"1758\" data-col-size=\"sm\">Farben<\/td>\n<td data-col-size=\"sm\" data-start=\"1758\" data-end=\"1778\">Varianten<\/td>\n<td data-col-size=\"lg\" data-start=\"1778\" data-end=\"1836\">Schwarz, Wei\u00df, Gr\u00fcn, Blau usw.<\/td>\n<\/tr>\n<tr data-start=\"1837\" data-end=\"2009\">\n<td data-start=\"1837\" data-end=\"1855\" data-col-size=\"sm\">Anwendungen<\/td>\n<td data-col-size=\"sm\" data-start=\"1855\" data-end=\"1875\">Anwendungsf\u00e4lle<\/td>\n<td data-col-size=\"lg\" data-start=\"1875\" data-end=\"2009\">Zutrittskontrolle; Anwesenheitskontrolle; Ausweiswesen; Logistik; Industrieautomation; Tickets; Mitgliedschaften; \u00f6ffentlicher Nahverkehr; elektronisches Bezahlen; Schwimmb\u00e4der; W\u00e4scherei<\/td>\n<\/tr>\n<tr data-start=\"2010\" data-end=\"2106\">\n<td data-start=\"2010\" data-end=\"2028\" data-col-size=\"sm\">Anleitung<\/td>\n<td data-col-size=\"sm\" data-start=\"2028\" data-end=\"2048\">Typische LF-Nutzung<\/td>\n<td data-col-size=\"lg\" data-start=\"2048\" data-end=\"2106\">Ausstattung (Tore, Aufz\u00fcge, Geb\u00e4ude)<\/td>\n<\/tr>\n<tr data-start=\"2107\" data-end=\"2203\">\n<td data-start=\"2107\" data-end=\"2125\" data-col-size=\"sm\">Anleitung<\/td>\n<td data-start=\"2125\" data-end=\"2145\" data-col-size=\"sm\">Typische HF-Anwendung<\/td>\n<td data-col-size=\"lg\" data-start=\"2145\" data-end=\"2203\">Wohnungs-\/Zimmert\u00fcrschl\u00f6sser (ISO 14443A)<\/td>\n<\/tr>\n<\/tbody>\n<\/table>\n<\/div>\n<\/div>","protected":false},"excerpt":{"rendered":"<p>Wasserdichter RFID\/NFC-Schl\u00fcsselanh\u00e4nger aus PVC\/ABS\/Epoxidharz mit individuellem Aufdruck. Unterst\u00fctzt LF 125 kHz, HF 13,56 MHz und UHF 860\u2013960 MHz mit vielf\u00e4ltigen Chipoptionen f\u00fcr Zutrittskontrolle und Identifizierung.<\/p>","protected":false},"featured_media":993,"template":"","meta":{"_gspb_post_css":""},"product_brand":[],"product_cat":[30],"product_tag":[],"class_list":{"0":"post-990","1":"product","2":"type-product","3":"status-publish","4":"has-post-thumbnail","6":"product_cat-rfid-keyfobs","8":"first","9":"instock","10":"shipping-taxable","11":"purchasable","12":"product-type-simple"},"_links":{"self":[{"href":"https:\/\/www.cxjsmartcard.com\/de\/wp-json\/wp\/v2\/product\/990","targetHints":{"allow":["GET"]}}],"collection":[{"href":"https:\/\/www.cxjsmartcard.com\/de\/wp-json\/wp\/v2\/product"}],"about":[{"href":"https:\/\/www.cxjsmartcard.com\/de\/wp-json\/wp\/v2\/types\/product"}],"wp:featuredmedia":[{"embeddable":true,"href":"https:\/\/www.cxjsmartcard.com\/de\/wp-json\/wp\/v2\/media\/993"}],"wp:attachment":[{"href":"https:\/\/www.cxjsmartcard.com\/de\/wp-json\/wp\/v2\/media?parent=990"}],"wp:term":[{"taxonomy":"product_brand","embeddable":true,"href":"https:\/\/www.cxjsmartcard.com\/de\/wp-json\/wp\/v2\/product_brand?post=990"},{"taxonomy":"product_cat","embeddable":true,"href":"https:\/\/www.cxjsmartcard.com\/de\/wp-json\/wp\/v2\/product_cat?post=990"},{"taxonomy":"product_tag","embeddable":true,"href":"https:\/\/www.cxjsmartcard.com\/de\/wp-json\/wp\/v2\/product_tag?post=990"}],"curies":[{"name":"wp","href":"https:\/\/api.w.org\/{rel}","templated":true}]}}