{"id":985,"date":"2025-11-03T09:43:06","date_gmt":"2025-11-03T09:43:06","guid":{"rendered":"https:\/\/www.cxjsmartcard.com\/?post_type=product&#038;p=985"},"modified":"2025-12-29T01:27:06","modified_gmt":"2025-12-29T01:27:06","slug":"ntag213-nfc-keychain-key-fob","status":"publish","type":"product","link":"https:\/\/www.cxjsmartcard.com\/de\/ntag213-nfc-keychain-key-fob\/","title":{"rendered":"NTAG213 NFC-Schl\u00fcsselanh\u00e4nger"},"content":{"rendered":"<p data-start=\"40\" data-end=\"315\">Robuster NFC-Schl\u00fcsselanh\u00e4nger mit NXP NTAG213 f\u00fcr den t\u00e4glichen Zugriff und schnelles Tippen mit Smartphones. Das wasserdichte ABS-Geh\u00e4use verf\u00fcgt \u00fcber einen Metall-Sprengring und unterst\u00fctzt individuellen Druck, Barcodes\/QR-Codes und Datenkodierung f\u00fcr die einfache Integration in Zutrittskontrollsysteme und soziale Medien.<\/p>\n<p data-start=\"317\" data-end=\"335\"><strong data-start=\"317\" data-end=\"333\">Hauptmerkmale<\/strong><\/p>\n<ul data-start=\"336\" data-end=\"625\">\n<li data-start=\"336\" data-end=\"374\">\n<p data-start=\"338\" data-end=\"374\">HF 13,56 MHz, ISO\/IEC 14443A (NFC)<\/p>\n<\/li>\n<li data-start=\"375\" data-end=\"422\">\n<p data-start=\"377\" data-end=\"422\">144 Byte Benutzerspeicher; \u2265100.000 Schreibzyklen<\/p>\n<\/li>\n<li data-start=\"423\" data-end=\"480\">\n<p data-start=\"425\" data-end=\"480\">Typischer Lesebereich: 2\u20133 cm (ger\u00e4te-\/antennenabh\u00e4ngig)<\/p>\n<\/li>\n<li data-start=\"481\" data-end=\"521\">\n<p data-start=\"483\" data-end=\"521\">ABS-\/Kunststoffgeh\u00e4use; verschiedene Farben<\/p>\n<\/li>\n<li data-start=\"522\" data-end=\"584\">\n<p data-start=\"524\" data-end=\"584\">Ein- oder mehrfarbiger Druck; Barcode\/QR; Datenkodierung<\/p>\n<\/li>\n<li data-start=\"585\" data-end=\"625\">\n<p data-start=\"587\" data-end=\"625\">Standardgr\u00f6\u00dfe 41 \u00d7 32 mm; anpassbar<\/p>\n<\/li>\n<\/ul>\n<p data-start=\"627\" data-end=\"761\"><strong data-start=\"627\" data-end=\"643\">Anwendungen<\/strong><br data-start=\"643\" data-end=\"646\" \/>Zutrittskontrolle und T\u00fcrschl\u00f6sser \u2022 Soziale Medien und intelligente Verkn\u00fcpfungen \u2022 Event-Check-in \u2022 T\u00e4gliche Ausweis- und Mitgliedschaftskennzeichnung.<\/p>\n<h2 data-start=\"763\" data-end=\"788\">Tabelle (Spezifikationen)<\/h2>\n<div class=\"_tableContainer_1rjym_1\">\n<div class=\"group _tableWrapper_1rjym_13 flex w-fit flex-col-reverse\" tabindex=\"-1\">\n<table class=\"w-fit min-w-(--thread-content-width)\" data-start=\"790\" data-end=\"2082\">\n<thead data-start=\"790\" data-end=\"873\">\n<tr data-start=\"790\" data-end=\"873\">\n<th data-start=\"790\" data-end=\"808\" data-col-size=\"sm\">Kategorie<\/th>\n<th data-start=\"808\" data-end=\"830\" data-col-size=\"sm\">Parameter<\/th>\n<th data-start=\"830\" data-end=\"873\" data-col-size=\"md\">Wert<\/th>\n<\/tr>\n<\/thead>\n<tbody data-start=\"958\" data-end=\"2082\">\n<tr data-start=\"958\" data-end=\"1041\">\n<td data-start=\"958\" data-end=\"976\" data-col-size=\"sm\">Produkt<\/td>\n<td data-start=\"976\" data-end=\"998\" data-col-size=\"sm\">Name<\/td>\n<td data-col-size=\"md\" data-start=\"998\" data-end=\"1041\">NTAG213 NFC-Schl\u00fcsselanh\u00e4nger<\/td>\n<\/tr>\n<tr data-start=\"1042\" data-end=\"1125\">\n<td data-start=\"1042\" data-end=\"1060\" data-col-size=\"sm\">RF<\/td>\n<td data-start=\"1060\" data-end=\"1082\" data-col-size=\"sm\">Frequenz<\/td>\n<td data-start=\"1082\" data-end=\"1125\" data-col-size=\"md\">13,56 MHz (HF)<\/td>\n<\/tr>\n<tr data-start=\"1126\" data-end=\"1209\">\n<td data-start=\"1126\" data-end=\"1144\" data-col-size=\"sm\"><\/td>\n<td data-col-size=\"sm\" data-start=\"1144\" data-end=\"1166\">Protokoll<\/td>\n<td data-col-size=\"md\" data-start=\"1166\" data-end=\"1209\">ISO\/IEC 14443A<\/td>\n<\/tr>\n<tr data-start=\"1210\" data-end=\"1293\">\n<td data-start=\"1210\" data-end=\"1228\" data-col-size=\"sm\">Erinnerung<\/td>\n<td data-start=\"1228\" data-end=\"1250\" data-col-size=\"sm\">Benutzerkapazit\u00e4t<\/td>\n<td data-start=\"1250\" data-end=\"1293\" data-col-size=\"md\">144 Bytes<\/td>\n<\/tr>\n<tr data-start=\"1294\" data-end=\"1377\">\n<td data-start=\"1294\" data-end=\"1312\" data-col-size=\"sm\">Ausdauer<\/td>\n<td data-start=\"1312\" data-end=\"1334\" data-col-size=\"sm\">Schreibzyklen<\/td>\n<td data-col-size=\"md\" data-start=\"1334\" data-end=\"1377\">\u2265100.000<\/td>\n<\/tr>\n<tr data-start=\"1378\" data-end=\"1461\">\n<td data-start=\"1378\" data-end=\"1396\" data-col-size=\"sm\">Leistung<\/td>\n<td data-col-size=\"sm\" data-start=\"1396\" data-end=\"1418\">Lesebereich<\/td>\n<td data-col-size=\"md\" data-start=\"1418\" data-end=\"1461\">2\u20133 cm<\/td>\n<\/tr>\n<tr data-start=\"1462\" data-end=\"1545\">\n<td data-start=\"1462\" data-end=\"1480\" data-col-size=\"sm\">Materialien<\/td>\n<td data-col-size=\"sm\" data-start=\"1480\" data-end=\"1502\">Geh\u00e4use<\/td>\n<td data-col-size=\"md\" data-start=\"1502\" data-end=\"1545\">ABS \/ Kunststoff (wasserdicht)<\/td>\n<\/tr>\n<tr data-start=\"1546\" data-end=\"1629\">\n<td data-start=\"1546\" data-end=\"1564\" data-col-size=\"sm\">Abmessungen<\/td>\n<td data-start=\"1564\" data-end=\"1586\" data-col-size=\"sm\">Gr\u00f6\u00dfe<\/td>\n<td data-col-size=\"md\" data-start=\"1586\" data-end=\"1629\">41 \u00d7 32 mm (anpassbar)<\/td>\n<\/tr>\n<tr data-start=\"1630\" data-end=\"1722\">\n<td data-start=\"1630\" data-end=\"1648\" data-col-size=\"sm\">Farben<\/td>\n<td data-col-size=\"sm\" data-start=\"1648\" data-end=\"1670\">Optionen<\/td>\n<td data-col-size=\"md\" data-start=\"1670\" data-end=\"1722\">Schwarz, Gelb, Rot, Gr\u00fcn, Blau, Rosa oder individuell<\/td>\n<\/tr>\n<tr data-start=\"1723\" data-end=\"1821\">\n<td data-start=\"1723\" data-end=\"1741\" data-col-size=\"sm\">Personalisierung<\/td>\n<td data-col-size=\"sm\" data-start=\"1741\" data-end=\"1763\">Handwerk<\/td>\n<td data-col-size=\"md\" data-start=\"1763\" data-end=\"1821\">Ein-\/Mehrfarbendruck; Barcode\/QR; Datenkodierung<\/td>\n<\/tr>\n<tr data-start=\"1822\" data-end=\"1906\">\n<td data-start=\"1822\" data-end=\"1840\" data-col-size=\"sm\">Umfeld<\/td>\n<td data-start=\"1840\" data-end=\"1862\" data-col-size=\"sm\">Betriebstemperatur<\/td>\n<td data-start=\"1862\" data-end=\"1906\" data-col-size=\"md\">\u221220 \u2103 bis +55 \u2103<\/td>\n<\/tr>\n<tr data-start=\"1907\" data-end=\"1990\">\n<td data-start=\"1907\" data-end=\"1925\" data-col-size=\"sm\">Verpackung<\/td>\n<td data-col-size=\"sm\" data-start=\"1925\" data-end=\"1947\">Lieferformat<\/td>\n<td data-col-size=\"md\" data-start=\"1947\" data-end=\"1990\">100 St\u00fcck\/Beutel; 10 Beutel\/Karton<\/td>\n<\/tr>\n<tr data-start=\"1991\" data-end=\"2082\">\n<td data-start=\"1991\" data-end=\"2009\" data-col-size=\"sm\">Anwendungsf\u00e4lle<\/td>\n<td data-start=\"2009\" data-end=\"2031\" data-col-size=\"sm\">Typische Anwendungen<\/td>\n<td data-col-size=\"md\" data-start=\"2031\" data-end=\"2082\">Soziale Medien, Zutrittskontrolle, T\u00fcrschlie\u00dfsysteme<\/td>\n<\/tr>\n<\/tbody>\n<\/table>\n<\/div>\n<\/div>","protected":false},"excerpt":{"rendered":"<p>ABS NFC-Schl\u00fcsselanh\u00e4nger mit NTAG213 \u2013 13,56 MHz, 144 Byte Speicher, Lesereichweite 2\u20133 cm, wasserdichtes Geh\u00e4use, individuelle Farben\/Drucke und Datenkodierung f\u00fcr Zugriff und intelligente Verbindungen.<\/p>","protected":false},"featured_media":986,"template":"","meta":{"_gspb_post_css":""},"product_brand":[],"product_cat":[30],"product_tag":[],"class_list":{"0":"post-985","1":"product","2":"type-product","3":"status-publish","4":"has-post-thumbnail","6":"product_cat-rfid-keyfobs","8":"first","9":"instock","10":"shipping-taxable","11":"purchasable","12":"product-type-simple"},"_links":{"self":[{"href":"https:\/\/www.cxjsmartcard.com\/de\/wp-json\/wp\/v2\/product\/985","targetHints":{"allow":["GET"]}}],"collection":[{"href":"https:\/\/www.cxjsmartcard.com\/de\/wp-json\/wp\/v2\/product"}],"about":[{"href":"https:\/\/www.cxjsmartcard.com\/de\/wp-json\/wp\/v2\/types\/product"}],"wp:featuredmedia":[{"embeddable":true,"href":"https:\/\/www.cxjsmartcard.com\/de\/wp-json\/wp\/v2\/media\/986"}],"wp:attachment":[{"href":"https:\/\/www.cxjsmartcard.com\/de\/wp-json\/wp\/v2\/media?parent=985"}],"wp:term":[{"taxonomy":"product_brand","embeddable":true,"href":"https:\/\/www.cxjsmartcard.com\/de\/wp-json\/wp\/v2\/product_brand?post=985"},{"taxonomy":"product_cat","embeddable":true,"href":"https:\/\/www.cxjsmartcard.com\/de\/wp-json\/wp\/v2\/product_cat?post=985"},{"taxonomy":"product_tag","embeddable":true,"href":"https:\/\/www.cxjsmartcard.com\/de\/wp-json\/wp\/v2\/product_tag?post=985"}],"curies":[{"name":"wp","href":"https:\/\/api.w.org\/{rel}","templated":true}]}}