{"id":980,"date":"2025-11-03T09:41:24","date_gmt":"2025-11-03T09:41:24","guid":{"rendered":"https:\/\/www.cxjsmartcard.com\/?post_type=product&#038;p=980"},"modified":"2025-12-29T01:27:06","modified_gmt":"2025-12-29T01:27:06","slug":"125khz-tk4100-rfid-key-fob-tag","status":"publish","type":"product","link":"https:\/\/www.cxjsmartcard.com\/de\/125khz-tk4100-rfid-key-fob-tag\/","title":{"rendered":"125kHz TK4100 RFID-Schl\u00fcsselanh\u00e4nger"},"content":{"rendered":"<p data-start=\"42\" data-end=\"301\">Passiver LF-Schl\u00fcsselanh\u00e4nger f\u00fcr den t\u00e4glichen Zugang und die Identifizierung. Ausgestattet mit 125-kHz-Technologie und robusten Geh\u00e4usen (PPS\/ABS\/Epoxidharz), unterst\u00fctzt er individuellen Druck und verschiedene Chipoptionen f\u00fcr den reibungslosen Einsatz an T\u00fcren, Toren und Gemeinschaftseinrichtungen.<\/p>\n<p data-start=\"303\" data-end=\"317\"><strong data-start=\"303\" data-end=\"315\">Merkmale<\/strong><\/p>\n<ul data-start=\"318\" data-end=\"565\">\n<li data-start=\"318\" data-end=\"363\">\n<p data-start=\"320\" data-end=\"363\">125-kHz-LF-Betrieb f\u00fcr Kurzstreckenabgriffe<\/p>\n<\/li>\n<li data-start=\"364\" data-end=\"407\">\n<p data-start=\"366\" data-end=\"407\">Robuste Geh\u00e4use: PPS, ABS, Epoxidharz usw.<\/p>\n<\/li>\n<li data-start=\"408\" data-end=\"458\">\n<p data-start=\"410\" data-end=\"458\">Individualisierung: Logo- und Seriennummerndruck<\/p>\n<\/li>\n<li data-start=\"459\" data-end=\"510\">\n<p data-start=\"461\" data-end=\"510\">Mehrere Chipoptionen zur Anpassung an bestehende Systeme<\/p>\n<\/li>\n<li data-start=\"511\" data-end=\"565\">\n<p data-start=\"513\" data-end=\"565\">Gro\u00dfe Farbauswahl (Schwarz, Wei\u00df, Gr\u00fcn, Blau usw.).<\/p>\n<\/li>\n<\/ul>\n<p data-start=\"567\" data-end=\"792\"><strong data-start=\"567\" data-end=\"591\">Typische Anwendungen<\/strong><br data-start=\"591\" data-end=\"594\" \/>Zutrittskontrollsysteme \u2022 Anwesenheitskontrolle \u2022 Identifizierung \u2022 Logistik und industrielle Automatisierung \u2022 Tickets und Mitgliedschaften \u2022 \u00d6ffentlicher Nahverkehr \u2022 Bargeldloses elektronisches Bezahlen \u2022 Schwimmb\u00e4der und W\u00e4schereien.<\/p>\n<p data-start=\"794\" data-end=\"1112\"><strong data-start=\"794\" data-end=\"823\">Anmerkungen zu g\u00e4ngigen Schl\u00fcsselanh\u00e4ngern<\/strong><br data-start=\"823\" data-end=\"826\" \/>Die meisten Schl\u00fcsselanh\u00e4nger f\u00fcr Annehmlichkeiten in Eigentumswohnungen\/Apartments (Pools, Fitnessstudios, Aufz\u00fcge) verwenden <strong data-start=\"894\" data-end=\"919\">Niederfrequenz 125 kHz<\/strong> passive RFID (z. B. TK4100, T5577, EM4200\/EM4305). Wenn ein Schl\u00fcsselanh\u00e4nger das Ger\u00e4t \u00f6ffnet <strong data-start=\"994\" data-end=\"1028\">T\u00fcr zur einzelnen Wohnungseinheit<\/strong>, es ist typischerweise ein <strong data-start=\"1047\" data-end=\"1075\">Hochfrequenz 13,56 MHz<\/strong> System (z. B. MIFARE 1K oder NTAG213).<\/p>\n<h2 data-start=\"1114\" data-end=\"1139\">Tabelle (Spezifikationen)<\/h2>\n<div class=\"_tableContainer_1rjym_1\">\n<div class=\"group _tableWrapper_1rjym_13 flex w-fit flex-col-reverse\" tabindex=\"-1\">\n<table class=\"w-fit min-w-(--thread-content-width)\" data-start=\"1141\" data-end=\"2038\">\n<thead data-start=\"1141\" data-end=\"1230\">\n<tr data-start=\"1141\" data-end=\"1230\">\n<th data-start=\"1141\" data-end=\"1156\" data-col-size=\"sm\">Kategorie<\/th>\n<th data-start=\"1156\" data-end=\"1175\" data-col-size=\"sm\">Parameter<\/th>\n<th data-start=\"1175\" data-end=\"1230\" data-col-size=\"lg\">Wert<\/th>\n<\/tr>\n<\/thead>\n<tbody data-start=\"1321\" data-end=\"2038\">\n<tr data-start=\"1321\" data-end=\"1410\">\n<td data-start=\"1321\" data-end=\"1336\" data-col-size=\"sm\">Produkt<\/td>\n<td data-start=\"1336\" data-end=\"1355\" data-col-size=\"sm\">Typ<\/td>\n<td data-start=\"1355\" data-end=\"1410\" data-col-size=\"lg\">125kHz TK4100 RFID-Schl\u00fcsselanh\u00e4nger<\/td>\n<\/tr>\n<tr data-start=\"1411\" data-end=\"1500\">\n<td data-start=\"1411\" data-end=\"1426\" data-col-size=\"sm\">Materialien<\/td>\n<td data-start=\"1426\" data-end=\"1445\" data-col-size=\"sm\">Geh\u00e4use<\/td>\n<td data-start=\"1445\" data-end=\"1500\" data-col-size=\"lg\">PPS, ABS, Epoxidharz usw.<\/td>\n<\/tr>\n<tr data-start=\"1501\" data-end=\"1590\">\n<td data-start=\"1501\" data-end=\"1516\" data-col-size=\"sm\">RF<\/td>\n<td data-start=\"1516\" data-end=\"1535\" data-col-size=\"sm\">Frequenz<\/td>\n<td data-start=\"1535\" data-end=\"1590\" data-col-size=\"lg\">125 kHz (LF)<\/td>\n<\/tr>\n<tr data-start=\"1591\" data-end=\"1680\">\n<td data-start=\"1591\" data-end=\"1606\" data-col-size=\"sm\">Drucken<\/td>\n<td data-start=\"1606\" data-end=\"1625\" data-col-size=\"sm\">Optionen<\/td>\n<td data-start=\"1625\" data-end=\"1680\" data-col-size=\"lg\">Logodruck; Seriennummern<\/td>\n<\/tr>\n<tr data-start=\"1681\" data-end=\"1770\">\n<td data-start=\"1681\" data-end=\"1696\" data-col-size=\"sm\">IC-Optionen<\/td>\n<td data-start=\"1696\" data-end=\"1715\" data-col-size=\"sm\">Verf\u00fcgbare Chips<\/td>\n<td data-start=\"1715\" data-end=\"1770\" data-col-size=\"lg\">TK4100; EM4305; EM4200; T5577; andere<\/td>\n<\/tr>\n<tr data-start=\"1771\" data-end=\"1860\">\n<td data-start=\"1771\" data-end=\"1786\" data-col-size=\"sm\">Farben<\/td>\n<td data-start=\"1786\" data-end=\"1805\" data-col-size=\"sm\">Varianten<\/td>\n<td data-start=\"1805\" data-end=\"1860\" data-col-size=\"lg\">Schwarz; Wei\u00df; Gr\u00fcn; Blau; usw.<\/td>\n<\/tr>\n<tr data-start=\"1861\" data-end=\"2038\">\n<td data-start=\"1861\" data-end=\"1876\" data-col-size=\"sm\">Anwendungen<\/td>\n<td data-start=\"1876\" data-end=\"1895\" data-col-size=\"sm\">Anwendungsf\u00e4lle<\/td>\n<td data-start=\"1895\" data-end=\"2038\" data-col-size=\"lg\">Zutrittskontrolle; Anwesenheitskontrolle; Ausweiswesen; Logistik; Industrieautomation; Tickets; Mitgliedschaften; \u00f6ffentlicher Nahverkehr; elektronisches Bezahlen; Schwimmb\u00e4der; W\u00e4scherei<\/td>\n<\/tr>\n<\/tbody>\n<\/table>\n<\/div>\n<\/div>","protected":false},"excerpt":{"rendered":"<p>Robuster 125-kHz-LF-Schl\u00fcsselanh\u00e4nger f\u00fcr Zutrittskontrolle und Ausweise \u2013 Geh\u00e4use aus PPS\/ABS\/Epoxidharz, verschiedene Chipoptionen (Serien TK4100\/T5577\/EM), individueller Logo-\/Seriennummerndruck und verschiedene Farben.<\/p>","protected":false},"featured_media":981,"template":"","meta":{"_gspb_post_css":""},"product_brand":[],"product_cat":[30],"product_tag":[],"class_list":{"0":"post-980","1":"product","2":"type-product","3":"status-publish","4":"has-post-thumbnail","6":"product_cat-rfid-keyfobs","8":"first","9":"instock","10":"shipping-taxable","11":"purchasable","12":"product-type-simple"},"_links":{"self":[{"href":"https:\/\/www.cxjsmartcard.com\/de\/wp-json\/wp\/v2\/product\/980","targetHints":{"allow":["GET"]}}],"collection":[{"href":"https:\/\/www.cxjsmartcard.com\/de\/wp-json\/wp\/v2\/product"}],"about":[{"href":"https:\/\/www.cxjsmartcard.com\/de\/wp-json\/wp\/v2\/types\/product"}],"wp:featuredmedia":[{"embeddable":true,"href":"https:\/\/www.cxjsmartcard.com\/de\/wp-json\/wp\/v2\/media\/981"}],"wp:attachment":[{"href":"https:\/\/www.cxjsmartcard.com\/de\/wp-json\/wp\/v2\/media?parent=980"}],"wp:term":[{"taxonomy":"product_brand","embeddable":true,"href":"https:\/\/www.cxjsmartcard.com\/de\/wp-json\/wp\/v2\/product_brand?post=980"},{"taxonomy":"product_cat","embeddable":true,"href":"https:\/\/www.cxjsmartcard.com\/de\/wp-json\/wp\/v2\/product_cat?post=980"},{"taxonomy":"product_tag","embeddable":true,"href":"https:\/\/www.cxjsmartcard.com\/de\/wp-json\/wp\/v2\/product_tag?post=980"}],"curies":[{"name":"wp","href":"https:\/\/api.w.org\/{rel}","templated":true}]}}