{"id":973,"date":"2025-11-03T09:39:57","date_gmt":"2025-11-03T09:39:57","guid":{"rendered":"https:\/\/www.cxjsmartcard.com\/?post_type=product&#038;p=973"},"modified":"2025-12-29T01:27:07","modified_gmt":"2025-12-29T01:27:07","slug":"125khz-t5577-rfid-key-fob-for-access-control","status":"publish","type":"product","link":"https:\/\/www.cxjsmartcard.com\/de\/125khz-t5577-rfid-key-fob-for-access-control\/","title":{"rendered":"125-kHz-T5577-RFID-Schl\u00fcsselanh\u00e4nger f\u00fcr die Zutrittskontrolle"},"content":{"rendered":"<p data-start=\"56\" data-end=\"324\">Kompakter LF-Schl\u00fcsselanh\u00e4nger mit T5577-Chip f\u00fcr zuverl\u00e4ssige Zutrittskontrolle im Nahbereich. Geh\u00e4use aus ABS\/PVC\/Silikon\/Epoxidharz sind robust und widerstandsf\u00e4hig gegen t\u00e4gliche Beanspruchung, w\u00e4hrend individueller Druck und Datenkodierung eine schnelle und zuverl\u00e4ssige Implementierung erm\u00f6glichen.<\/p>\n<p data-start=\"326\" data-end=\"340\"><strong data-start=\"326\" data-end=\"338\">Merkmale<\/strong><\/p>\n<ul data-start=\"341\" data-end=\"654\">\n<li data-start=\"341\" data-end=\"385\">\n<p data-start=\"343\" data-end=\"385\">125 kHz LF (T5577), 1\u20132 cm Leseabstand<\/p>\n<\/li>\n<li data-start=\"386\" data-end=\"431\">\n<p data-start=\"388\" data-end=\"431\">Langlebige Geh\u00e4use (ABS\/PVC\/Silikon\/Epoxid)<\/p>\n<\/li>\n<li data-start=\"432\" data-end=\"495\">\n<p data-start=\"434\" data-end=\"495\">Individuelle Grafiken: Siebdruck oder Laser; optional UID\/Seriennummer\/QR-Code<\/p>\n<\/li>\n<li data-start=\"496\" data-end=\"544\">\n<p data-start=\"498\" data-end=\"544\">Datendienste: ID-Aufzeichnung und Vorcodierung<\/p>\n<\/li>\n<li data-start=\"545\" data-end=\"586\">\n<p data-start=\"547\" data-end=\"586\">Betriebstemperatur \u221225 \u00b0C bis 75 \u00b0C<\/p>\n<\/li>\n<li data-start=\"587\" data-end=\"654\">\n<p data-start=\"589\" data-end=\"654\">OEM-Optionen und umfassende Chip-\/Frequenzunterst\u00fctzung auf Anfrage erh\u00e4ltlich.<\/p>\n<\/li>\n<\/ul>\n<p data-start=\"656\" data-end=\"859\"><strong data-start=\"656\" data-end=\"672\">Anwendungen<\/strong><br data-start=\"672\" data-end=\"675\" \/>T\u00fcr- und Torzugang \u2022 E-Ticketing \u2022 Bargeldloses\/geschlossenes Zahlungssystem \u2022 Zeiterfassung \u2022 Mitgliedschaft\/Treueprogramme \u2022 \u00d6ffentlicher Nahverkehr \u2022 Schwimmb\u00e4der und W\u00e4schereien \u2022 Logistik und industrielle Automatisierung.<\/p>\n<h2 data-start=\"861\" data-end=\"886\">Tabelle (Spezifikationen)<\/h2>\n<div class=\"_tableContainer_1rjym_1\">\n<div class=\"group _tableWrapper_1rjym_13 flex w-fit flex-col-reverse\" tabindex=\"-1\">\n<table class=\"w-fit min-w-(--thread-content-width)\" data-start=\"888\" data-end=\"1920\">\n<thead data-start=\"888\" data-end=\"971\">\n<tr data-start=\"888\" data-end=\"971\">\n<th data-start=\"888\" data-end=\"906\" data-col-size=\"sm\">Kategorie<\/th>\n<th data-start=\"906\" data-end=\"928\" data-col-size=\"sm\">Parameter<\/th>\n<th data-start=\"928\" data-end=\"971\" data-col-size=\"md\">Wert<\/th>\n<\/tr>\n<\/thead>\n<tbody data-start=\"1056\" data-end=\"1920\">\n<tr data-start=\"1056\" data-end=\"1139\">\n<td data-start=\"1056\" data-end=\"1074\" data-col-size=\"sm\">Produkt<\/td>\n<td data-col-size=\"sm\" data-start=\"1074\" data-end=\"1096\">Typ<\/td>\n<td data-col-size=\"md\" data-start=\"1096\" data-end=\"1139\">RFID-Schl\u00fcsselanh\u00e4nger<\/td>\n<\/tr>\n<tr data-start=\"1140\" data-end=\"1223\">\n<td data-start=\"1140\" data-end=\"1158\" data-col-size=\"sm\">Materialien<\/td>\n<td data-col-size=\"sm\" data-start=\"1158\" data-end=\"1180\">Geh\u00e4use<\/td>\n<td data-col-size=\"md\" data-start=\"1180\" data-end=\"1223\">ABS \/ PVC \/ Silikon \/ Epoxidharz<\/td>\n<\/tr>\n<tr data-start=\"1224\" data-end=\"1307\">\n<td data-start=\"1224\" data-end=\"1242\" data-col-size=\"sm\">Abmessungen<\/td>\n<td data-col-size=\"sm\" data-start=\"1242\" data-end=\"1264\">Gr\u00f6\u00dfe<\/td>\n<td data-col-size=\"md\" data-start=\"1264\" data-end=\"1307\">38 \u00d7 30 \u00d7 6 mm (anpassbar)<\/td>\n<\/tr>\n<tr data-start=\"1308\" data-end=\"1392\">\n<td data-start=\"1308\" data-end=\"1326\" data-col-size=\"sm\">Umfeld<\/td>\n<td data-col-size=\"sm\" data-start=\"1326\" data-end=\"1348\">Betriebstemperatur<\/td>\n<td data-col-size=\"md\" data-start=\"1348\" data-end=\"1392\">\u221225 \u00b0C bis 75 \u00b0C<\/td>\n<\/tr>\n<tr data-start=\"1393\" data-end=\"1476\">\n<td data-start=\"1393\" data-end=\"1411\" data-col-size=\"sm\">RF<\/td>\n<td data-col-size=\"sm\" data-start=\"1411\" data-end=\"1433\">Frequenz<\/td>\n<td data-col-size=\"md\" data-start=\"1433\" data-end=\"1476\">125 kHz (LF)<\/td>\n<\/tr>\n<tr data-start=\"1477\" data-end=\"1560\">\n<td data-start=\"1477\" data-end=\"1495\" data-col-size=\"sm\">Chip<\/td>\n<td data-start=\"1495\" data-end=\"1517\" data-col-size=\"sm\">Modell<\/td>\n<td data-col-size=\"md\" data-start=\"1517\" data-end=\"1560\">T5577<\/td>\n<\/tr>\n<tr data-start=\"1561\" data-end=\"1644\">\n<td data-start=\"1561\" data-end=\"1579\" data-col-size=\"sm\">Leistung<\/td>\n<td data-start=\"1579\" data-end=\"1601\" data-col-size=\"sm\">Lesedistanz<\/td>\n<td data-start=\"1601\" data-end=\"1644\" data-col-size=\"md\">1\u20132 cm (abh\u00e4ngig vom Leser)<\/td>\n<\/tr>\n<tr data-start=\"1645\" data-end=\"1728\">\n<td data-start=\"1645\" data-end=\"1663\" data-col-size=\"sm\">Personalisierung<\/td>\n<td data-col-size=\"sm\" data-start=\"1663\" data-end=\"1685\">Drucken<\/td>\n<td data-col-size=\"md\" data-start=\"1685\" data-end=\"1728\">Siebdruck oder Laser<\/td>\n<\/tr>\n<tr data-start=\"1729\" data-end=\"1812\">\n<td data-start=\"1729\" data-end=\"1747\" data-col-size=\"sm\">Datendienste<\/td>\n<td data-col-size=\"sm\" data-start=\"1747\" data-end=\"1769\">Optionen<\/td>\n<td data-col-size=\"md\" data-start=\"1769\" data-end=\"1812\">UID\/Seriennummer\/QR-Code; Datenkodierung\/ID-Datensatz<\/td>\n<\/tr>\n<tr data-start=\"1813\" data-end=\"1920\">\n<td data-start=\"1813\" data-end=\"1831\" data-col-size=\"sm\">Anwendungsf\u00e4lle<\/td>\n<td data-start=\"1831\" data-end=\"1853\" data-col-size=\"sm\">Typische Anwendungen<\/td>\n<td data-col-size=\"md\" data-start=\"1853\" data-end=\"1920\">Zutrittskontrolle, E-Ticketing, Zahlung, Anwesenheitskontrolle, Ausweise, Logistik<\/td>\n<\/tr>\n<\/tbody>\n<\/table>\n<\/div>\n<\/div>","protected":false},"excerpt":{"rendered":"<p>Robuster 125-kHz-RFID-Schl\u00fcsselanh\u00e4nger (T5577) mit einer Lesereichweite von 1\u20132 cm. Geh\u00e4use aus ABS\/PVC\/Silikon\/Epoxidharz, individueller Druck (Laser\/Siebdruck) und Datenkodierung f\u00fcr sichere Zutrittskontrolle.<\/p>","protected":false},"featured_media":974,"template":"","meta":{"_gspb_post_css":""},"product_brand":[],"product_cat":[30],"product_tag":[],"class_list":{"0":"post-973","1":"product","2":"type-product","3":"status-publish","4":"has-post-thumbnail","6":"product_cat-rfid-keyfobs","8":"first","9":"instock","10":"shipping-taxable","11":"purchasable","12":"product-type-simple"},"_links":{"self":[{"href":"https:\/\/www.cxjsmartcard.com\/de\/wp-json\/wp\/v2\/product\/973","targetHints":{"allow":["GET"]}}],"collection":[{"href":"https:\/\/www.cxjsmartcard.com\/de\/wp-json\/wp\/v2\/product"}],"about":[{"href":"https:\/\/www.cxjsmartcard.com\/de\/wp-json\/wp\/v2\/types\/product"}],"wp:featuredmedia":[{"embeddable":true,"href":"https:\/\/www.cxjsmartcard.com\/de\/wp-json\/wp\/v2\/media\/974"}],"wp:attachment":[{"href":"https:\/\/www.cxjsmartcard.com\/de\/wp-json\/wp\/v2\/media?parent=973"}],"wp:term":[{"taxonomy":"product_brand","embeddable":true,"href":"https:\/\/www.cxjsmartcard.com\/de\/wp-json\/wp\/v2\/product_brand?post=973"},{"taxonomy":"product_cat","embeddable":true,"href":"https:\/\/www.cxjsmartcard.com\/de\/wp-json\/wp\/v2\/product_cat?post=973"},{"taxonomy":"product_tag","embeddable":true,"href":"https:\/\/www.cxjsmartcard.com\/de\/wp-json\/wp\/v2\/product_tag?post=973"}],"curies":[{"name":"wp","href":"https:\/\/api.w.org\/{rel}","templated":true}]}}