{"id":968,"date":"2025-11-03T09:36:20","date_gmt":"2025-11-03T09:36:20","guid":{"rendered":"https:\/\/www.cxjsmartcard.com\/?post_type=product&#038;p=968"},"modified":"2025-12-29T01:27:07","modified_gmt":"2025-12-29T01:27:07","slug":"on-duty-rfid-nfc-token-for-patrol-checkpoint","status":"publish","type":"product","link":"https:\/\/www.cxjsmartcard.com\/de\/on-duty-rfid-nfc-token-for-patrol-checkpoint\/","title":{"rendered":"RFID-NFC-Token f\u00fcr den Streifendienst an Kontrollpunkten"},"content":{"rendered":"<p data-start=\"56\" data-end=\"363\">Robuster NFC\/HF-Patrouillentoken in einem ABS-Geh\u00e4use, entwickelt f\u00fcr Kontrollpunkte im Freien und raue Umgebungen. UV-best\u00e4ndig, wasserdicht und korrosionsbest\u00e4ndig, l\u00e4sst er sich mit einer zentralen Schraubbohrung oder Kleber\u00fcckseite befestigen und ist mit Smartphones oder ISO-14443A-Leseger\u00e4ten schnell auslesbar.<\/p>\n<p data-start=\"365\" data-end=\"383\"><strong data-start=\"365\" data-end=\"381\">Hauptmerkmale<\/strong><\/p>\n<ul data-start=\"384\" data-end=\"728\">\n<li data-start=\"384\" data-end=\"444\">\n<p data-start=\"386\" data-end=\"444\">ABS-Geh\u00e4use; UV-best\u00e4ndig, wasserdicht, witterungsbest\u00e4ndig<\/p>\n<\/li>\n<li data-start=\"445\" data-end=\"517\">\n<p data-start=\"447\" data-end=\"517\">Optionale Kompatibilit\u00e4t mit Metall f\u00fcr zuverl\u00e4ssige Messungen auf Stahloberfl\u00e4chen<\/p>\n<\/li>\n<li data-start=\"518\" data-end=\"569\">\n<p data-start=\"520\" data-end=\"569\">Mehrere Gr\u00f6\u00dfen und Farben f\u00fcr die Zonen-\/Routencodierung<\/p>\n<\/li>\n<li data-start=\"570\" data-end=\"616\">\n<p data-start=\"572\" data-end=\"616\">Siebdruck- oder laserge\u00e4tztes Logo\/Nummerierung<\/p>\n<\/li>\n<li data-start=\"617\" data-end=\"676\">\n<p data-start=\"619\" data-end=\"676\">Lesereichweite (HF): 2\u201310 cm (abh\u00e4ngig vom Leseger\u00e4t\/der Umgebung)<\/p>\n<\/li>\n<li data-start=\"677\" data-end=\"728\">\n<p data-start=\"679\" data-end=\"728\">Verf\u00fcgbare Chipfamilien f\u00fcr LF\/HF\/UHF-Anwendungen<\/p>\n<\/li>\n<\/ul>\n<p data-start=\"730\" data-end=\"912\"><strong data-start=\"730\" data-end=\"746\">Anwendungen<\/strong><br data-start=\"746\" data-end=\"749\" \/>Kontrollpunkte f\u00fcr Wachrundg\u00e4nge \u2022 Wartungs- und Inspektionspunkte \u2022 Anlagen-\/T\u00fcr-\/Tor-IDs in Logistik, Versorgungsunternehmen, Eisenbahnen, \u00d6lfeldern, Banken, Museen, Flugh\u00e4fen und mehr.<\/p>\n<p data-start=\"914\" data-end=\"1035\"><strong data-start=\"914\" data-end=\"930\">Installation<\/strong><br data-start=\"930\" data-end=\"933\" \/>F\u00fcr eine dauerhafte Montage durch die mittlere \u00d6ffnung schrauben oder die Klebefl\u00e4che auf sauberen, trockenen Oberfl\u00e4chen verwenden.<\/p>\n<p data-start=\"1037\" data-end=\"1277\"><strong data-start=\"1037\" data-end=\"1050\">H\u00e4ufig gestellte Fragen<\/strong><br data-start=\"1050\" data-end=\"1053\" \/><strong data-start=\"1053\" data-end=\"1083\">L\u00e4sst es sich auf einem iPhone lesen?<\/strong> Ja \u2013 moderne iPhones k\u00f6nnen Standard-NFC-Tags scannen.<br data-start=\"1126\" data-end=\"1129\" \/><strong data-start=\"1129\" data-end=\"1159\">Kann es auf beschichtetem Stahl verwendet werden?<\/strong> Ja \u2013 die Abschirmungsschicht sorgt f\u00fcr stabile Lesewerte.<br data-start=\"1203\" data-end=\"1206\" \/><strong data-start=\"1206\" data-end=\"1227\">Ist es wasserdicht?<\/strong> Ja \u2013 das versiegelte ABS-Geh\u00e4use h\u00e4lt den Witterungseinfl\u00fcssen im Freien stand.<\/p>\n<h2 data-start=\"1279\" data-end=\"1304\">Tabelle (Spezifikationen)<\/h2>\n<div class=\"_tableContainer_1rjym_1\">\n<div class=\"group _tableWrapper_1rjym_13 flex w-fit flex-col-reverse\" tabindex=\"-1\">\n<table class=\"w-fit min-w-(--thread-content-width)\" data-start=\"1306\" data-end=\"3019\">\n<thead data-start=\"1306\" data-end=\"1420\">\n<tr data-start=\"1306\" data-end=\"1420\">\n<th data-start=\"1306\" data-end=\"1324\" data-col-size=\"sm\">Kategorie<\/th>\n<th data-start=\"1324\" data-end=\"1347\" data-col-size=\"sm\">Parameter<\/th>\n<th data-start=\"1347\" data-end=\"1420\" data-col-size=\"md\">Wert<\/th>\n<\/tr>\n<\/thead>\n<tbody data-start=\"1536\" data-end=\"3019\">\n<tr data-start=\"1536\" data-end=\"1649\">\n<td data-start=\"1536\" data-end=\"1554\" data-col-size=\"sm\">Produkt<\/td>\n<td data-start=\"1554\" data-end=\"1577\" data-col-size=\"sm\">Formfaktor<\/td>\n<td data-start=\"1577\" data-end=\"1649\" data-col-size=\"md\">ABS RFID\/NFC-Patrouillentoken<\/td>\n<\/tr>\n<tr data-start=\"1650\" data-end=\"1763\">\n<td data-start=\"1650\" data-end=\"1668\" data-col-size=\"sm\">Materialien<\/td>\n<td data-start=\"1668\" data-end=\"1691\" data-col-size=\"sm\">Geh\u00e4use<\/td>\n<td data-col-size=\"md\" data-start=\"1691\" data-end=\"1763\">ABS, versiegelt, UV-best\u00e4ndig, wasserdicht<\/td>\n<\/tr>\n<tr data-start=\"1764\" data-end=\"1878\">\n<td data-start=\"1764\" data-end=\"1782\" data-col-size=\"sm\">Auf Metall<\/td>\n<td data-col-size=\"sm\" data-start=\"1782\" data-end=\"1805\">Kompatibilit\u00e4t<\/td>\n<td data-col-size=\"md\" data-start=\"1805\" data-end=\"1878\">Optionale Abschirmschicht<\/td>\n<\/tr>\n<tr data-start=\"1879\" data-end=\"1992\">\n<td data-start=\"1879\" data-end=\"1897\" data-col-size=\"sm\">Gr\u00f6\u00dfen<\/td>\n<td data-start=\"1897\" data-end=\"1920\" data-col-size=\"sm\">Durchmesseroptionen<\/td>\n<td data-start=\"1920\" data-end=\"1992\" data-col-size=\"md\">\u00d835 \/ \u00d830 \/ \u00d828 \/ \u00d820 \/ \u00d812 mm<\/td>\n<\/tr>\n<tr data-start=\"1993\" data-end=\"2106\">\n<td data-start=\"1993\" data-end=\"2011\" data-col-size=\"sm\">Farben<\/td>\n<td data-col-size=\"sm\" data-start=\"2011\" data-end=\"2034\">Standardoptionen<\/td>\n<td data-col-size=\"md\" data-start=\"2034\" data-end=\"2106\">Wei\u00df, Schwarz, Blau, Gr\u00fcn, Gelb, Rot, Orange, Grau<\/td>\n<\/tr>\n<tr data-start=\"2107\" data-end=\"2220\">\n<td data-start=\"2107\" data-end=\"2125\" data-col-size=\"sm\">RF (HF\/NFC)<\/td>\n<td data-start=\"2125\" data-end=\"2148\" data-col-size=\"sm\">Frequenz \/ Standard<\/td>\n<td data-start=\"2148\" data-end=\"2220\" data-col-size=\"md\">13,56 MHz; ISO 14443A<\/td>\n<\/tr>\n<tr data-start=\"2221\" data-end=\"2334\">\n<td data-start=\"2221\" data-end=\"2239\" data-col-size=\"sm\">Chips (HF)<\/td>\n<td data-col-size=\"sm\" data-start=\"2239\" data-end=\"2262\">Optionen<\/td>\n<td data-col-size=\"md\" data-start=\"2262\" data-end=\"2334\">S50 (MIFARE Classic 1K), NTAG213 \/ NTAG215 \/ NTAG216<\/td>\n<\/tr>\n<tr data-start=\"2335\" data-end=\"2448\">\n<td data-start=\"2335\" data-end=\"2353\" data-col-size=\"sm\">Lesebereich<\/td>\n<td data-col-size=\"sm\" data-start=\"2353\" data-end=\"2376\">Distanz (HF)<\/td>\n<td data-col-size=\"md\" data-start=\"2376\" data-end=\"2448\">2\u201310 cm (ger\u00e4te-\/umgebungsabh\u00e4ngig)<\/td>\n<\/tr>\n<tr data-start=\"2449\" data-end=\"2562\">\n<td data-start=\"2449\" data-end=\"2467\" data-col-size=\"sm\">Andere Bands<\/td>\n<td data-start=\"2467\" data-end=\"2490\" data-col-size=\"sm\">Optionen<\/td>\n<td data-col-size=\"md\" data-start=\"2490\" data-end=\"2562\">125 kHz (LF) oder 860\u2013960 MHz (UHF) verf\u00fcgbar<\/td>\n<\/tr>\n<tr data-start=\"2563\" data-end=\"2676\">\n<td data-start=\"2563\" data-end=\"2581\" data-col-size=\"sm\">Personalisierung<\/td>\n<td data-start=\"2581\" data-end=\"2604\" data-col-size=\"sm\">Drucken\/Markieren<\/td>\n<td data-col-size=\"md\" data-start=\"2604\" data-end=\"2676\">Siebdruck- oder Laserlogo\/Nummerierung<\/td>\n<\/tr>\n<tr data-start=\"2677\" data-end=\"2791\">\n<td data-start=\"2677\" data-end=\"2695\" data-col-size=\"sm\">Montage<\/td>\n<td data-start=\"2695\" data-end=\"2718\" data-col-size=\"sm\">Methoden<\/td>\n<td data-col-size=\"md\" data-start=\"2718\" data-end=\"2791\">Mittleres Schraubenloch oder Kleber\u00fcckseite<\/td>\n<\/tr>\n<tr data-start=\"2792\" data-end=\"2905\">\n<td data-start=\"2792\" data-end=\"2810\" data-col-size=\"sm\">Attribute<\/td>\n<td data-col-size=\"sm\" data-start=\"2810\" data-end=\"2833\">Schutz<\/td>\n<td data-col-size=\"md\" data-start=\"2833\" data-end=\"2905\">Wasserdicht, witterungsbest\u00e4ndig, korrosionsbest\u00e4ndig<\/td>\n<\/tr>\n<tr data-start=\"2906\" data-end=\"3019\">\n<td data-start=\"2906\" data-end=\"2924\" data-col-size=\"sm\">Anwendungsf\u00e4lle<\/td>\n<td data-start=\"2924\" data-end=\"2947\" data-col-size=\"sm\">Typische Branchen<\/td>\n<td data-col-size=\"md\" data-start=\"2947\" data-end=\"3019\">Logistik, Sicherheit, Versorgungsunternehmen, Transportwesen, \u00d6l &amp; Gas, Immobilienverwaltung.<\/td>\n<\/tr>\n<\/tbody>\n<\/table>\n<\/div>\n<\/div>","protected":false},"excerpt":{"rendered":"<p>ABS-Patrouillentoken f\u00fcr W\u00e4chterrundg\u00e4nge \u2013 NFC\/HF ISO 14443A, Lesebereich 2\u201310 cm, UV-best\u00e4ndig und wasserdicht, optional auf Metall, Schraub- oder Klebemontage, verschiedene Gr\u00f6\u00dfen\/Farben.<\/p>","protected":false},"featured_media":970,"template":"","meta":{"_gspb_post_css":""},"product_brand":[],"product_cat":[29],"product_tag":[],"class_list":{"0":"post-968","1":"product","2":"type-product","3":"status-publish","4":"has-post-thumbnail","6":"product_cat-nfc-tags","8":"first","9":"instock","10":"shipping-taxable","11":"purchasable","12":"product-type-simple"},"_links":{"self":[{"href":"https:\/\/www.cxjsmartcard.com\/de\/wp-json\/wp\/v2\/product\/968","targetHints":{"allow":["GET"]}}],"collection":[{"href":"https:\/\/www.cxjsmartcard.com\/de\/wp-json\/wp\/v2\/product"}],"about":[{"href":"https:\/\/www.cxjsmartcard.com\/de\/wp-json\/wp\/v2\/types\/product"}],"wp:featuredmedia":[{"embeddable":true,"href":"https:\/\/www.cxjsmartcard.com\/de\/wp-json\/wp\/v2\/media\/970"}],"wp:attachment":[{"href":"https:\/\/www.cxjsmartcard.com\/de\/wp-json\/wp\/v2\/media?parent=968"}],"wp:term":[{"taxonomy":"product_brand","embeddable":true,"href":"https:\/\/www.cxjsmartcard.com\/de\/wp-json\/wp\/v2\/product_brand?post=968"},{"taxonomy":"product_cat","embeddable":true,"href":"https:\/\/www.cxjsmartcard.com\/de\/wp-json\/wp\/v2\/product_cat?post=968"},{"taxonomy":"product_tag","embeddable":true,"href":"https:\/\/www.cxjsmartcard.com\/de\/wp-json\/wp\/v2\/product_tag?post=968"}],"curies":[{"name":"wp","href":"https:\/\/api.w.org\/{rel}","templated":true}]}}