{"id":961,"date":"2025-11-03T09:31:55","date_gmt":"2025-11-03T09:31:55","guid":{"rendered":"https:\/\/www.cxjsmartcard.com\/?post_type=product&#038;p=961"},"modified":"2025-12-29T01:27:07","modified_gmt":"2025-12-29T01:27:07","slug":"nxp-ntag213-215-216-nfc-sticker-labels","status":"publish","type":"product","link":"https:\/\/www.cxjsmartcard.com\/de\/nxp-ntag213-215-216-nfc-sticker-labels\/","title":{"rendered":"NXP NTAG213\/215\/216 NFC-Aufkleber"},"content":{"rendered":"<p data-start=\"50\" data-end=\"436\">NFC-Etiketten auf Basis von NXP NTAG213\/215\/216 erm\u00f6glichen schnelles und zuverl\u00e4ssiges Antippen mit Smartphones und ISO 14443A-Leseger\u00e4ten. Sie sind vollst\u00e4ndig NFC Forum Typ 2-konform und unterst\u00fctzen NDEF. Diese Etiketten eignen sich ideal f\u00fcr intelligentes Marketing, Produktauthentifizierung, Regaletiketten, Tickets und Veranstaltungen. Dank ihrer kompakten Gr\u00f6\u00dfe, hohen HF-Leistung und starken Sicherheitsmerkmale lassen sie sich problemlos in gro\u00dfem Umfang einsetzen.<\/p>\n<p data-start=\"438\" data-end=\"456\"><strong data-start=\"438\" data-end=\"454\">Hauptmerkmale<\/strong><\/p>\n<ul data-start=\"457\" data-end=\"964\">\n<li data-start=\"457\" data-end=\"517\">\n<p data-start=\"459\" data-end=\"517\">HF 13,56 MHz; ISO\/IEC 14443 Typ A; NFC Forum Typ 2 Tag<\/p>\n<\/li>\n<li data-start=\"518\" data-end=\"590\">\n<p data-start=\"520\" data-end=\"590\">Hohe Scan-Zuverl\u00e4ssigkeit mit Antikollisionsschutz f\u00fcr Umgebungen mit mehreren Tags<\/p>\n<\/li>\n<li data-start=\"591\" data-end=\"707\">\n<p data-start=\"593\" data-end=\"707\">Sicherheit: 7-Byte-UID des Herstellers, ECC-Originalit\u00e4tssignatur, 32-Bit-Passwort, OTP-Bits, vor Ort programmierbares Schloss<\/p>\n<\/li>\n<li data-start=\"708\" data-end=\"798\">\n<p data-start=\"710\" data-end=\"798\">Datenrate 106 kbit\/s; NDEF-f\u00e4hig f\u00fcr URLs, IDs, WLAN-\/Bluetooth-Kopplung, Kontaktkarten<\/p>\n<\/li>\n<li data-start=\"799\" data-end=\"874\">\n<p data-start=\"801\" data-end=\"874\">Materialien: PVC\/Papier\/beschichtetes Papier; Lieferung auf Rolle oder als Einzelst\u00fccke<\/p>\n<\/li>\n<li data-start=\"875\" data-end=\"964\">\n<p data-start=\"877\" data-end=\"964\">Kundenspezifische Druck- und Datendienstleistungen: Logo, Grafiken, Seriennummern\/UIDs, QR-\/Barcodes, Vorkodierung<\/p>\n<\/li>\n<\/ul>\n<p data-start=\"966\" data-end=\"1138\"><strong data-start=\"966\" data-end=\"982\">Anwendungen<\/strong><br data-start=\"982\" data-end=\"985\" \/>Intelligentes Marketing und Werbung \u2022 Produktauthentifizierung \u2022 NFC-Regaletiketten \u2022 Visitenkarten und Mitglieds-\/Veranstaltungsp\u00e4sse \u2022 Schnelle Bluetooth-\/WLAN-Kopplung.<\/p>\n<h2 data-start=\"1140\" data-end=\"1165\">Tabelle (Spezifikationen)<\/h2>\n<div class=\"_tableContainer_1rjym_1\">\n<div class=\"group _tableWrapper_1rjym_13 flex w-fit flex-col-reverse\" tabindex=\"-1\">\n<table class=\"w-fit min-w-(--thread-content-width)\" data-start=\"1167\" data-end=\"3012\">\n<thead data-start=\"1167\" data-end=\"1289\">\n<tr data-start=\"1167\" data-end=\"1289\">\n<th data-start=\"1167\" data-end=\"1188\" data-col-size=\"sm\">Kategorie<\/th>\n<th data-start=\"1188\" data-end=\"1216\" data-col-size=\"sm\">Parameter<\/th>\n<th data-start=\"1216\" data-end=\"1289\" data-col-size=\"md\">Wert<\/th>\n<\/tr>\n<\/thead>\n<tbody data-start=\"1413\" data-end=\"3012\">\n<tr data-start=\"1413\" data-end=\"1534\">\n<td data-start=\"1413\" data-end=\"1434\" data-col-size=\"sm\">Produkt<\/td>\n<td data-start=\"1434\" data-end=\"1462\" data-col-size=\"sm\">Name<\/td>\n<td data-col-size=\"md\" data-start=\"1462\" data-end=\"1534\">NXP NTAG213 \/ NTAG215 \/ NTAG216 NFC-Aufkleberetikett<\/td>\n<\/tr>\n<tr data-start=\"1535\" data-end=\"1657\">\n<td data-start=\"1535\" data-end=\"1556\" data-col-size=\"sm\">IC<\/td>\n<td data-col-size=\"sm\" data-start=\"1556\" data-end=\"1584\">Chipmodelle<\/td>\n<td data-col-size=\"md\" data-start=\"1584\" data-end=\"1657\">NTAG213, NTAG215, NTAG216 (kundenspezifische Optionen verf\u00fcgbar)<\/td>\n<\/tr>\n<tr data-start=\"1658\" data-end=\"1781\">\n<td data-start=\"1658\" data-end=\"1679\" data-col-size=\"sm\">RF<\/td>\n<td data-start=\"1679\" data-end=\"1707\" data-col-size=\"sm\">Frequenz<\/td>\n<td data-start=\"1707\" data-end=\"1781\" data-col-size=\"md\">13,56 MHz (HF)<\/td>\n<\/tr>\n<tr data-start=\"1782\" data-end=\"1904\">\n<td data-start=\"1782\" data-end=\"1803\" data-col-size=\"sm\"><\/td>\n<td data-col-size=\"sm\" data-start=\"1803\" data-end=\"1831\">Protokoll<\/td>\n<td data-col-size=\"md\" data-start=\"1831\" data-end=\"1904\">ISO\/IEC 14443 Typ A; NFC Forum Typ 2 Tag<\/td>\n<\/tr>\n<tr data-start=\"1905\" data-end=\"2028\">\n<td data-start=\"1905\" data-end=\"1926\" data-col-size=\"sm\">Leistung<\/td>\n<td data-col-size=\"sm\" data-start=\"1926\" data-end=\"1954\">Kommunikationsrate<\/td>\n<td data-col-size=\"md\" data-start=\"1954\" data-end=\"2028\">106 kbit\/s<\/td>\n<\/tr>\n<tr data-start=\"2029\" data-end=\"2151\">\n<td data-start=\"2029\" data-end=\"2050\" data-col-size=\"sm\">Antikollision<\/td>\n<td data-start=\"2050\" data-end=\"2078\" data-col-size=\"sm\">Unterst\u00fctzung mehrerer Tags<\/td>\n<td data-start=\"2078\" data-end=\"2151\" data-col-size=\"md\">Ja \u2013 w\u00e4hlt Tags einzeln im Feld aus<\/td>\n<\/tr>\n<tr data-start=\"2152\" data-end=\"2274\">\n<td data-start=\"2152\" data-end=\"2173\" data-col-size=\"sm\">Sicherheit<\/td>\n<td data-col-size=\"sm\" data-start=\"2173\" data-end=\"2201\">Merkmale<\/td>\n<td data-col-size=\"md\" data-start=\"2201\" data-end=\"2274\">7-Byte-UID; ECC-Originalit\u00e4tssignatur; 32-Bit-Passwort; OTP; Sperrbits<\/td>\n<\/tr>\n<tr data-start=\"2275\" data-end=\"2397\">\n<td data-start=\"2275\" data-end=\"2296\" data-col-size=\"sm\">Materialien<\/td>\n<td data-col-size=\"sm\" data-start=\"2296\" data-end=\"2324\">Oberfl\u00e4che\/Substrat<\/td>\n<td data-col-size=\"md\" data-start=\"2324\" data-end=\"2397\">PVC, Papier, gestrichenes Papier<\/td>\n<\/tr>\n<tr data-start=\"2398\" data-end=\"2520\">\n<td data-start=\"2398\" data-end=\"2419\" data-col-size=\"sm\">Abmessungen<\/td>\n<td data-col-size=\"sm\" data-start=\"2419\" data-end=\"2447\">Standardgr\u00f6\u00dfen<\/td>\n<td data-col-size=\"md\" data-start=\"2447\" data-end=\"2520\">\u00d8 25 \/ 30 \/ 35 \/ 40 \/ 45 \/ 50 mm; Sondergr\u00f6\u00dfen und -formen<\/td>\n<\/tr>\n<tr data-start=\"2521\" data-end=\"2643\">\n<td data-start=\"2521\" data-end=\"2542\" data-col-size=\"sm\">Personalisierung<\/td>\n<td data-col-size=\"sm\" data-start=\"2542\" data-end=\"2570\">Druck\/Verpackung<\/td>\n<td data-col-size=\"md\" data-start=\"2570\" data-end=\"2643\">Logo, Grafiken, QR-Code, Seriennummer; Rollen- oder Einzelverpackung<\/td>\n<\/tr>\n<tr data-start=\"2644\" data-end=\"2766\">\n<td data-start=\"2644\" data-end=\"2665\" data-col-size=\"sm\">Datendienste<\/td>\n<td data-start=\"2665\" data-end=\"2693\" data-col-size=\"sm\">Codierung<\/td>\n<td data-col-size=\"md\" data-start=\"2693\" data-end=\"2766\">NDEF\/EPC-Vorkodierung verf\u00fcgbar<\/td>\n<\/tr>\n<tr data-start=\"2767\" data-end=\"2889\">\n<td data-start=\"2767\" data-end=\"2788\" data-col-size=\"sm\">Vorteile<\/td>\n<td data-col-size=\"sm\" data-start=\"2788\" data-end=\"2816\">Highlights<\/td>\n<td data-col-size=\"md\" data-start=\"2816\" data-end=\"2889\">Kompakte Bauweise, schnelle Lesegeschwindigkeit, hohe HF-Leistung, sicher, flexibel<\/td>\n<\/tr>\n<tr data-start=\"2890\" data-end=\"3012\">\n<td data-start=\"2890\" data-end=\"2911\" data-col-size=\"sm\">Anwendungen<\/td>\n<td data-col-size=\"sm\" data-start=\"2911\" data-end=\"2939\">Typische Anwendungsf\u00e4lle<\/td>\n<td data-col-size=\"md\" data-start=\"2939\" data-end=\"3012\">Marketing, Authentifizierung, Regaletiketten, Karten, Kopplung<\/td>\n<\/tr>\n<\/tbody>\n<\/table>\n<\/div>\n<\/div>","protected":false},"excerpt":{"rendered":"<p>NFC-Etiketten mit NXP NTAG213\/215\/216 \u2013 13,56 MHz, ISO 14443A, Sicherheitsfunktionen, NDEF-f\u00e4hig und anpassbarer Druck\/Codierung f\u00fcr Marketing, Authentifizierung und Veranstaltungen.<\/p>","protected":false},"featured_media":962,"template":"","meta":{"_gspb_post_css":""},"product_brand":[],"product_cat":[29],"product_tag":[],"class_list":{"0":"post-961","1":"product","2":"type-product","3":"status-publish","4":"has-post-thumbnail","6":"product_cat-nfc-tags","8":"first","9":"instock","10":"shipping-taxable","11":"purchasable","12":"product-type-simple"},"_links":{"self":[{"href":"https:\/\/www.cxjsmartcard.com\/de\/wp-json\/wp\/v2\/product\/961","targetHints":{"allow":["GET"]}}],"collection":[{"href":"https:\/\/www.cxjsmartcard.com\/de\/wp-json\/wp\/v2\/product"}],"about":[{"href":"https:\/\/www.cxjsmartcard.com\/de\/wp-json\/wp\/v2\/types\/product"}],"wp:featuredmedia":[{"embeddable":true,"href":"https:\/\/www.cxjsmartcard.com\/de\/wp-json\/wp\/v2\/media\/962"}],"wp:attachment":[{"href":"https:\/\/www.cxjsmartcard.com\/de\/wp-json\/wp\/v2\/media?parent=961"}],"wp:term":[{"taxonomy":"product_brand","embeddable":true,"href":"https:\/\/www.cxjsmartcard.com\/de\/wp-json\/wp\/v2\/product_brand?post=961"},{"taxonomy":"product_cat","embeddable":true,"href":"https:\/\/www.cxjsmartcard.com\/de\/wp-json\/wp\/v2\/product_cat?post=961"},{"taxonomy":"product_tag","embeddable":true,"href":"https:\/\/www.cxjsmartcard.com\/de\/wp-json\/wp\/v2\/product_tag?post=961"}],"curies":[{"name":"wp","href":"https:\/\/api.w.org\/{rel}","templated":true}]}}