{"id":943,"date":"2025-11-03T09:28:48","date_gmt":"2025-11-03T09:28:48","guid":{"rendered":"https:\/\/www.cxjsmartcard.com\/?post_type=product&#038;p=943"},"modified":"2025-12-29T01:27:07","modified_gmt":"2025-12-29T01:27:07","slug":"ntag213-nfc-keychain-abs-rfid-keyfob","status":"publish","type":"product","link":"https:\/\/www.cxjsmartcard.com\/de\/ntag213-nfc-keychain-abs-rfid-keyfob\/","title":{"rendered":"NTAG213 NFC-Schl\u00fcsselanh\u00e4nger ABS RFID-Schl\u00fcsselanh\u00e4nger"},"content":{"rendered":"<p data-start=\"48\" data-end=\"332\">Kompakter, robuster NFC-Schl\u00fcsselanh\u00e4nger aus ABS f\u00fcr die t\u00e4gliche Zutrittskontrolle und Identifizierung. Der NTAG213-Chip (HF 13,56 MHz) erm\u00f6glicht schnelle und zuverl\u00e4ssige Transaktionen mit Smartphones und ISO 14443A-Leseger\u00e4ten. Leicht am Schl\u00fcsselbund zu tragen und in Farbe, Druck und Chip individuell anpassbar.<\/p>\n<p data-start=\"334\" data-end=\"352\"><strong data-start=\"334\" data-end=\"350\">Hauptmerkmale<\/strong><\/p>\n<ul data-start=\"353\" data-end=\"614\">\n<li data-start=\"353\" data-end=\"390\">\n<p data-start=\"355\" data-end=\"390\">Wasserdichtes, wetterfestes Mini-Etikett<\/p>\n<\/li>\n<li data-start=\"391\" data-end=\"429\">\n<p data-start=\"393\" data-end=\"429\">13,56 MHz NFC\/RFID, ISO\/IEC 14443A<\/p>\n<\/li>\n<li data-start=\"430\" data-end=\"489\">\n<p data-start=\"432\" data-end=\"489\">Typischer Leseabstand: 2\u20135 cm (abh\u00e4ngig vom Leseger\u00e4t\/Ger\u00e4t)<\/p>\n<\/li>\n<li data-start=\"490\" data-end=\"545\">\n<p data-start=\"492\" data-end=\"545\">Anpassbare Farben, Logos, Seriennummern\/UIDs, QR-\/Barcodes<\/p>\n<\/li>\n<li data-start=\"546\" data-end=\"599\">\n<p data-start=\"548\" data-end=\"599\">Mehrere IC-Optionen f\u00fcr Sicherheits- und Speicheranforderungen<\/p>\n<\/li>\n<li data-start=\"600\" data-end=\"614\">\n<p data-start=\"602\" data-end=\"614\">Mindestbestellmenge: 200 St\u00fcck<\/p>\n<\/li>\n<\/ul>\n<p data-start=\"616\" data-end=\"778\"><strong data-start=\"616\" data-end=\"632\">Anwendungen<\/strong><br data-start=\"632\" data-end=\"635\" \/>Zutrittskontrolle \u2022 \u00d6ffentlicher Nahverkehr \u2022 Bargeldloses\/geschlossenes Zahlungssystem \u2022 Zeiterfassung \u2022 Mitglieder- und Besucherverwaltung \u2022 Intelligenter Check-in.<\/p>\n<h2 data-start=\"780\" data-end=\"805\">Tabelle (Spezifikationen)<\/h2>\n<div class=\"_tableContainer_1rjym_1\">\n<div class=\"group _tableWrapper_1rjym_13 flex w-fit flex-col-reverse\" tabindex=\"-1\">\n<table class=\"w-fit min-w-(--thread-content-width)\" data-start=\"807\" data-end=\"3398\">\n<thead data-start=\"807\" data-end=\"929\">\n<tr data-start=\"807\" data-end=\"929\">\n<th data-start=\"807\" data-end=\"829\" data-col-size=\"sm\">Kategorie<\/th>\n<th data-start=\"829\" data-end=\"856\" data-col-size=\"sm\">Parameter<\/th>\n<th data-start=\"856\" data-end=\"929\" data-col-size=\"md\">Wert<\/th>\n<\/tr>\n<\/thead>\n<tbody data-start=\"1052\" data-end=\"3398\">\n<tr data-start=\"1052\" data-end=\"1173\">\n<td data-start=\"1052\" data-end=\"1073\" data-col-size=\"sm\">Produkt<\/td>\n<td data-col-size=\"sm\" data-start=\"1073\" data-end=\"1100\">Name<\/td>\n<td data-col-size=\"md\" data-start=\"1100\" data-end=\"1173\">ABS RFID-Schl\u00fcsselanh\u00e4nger<\/td>\n<\/tr>\n<tr data-start=\"1174\" data-end=\"1295\">\n<td data-start=\"1174\" data-end=\"1195\" data-col-size=\"sm\">Formfaktor<\/td>\n<td data-col-size=\"sm\" data-start=\"1195\" data-end=\"1222\">Stil<\/td>\n<td data-col-size=\"md\" data-start=\"1222\" data-end=\"1295\">Schl\u00fcsselanh\u00e4nger (Mini-Anh\u00e4nger)<\/td>\n<\/tr>\n<tr data-start=\"1296\" data-end=\"1417\">\n<td data-start=\"1296\" data-end=\"1317\" data-col-size=\"sm\">Materialien<\/td>\n<td data-col-size=\"sm\" data-start=\"1317\" data-end=\"1344\">K\u00f6rper<\/td>\n<td data-col-size=\"md\" data-start=\"1344\" data-end=\"1417\">ABS (Kunststoff)<\/td>\n<\/tr>\n<tr data-start=\"1418\" data-end=\"1539\">\n<td data-start=\"1418\" data-end=\"1439\" data-col-size=\"sm\">Abmessungen<\/td>\n<td data-col-size=\"sm\" data-start=\"1439\" data-end=\"1466\">Gr\u00f6\u00dfe<\/td>\n<td data-col-size=\"md\" data-start=\"1466\" data-end=\"1539\">2,36 \u00d7 1,18 \u00d7 0,16 Zoll (ca.)<\/td>\n<\/tr>\n<tr data-start=\"1540\" data-end=\"1661\">\n<td data-start=\"1540\" data-end=\"1561\" data-col-size=\"sm\">HF-Schnittstelle<\/td>\n<td data-start=\"1561\" data-end=\"1588\" data-col-size=\"sm\">Frequenz<\/td>\n<td data-start=\"1588\" data-end=\"1661\" data-col-size=\"md\">13,56 MHz (HF)<\/td>\n<\/tr>\n<tr data-start=\"1662\" data-end=\"1783\">\n<td data-start=\"1662\" data-end=\"1683\" data-col-size=\"sm\"><\/td>\n<td data-start=\"1683\" data-end=\"1710\" data-col-size=\"sm\">Protokoll<\/td>\n<td data-start=\"1710\" data-end=\"1783\" data-col-size=\"md\">ISO\/IEC 14443A<\/td>\n<\/tr>\n<tr data-start=\"1784\" data-end=\"1905\">\n<td data-start=\"1784\" data-end=\"1805\" data-col-size=\"sm\">Kommunikation<\/td>\n<td data-col-size=\"sm\" data-start=\"1805\" data-end=\"1832\">Schnittstellen<\/td>\n<td data-col-size=\"md\" data-start=\"1832\" data-end=\"1905\">RFID, NFC<\/td>\n<\/tr>\n<tr data-start=\"1906\" data-end=\"2028\">\n<td data-start=\"1906\" data-end=\"1927\" data-col-size=\"sm\">Standardchip<\/td>\n<td data-col-size=\"sm\" data-start=\"1927\" data-end=\"1955\">IC<\/td>\n<td data-col-size=\"md\" data-start=\"1955\" data-end=\"2028\">NTAG213<\/td>\n<\/tr>\n<tr data-start=\"2029\" data-end=\"2168\">\n<td data-start=\"2029\" data-end=\"2050\" data-col-size=\"sm\">Chipoptionen (HF)<\/td>\n<td data-col-size=\"sm\" data-start=\"2050\" data-end=\"2077\">NTAG-Familie<\/td>\n<td data-col-size=\"md\" data-start=\"2077\" data-end=\"2168\">NTAG213 (180 B), NTAG215 (540 B), NTAG216 (924 B), TagTamper, 424 DNA\/424 DNA TagTamper<\/td>\n<\/tr>\n<tr data-start=\"2169\" data-end=\"2290\">\n<td data-start=\"2169\" data-end=\"2190\" data-col-size=\"sm\"><\/td>\n<td data-start=\"2190\" data-end=\"2217\" data-col-size=\"sm\">MIFARE Classic<\/td>\n<td data-col-size=\"md\" data-start=\"2217\" data-end=\"2290\">1K, 4K<\/td>\n<\/tr>\n<tr data-start=\"2291\" data-end=\"2412\">\n<td data-start=\"2291\" data-end=\"2312\" data-col-size=\"sm\"><\/td>\n<td data-col-size=\"sm\" data-start=\"2312\" data-end=\"2339\">MIFARE Plus<\/td>\n<td data-col-size=\"md\" data-start=\"2339\" data-end=\"2412\">Plus EV2 (2K\/4K), Plus SE (1K)<\/td>\n<\/tr>\n<tr data-start=\"2413\" data-end=\"2534\">\n<td data-start=\"2413\" data-end=\"2434\" data-col-size=\"sm\"><\/td>\n<td data-start=\"2434\" data-end=\"2461\" data-col-size=\"sm\">MIFARE DESFire<\/td>\n<td data-col-size=\"md\" data-start=\"2461\" data-end=\"2534\">EV1 \/ EV2 \/ EV3 (2K\/4K\/8K)<\/td>\n<\/tr>\n<tr data-start=\"2535\" data-end=\"2666\">\n<td data-start=\"2535\" data-end=\"2556\" data-col-size=\"sm\"><\/td>\n<td data-col-size=\"sm\" data-start=\"2556\" data-end=\"2583\">ICODE (ISO 15693)<\/td>\n<td data-col-size=\"md\" data-start=\"2583\" data-end=\"2666\">SLI (1024 Bit), SLIX, SLIX2 (2560 Bit), SLIX-S (2048 Bit), SLIX-L (512 Bit)<\/td>\n<\/tr>\n<tr data-start=\"2667\" data-end=\"2788\">\n<td data-start=\"2667\" data-end=\"2688\" data-col-size=\"sm\">Leistung<\/td>\n<td data-col-size=\"sm\" data-start=\"2688\" data-end=\"2715\">Leseentfernung<\/td>\n<td data-col-size=\"md\" data-start=\"2715\" data-end=\"2788\">2\u20135 cm (ger\u00e4te-\/antennenabh\u00e4ngig)<\/td>\n<\/tr>\n<tr data-start=\"2789\" data-end=\"2910\">\n<td data-start=\"2789\" data-end=\"2810\" data-col-size=\"sm\">Haltbarkeit<\/td>\n<td data-start=\"2810\" data-end=\"2837\" data-col-size=\"sm\">Besondere Merkmale<\/td>\n<td data-col-size=\"md\" data-start=\"2837\" data-end=\"2910\">Wasserdicht \/ Wetterfest; robustes ABS-Geh\u00e4use<\/td>\n<\/tr>\n<tr data-start=\"2911\" data-end=\"3032\">\n<td data-start=\"2911\" data-end=\"2932\" data-col-size=\"sm\">Personalisierung<\/td>\n<td data-start=\"2932\" data-end=\"2959\" data-col-size=\"sm\">Farbe\/Druck<\/td>\n<td data-col-size=\"md\" data-start=\"2959\" data-end=\"3032\">Benutzerdefinierte Farben; Logo\/Text; Laser-\/Druckbearbeitung; UID\/Seriennummer, QR-\/Barcode<\/td>\n<\/tr>\n<tr data-start=\"3033\" data-end=\"3154\">\n<td data-start=\"3033\" data-end=\"3054\" data-col-size=\"sm\">Verpackung<\/td>\n<td data-col-size=\"sm\" data-start=\"3054\" data-end=\"3081\">Mindestbestellmenge<\/td>\n<td data-col-size=\"md\" data-start=\"3081\" data-end=\"3154\">200 St\u00fcck<\/td>\n<\/tr>\n<tr data-start=\"3155\" data-end=\"3276\">\n<td data-start=\"3155\" data-end=\"3176\" data-col-size=\"sm\">Herkunft<\/td>\n<td data-col-size=\"sm\" data-start=\"3176\" data-end=\"3203\">Herkunftsort<\/td>\n<td data-col-size=\"md\" data-start=\"3203\" data-end=\"3276\">China<\/td>\n<\/tr>\n<tr data-start=\"3277\" data-end=\"3398\">\n<td data-start=\"3277\" data-end=\"3298\" data-col-size=\"sm\">Anwendungsf\u00e4lle<\/td>\n<td data-col-size=\"sm\" data-start=\"3298\" data-end=\"3325\">Anwendungen<\/td>\n<td data-col-size=\"md\" data-start=\"3325\" data-end=\"3398\">Zugangskontrolle, Transport, Zahlung, Ausweis, Mitgliedschaft, Anwesenheit<\/td>\n<\/tr>\n<\/tbody>\n<\/table>\n<\/div>\n<\/div>","protected":false},"excerpt":{"rendered":"<p>Robuster ABS-NFC-Schl\u00fcsselanh\u00e4nger mit NTAG213 \u2013 wasserdichter Mini-Tag f\u00fcr Zutrittskontrolle und allt\u00e4gliche Identifikation. 13,56 MHz ISO 14443A, Lesereichweite 2\u20135 cm, Farben und Druck individuell anpassbar.<\/p>","protected":false},"featured_media":949,"template":"","meta":{"_gspb_post_css":""},"product_brand":[],"product_cat":[29],"product_tag":[],"class_list":{"0":"post-943","1":"product","2":"type-product","3":"status-publish","4":"has-post-thumbnail","6":"product_cat-nfc-tags","8":"first","9":"instock","10":"shipping-taxable","11":"purchasable","12":"product-type-simple"},"_links":{"self":[{"href":"https:\/\/www.cxjsmartcard.com\/de\/wp-json\/wp\/v2\/product\/943","targetHints":{"allow":["GET"]}}],"collection":[{"href":"https:\/\/www.cxjsmartcard.com\/de\/wp-json\/wp\/v2\/product"}],"about":[{"href":"https:\/\/www.cxjsmartcard.com\/de\/wp-json\/wp\/v2\/types\/product"}],"wp:featuredmedia":[{"embeddable":true,"href":"https:\/\/www.cxjsmartcard.com\/de\/wp-json\/wp\/v2\/media\/949"}],"wp:attachment":[{"href":"https:\/\/www.cxjsmartcard.com\/de\/wp-json\/wp\/v2\/media?parent=943"}],"wp:term":[{"taxonomy":"product_brand","embeddable":true,"href":"https:\/\/www.cxjsmartcard.com\/de\/wp-json\/wp\/v2\/product_brand?post=943"},{"taxonomy":"product_cat","embeddable":true,"href":"https:\/\/www.cxjsmartcard.com\/de\/wp-json\/wp\/v2\/product_cat?post=943"},{"taxonomy":"product_tag","embeddable":true,"href":"https:\/\/www.cxjsmartcard.com\/de\/wp-json\/wp\/v2\/product_tag?post=943"}],"curies":[{"name":"wp","href":"https:\/\/api.w.org\/{rel}","templated":true}]}}