{"id":939,"date":"2025-11-03T09:26:36","date_gmt":"2025-11-03T09:26:36","guid":{"rendered":"https:\/\/www.cxjsmartcard.com\/?post_type=product&#038;p=939"},"modified":"2025-12-29T01:27:07","modified_gmt":"2025-12-29T01:27:07","slug":"uhf-rfid-medical-glass-tube-tags-for-glass-bottle-tracking","status":"publish","type":"product","link":"https:\/\/www.cxjsmartcard.com\/de\/uhf-rfid-medical-glass-tube-tags-for-glass-bottle-tracking\/","title":{"rendered":"UHF-RFID-Etiketten f\u00fcr medizinische Glasr\u00f6hrchen zur Verfolgung von Glasflaschen"},"content":{"rendered":"<p data-start=\"70\" data-end=\"397\">UHF-RFID-Etikett f\u00fcr pharmazeutische Glasflaschen, basierend auf FM13UF0051E mit <strong data-start=\"160\" data-end=\"175\">128-Bit-EPC<\/strong> Speicher f\u00fcr schnelles Mehrfachlesen. Die beschichtete Papieroberfl\u00e4che ist bedruckbar und l\u00e4sst sich mit einem Universalklebstoff f\u00fcr zuverl\u00e4ssiges Aufbringen auf Glasbeh\u00e4lter und Fl\u00e4schchen mit Trockenpulver verbinden.<\/p>\n<p data-start=\"399\" data-end=\"417\"><strong data-start=\"399\" data-end=\"415\">Hauptmerkmale<\/strong><\/p>\n<ul data-start=\"418\" data-end=\"720\">\n<li data-start=\"418\" data-end=\"459\">\n<p data-start=\"420\" data-end=\"459\">EPC Gen2 \/ ISO\/IEC 18000-6C-konform<\/p>\n<\/li>\n<li data-start=\"460\" data-end=\"536\">\n<p data-start=\"462\" data-end=\"536\">128-Bit-EPC; optimiert f\u00fcr schnelles Lesen, Mehrfachlesen und R\u00fcckverfolgbarkeit<\/p>\n<\/li>\n<li data-start=\"537\" data-end=\"605\">\n<p data-start=\"539\" data-end=\"605\">Oberfl\u00e4che aus gestrichenem Papier; bedruckbar mittels Thermotransfer oder Siebdruck.<\/p>\n<\/li>\n<li data-start=\"606\" data-end=\"674\">\n<p data-start=\"608\" data-end=\"674\">Lieferung als Klebeetikett oder in geschlossener, beschichteter Papierkonstruktion<\/p>\n<\/li>\n<li data-start=\"675\" data-end=\"720\">\n<p data-start=\"677\" data-end=\"720\">Anpassbare Chip-, Gr\u00f6\u00dfen- und Oberfl\u00e4chenmaterialien<\/p>\n<\/li>\n<\/ul>\n<p data-start=\"722\" data-end=\"868\"><strong data-start=\"722\" data-end=\"738\">Anwendungen<\/strong><br data-start=\"738\" data-end=\"741\" \/>Medizin- und Gesundheitsmanagement \u2022 Pharmazeutische Logistik \u2022 Identifizierung von Medikamentenflaschen \u2022 R\u00fcckverfolgung von Glasflaschen mit Trockenpulver.<\/p>\n<p data-start=\"870\" data-end=\"987\"><strong data-start=\"870\" data-end=\"898\">Druck- und Datendienste<\/strong><br data-start=\"898\" data-end=\"901\" \/>Thermotransfer- und Siebdruck; EPC-Dateninitialisierung\/-kodierung werden unterst\u00fctzt.<\/p>\n<p data-start=\"989\" data-end=\"1068\"><strong data-start=\"989\" data-end=\"1012\">Betrieb und Lagerung<\/strong><br data-start=\"1012\" data-end=\"1015\" \/>Verwendung: 0\u201360 \u2103, 20\u201380% RH \u2022 Lagerung: 20\u201330 \u2103, 20\u201360% RH.<\/p>\n<h2 data-start=\"1070\" data-end=\"1095\">Tabelle (Spezifikationen)<\/h2>\n<div class=\"_tableContainer_1rjym_1\">\n<div class=\"group _tableWrapper_1rjym_13 flex w-fit flex-col-reverse\" tabindex=\"-1\">\n<table class=\"w-fit min-w-(--thread-content-width)\" data-start=\"1097\" data-end=\"2611\">\n<thead data-start=\"1097\" data-end=\"1190\">\n<tr data-start=\"1097\" data-end=\"1190\">\n<th data-start=\"1097\" data-end=\"1116\" data-col-size=\"sm\">Kategorie<\/th>\n<th data-start=\"1116\" data-end=\"1143\" data-col-size=\"sm\">Parameter<\/th>\n<th data-start=\"1143\" data-end=\"1190\" data-col-size=\"md\">Wert<\/th>\n<\/tr>\n<\/thead>\n<tbody data-start=\"1285\" data-end=\"2611\">\n<tr data-start=\"1285\" data-end=\"1383\">\n<td data-start=\"1285\" data-end=\"1304\" data-col-size=\"sm\">Produkt<\/td>\n<td data-start=\"1304\" data-end=\"1331\" data-col-size=\"sm\">Name<\/td>\n<td data-start=\"1331\" data-end=\"1383\" data-col-size=\"md\">UHF-RFID-Tag f\u00fcr medizinische Glasflaschen mit Trockenpulver<\/td>\n<\/tr>\n<tr data-start=\"1384\" data-end=\"1477\">\n<td data-start=\"1384\" data-end=\"1403\" data-col-size=\"sm\">IC<\/td>\n<td data-start=\"1403\" data-end=\"1430\" data-col-size=\"sm\">Chip<\/td>\n<td data-col-size=\"md\" data-start=\"1430\" data-end=\"1477\">FM13UF0051E<\/td>\n<\/tr>\n<tr data-start=\"1478\" data-end=\"1571\">\n<td data-start=\"1478\" data-end=\"1497\" data-col-size=\"sm\">Erinnerung<\/td>\n<td data-start=\"1497\" data-end=\"1524\" data-col-size=\"sm\">EPC<\/td>\n<td data-start=\"1524\" data-end=\"1571\" data-col-size=\"md\">128 Bit<\/td>\n<\/tr>\n<tr data-start=\"1572\" data-end=\"1666\">\n<td data-start=\"1572\" data-end=\"1591\" data-col-size=\"sm\">RF<\/td>\n<td data-col-size=\"sm\" data-start=\"1591\" data-end=\"1619\">Protokoll<\/td>\n<td data-col-size=\"md\" data-start=\"1619\" data-end=\"1666\">ISO\/IEC 18000-6C; EPCglobal Klasse 1 Gen 2<\/td>\n<\/tr>\n<tr data-start=\"1667\" data-end=\"1760\">\n<td data-start=\"1667\" data-end=\"1686\" data-col-size=\"sm\">Formfaktor<\/td>\n<td data-col-size=\"sm\" data-start=\"1686\" data-end=\"1713\">Etikettengr\u00f6\u00dfe<\/td>\n<td data-col-size=\"md\" data-start=\"1713\" data-end=\"1760\">40 \u00d7 20 mm (andere Abmessungen anpassbar)<\/td>\n<\/tr>\n<tr data-start=\"1761\" data-end=\"1854\">\n<td data-start=\"1761\" data-end=\"1780\" data-col-size=\"sm\">Oberfl\u00e4chenmaterial<\/td>\n<td data-start=\"1780\" data-end=\"1807\" data-col-size=\"sm\">Etikettenoberfl\u00e4che<\/td>\n<td data-start=\"1807\" data-end=\"1854\" data-col-size=\"md\">Beschichtetes Papier (bedruckbar)<\/td>\n<\/tr>\n<tr data-start=\"1855\" data-end=\"1953\">\n<td data-start=\"1855\" data-end=\"1874\" data-col-size=\"sm\">Klebstoff<\/td>\n<td data-start=\"1874\" data-end=\"1901\" data-col-size=\"sm\">Anhang<\/td>\n<td data-col-size=\"md\" data-start=\"1901\" data-end=\"1953\">Universalklebstoff \/ beiliegendes beschichtetes Papier<\/td>\n<\/tr>\n<tr data-start=\"1954\" data-end=\"2047\">\n<td data-start=\"1954\" data-end=\"1973\" data-col-size=\"sm\">Leistung<\/td>\n<td data-col-size=\"sm\" data-start=\"1973\" data-end=\"2000\">Highlights<\/td>\n<td data-col-size=\"md\" data-start=\"2000\" data-end=\"2047\">Schnelles Lesen; Mehrfachlesen; R\u00fcckverfolgbarkeit<\/td>\n<\/tr>\n<tr data-start=\"2048\" data-end=\"2141\">\n<td data-start=\"2048\" data-end=\"2067\" data-col-size=\"sm\">Personalisierung<\/td>\n<td data-col-size=\"sm\" data-start=\"2067\" data-end=\"2094\">Benutzerdefinierte Optionen<\/td>\n<td data-col-size=\"md\" data-start=\"2094\" data-end=\"2141\">Chip-\/Gr\u00f6\u00dfen-\/Oberfl\u00e4chenmaterialanpassung<\/td>\n<\/tr>\n<tr data-start=\"2142\" data-end=\"2235\">\n<td data-start=\"2142\" data-end=\"2161\" data-col-size=\"sm\">Drucken<\/td>\n<td data-col-size=\"sm\" data-start=\"2161\" data-end=\"2188\">Methoden<\/td>\n<td data-col-size=\"md\" data-start=\"2188\" data-end=\"2235\">Thermotransfer; Siebdruck; kundenspezifisch<\/td>\n<\/tr>\n<tr data-start=\"2236\" data-end=\"2329\">\n<td data-start=\"2236\" data-end=\"2255\" data-col-size=\"sm\">Datendienste<\/td>\n<td data-col-size=\"sm\" data-start=\"2255\" data-end=\"2282\">Initialisierung<\/td>\n<td data-col-size=\"md\" data-start=\"2282\" data-end=\"2329\">EPC-Kodierung<\/td>\n<\/tr>\n<tr data-start=\"2330\" data-end=\"2423\">\n<td data-start=\"2330\" data-end=\"2349\" data-col-size=\"sm\">Umfeld<\/td>\n<td data-start=\"2349\" data-end=\"2376\" data-col-size=\"sm\">Betrieb<\/td>\n<td data-start=\"2376\" data-end=\"2423\" data-col-size=\"md\">0\u201360 \u00b0C; 20\u201380% RH<\/td>\n<\/tr>\n<tr data-start=\"2424\" data-end=\"2517\">\n<td data-start=\"2424\" data-end=\"2443\" data-col-size=\"sm\"><\/td>\n<td data-start=\"2443\" data-end=\"2470\" data-col-size=\"sm\">Lagerung<\/td>\n<td data-col-size=\"md\" data-start=\"2470\" data-end=\"2517\">20\u201330 \u00b0C; 20\u201360% RH<\/td>\n<\/tr>\n<tr data-start=\"2518\" data-end=\"2611\">\n<td data-start=\"2518\" data-end=\"2537\" data-col-size=\"sm\">Anwendungsf\u00e4lle<\/td>\n<td data-col-size=\"sm\" data-start=\"2537\" data-end=\"2564\">Anwendungen<\/td>\n<td data-col-size=\"md\" data-start=\"2564\" data-end=\"2611\">Medizinisch, pharmazeutisch, Medikamentenflaschen<\/td>\n<\/tr>\n<\/tbody>\n<\/table>\n<\/div>\n<\/div>","protected":false},"excerpt":{"rendered":"<p>Bedruckbares UHF-RFID-Etikett f\u00fcr pharmazeutische Glasflaschen \u2013 FM13UF0051E mit 128-Bit-EPC, schneller Mehrfachleseleistung, beschichteter Papieroberfl\u00e4che und Klebebefestigung.<\/p>","protected":false},"featured_media":940,"template":"","meta":{"_gspb_post_css":""},"product_brand":[],"product_cat":[31],"product_tag":[],"class_list":{"0":"post-939","1":"product","2":"type-product","3":"status-publish","4":"has-post-thumbnail","6":"product_cat-rfid-sticker-labels","8":"first","9":"instock","10":"shipping-taxable","11":"purchasable","12":"product-type-simple"},"_links":{"self":[{"href":"https:\/\/www.cxjsmartcard.com\/de\/wp-json\/wp\/v2\/product\/939","targetHints":{"allow":["GET"]}}],"collection":[{"href":"https:\/\/www.cxjsmartcard.com\/de\/wp-json\/wp\/v2\/product"}],"about":[{"href":"https:\/\/www.cxjsmartcard.com\/de\/wp-json\/wp\/v2\/types\/product"}],"wp:featuredmedia":[{"embeddable":true,"href":"https:\/\/www.cxjsmartcard.com\/de\/wp-json\/wp\/v2\/media\/940"}],"wp:attachment":[{"href":"https:\/\/www.cxjsmartcard.com\/de\/wp-json\/wp\/v2\/media?parent=939"}],"wp:term":[{"taxonomy":"product_brand","embeddable":true,"href":"https:\/\/www.cxjsmartcard.com\/de\/wp-json\/wp\/v2\/product_brand?post=939"},{"taxonomy":"product_cat","embeddable":true,"href":"https:\/\/www.cxjsmartcard.com\/de\/wp-json\/wp\/v2\/product_cat?post=939"},{"taxonomy":"product_tag","embeddable":true,"href":"https:\/\/www.cxjsmartcard.com\/de\/wp-json\/wp\/v2\/product_tag?post=939"}],"curies":[{"name":"wp","href":"https:\/\/api.w.org\/{rel}","templated":true}]}}