{"id":935,"date":"2025-11-03T09:24:58","date_gmt":"2025-11-03T09:24:58","guid":{"rendered":"https:\/\/www.cxjsmartcard.com\/?post_type=product&#038;p=935"},"modified":"2025-12-29T01:27:07","modified_gmt":"2025-12-29T01:27:07","slug":"uhf-rfid-label-for-logistics-warehouse-management","status":"publish","type":"product","link":"https:\/\/www.cxjsmartcard.com\/de\/uhf-rfid-label-for-logistics-warehouse-management\/","title":{"rendered":"UHF-RFID-Etikett f\u00fcr Logistik- und Lagerverwaltung"},"content":{"rendered":"<p data-start=\"63\" data-end=\"390\">Gro\u00dfformatiges UHF-RFID-Logistiketikett f\u00fcr schnelles und zuverl\u00e4ssiges Mehrfachlesen von Paletten, Kartons und Regalen. Basierend auf NXP UCODE 9 und erh\u00e4ltlich mit Oberfl\u00e4chen aus Thermopapier, PET oder PP, unterst\u00fctzt es Druck-\/Kodierungs-Workflows mit hohem Durchsatz und bei Bedarf auch farbbandfreies Drucken.<\/p>\n<p data-start=\"392\" data-end=\"410\"><strong data-start=\"392\" data-end=\"408\">Hauptmerkmale<\/strong><\/p>\n<ul data-start=\"411\" data-end=\"673\">\n<li data-start=\"411\" data-end=\"452\">\n<p data-start=\"413\" data-end=\"452\">EPC Gen2 \/ ISO\/IEC 18000-6C-konform<\/p>\n<\/li>\n<li data-start=\"453\" data-end=\"523\">\n<p data-start=\"455\" data-end=\"523\">Leistungsf\u00e4higkeit von UCODE 9: schnelle Bestandsaufnahme, Massenlesevorg\u00e4nge und R\u00fcckverfolgbarkeit<\/p>\n<\/li>\n<li data-start=\"524\" data-end=\"602\">\n<p data-start=\"526\" data-end=\"602\">Bedruckbare Oberfl\u00e4chen: Thermopapier, gestrichenes Papier, PET, PP-Synthetikpapier<\/p>\n<\/li>\n<li data-start=\"603\" data-end=\"673\">\n<p data-start=\"605\" data-end=\"673\">Kundenspezifische Gr\u00f6\u00dfen und Antennenanordnungen; Dateninitialisierung (EPC-Codierung)<\/p>\n<\/li>\n<\/ul>\n<p data-start=\"675\" data-end=\"836\"><strong data-start=\"675\" data-end=\"691\">Anwendungen<\/strong><br data-start=\"691\" data-end=\"694\" \/>Etikettierung im Lager und Distributionszentrum \u2022 Paletten, Kisten und Beh\u00e4lter \u2022 Cross-Docking und Einlagerung \u2022 Versandetiketten, wenn die Installation von Farbb\u00e4ndern unpraktisch ist.<\/p>\n<p data-start=\"838\" data-end=\"966\"><strong data-start=\"838\" data-end=\"861\">Drucken und Codieren<\/strong><br data-start=\"861\" data-end=\"864\" \/>Thermotransferdruck, Siebdruck und andere kundenspezifische Druckverfahren mit EPC-Vorcodierung f\u00fcr die schl\u00fcsselfertige Implementierung.<\/p>\n<h2 data-start=\"968\" data-end=\"993\">Tabelle (Spezifikationen)<\/h2>\n<div class=\"_tableContainer_1rjym_1\">\n<div class=\"group _tableWrapper_1rjym_13 flex w-fit flex-col-reverse\" tabindex=\"-1\">\n<table class=\"w-fit min-w-(--thread-content-width)\" data-start=\"995\" data-end=\"2418\">\n<thead data-start=\"995\" data-end=\"1087\">\n<tr data-start=\"995\" data-end=\"1087\">\n<th data-start=\"995\" data-end=\"1014\" data-col-size=\"sm\">Kategorie<\/th>\n<th data-start=\"1014\" data-end=\"1040\" data-col-size=\"sm\">Parameter<\/th>\n<th data-start=\"1040\" data-end=\"1087\" data-col-size=\"md\">Wert<\/th>\n<\/tr>\n<\/thead>\n<tbody data-start=\"1181\" data-end=\"2418\">\n<tr data-start=\"1181\" data-end=\"1289\">\n<td data-start=\"1181\" data-end=\"1200\" data-col-size=\"sm\">Produkt<\/td>\n<td data-start=\"1200\" data-end=\"1226\" data-col-size=\"sm\">Name<\/td>\n<td data-col-size=\"md\" data-start=\"1226\" data-end=\"1289\">UHF-RFID-Etiketten f\u00fcr Logistik und Lagerverwaltung<\/td>\n<\/tr>\n<tr data-start=\"1290\" data-end=\"1382\">\n<td data-start=\"1290\" data-end=\"1309\" data-col-size=\"sm\">IC<\/td>\n<td data-col-size=\"sm\" data-start=\"1309\" data-end=\"1335\">Chip<\/td>\n<td data-col-size=\"md\" data-start=\"1335\" data-end=\"1382\">NXP UCODE 9 (anpassbar)<\/td>\n<\/tr>\n<tr data-start=\"1383\" data-end=\"1475\">\n<td data-start=\"1383\" data-end=\"1402\" data-col-size=\"sm\">RF<\/td>\n<td data-start=\"1402\" data-end=\"1428\" data-col-size=\"sm\">Protokoll<\/td>\n<td data-col-size=\"md\" data-start=\"1428\" data-end=\"1475\">ISO\/IEC 18000-6C; EPCglobal Klasse 1 Gen 2<\/td>\n<\/tr>\n<tr data-start=\"1476\" data-end=\"1568\">\n<td data-start=\"1476\" data-end=\"1495\" data-col-size=\"sm\">Erinnerung<\/td>\n<td data-start=\"1495\" data-end=\"1521\" data-col-size=\"sm\">TID \/ EPC \/ Benutzer<\/td>\n<td data-col-size=\"md\" data-start=\"1521\" data-end=\"1568\">96 Bit \/ 96 Bit \/ 0 Bit<\/td>\n<\/tr>\n<tr data-start=\"1569\" data-end=\"1661\">\n<td data-start=\"1569\" data-end=\"1588\" data-col-size=\"sm\">Etikett<\/td>\n<td data-col-size=\"sm\" data-start=\"1588\" data-end=\"1614\">Gr\u00f6\u00dfe<\/td>\n<td data-col-size=\"md\" data-start=\"1614\" data-end=\"1661\">152 \u00d7 101 mm (andere Gr\u00f6\u00dfen erh\u00e4ltlich)<\/td>\n<\/tr>\n<tr data-start=\"1662\" data-end=\"1754\">\n<td data-start=\"1662\" data-end=\"1681\" data-col-size=\"sm\">Antenne<\/td>\n<td data-col-size=\"sm\" data-start=\"1681\" data-end=\"1707\">Gr\u00f6\u00dfe<\/td>\n<td data-col-size=\"md\" data-start=\"1707\" data-end=\"1754\">94,8 \u00d7 8,14 mm (Referenzdesign)<\/td>\n<\/tr>\n<tr data-start=\"1755\" data-end=\"1856\">\n<td data-start=\"1755\" data-end=\"1774\" data-col-size=\"sm\">Oberfl\u00e4chenmaterialien<\/td>\n<td data-col-size=\"sm\" data-start=\"1774\" data-end=\"1800\">Optionen<\/td>\n<td data-col-size=\"md\" data-start=\"1800\" data-end=\"1856\">Thermopapier; beschichtetes Papier; PET; PP-Kunststoffpapier<\/td>\n<\/tr>\n<tr data-start=\"1857\" data-end=\"1949\">\n<td data-start=\"1857\" data-end=\"1876\" data-col-size=\"sm\">Drucken<\/td>\n<td data-col-size=\"sm\" data-start=\"1876\" data-end=\"1902\">Methoden<\/td>\n<td data-col-size=\"md\" data-start=\"1902\" data-end=\"1949\">Thermotransfer; Siebdruck; kundenspezifisch<\/td>\n<\/tr>\n<tr data-start=\"1950\" data-end=\"2043\">\n<td data-start=\"1950\" data-end=\"1969\" data-col-size=\"sm\">Datendienste<\/td>\n<td data-start=\"1969\" data-end=\"1995\" data-col-size=\"sm\">Initialisierung<\/td>\n<td data-col-size=\"md\" data-start=\"1995\" data-end=\"2043\">EPC-Kodierung<\/td>\n<\/tr>\n<tr data-start=\"2044\" data-end=\"2137\">\n<td data-start=\"2044\" data-end=\"2063\" data-col-size=\"sm\">Umfeld<\/td>\n<td data-col-size=\"sm\" data-start=\"2063\" data-end=\"2089\">Betrieb<\/td>\n<td data-col-size=\"md\" data-start=\"2089\" data-end=\"2137\">0\u201360 \u00b0C; 20\u201380% RH<\/td>\n<\/tr>\n<tr data-start=\"2138\" data-end=\"2231\">\n<td data-start=\"2138\" data-end=\"2157\" data-col-size=\"sm\"><\/td>\n<td data-start=\"2157\" data-end=\"2183\" data-col-size=\"sm\">Lagerung<\/td>\n<td data-col-size=\"md\" data-start=\"2183\" data-end=\"2231\">20\u201330 \u00b0C; 20\u201360% RH<\/td>\n<\/tr>\n<tr data-start=\"2232\" data-end=\"2324\">\n<td data-start=\"2232\" data-end=\"2251\" data-col-size=\"sm\">Vorteile<\/td>\n<td data-col-size=\"sm\" data-start=\"2251\" data-end=\"2277\">Highlights<\/td>\n<td data-col-size=\"md\" data-start=\"2277\" data-end=\"2324\">Schnelles Lesen; Mehrfachlesen; R\u00fcckverfolgbarkeit<\/td>\n<\/tr>\n<tr data-start=\"2325\" data-end=\"2418\">\n<td data-start=\"2325\" data-end=\"2344\" data-col-size=\"sm\">Anwendungsf\u00e4lle<\/td>\n<td data-col-size=\"sm\" data-start=\"2344\" data-end=\"2370\">Typische Anwendungen<\/td>\n<td data-col-size=\"md\" data-start=\"2370\" data-end=\"2418\">Logistik, Lagerhaltung, bandfreies Drucken<\/td>\n<\/tr>\n<\/tbody>\n<\/table>\n<\/div>\n<\/div>","protected":false},"excerpt":{"rendered":"<p>Gro\u00dfes UHF-RFID-Logistiketikett mit UCODE 9 f\u00fcr schnelles und pr\u00e4zises Mehrfachlesen. Format 152 \u00d7 101 mm, Oberfl\u00e4che aus Thermopapier\/PET\/PP und EPC-Codierung f\u00fcr die Lagerung gro\u00dfer Mengen.<\/p>","protected":false},"featured_media":936,"template":"","meta":{"_gspb_post_css":""},"product_brand":[],"product_cat":[31],"product_tag":[],"class_list":{"0":"post-935","1":"product","2":"type-product","3":"status-publish","4":"has-post-thumbnail","6":"product_cat-rfid-sticker-labels","8":"first","9":"instock","10":"shipping-taxable","11":"purchasable","12":"product-type-simple"},"_links":{"self":[{"href":"https:\/\/www.cxjsmartcard.com\/de\/wp-json\/wp\/v2\/product\/935","targetHints":{"allow":["GET"]}}],"collection":[{"href":"https:\/\/www.cxjsmartcard.com\/de\/wp-json\/wp\/v2\/product"}],"about":[{"href":"https:\/\/www.cxjsmartcard.com\/de\/wp-json\/wp\/v2\/types\/product"}],"wp:featuredmedia":[{"embeddable":true,"href":"https:\/\/www.cxjsmartcard.com\/de\/wp-json\/wp\/v2\/media\/936"}],"wp:attachment":[{"href":"https:\/\/www.cxjsmartcard.com\/de\/wp-json\/wp\/v2\/media?parent=935"}],"wp:term":[{"taxonomy":"product_brand","embeddable":true,"href":"https:\/\/www.cxjsmartcard.com\/de\/wp-json\/wp\/v2\/product_brand?post=935"},{"taxonomy":"product_cat","embeddable":true,"href":"https:\/\/www.cxjsmartcard.com\/de\/wp-json\/wp\/v2\/product_cat?post=935"},{"taxonomy":"product_tag","embeddable":true,"href":"https:\/\/www.cxjsmartcard.com\/de\/wp-json\/wp\/v2\/product_tag?post=935"}],"curies":[{"name":"wp","href":"https:\/\/api.w.org\/{rel}","templated":true}]}}