{"id":930,"date":"2025-11-03T09:22:49","date_gmt":"2025-11-03T09:22:49","guid":{"rendered":"https:\/\/www.cxjsmartcard.com\/?post_type=product&#038;p=930"},"modified":"2025-12-29T01:27:07","modified_gmt":"2025-12-29T01:27:07","slug":"uv-resistant-rfid-zip-cable-ties-self-locking","status":"publish","type":"product","link":"https:\/\/www.cxjsmartcard.com\/de\/uv-resistant-rfid-zip-cable-ties-self-locking\/","title":{"rendered":"UV-best\u00e4ndige RFID-Kabelbinder (selbstverriegelnd)"},"content":{"rendered":"<p data-start=\"59\" data-end=\"334\">Selbstverriegelnde RFID-Kabelbinder kombinieren eine manipulationssichere Versiegelung mit UHF- und NFC-Identifizierung. Das UV- und witterungsbest\u00e4ndige ABS\/PP-Geh\u00e4use entspricht der Schutzart IP68 und ist somit f\u00fcr den Au\u00dfeneinsatz geeignet. Der integrierte Chip erm\u00f6glicht schnelles Scannen von Objekten, Containern und Kabelb\u00fcndeln.<\/p>\n<p data-start=\"336\" data-end=\"354\"><strong data-start=\"336\" data-end=\"352\">Hauptmerkmale<\/strong><\/p>\n<ul data-start=\"355\" data-end=\"676\">\n<li data-start=\"355\" data-end=\"420\">\n<p data-start=\"357\" data-end=\"420\">Duale HF-Optionen: UHF 860\u2013960 MHz (EPC C1G2) und NFC 13,56 MHz<\/p>\n<\/li>\n<li data-start=\"421\" data-end=\"474\">\n<p data-start=\"423\" data-end=\"474\">Manipulationssichere Versiegelung mit Ultraschallverkapselung<\/p>\n<\/li>\n<li data-start=\"475\" data-end=\"530\">\n<p data-start=\"477\" data-end=\"530\">2\u20135 m UHF-Lesereichweite (abh\u00e4ngig von Umgebung\/Leseger\u00e4t)<\/p>\n<\/li>\n<li data-start=\"531\" data-end=\"601\">\n<p data-start=\"533\" data-end=\"601\">Langlebig: feuer- und s\u00e4urebest\u00e4ndig; alterungsbest\u00e4ndig; UV- und witterungsbest\u00e4ndig<\/p>\n<\/li>\n<li data-start=\"602\" data-end=\"676\">\n<p data-start=\"604\" data-end=\"676\">Anpassbar: Druck\/Lasermarkierung, QR-\/Barcode-\/Nummerierung, EPC-Codierung<\/p>\n<\/li>\n<\/ul>\n<p data-start=\"678\" data-end=\"809\"><strong data-start=\"678\" data-end=\"694\">Anwendungen<\/strong><br data-start=\"694\" data-end=\"697\" \/>Gastanks und -beh\u00e4lter \u2022 Kabel-\/Leitungsmanagement \u2022 B\u00fcndelung von Kleidung und Textilien \u2022 Anlagen- und Logistikverfolgung.<\/p>\n<p data-start=\"811\" data-end=\"961\"><strong data-start=\"811\" data-end=\"827\">Installation<\/strong><br data-start=\"827\" data-end=\"830\" \/>F\u00e4deln Sie die Schnur durch den Gegenstand und ziehen Sie sie fest, um sie zu fixieren. Zur Kennzeichnung kann die Schnur mithilfe des integrierten Schlitzes aufgeh\u00e4ngt oder nach Bedarf geb\u00fcndelt werden.<\/p>\n<h2 data-start=\"963\" data-end=\"988\">Tabelle (Spezifikationen)<\/h2>\n<div class=\"_tableContainer_1rjym_1\">\n<div class=\"group _tableWrapper_1rjym_13 flex w-fit flex-col-reverse\" tabindex=\"-1\">\n<table class=\"w-fit min-w-(--thread-content-width)\" data-start=\"990\" data-end=\"3617\">\n<thead data-start=\"990\" data-end=\"1103\">\n<tr data-start=\"990\" data-end=\"1103\">\n<th data-start=\"990\" data-end=\"1014\" data-col-size=\"sm\">Kategorie<\/th>\n<th data-start=\"1014\" data-end=\"1042\" data-col-size=\"sm\">Parameter<\/th>\n<th data-start=\"1042\" data-end=\"1103\" data-col-size=\"md\">Wert<\/th>\n<\/tr>\n<\/thead>\n<tbody data-start=\"1218\" data-end=\"3617\">\n<tr data-start=\"1218\" data-end=\"1331\">\n<td data-start=\"1218\" data-end=\"1242\" data-col-size=\"sm\">Produkt<\/td>\n<td data-start=\"1242\" data-end=\"1270\" data-col-size=\"sm\">Typ<\/td>\n<td data-start=\"1270\" data-end=\"1331\" data-col-size=\"md\">RFID-Kabelbinder \/ Siegelanh\u00e4nger<\/td>\n<\/tr>\n<tr data-start=\"1332\" data-end=\"1445\">\n<td data-start=\"1332\" data-end=\"1356\" data-col-size=\"sm\">Geh\u00e4use<\/td>\n<td data-start=\"1356\" data-end=\"1384\" data-col-size=\"sm\">Gr\u00f6\u00dfe<\/td>\n<td data-start=\"1384\" data-end=\"1445\" data-col-size=\"md\">88 \u00d7 28 mm<\/td>\n<\/tr>\n<tr data-start=\"1446\" data-end=\"1559\">\n<td data-start=\"1446\" data-end=\"1470\" data-col-size=\"sm\">Kabelbinder<\/td>\n<td data-col-size=\"sm\" data-start=\"1470\" data-end=\"1498\">L\u00e4nge<\/td>\n<td data-col-size=\"md\" data-start=\"1498\" data-end=\"1559\">300 mm<\/td>\n<\/tr>\n<tr data-start=\"1560\" data-end=\"1673\">\n<td data-start=\"1560\" data-end=\"1584\" data-col-size=\"sm\">Materialien<\/td>\n<td data-start=\"1584\" data-end=\"1612\" data-col-size=\"sm\">K\u00f6rper<\/td>\n<td data-start=\"1612\" data-end=\"1673\" data-col-size=\"md\">ABS \/ PP<\/td>\n<\/tr>\n<tr data-start=\"1674\" data-end=\"1787\">\n<td data-start=\"1674\" data-end=\"1698\" data-col-size=\"sm\">Gewicht<\/td>\n<td data-col-size=\"sm\" data-start=\"1698\" data-end=\"1726\">Ca.<\/td>\n<td data-col-size=\"md\" data-start=\"1726\" data-end=\"1787\">5 g<\/td>\n<\/tr>\n<tr data-start=\"1788\" data-end=\"1901\">\n<td data-start=\"1788\" data-end=\"1812\" data-col-size=\"sm\">Farben<\/td>\n<td data-start=\"1812\" data-end=\"1840\" data-col-size=\"sm\">Optionen<\/td>\n<td data-col-size=\"md\" data-start=\"1840\" data-end=\"1901\">Schwarz, Blau, Rot, Gelb<\/td>\n<\/tr>\n<tr data-start=\"1902\" data-end=\"2015\">\n<td data-start=\"1902\" data-end=\"1926\" data-col-size=\"sm\">RF (UHF)<\/td>\n<td data-col-size=\"sm\" data-start=\"1926\" data-end=\"1954\">Frequenz \/ Protokoll<\/td>\n<td data-col-size=\"md\" data-start=\"1954\" data-end=\"2015\">860\u2013960 MHz; ISO\/IEC 18000-6C, EPC Klasse 1 Gen 2<\/td>\n<\/tr>\n<tr data-start=\"2016\" data-end=\"2129\">\n<td data-start=\"2016\" data-end=\"2040\" data-col-size=\"sm\">RF (NFC)<\/td>\n<td data-col-size=\"sm\" data-start=\"2040\" data-end=\"2068\">Frequenz \/ Protokoll<\/td>\n<td data-col-size=\"md\" data-start=\"2068\" data-end=\"2129\">13,56 MHz; ISO\/IEC 14443\/15693 (chipabh\u00e4ngig)<\/td>\n<\/tr>\n<tr data-start=\"2130\" data-end=\"2247\">\n<td data-start=\"2130\" data-end=\"2154\" data-col-size=\"sm\">IC-Optionen<\/td>\n<td data-start=\"2154\" data-end=\"2182\" data-col-size=\"sm\">Chips<\/td>\n<td data-col-size=\"md\" data-start=\"2182\" data-end=\"2247\">UCODE 9 (Standard); NTAG213\/215\/216; Alien H3\/H4; Impinj Monza<\/td>\n<\/tr>\n<tr data-start=\"2248\" data-end=\"2361\">\n<td data-start=\"2248\" data-end=\"2272\" data-col-size=\"sm\">Erinnerung<\/td>\n<td data-col-size=\"sm\" data-start=\"2272\" data-end=\"2300\">EPC (UHF)<\/td>\n<td data-col-size=\"md\" data-start=\"2300\" data-end=\"2361\">128 Bit<\/td>\n<\/tr>\n<tr data-start=\"2362\" data-end=\"2475\">\n<td data-start=\"2362\" data-end=\"2386\" data-col-size=\"sm\">Leistung<\/td>\n<td data-start=\"2386\" data-end=\"2414\" data-col-size=\"sm\">Lesereichweite (UHF)<\/td>\n<td data-col-size=\"md\" data-start=\"2414\" data-end=\"2475\">2\u20135 m (abh\u00e4ngig vom Leser\/der Umgebung)<\/td>\n<\/tr>\n<tr data-start=\"2476\" data-end=\"2589\">\n<td data-start=\"2476\" data-end=\"2500\" data-col-size=\"sm\">Zuverl\u00e4ssigkeit<\/td>\n<td data-col-size=\"sm\" data-start=\"2500\" data-end=\"2528\">Datenaufbewahrung<\/td>\n<td data-col-size=\"md\" data-start=\"2528\" data-end=\"2589\">&gt;10 Jahre<\/td>\n<\/tr>\n<tr data-start=\"2590\" data-end=\"2703\">\n<td data-start=\"2590\" data-end=\"2614\" data-col-size=\"sm\">Ausdauer<\/td>\n<td data-col-size=\"sm\" data-start=\"2614\" data-end=\"2642\">\u00dcberarbeitungen<\/td>\n<td data-col-size=\"md\" data-start=\"2642\" data-end=\"2703\">100.000 Mal<\/td>\n<\/tr>\n<tr data-start=\"2704\" data-end=\"2817\">\n<td data-start=\"2704\" data-end=\"2728\" data-col-size=\"sm\">Schutz<\/td>\n<td data-col-size=\"sm\" data-start=\"2728\" data-end=\"2756\">Wasserdichtigkeitsklasse<\/td>\n<td data-col-size=\"md\" data-start=\"2756\" data-end=\"2817\">IP68<\/td>\n<\/tr>\n<tr data-start=\"2818\" data-end=\"2931\">\n<td data-start=\"2818\" data-end=\"2842\" data-col-size=\"sm\">Umfeld<\/td>\n<td data-start=\"2842\" data-end=\"2870\" data-col-size=\"sm\">Betriebstemperatur<\/td>\n<td data-col-size=\"md\" data-start=\"2870\" data-end=\"2931\">-20 \u00b0C bis +80 \u00b0C<\/td>\n<\/tr>\n<tr data-start=\"2932\" data-end=\"3045\">\n<td data-start=\"2932\" data-end=\"2956\" data-col-size=\"sm\">Verarbeitung<\/td>\n<td data-col-size=\"sm\" data-start=\"2956\" data-end=\"2984\">Verkapselung<\/td>\n<td data-col-size=\"md\" data-start=\"2984\" data-end=\"3045\">Ultraschall<\/td>\n<\/tr>\n<tr data-start=\"3046\" data-end=\"3159\">\n<td data-start=\"3046\" data-end=\"3070\" data-col-size=\"sm\">Einhaltung<\/td>\n<td data-col-size=\"sm\" data-start=\"3070\" data-end=\"3098\">Umweltstandards<\/td>\n<td data-col-size=\"md\" data-start=\"3098\" data-end=\"3159\">RoHS-konform<\/td>\n<\/tr>\n<tr data-start=\"3160\" data-end=\"3273\">\n<td data-start=\"3160\" data-end=\"3184\" data-col-size=\"sm\">Personalisierung<\/td>\n<td data-col-size=\"sm\" data-start=\"3184\" data-end=\"3212\">Drucken\/Markieren<\/td>\n<td data-col-size=\"md\" data-start=\"3212\" data-end=\"3273\">Logo, Text, QR-Code, Barcode, Seriennummer; EPC-\/Datenbeschreibung<\/td>\n<\/tr>\n<tr data-start=\"3274\" data-end=\"3387\">\n<td data-start=\"3274\" data-end=\"3298\" data-col-size=\"sm\">Montage<\/td>\n<td data-col-size=\"sm\" data-start=\"3298\" data-end=\"3326\">Methoden<\/td>\n<td data-col-size=\"md\" data-start=\"3326\" data-end=\"3387\">B\u00fcndelverriegelung oder -aufh\u00e4ngung<\/td>\n<\/tr>\n<tr data-start=\"3388\" data-end=\"3501\">\n<td data-start=\"3388\" data-end=\"3412\" data-col-size=\"sm\">Nutzungsdauer<\/td>\n<td data-col-size=\"sm\" data-start=\"3412\" data-end=\"3440\">Typisch<\/td>\n<td data-col-size=\"md\" data-start=\"3440\" data-end=\"3501\">&gt;2 Jahre<\/td>\n<\/tr>\n<tr data-start=\"3502\" data-end=\"3617\">\n<td data-start=\"3502\" data-end=\"3526\" data-col-size=\"sm\">Hauptmerkmale<\/td>\n<td data-col-size=\"sm\" data-start=\"3526\" data-end=\"3554\">Haltbarkeit<\/td>\n<td data-col-size=\"md\" data-start=\"3554\" data-end=\"3617\">UV-best\u00e4ndig; staubdicht; feuer- und s\u00e4urebest\u00e4ndig; alterungsbest\u00e4ndig<\/td>\n<\/tr>\n<\/tbody>\n<\/table>\n<\/div>\n<\/div>","protected":false},"excerpt":{"rendered":"<p>UV-best\u00e4ndiger RFID-Kabelbinder-Siegelanh\u00e4nger mit IP68-Schutzart \u2013 UHF- und NFC-Optionen, Lesereichweite 2\u20135 m, manipulationssicheres Design und anpassbarer Druck f\u00fcr Anlagen, Container und Kabelb\u00fcndel.<\/p>","protected":false},"featured_media":933,"template":"","meta":{"_gspb_post_css":""},"product_brand":[],"product_cat":[31],"product_tag":[],"class_list":{"0":"post-930","1":"product","2":"type-product","3":"status-publish","4":"has-post-thumbnail","6":"product_cat-rfid-sticker-labels","8":"first","9":"instock","10":"shipping-taxable","11":"purchasable","12":"product-type-simple"},"_links":{"self":[{"href":"https:\/\/www.cxjsmartcard.com\/de\/wp-json\/wp\/v2\/product\/930","targetHints":{"allow":["GET"]}}],"collection":[{"href":"https:\/\/www.cxjsmartcard.com\/de\/wp-json\/wp\/v2\/product"}],"about":[{"href":"https:\/\/www.cxjsmartcard.com\/de\/wp-json\/wp\/v2\/types\/product"}],"wp:featuredmedia":[{"embeddable":true,"href":"https:\/\/www.cxjsmartcard.com\/de\/wp-json\/wp\/v2\/media\/933"}],"wp:attachment":[{"href":"https:\/\/www.cxjsmartcard.com\/de\/wp-json\/wp\/v2\/media?parent=930"}],"wp:term":[{"taxonomy":"product_brand","embeddable":true,"href":"https:\/\/www.cxjsmartcard.com\/de\/wp-json\/wp\/v2\/product_brand?post=930"},{"taxonomy":"product_cat","embeddable":true,"href":"https:\/\/www.cxjsmartcard.com\/de\/wp-json\/wp\/v2\/product_cat?post=930"},{"taxonomy":"product_tag","embeddable":true,"href":"https:\/\/www.cxjsmartcard.com\/de\/wp-json\/wp\/v2\/product_tag?post=930"}],"curies":[{"name":"wp","href":"https:\/\/api.w.org\/{rel}","templated":true}]}}