{"id":926,"date":"2025-11-03T09:20:40","date_gmt":"2025-11-03T09:20:40","guid":{"rendered":"https:\/\/www.cxjsmartcard.com\/?post_type=product&#038;p=926"},"modified":"2025-12-29T01:27:07","modified_gmt":"2025-12-29T01:27:07","slug":"rfid-jeans-hang-tag-860-960-mhz","status":"publish","type":"product","link":"https:\/\/www.cxjsmartcard.com\/de\/rfid-jeans-hang-tag-860-960-mhz\/","title":{"rendered":"RFID-Jeansanh\u00e4nger (860\u2013960 MHz)"},"content":{"rendered":"<p data-start=\"45\" data-end=\"330\">Individuell anpassbare UHF-RFID-Etiketten f\u00fcr Jeans und Bekleidung mit schneller Mehrfachlesbarkeit (EPC Gen2). Diese Etiketten wurden f\u00fcr die Bereiche Bekleidungsinventur, Lieferkette und Einzelhandel entwickelt und unterst\u00fctzen 128-Bit-EPC-Codierung sowie individualisierbare Oberfl\u00e4chenmaterialien f\u00fcr reibungslose Arbeitsabl\u00e4ufe in Filialen und Lagern.<\/p>\n<p data-start=\"332\" data-end=\"350\"><strong data-start=\"332\" data-end=\"348\">Hauptmerkmale<\/strong><\/p>\n<ul data-start=\"351\" data-end=\"869\">\n<li data-start=\"351\" data-end=\"414\">\n<p data-start=\"353\" data-end=\"414\"><strong data-start=\"353\" data-end=\"370\">UHF-Standard:<\/strong> ISO\/IEC 18000-6C, EPCglobal Klasse 1 Gen 2<\/p>\n<\/li>\n<li data-start=\"415\" data-end=\"453\">\n<p data-start=\"417\" data-end=\"453\"><strong data-start=\"417\" data-end=\"427\">Chips:<\/strong> M730, U9 (anpassbar)<\/p>\n<\/li>\n<li data-start=\"454\" data-end=\"557\">\n<p data-start=\"456\" data-end=\"557\"><strong data-start=\"456\" data-end=\"477\">Leseleistung:<\/strong> Schnelles und zuverl\u00e4ssiges Lesen mehrerer Tags; unterst\u00fctzt durchg\u00e4ngige R\u00fcckverfolgbarkeit<\/p>\n<\/li>\n<li data-start=\"558\" data-end=\"626\">\n<p data-start=\"560\" data-end=\"626\"><strong data-start=\"560\" data-end=\"576\">Formfaktor:<\/strong> 83 \u00d7 25 mm gro\u00dfes Etikett mit 70 \u00d7 14 mm gro\u00dfer \u201cG\u00fcrtel\u201d-Antenne<\/p>\n<\/li>\n<li data-start=\"627\" data-end=\"713\">\n<p data-start=\"629\" data-end=\"713\"><strong data-start=\"629\" data-end=\"648\">Oberfl\u00e4chenmaterialien:<\/strong> Kunstdruckpapier, PET-, PP-Kunststoffpapier; andere Materialien auf Anfrage<\/p>\n<\/li>\n<li data-start=\"714\" data-end=\"803\">\n<p data-start=\"716\" data-end=\"803\"><strong data-start=\"716\" data-end=\"729\">Drucken:<\/strong> Thermotransferdruck, Siebdruck und individueller Druck (Logo\/Text\/Grafiken)<\/p>\n<\/li>\n<li data-start=\"804\" data-end=\"869\">\n<p data-start=\"806\" data-end=\"869\"><strong data-start=\"806\" data-end=\"824\">Datendienste:<\/strong> EPC-Kodierung \/ Dateninitialisierung verf\u00fcgbar<\/p>\n<\/li>\n<\/ul>\n<p data-start=\"871\" data-end=\"982\"><strong data-start=\"871\" data-end=\"887\">Anwendungen<\/strong><br data-start=\"887\" data-end=\"890\" \/>Bestandsmanagement f\u00fcr Bekleidung und Schuhe \u2022 Lieferkette f\u00fcr Bekleidung \u2022 Einzelhandelsmanagement f\u00fcr Bekleidung.<\/p>\n<p data-start=\"984\" data-end=\"1073\"><strong data-start=\"984\" data-end=\"1007\">Betrieb und Lagerung<\/strong><br data-start=\"1007\" data-end=\"1010\" \/>Betrieb: 0\u201360 \u2103 bei 20\u201380% RH \u2022 Lagerung: 20\u201330 \u2103 bei 20\u201360% RH.<\/p>\n<h2 data-start=\"1075\" data-end=\"1100\">Tabelle (Spezifikationen)<\/h2>\n<div class=\"_tableContainer_1rjym_1\">\n<div class=\"group _tableWrapper_1rjym_13 flex w-fit flex-col-reverse\" tabindex=\"-1\">\n<table class=\"w-fit min-w-(--thread-content-width)\" data-start=\"1102\" data-end=\"2831\">\n<thead data-start=\"1102\" data-end=\"1209\">\n<tr data-start=\"1102\" data-end=\"1209\">\n<th data-start=\"1102\" data-end=\"1120\" data-col-size=\"sm\">Kategorie<\/th>\n<th data-start=\"1120\" data-end=\"1148\" data-col-size=\"sm\">Parameter<\/th>\n<th data-start=\"1148\" data-end=\"1209\" data-col-size=\"md\">Wert<\/th>\n<\/tr>\n<\/thead>\n<tbody data-start=\"1318\" data-end=\"2831\">\n<tr data-start=\"1318\" data-end=\"1425\">\n<td data-start=\"1318\" data-end=\"1336\" data-col-size=\"sm\">Produkt<\/td>\n<td data-col-size=\"sm\" data-start=\"1336\" data-end=\"1364\">Name<\/td>\n<td data-col-size=\"md\" data-start=\"1364\" data-end=\"1425\">RFID-Anh\u00e4nger zur Kleiderverfolgung<\/td>\n<\/tr>\n<tr data-start=\"1426\" data-end=\"1533\">\n<td data-start=\"1426\" data-end=\"1444\" data-col-size=\"sm\">RF<\/td>\n<td data-start=\"1444\" data-end=\"1472\" data-col-size=\"sm\">Frequenz<\/td>\n<td data-col-size=\"md\" data-start=\"1472\" data-end=\"1533\">860\u2013960 MHz (UHF)<\/td>\n<\/tr>\n<tr data-start=\"1534\" data-end=\"1641\">\n<td data-start=\"1534\" data-end=\"1552\" data-col-size=\"sm\"><\/td>\n<td data-start=\"1552\" data-end=\"1580\" data-col-size=\"sm\">Protokoll<\/td>\n<td data-col-size=\"md\" data-start=\"1580\" data-end=\"1641\">ISO\/IEC 18000-6C; EPCglobal Klasse 1 Gen 2<\/td>\n<\/tr>\n<tr data-start=\"1642\" data-end=\"1749\">\n<td data-start=\"1642\" data-end=\"1660\" data-col-size=\"sm\">IC-Optionen<\/td>\n<td data-start=\"1660\" data-end=\"1688\" data-col-size=\"sm\">Chip<\/td>\n<td data-col-size=\"md\" data-start=\"1688\" data-end=\"1749\">M730; U9 (weitere anpassbar)<\/td>\n<\/tr>\n<tr data-start=\"1750\" data-end=\"1857\">\n<td data-start=\"1750\" data-end=\"1768\" data-col-size=\"sm\">Erinnerung<\/td>\n<td data-col-size=\"sm\" data-start=\"1768\" data-end=\"1796\">EPC \/ Benutzer<\/td>\n<td data-col-size=\"md\" data-start=\"1796\" data-end=\"1857\">128 Bit \/ 0 Bit<\/td>\n<\/tr>\n<tr data-start=\"1858\" data-end=\"1965\">\n<td data-start=\"1858\" data-end=\"1876\" data-col-size=\"sm\">Abmessungen<\/td>\n<td data-col-size=\"sm\" data-start=\"1876\" data-end=\"1904\">Etikettengr\u00f6\u00dfe<\/td>\n<td data-col-size=\"md\" data-start=\"1904\" data-end=\"1965\">83 \u00d7 25 mm (anpassbar)<\/td>\n<\/tr>\n<tr data-start=\"1966\" data-end=\"2073\">\n<td data-start=\"1966\" data-end=\"1984\" data-col-size=\"sm\">Antenne<\/td>\n<td data-col-size=\"sm\" data-start=\"1984\" data-end=\"2012\">Gr\u00f6\u00dfe \/ Stil<\/td>\n<td data-col-size=\"md\" data-start=\"2012\" data-end=\"2073\">70 \u00d7 14 mm; \u201cG\u00fcrtel\u201d-Anordnung<\/td>\n<\/tr>\n<tr data-start=\"2074\" data-end=\"2181\">\n<td data-start=\"2074\" data-end=\"2092\" data-col-size=\"sm\">Materialien<\/td>\n<td data-col-size=\"sm\" data-start=\"2092\" data-end=\"2120\">Gesichtsoptionen<\/td>\n<td data-col-size=\"md\" data-start=\"2120\" data-end=\"2181\">Kunstdruckpapier; PET; PP-Kunststoffpapier; kundenspezifisch<\/td>\n<\/tr>\n<tr data-start=\"2182\" data-end=\"2289\">\n<td data-start=\"2182\" data-end=\"2200\" data-col-size=\"sm\">Drucken<\/td>\n<td data-col-size=\"sm\" data-start=\"2200\" data-end=\"2228\">Methoden<\/td>\n<td data-col-size=\"md\" data-start=\"2228\" data-end=\"2289\">Thermotransfer; Siebdruck; andere kundenspezifische Druckverfahren<\/td>\n<\/tr>\n<tr data-start=\"2290\" data-end=\"2397\">\n<td data-start=\"2290\" data-end=\"2308\" data-col-size=\"sm\">Personalisierung<\/td>\n<td data-col-size=\"sm\" data-start=\"2308\" data-end=\"2336\">Dateninitialisierung<\/td>\n<td data-col-size=\"md\" data-start=\"2336\" data-end=\"2397\">EPC-Kodierung<\/td>\n<\/tr>\n<tr data-start=\"2398\" data-end=\"2505\">\n<td data-start=\"2398\" data-end=\"2416\" data-col-size=\"sm\">Umfeld<\/td>\n<td data-start=\"2416\" data-end=\"2444\" data-col-size=\"sm\">Betriebsbedingungen<\/td>\n<td data-col-size=\"md\" data-start=\"2444\" data-end=\"2505\">0\u201360 \u00b0C; 20\u201380% RH<\/td>\n<\/tr>\n<tr data-start=\"2506\" data-end=\"2613\">\n<td data-start=\"2506\" data-end=\"2524\" data-col-size=\"sm\"><\/td>\n<td data-start=\"2524\" data-end=\"2552\" data-col-size=\"sm\">Lagerbedingungen<\/td>\n<td data-col-size=\"md\" data-start=\"2552\" data-end=\"2613\">20\u201330 \u00b0C; 20\u201360% RH<\/td>\n<\/tr>\n<tr data-start=\"2614\" data-end=\"2721\">\n<td data-start=\"2614\" data-end=\"2632\" data-col-size=\"sm\">Vorteile<\/td>\n<td data-col-size=\"sm\" data-start=\"2632\" data-end=\"2660\">Highlights<\/td>\n<td data-col-size=\"md\" data-start=\"2660\" data-end=\"2721\">Schnelles Lesen; Mehrfachlesen; R\u00fcckverfolgbarkeit<\/td>\n<\/tr>\n<tr data-start=\"2722\" data-end=\"2831\">\n<td data-start=\"2722\" data-end=\"2740\" data-col-size=\"sm\">Anwendungsf\u00e4lle<\/td>\n<td data-start=\"2740\" data-end=\"2768\" data-col-size=\"sm\">Typische Anwendungen<\/td>\n<td data-col-size=\"md\" data-start=\"2768\" data-end=\"2831\">Bekleidungs- und Schuhbestand; Lieferkette f\u00fcr Bekleidung; Einzelhandel<\/td>\n<\/tr>\n<\/tbody>\n<\/table>\n<\/div>\n<\/div>","protected":false},"excerpt":{"rendered":"<p>UHF EPC Gen2 Hangtag f\u00fcr Jeans und Bekleidung \u2013 83 \u00d7 25 mm Etikett mit 70 \u00d7 14 mm Antenne, M730\/U9 Chips, 128-Bit EPC, schnelles Mehrfachlesen und anpassbarer Druck\/Codierung.<\/p>","protected":false},"featured_media":927,"template":"","meta":{"_gspb_post_css":""},"product_brand":[],"product_cat":[31],"product_tag":[],"class_list":{"0":"post-926","1":"product","2":"type-product","3":"status-publish","4":"has-post-thumbnail","6":"product_cat-rfid-sticker-labels","8":"first","9":"instock","10":"shipping-taxable","11":"purchasable","12":"product-type-simple"},"_links":{"self":[{"href":"https:\/\/www.cxjsmartcard.com\/de\/wp-json\/wp\/v2\/product\/926","targetHints":{"allow":["GET"]}}],"collection":[{"href":"https:\/\/www.cxjsmartcard.com\/de\/wp-json\/wp\/v2\/product"}],"about":[{"href":"https:\/\/www.cxjsmartcard.com\/de\/wp-json\/wp\/v2\/types\/product"}],"wp:featuredmedia":[{"embeddable":true,"href":"https:\/\/www.cxjsmartcard.com\/de\/wp-json\/wp\/v2\/media\/927"}],"wp:attachment":[{"href":"https:\/\/www.cxjsmartcard.com\/de\/wp-json\/wp\/v2\/media?parent=926"}],"wp:term":[{"taxonomy":"product_brand","embeddable":true,"href":"https:\/\/www.cxjsmartcard.com\/de\/wp-json\/wp\/v2\/product_brand?post=926"},{"taxonomy":"product_cat","embeddable":true,"href":"https:\/\/www.cxjsmartcard.com\/de\/wp-json\/wp\/v2\/product_cat?post=926"},{"taxonomy":"product_tag","embeddable":true,"href":"https:\/\/www.cxjsmartcard.com\/de\/wp-json\/wp\/v2\/product_tag?post=926"}],"curies":[{"name":"wp","href":"https:\/\/api.w.org\/{rel}","templated":true}]}}