{"id":922,"date":"2025-11-03T09:18:04","date_gmt":"2025-11-03T09:18:04","guid":{"rendered":"https:\/\/www.cxjsmartcard.com\/?post_type=product&#038;p=922"},"modified":"2025-12-29T01:27:07","modified_gmt":"2025-12-29T01:27:07","slug":"led-light-uhf-rfid-label-sticker","status":"publish","type":"product","link":"https:\/\/www.cxjsmartcard.com\/de\/led-light-uhf-rfid-label-sticker\/","title":{"rendered":"LED-Licht-UHF-RFID-Etikettenaufkleber"},"content":{"rendered":"<p data-start=\"44\" data-end=\"365\">Langstrecken-UHF-RFID-Etikett mit integrierter LED zur sofortigen visuellen Lokalisierung. Entwickelt f\u00fcr schnelles Auslesen mehrerer Artikel aus Entfernungen von \u00fcber 10 m und erm\u00f6glicht die Echtzeit-LED-Anzeige direkt auf dem Etikett zur pr\u00e4zisen Lokalisierung von Artikeln in Regalen, Beh\u00e4ltern oder Gestellen. Die robuste und wiederverwendbare Konstruktion eignet sich f\u00fcr den Einsatz in Logistik, Einzelhandel, Gesundheitswesen und bei Veranstaltungen mit hohem Durchsatz.<\/p>\n<p data-start=\"367\" data-end=\"385\"><strong data-start=\"367\" data-end=\"383\">Warum es hilft<\/strong><\/p>\n<ul data-start=\"386\" data-end=\"981\">\n<li data-start=\"386\" data-end=\"474\">\n<p data-start=\"388\" data-end=\"474\"><strong data-start=\"388\" data-end=\"422\">Effizientes Langstrecken-Scannen:<\/strong> Batch-Messungen ohne Sichtverbindung \u00fcber Entfernungen von mehr als 10 Metern.<\/p>\n<\/li>\n<li data-start=\"475\" data-end=\"584\">\n<p data-start=\"477\" data-end=\"584\"><strong data-start=\"477\" data-end=\"502\">Echtzeit-Transparenz:<\/strong> Die Blinkmuster der LEDs zeigen den Standort oder Status an (z. B. Kommissionierung\/Einlagerung, niedriger Lagerbestand).<\/p>\n<\/li>\n<li data-start=\"585\" data-end=\"663\">\n<p data-start=\"587\" data-end=\"663\"><strong data-start=\"587\" data-end=\"607\">H\u00f6here Genauigkeit:<\/strong> Manuelle Fehler reduzieren; automatisierte Arbeitsabl\u00e4ufe optimieren.<\/p>\n<\/li>\n<li data-start=\"664\" data-end=\"756\">\n<p data-start=\"666\" data-end=\"756\"><strong data-start=\"666\" data-end=\"695\">Programmierbare Flexibilit\u00e4t:<\/strong> Fernsteuerung des LED-Verhaltens zur Anpassung an verschiedene Szenarien.<\/p>\n<\/li>\n<li data-start=\"757\" data-end=\"846\">\n<p data-start=\"759\" data-end=\"846\"><strong data-start=\"759\" data-end=\"785\">Industrielle Langlebigkeit:<\/strong> Konzipiert f\u00fcr den wiederholten Einsatz mit stabiler HF- und LED-Leistung.<\/p>\n<\/li>\n<li data-start=\"847\" data-end=\"921\">\n<p data-start=\"849\" data-end=\"921\"><strong data-start=\"849\" data-end=\"872\">Einsatz in mehreren Szenarien:<\/strong> Lagerhaltung, Einzelhandel, medizinische Einrichtungen und mehr.<\/p>\n<\/li>\n<li data-start=\"922\" data-end=\"981\">\n<p data-start=\"924\" data-end=\"981\"><strong data-start=\"924\" data-end=\"942\">Langfristiger ROI:<\/strong> Geringerer Arbeitsaufwand und Schwund; schnellere Audits.<\/p>\n<\/li>\n<\/ul>\n<p data-start=\"983\" data-end=\"1203\"><strong data-start=\"983\" data-end=\"1007\">Typische Anwendungen<\/strong><br data-start=\"1007\" data-end=\"1010\" \/>Sichere Zutrittskontrolle \u2022 Bargeldlose Mitgliedschaft\/Treueprogramme \u2022 Veranstaltungszugang &amp; Branding \u2022 Social-Media-\/Marketing-Anwendungen \u2022 Einzelhandelsbetriebe \u2022 Elektronik- und Fachmessen \u2022 Spiele &amp; Spielzeug \u2022 Intelligente Visitenkarten.<\/p>\n<h2 data-start=\"1205\" data-end=\"1230\">Tabelle (Spezifikationen)<\/h2>\n<div class=\"_tableContainer_1rjym_1\">\n<div class=\"group _tableWrapper_1rjym_13 flex w-fit flex-col-reverse\" tabindex=\"-1\">\n<table class=\"w-fit min-w-(--thread-content-width)\" data-start=\"1232\" data-end=\"3463\">\n<thead data-start=\"1232\" data-end=\"1355\">\n<tr data-start=\"1232\" data-end=\"1355\">\n<th data-start=\"1232\" data-end=\"1258\" data-col-size=\"sm\">Kategorie<\/th>\n<th data-start=\"1258\" data-end=\"1294\" data-col-size=\"sm\">Parameter<\/th>\n<th data-start=\"1294\" data-end=\"1355\" data-col-size=\"md\">Wert<\/th>\n<\/tr>\n<\/thead>\n<tbody data-start=\"1480\" data-end=\"3463\">\n<tr data-start=\"1480\" data-end=\"1603\">\n<td data-start=\"1480\" data-end=\"1506\" data-col-size=\"sm\">Produkt<\/td>\n<td data-col-size=\"sm\" data-start=\"1506\" data-end=\"1542\">Typ<\/td>\n<td data-col-size=\"md\" data-start=\"1542\" data-end=\"1603\">LED-Licht-UHF-RFID-Etikettenaufkleber<\/td>\n<\/tr>\n<tr data-start=\"1604\" data-end=\"1727\">\n<td data-start=\"1604\" data-end=\"1630\" data-col-size=\"sm\">IC<\/td>\n<td data-start=\"1630\" data-end=\"1666\" data-col-size=\"sm\">Chip<\/td>\n<td data-start=\"1666\" data-end=\"1727\" data-col-size=\"md\">KX2005X-BL<\/td>\n<\/tr>\n<tr data-start=\"1728\" data-end=\"1851\">\n<td data-start=\"1728\" data-end=\"1754\" data-col-size=\"sm\">RF<\/td>\n<td data-start=\"1754\" data-end=\"1790\" data-col-size=\"sm\">Frequenz<\/td>\n<td data-col-size=\"md\" data-start=\"1790\" data-end=\"1851\">860\u2013960 MHz<\/td>\n<\/tr>\n<tr data-start=\"1852\" data-end=\"1975\">\n<td data-start=\"1852\" data-end=\"1878\" data-col-size=\"sm\"><\/td>\n<td data-col-size=\"sm\" data-start=\"1878\" data-end=\"1914\">Protokoll<\/td>\n<td data-col-size=\"md\" data-start=\"1914\" data-end=\"1975\">ISO\/IEC 18000-6C, EPC Klasse 1 Gen 2<\/td>\n<\/tr>\n<tr data-start=\"1976\" data-end=\"2099\">\n<td data-start=\"1976\" data-end=\"2002\" data-col-size=\"sm\">Betrieb<\/td>\n<td data-col-size=\"sm\" data-start=\"2002\" data-end=\"2038\">Arbeitsmodus<\/td>\n<td data-col-size=\"md\" data-start=\"2038\" data-end=\"2099\">Passiv<\/td>\n<\/tr>\n<tr data-start=\"2100\" data-end=\"2223\">\n<td data-start=\"2100\" data-end=\"2126\" data-col-size=\"sm\">Leseleistung<\/td>\n<td data-start=\"2126\" data-end=\"2162\" data-col-size=\"sm\">Typischer Bereich<\/td>\n<td data-col-size=\"md\" data-start=\"2162\" data-end=\"2223\">10 m+ (abh\u00e4ngig vom Leseger\u00e4t\/der Umgebung)<\/td>\n<\/tr>\n<tr data-start=\"2224\" data-end=\"2347\">\n<td data-start=\"2224\" data-end=\"2250\" data-col-size=\"sm\">Antenne<\/td>\n<td data-col-size=\"sm\" data-start=\"2250\" data-end=\"2286\">Typ \/ Gr\u00f6\u00dfe<\/td>\n<td data-col-size=\"md\" data-start=\"2286\" data-end=\"2347\">Aluminium\u00e4tzung, 95 \u00d7 18,5 mm<\/td>\n<\/tr>\n<tr data-start=\"2348\" data-end=\"2471\">\n<td data-start=\"2348\" data-end=\"2374\" data-col-size=\"sm\">Format<\/td>\n<td data-col-size=\"sm\" data-start=\"2374\" data-end=\"2410\">Nasseinlage \/ Etikettengr\u00f6\u00dfe<\/td>\n<td data-col-size=\"md\" data-start=\"2410\" data-end=\"2471\">100 \u00d7 52 mm (anpassbar)<\/td>\n<\/tr>\n<tr data-start=\"2472\" data-end=\"2595\">\n<td data-start=\"2472\" data-end=\"2498\" data-col-size=\"sm\">Materialien<\/td>\n<td data-start=\"2498\" data-end=\"2534\" data-col-size=\"sm\">Gesicht \/ Konstruktionen<\/td>\n<td data-col-size=\"md\" data-start=\"2534\" data-end=\"2595\">Beschichtetes Papier, PET, Synthetikpapier, Thermopapier, kundenspezifisch<\/td>\n<\/tr>\n<tr data-start=\"2596\" data-end=\"2719\">\n<td data-start=\"2596\" data-end=\"2622\" data-col-size=\"sm\">Druck und Kennzeichnung<\/td>\n<td data-col-size=\"sm\" data-start=\"2622\" data-end=\"2658\">Methoden<\/td>\n<td data-col-size=\"md\" data-start=\"2658\" data-end=\"2719\">Vollfarbdruck, Logo, Barcode, QR-Code, Seriennummer<\/td>\n<\/tr>\n<tr data-start=\"2720\" data-end=\"2843\">\n<td data-start=\"2720\" data-end=\"2746\" data-col-size=\"sm\">Zuverl\u00e4ssigkeit<\/td>\n<td data-col-size=\"sm\" data-start=\"2746\" data-end=\"2782\">IC Life<\/td>\n<td data-col-size=\"md\" data-start=\"2782\" data-end=\"2843\">100.000 Programmierzyklen; 10 Jahre Datenaufbewahrung<\/td>\n<\/tr>\n<tr data-start=\"2844\" data-end=\"2967\">\n<td data-start=\"2844\" data-end=\"2870\" data-col-size=\"sm\">Umgebung (Nutzung)<\/td>\n<td data-col-size=\"sm\" data-start=\"2870\" data-end=\"2906\">Betriebstemperatur \/ Luftfeuchtigkeit<\/td>\n<td data-col-size=\"md\" data-start=\"2906\" data-end=\"2967\">\u221225 bis +50 \u2103 \/ 20\u201380% RH<\/td>\n<\/tr>\n<tr data-start=\"2968\" data-end=\"3091\">\n<td data-start=\"2968\" data-end=\"2994\" data-col-size=\"sm\">Umgebung (Speicherung)<\/td>\n<td data-col-size=\"sm\" data-start=\"2994\" data-end=\"3030\">Lagertemperatur \/ Luftfeuchtigkeit<\/td>\n<td data-col-size=\"md\" data-start=\"3030\" data-end=\"3091\">+23 \u2103 \u00b15 \u2103 \/ 50% \u00b110% RH (keine Kondensation)<\/td>\n<\/tr>\n<tr data-start=\"3092\" data-end=\"3215\">\n<td data-start=\"3092\" data-end=\"3118\" data-col-size=\"sm\">Verpackung<\/td>\n<td data-col-size=\"sm\" data-start=\"3118\" data-end=\"3154\">Rolle \/ Karton<\/td>\n<td data-col-size=\"md\" data-start=\"3154\" data-end=\"3215\">1.000\u20135.000 St\u00fcck pro Rolle; 4 Rollen pro Karton<\/td>\n<\/tr>\n<tr data-start=\"3216\" data-end=\"3339\">\n<td data-start=\"3216\" data-end=\"3242\" data-col-size=\"sm\">Proben<\/td>\n<td data-start=\"3242\" data-end=\"3278\" data-col-size=\"sm\">Verf\u00fcgbarkeit<\/td>\n<td data-col-size=\"md\" data-start=\"3278\" data-end=\"3339\">Kostenlose Probe zur Qualit\u00e4tspr\u00fcfung<\/td>\n<\/tr>\n<tr data-start=\"3340\" data-end=\"3463\">\n<td data-start=\"3340\" data-end=\"3366\" data-col-size=\"sm\">L\u00f6sungen<\/td>\n<td data-start=\"3366\" data-end=\"3402\" data-col-size=\"sm\">Beispielhafte Bereitstellungen<\/td>\n<td data-col-size=\"md\" data-start=\"3402\" data-end=\"3463\">Lagerhaltung, Einzelhandel, medizinische Anlagenverfolgung, Veranstaltungen<\/td>\n<\/tr>\n<\/tbody>\n<\/table>\n<\/div>\n<\/div>","protected":false},"excerpt":{"rendered":"<p>UHF-RFID-Etikett mit integrierter LED f\u00fcr Lesereichweite \u00fcber 10 m und sofortige visuelle Lokalisierung \u2013 passives EPC Gen2-Design, bedruckbare Vorderseite und robuste Bauweise f\u00fcr Einzelhandel, Lager, Gesundheitswesen und Veranstaltungen.<\/p>","protected":false},"featured_media":923,"template":"","meta":{"_gspb_post_css":""},"product_brand":[],"product_cat":[31],"product_tag":[],"class_list":{"0":"post-922","1":"product","2":"type-product","3":"status-publish","4":"has-post-thumbnail","6":"product_cat-rfid-sticker-labels","8":"first","9":"instock","10":"shipping-taxable","11":"purchasable","12":"product-type-simple"},"_links":{"self":[{"href":"https:\/\/www.cxjsmartcard.com\/de\/wp-json\/wp\/v2\/product\/922","targetHints":{"allow":["GET"]}}],"collection":[{"href":"https:\/\/www.cxjsmartcard.com\/de\/wp-json\/wp\/v2\/product"}],"about":[{"href":"https:\/\/www.cxjsmartcard.com\/de\/wp-json\/wp\/v2\/types\/product"}],"wp:featuredmedia":[{"embeddable":true,"href":"https:\/\/www.cxjsmartcard.com\/de\/wp-json\/wp\/v2\/media\/923"}],"wp:attachment":[{"href":"https:\/\/www.cxjsmartcard.com\/de\/wp-json\/wp\/v2\/media?parent=922"}],"wp:term":[{"taxonomy":"product_brand","embeddable":true,"href":"https:\/\/www.cxjsmartcard.com\/de\/wp-json\/wp\/v2\/product_brand?post=922"},{"taxonomy":"product_cat","embeddable":true,"href":"https:\/\/www.cxjsmartcard.com\/de\/wp-json\/wp\/v2\/product_cat?post=922"},{"taxonomy":"product_tag","embeddable":true,"href":"https:\/\/www.cxjsmartcard.com\/de\/wp-json\/wp\/v2\/product_tag?post=922"}],"curies":[{"name":"wp","href":"https:\/\/api.w.org\/{rel}","templated":true}]}}