{"id":917,"date":"2025-11-03T09:15:33","date_gmt":"2025-11-03T09:15:33","guid":{"rendered":"https:\/\/www.cxjsmartcard.com\/?post_type=product&#038;p=917"},"modified":"2025-12-29T01:27:07","modified_gmt":"2025-12-29T01:27:07","slug":"dogbone-uhf-rfid-wet-inlay-tags-for-marathon-race-timing","status":"publish","type":"product","link":"https:\/\/www.cxjsmartcard.com\/de\/dogbone-uhf-rfid-wet-inlay-tags-for-marathon-race-timing\/","title":{"rendered":"Dogbone UHF RFID-Nassinlay-Tags f\u00fcr die Zeitmessung bei Marathonl\u00e4ufen"},"content":{"rendered":"<p data-start=\"68\" data-end=\"357\">UHF EPC Gen2 Nass-Inlay mit Dogbone-Antenne, optimiert f\u00fcr zuverl\u00e4ssige Zeitmessung bei Massenveranstaltungen. Das 97 \u00d7 27 mm gro\u00dfe PET-Etikett mit 94 \u00d7 24 mm gro\u00dfer Dogbone-Antenne erm\u00f6glicht schnelles Mehrfachlesen auf Startnummern und Bekleidung und l\u00e4sst sich problemlos in Druck-\/Kodierungsprozesse mit hohem Durchsatz integrieren.<\/p>\n<p data-start=\"359\" data-end=\"377\"><strong data-start=\"359\" data-end=\"375\">Hauptmerkmale<\/strong><\/p>\n<ul data-start=\"378\" data-end=\"690\">\n<li data-start=\"378\" data-end=\"419\">\n<p data-start=\"380\" data-end=\"419\">Breiter Betriebsfrequenzbereich: 840\u2013960 MHz<\/p>\n<\/li>\n<li data-start=\"420\" data-end=\"465\">\n<p data-start=\"422\" data-end=\"465\">UHF EPC Gen2 \/ ISO\/IEC 18000-6C-konform<\/p>\n<\/li>\n<li data-start=\"466\" data-end=\"543\">\n<p data-start=\"468\" data-end=\"543\">Dogbone-Antennenanordnung f\u00fcr starke, stabile Messwerte an Startnummern\/Kleidung von L\u00e4ufern<\/p>\n<\/li>\n<li data-start=\"544\" data-end=\"608\">\n<p data-start=\"546\" data-end=\"608\">Transparente PET-Oberfl\u00e4che; Lieferung als Nass-Inlay (Klebefolie)<\/p>\n<\/li>\n<li data-start=\"609\" data-end=\"690\">\n<p data-start=\"611\" data-end=\"690\">Druck-\/Codierungsbereit: Thermotransfer oder Siebdruck; EPC-Vorcodierung wird unterst\u00fctzt<\/p>\n<\/li>\n<\/ul>\n<p data-start=\"692\" data-end=\"858\"><strong data-start=\"692\" data-end=\"708\">Anwendungen<\/strong><br data-start=\"708\" data-end=\"711\" \/>Zeitmessung bei Marathon- und Stra\u00dfenrennen \u2022 Triathlon-\/Radsportveranstaltungen \u2022 Startnummern- und Schuhkennzeichnung \u2022 Kennzeichnung von Anlagen in rauen Umgebungen, bei denen schnelles Mehrfachlesen erforderlich ist.<\/p>\n<p data-start=\"860\" data-end=\"949\"><strong data-start=\"860\" data-end=\"883\">Betrieb und Lagerung<\/strong><br data-start=\"883\" data-end=\"886\" \/>Betrieb: 0\u201360 \u2103 bei 20\u201380% RH \u2022 Lagerung: 20\u201330 \u2103 bei 20\u201360% RH.<\/p>\n<h2 data-start=\"951\" data-end=\"976\">Tabelle (Spezifikationen)<\/h2>\n<div class=\"_tableContainer_1rjym_1\">\n<div class=\"group _tableWrapper_1rjym_13 flex w-fit flex-col-reverse\" tabindex=\"-1\">\n<table class=\"w-fit min-w-(--thread-content-width)\" data-start=\"978\" data-end=\"2352\">\n<thead data-start=\"978\" data-end=\"1062\">\n<tr data-start=\"978\" data-end=\"1062\">\n<th data-start=\"978\" data-end=\"996\" data-col-size=\"sm\">Kategorie<\/th>\n<th data-start=\"996\" data-end=\"1019\" data-col-size=\"sm\">Parameter<\/th>\n<th data-start=\"1019\" data-end=\"1062\" data-col-size=\"md\">Wert<\/th>\n<\/tr>\n<\/thead>\n<tbody data-start=\"1148\" data-end=\"2352\">\n<tr data-start=\"1148\" data-end=\"1232\">\n<td data-start=\"1148\" data-end=\"1166\" data-col-size=\"sm\">Produkt<\/td>\n<td data-start=\"1166\" data-end=\"1189\" data-col-size=\"sm\">Name<\/td>\n<td data-start=\"1189\" data-end=\"1232\" data-col-size=\"md\">Dogbone UHF RFID Nass-Inlay<\/td>\n<\/tr>\n<tr data-start=\"1233\" data-end=\"1318\">\n<td data-start=\"1233\" data-end=\"1251\" data-col-size=\"sm\">IC<\/td>\n<td data-start=\"1251\" data-end=\"1274\" data-col-size=\"sm\">Chip<\/td>\n<td data-col-size=\"md\" data-start=\"1274\" data-end=\"1318\">U8<\/td>\n<\/tr>\n<tr data-start=\"1319\" data-end=\"1404\">\n<td data-start=\"1319\" data-end=\"1337\" data-col-size=\"sm\">RF<\/td>\n<td data-col-size=\"sm\" data-start=\"1337\" data-end=\"1360\">Frequenz<\/td>\n<td data-col-size=\"md\" data-start=\"1360\" data-end=\"1404\">840\u2013960 MHz<\/td>\n<\/tr>\n<tr data-start=\"1405\" data-end=\"1490\">\n<td data-start=\"1405\" data-end=\"1423\" data-col-size=\"sm\"><\/td>\n<td data-col-size=\"sm\" data-start=\"1423\" data-end=\"1446\">Protokoll<\/td>\n<td data-col-size=\"md\" data-start=\"1446\" data-end=\"1490\">ISO\/IEC 18000-6C; EPCglobal Klasse 1 Gen 2<\/td>\n<\/tr>\n<tr data-start=\"1491\" data-end=\"1576\">\n<td data-start=\"1491\" data-end=\"1509\" data-col-size=\"sm\">Erinnerung<\/td>\n<td data-col-size=\"sm\" data-start=\"1509\" data-end=\"1532\">TID \/ EPC \/ Benutzer<\/td>\n<td data-col-size=\"md\" data-start=\"1532\" data-end=\"1576\">48 Bit \/ 128 Bit \/ 0 Bit<\/td>\n<\/tr>\n<tr data-start=\"1577\" data-end=\"1662\">\n<td data-start=\"1577\" data-end=\"1595\" data-col-size=\"sm\">Etikett<\/td>\n<td data-start=\"1595\" data-end=\"1618\" data-col-size=\"sm\">Gr\u00f6\u00dfe<\/td>\n<td data-start=\"1618\" data-end=\"1662\" data-col-size=\"md\">97 \u00d7 27 mm<\/td>\n<\/tr>\n<tr data-start=\"1663\" data-end=\"1748\">\n<td data-start=\"1663\" data-end=\"1681\" data-col-size=\"sm\">Antenne<\/td>\n<td data-col-size=\"sm\" data-start=\"1681\" data-end=\"1704\">Gr\u00f6\u00dfe \/ Form<\/td>\n<td data-col-size=\"md\" data-start=\"1704\" data-end=\"1748\">94 \u00d7 24 mm, Hundeknochenform<\/td>\n<\/tr>\n<tr data-start=\"1749\" data-end=\"1834\">\n<td data-start=\"1749\" data-end=\"1767\" data-col-size=\"sm\">Gesicht<\/td>\n<td data-start=\"1767\" data-end=\"1790\" data-col-size=\"sm\">Material<\/td>\n<td data-col-size=\"md\" data-start=\"1790\" data-end=\"1834\">Transparentes PET<\/td>\n<\/tr>\n<tr data-start=\"1835\" data-end=\"1920\">\n<td data-start=\"1835\" data-end=\"1853\" data-col-size=\"sm\">Drucken<\/td>\n<td data-start=\"1853\" data-end=\"1876\" data-col-size=\"sm\">Methoden<\/td>\n<td data-start=\"1876\" data-end=\"1920\" data-col-size=\"md\">Thermotransfer; Siebdruck<\/td>\n<\/tr>\n<tr data-start=\"1921\" data-end=\"2007\">\n<td data-start=\"1921\" data-end=\"1939\" data-col-size=\"sm\">Daten<\/td>\n<td data-col-size=\"sm\" data-start=\"1939\" data-end=\"1962\">Initialisierung<\/td>\n<td data-col-size=\"md\" data-start=\"1962\" data-end=\"2007\">EPC-Kodierung verf\u00fcgbar<\/td>\n<\/tr>\n<tr data-start=\"2008\" data-end=\"2093\">\n<td data-start=\"2008\" data-end=\"2026\" data-col-size=\"sm\">Umfeld<\/td>\n<td data-start=\"2026\" data-end=\"2049\" data-col-size=\"sm\">Betrieb<\/td>\n<td data-col-size=\"md\" data-start=\"2049\" data-end=\"2093\">0\u201360 \u00b0C; 20\u201380% RH<\/td>\n<\/tr>\n<tr data-start=\"2094\" data-end=\"2180\">\n<td data-start=\"2094\" data-end=\"2112\" data-col-size=\"sm\"><\/td>\n<td data-start=\"2112\" data-end=\"2135\" data-col-size=\"sm\">Lagerung<\/td>\n<td data-col-size=\"md\" data-start=\"2135\" data-end=\"2180\">20\u201330 \u00b0C; 20\u201360% RH<\/td>\n<\/tr>\n<tr data-start=\"2181\" data-end=\"2266\">\n<td data-start=\"2181\" data-end=\"2199\" data-col-size=\"sm\">Vorteile<\/td>\n<td data-col-size=\"sm\" data-start=\"2199\" data-end=\"2222\">Highlights<\/td>\n<td data-col-size=\"md\" data-start=\"2222\" data-end=\"2266\">Schnelles Lesen; Mehrfachlesen; R\u00fcckverfolgbarkeit<\/td>\n<\/tr>\n<tr data-start=\"2267\" data-end=\"2352\">\n<td data-start=\"2267\" data-end=\"2285\" data-col-size=\"sm\">Anwendungsf\u00e4lle<\/td>\n<td data-col-size=\"sm\" data-start=\"2285\" data-end=\"2308\">Typische Anwendungen<\/td>\n<td data-col-size=\"md\" data-start=\"2308\" data-end=\"2352\">Rennzeitmessung, Startnummern-\/Schuhkennzeichnung, Anlagen<\/td>\n<\/tr>\n<\/tbody>\n<\/table>\n<\/div>\n<\/div>","protected":false},"excerpt":{"rendered":"<p>Dogbone UHF EPC Gen2 Nassinlay f\u00fcr Marathon-Zeitmessung \u2013 97 \u00d7 27 mm PET-Etikett mit 94 \u00d7 24 mm Dogbone-Antenne, U8-Chip, Druck-\/Codierungsbereit f\u00fcr schnelle Mehrfachleseleistung.<\/p>","protected":false},"featured_media":918,"template":"","meta":{"_gspb_post_css":""},"product_brand":[],"product_cat":[31],"product_tag":[],"class_list":{"0":"post-917","1":"product","2":"type-product","3":"status-publish","4":"has-post-thumbnail","6":"product_cat-rfid-sticker-labels","8":"first","9":"instock","10":"shipping-taxable","11":"purchasable","12":"product-type-simple"},"_links":{"self":[{"href":"https:\/\/www.cxjsmartcard.com\/de\/wp-json\/wp\/v2\/product\/917","targetHints":{"allow":["GET"]}}],"collection":[{"href":"https:\/\/www.cxjsmartcard.com\/de\/wp-json\/wp\/v2\/product"}],"about":[{"href":"https:\/\/www.cxjsmartcard.com\/de\/wp-json\/wp\/v2\/types\/product"}],"wp:featuredmedia":[{"embeddable":true,"href":"https:\/\/www.cxjsmartcard.com\/de\/wp-json\/wp\/v2\/media\/918"}],"wp:attachment":[{"href":"https:\/\/www.cxjsmartcard.com\/de\/wp-json\/wp\/v2\/media?parent=917"}],"wp:term":[{"taxonomy":"product_brand","embeddable":true,"href":"https:\/\/www.cxjsmartcard.com\/de\/wp-json\/wp\/v2\/product_brand?post=917"},{"taxonomy":"product_cat","embeddable":true,"href":"https:\/\/www.cxjsmartcard.com\/de\/wp-json\/wp\/v2\/product_cat?post=917"},{"taxonomy":"product_tag","embeddable":true,"href":"https:\/\/www.cxjsmartcard.com\/de\/wp-json\/wp\/v2\/product_tag?post=917"}],"curies":[{"name":"wp","href":"https:\/\/api.w.org\/{rel}","templated":true}]}}