{"id":906,"date":"2025-11-03T09:11:46","date_gmt":"2025-11-03T09:11:46","guid":{"rendered":"https:\/\/www.cxjsmartcard.com\/?post_type=product&#038;p=906"},"modified":"2025-12-29T01:27:07","modified_gmt":"2025-12-29T01:27:07","slug":"arc-certified-m730-uhf-rfid-clothing-hang-tag","status":"publish","type":"product","link":"https:\/\/www.cxjsmartcard.com\/de\/arc-certified-m730-uhf-rfid-clothing-hang-tag\/","title":{"rendered":"ARC-zertifiziertes M730 UHF RFID-Kleidungsanh\u00e4nger"},"content":{"rendered":"<p data-start=\"57\" data-end=\"327\">ARC-zertifizierte UHF-H\u00e4ngeetiketten mit M730-Chip f\u00fcr schnelles und pr\u00e4zises Tracking von Bekleidung. Sie sind f\u00fcr den Einsatz im Einzelhandel mit hohem Durchsatz konzipiert und erm\u00f6glichen schnelles Mehrfachlesen, verbessern die Bestandsgenauigkeit und st\u00e4rken den Markenschutz entlang der gesamten Lieferkette.<\/p>\n<p data-start=\"329\" data-end=\"347\"><strong data-start=\"329\" data-end=\"345\">Hauptmerkmale<\/strong><\/p>\n<ul data-start=\"348\" data-end=\"673\">\n<li data-start=\"348\" data-end=\"403\">\n<p data-start=\"350\" data-end=\"403\">EPC Gen2 (ISO\/IEC 18000-6C) mit 128-Bit-EPC-Speicher<\/p>\n<\/li>\n<li data-start=\"404\" data-end=\"455\">\n<p data-start=\"406\" data-end=\"455\">ARC-Zertifizierung f\u00fcr die Einhaltung des Einzelhandelsprogramms<\/p>\n<\/li>\n<li data-start=\"456\" data-end=\"521\">\n<p data-start=\"458\" data-end=\"521\">Schnelle, zuverl\u00e4ssige Mehrfachleseleistung in Racks und Kartons<\/p>\n<\/li>\n<li data-start=\"522\" data-end=\"584\">\n<p data-start=\"524\" data-end=\"584\">Anpassbare Oberfl\u00e4chenmaterialien, Gr\u00f6\u00dfen, Druckverfahren und Codierung<\/p>\n<\/li>\n<li data-start=\"585\" data-end=\"673\">\n<p data-start=\"587\" data-end=\"673\">R\u00fcckverfolgbarkeit vom Werk bis zum Gesch\u00e4ft; unterst\u00fctzt Thermotransfer- und Siebdruck<\/p>\n<\/li>\n<\/ul>\n<p data-start=\"675\" data-end=\"816\"><strong data-start=\"675\" data-end=\"691\">Anwendungen<\/strong><br data-start=\"691\" data-end=\"694\" \/>Bestandsmanagement f\u00fcr Bekleidung und Schuhe \u2022 Nachverfolgung der Bekleidungslieferkette \u2022 Einzelhandelsbetrieb f\u00fcr Bekleidung und Markenschutz.<\/p>\n<h2 data-start=\"818\" data-end=\"843\">Tabelle (Spezifikationen)<\/h2>\n<div class=\"_tableContainer_1rjym_1\">\n<div class=\"group _tableWrapper_1rjym_13 flex w-fit flex-col-reverse\" tabindex=\"-1\">\n<table class=\"w-fit min-w-(--thread-content-width)\" data-start=\"845\" data-end=\"2509\">\n<thead data-start=\"845\" data-end=\"955\">\n<tr data-start=\"845\" data-end=\"955\">\n<th data-start=\"845\" data-end=\"863\" data-col-size=\"sm\">Kategorie<\/th>\n<th data-start=\"863\" data-end=\"894\" data-col-size=\"sm\">Parameter<\/th>\n<th data-start=\"894\" data-end=\"955\" data-col-size=\"md\">Wert<\/th>\n<\/tr>\n<\/thead>\n<tbody data-start=\"1067\" data-end=\"2509\">\n<tr data-start=\"1067\" data-end=\"1177\">\n<td data-start=\"1067\" data-end=\"1085\" data-col-size=\"sm\">Produkt<\/td>\n<td data-col-size=\"sm\" data-start=\"1085\" data-end=\"1116\">Name<\/td>\n<td data-col-size=\"md\" data-start=\"1116\" data-end=\"1177\">RFID-Anh\u00e4nger zur Kleiderverfolgung<\/td>\n<\/tr>\n<tr data-start=\"1178\" data-end=\"1288\">\n<td data-start=\"1178\" data-end=\"1196\" data-col-size=\"sm\">IC<\/td>\n<td data-col-size=\"sm\" data-start=\"1196\" data-end=\"1227\">Chip<\/td>\n<td data-col-size=\"md\" data-start=\"1227\" data-end=\"1288\">M730<\/td>\n<\/tr>\n<tr data-start=\"1289\" data-end=\"1399\">\n<td data-start=\"1289\" data-end=\"1307\" data-col-size=\"sm\">RF<\/td>\n<td data-start=\"1307\" data-end=\"1338\" data-col-size=\"sm\">Protokoll<\/td>\n<td data-col-size=\"md\" data-start=\"1338\" data-end=\"1399\">ISO\/IEC 18000-6C, EPCglobal Klasse 1 Gen 2<\/td>\n<\/tr>\n<tr data-start=\"1400\" data-end=\"1510\">\n<td data-start=\"1400\" data-end=\"1418\" data-col-size=\"sm\">Erinnerung<\/td>\n<td data-col-size=\"sm\" data-start=\"1418\" data-end=\"1449\">EPC \/ Benutzer<\/td>\n<td data-col-size=\"md\" data-start=\"1449\" data-end=\"1510\">128 Bit \/ 0 Bit<\/td>\n<\/tr>\n<tr data-start=\"1511\" data-end=\"1621\">\n<td data-start=\"1511\" data-end=\"1529\" data-col-size=\"sm\">Abmessungen<\/td>\n<td data-start=\"1529\" data-end=\"1560\" data-col-size=\"sm\">Etikettengr\u00f6\u00dfe<\/td>\n<td data-start=\"1560\" data-end=\"1621\" data-col-size=\"md\">83 \u00d7 25 mm<\/td>\n<\/tr>\n<tr data-start=\"1622\" data-end=\"1732\">\n<td data-start=\"1622\" data-end=\"1640\" data-col-size=\"sm\">Antenne<\/td>\n<td data-col-size=\"sm\" data-start=\"1640\" data-end=\"1671\">Gr\u00f6\u00dfenoptionen<\/td>\n<td data-col-size=\"md\" data-start=\"1671\" data-end=\"1732\">70 \u00d7 14 mm; 70 \u00d7 10 mm; 50 \u00d7 30 mm<\/td>\n<\/tr>\n<tr data-start=\"1733\" data-end=\"1843\">\n<td data-start=\"1733\" data-end=\"1751\" data-col-size=\"sm\">Materialien<\/td>\n<td data-start=\"1751\" data-end=\"1782\" data-col-size=\"sm\">Oberfl\u00e4chenmaterial<\/td>\n<td data-col-size=\"md\" data-start=\"1782\" data-end=\"1843\">Kunstdruckpapier, PET-, PP-Kunststoffpapier oder kundenspezifisches Papier<\/td>\n<\/tr>\n<tr data-start=\"1844\" data-end=\"1954\">\n<td data-start=\"1844\" data-end=\"1862\" data-col-size=\"sm\">Umfeld<\/td>\n<td data-col-size=\"sm\" data-start=\"1862\" data-end=\"1893\">Betriebstemperatur \/ Luftfeuchtigkeit<\/td>\n<td data-col-size=\"md\" data-start=\"1893\" data-end=\"1954\">0 \u00b0C ~ 60 \u00b0C \/ 20% ~ 80% RH<\/td>\n<\/tr>\n<tr data-start=\"1955\" data-end=\"2065\">\n<td data-start=\"1955\" data-end=\"1973\" data-col-size=\"sm\"><\/td>\n<td data-start=\"1973\" data-end=\"2004\" data-col-size=\"sm\">Lagertemperatur \/ Luftfeuchtigkeit<\/td>\n<td data-col-size=\"md\" data-start=\"2004\" data-end=\"2065\">20 \u00b0C ~ 30 \u00b0C \/ 20% ~ 60% RH<\/td>\n<\/tr>\n<tr data-start=\"2066\" data-end=\"2176\">\n<td data-start=\"2066\" data-end=\"2084\" data-col-size=\"sm\">Drucken<\/td>\n<td data-col-size=\"sm\" data-start=\"2084\" data-end=\"2115\">Methoden<\/td>\n<td data-col-size=\"md\" data-start=\"2115\" data-end=\"2176\">Thermotransfer, Siebdruck<\/td>\n<\/tr>\n<tr data-start=\"2177\" data-end=\"2287\">\n<td data-start=\"2177\" data-end=\"2195\" data-col-size=\"sm\">Personalisierung<\/td>\n<td data-start=\"2195\" data-end=\"2226\" data-col-size=\"sm\">Anpassung<\/td>\n<td data-col-size=\"md\" data-start=\"2226\" data-end=\"2287\">Etikettengr\u00f6\u00dfe, Druck (Logo\/Text\/Grafiken), EPC-Codierung<\/td>\n<\/tr>\n<tr data-start=\"2288\" data-end=\"2398\">\n<td data-start=\"2288\" data-end=\"2306\" data-col-size=\"sm\">Vorteile<\/td>\n<td data-col-size=\"sm\" data-start=\"2306\" data-end=\"2337\">Highlights<\/td>\n<td data-col-size=\"md\" data-start=\"2337\" data-end=\"2398\">Schnelles Lesen, Mehrfachlesen, R\u00fcckverfolgbarkeit von Bekleidung<\/td>\n<\/tr>\n<tr data-start=\"2399\" data-end=\"2509\">\n<td data-start=\"2399\" data-end=\"2417\" data-col-size=\"sm\">Anwendungsf\u00e4lle<\/td>\n<td data-col-size=\"sm\" data-start=\"2417\" data-end=\"2448\">Typische Anwendungen<\/td>\n<td data-col-size=\"md\" data-start=\"2448\" data-end=\"2509\">Bekleidungs- und Schuhbestand, Lieferkette, Einzelhandel<\/td>\n<\/tr>\n<\/tbody>\n<\/table>\n<\/div>\n<\/div>","protected":false},"excerpt":{"rendered":"<p>ARC-zertifiziertes M730 UHF RFID-H\u00e4ngeetikett f\u00fcr Bekleidung \u2013 EPC Gen2 mit 128-Bit-EPC, schneller Mehrfachleseleistung und anpassbaren Materialien, Gr\u00f6\u00dfen, Druck und Codierung.<\/p>","protected":false},"featured_media":908,"template":"","meta":{"_gspb_post_css":""},"product_brand":[],"product_cat":[31],"product_tag":[],"class_list":{"0":"post-906","1":"product","2":"type-product","3":"status-publish","4":"has-post-thumbnail","6":"product_cat-rfid-sticker-labels","8":"first","9":"instock","10":"shipping-taxable","11":"purchasable","12":"product-type-simple"},"_links":{"self":[{"href":"https:\/\/www.cxjsmartcard.com\/de\/wp-json\/wp\/v2\/product\/906","targetHints":{"allow":["GET"]}}],"collection":[{"href":"https:\/\/www.cxjsmartcard.com\/de\/wp-json\/wp\/v2\/product"}],"about":[{"href":"https:\/\/www.cxjsmartcard.com\/de\/wp-json\/wp\/v2\/types\/product"}],"wp:featuredmedia":[{"embeddable":true,"href":"https:\/\/www.cxjsmartcard.com\/de\/wp-json\/wp\/v2\/media\/908"}],"wp:attachment":[{"href":"https:\/\/www.cxjsmartcard.com\/de\/wp-json\/wp\/v2\/media?parent=906"}],"wp:term":[{"taxonomy":"product_brand","embeddable":true,"href":"https:\/\/www.cxjsmartcard.com\/de\/wp-json\/wp\/v2\/product_brand?post=906"},{"taxonomy":"product_cat","embeddable":true,"href":"https:\/\/www.cxjsmartcard.com\/de\/wp-json\/wp\/v2\/product_cat?post=906"},{"taxonomy":"product_tag","embeddable":true,"href":"https:\/\/www.cxjsmartcard.com\/de\/wp-json\/wp\/v2\/product_tag?post=906"}],"curies":[{"name":"wp","href":"https:\/\/api.w.org\/{rel}","templated":true}]}}