{"id":901,"date":"2025-11-03T09:07:10","date_gmt":"2025-11-03T09:07:10","guid":{"rendered":"https:\/\/www.cxjsmartcard.com\/?post_type=product&#038;p=901"},"modified":"2025-12-29T01:27:08","modified_gmt":"2025-12-29T01:27:08","slug":"866-868mhz-u8-rfid-anti-metal-label-etsi","status":"publish","type":"product","link":"https:\/\/www.cxjsmartcard.com\/de\/866-868mhz-u8-rfid-anti-metal-label-etsi\/","title":{"rendered":"866\u2013868MHz U8 RFID-Antimetall-Etikett (ETSI)"},"content":{"rendered":"<p data-start=\"54\" data-end=\"340\">D\u00fcnnes, flexibles UHF-Antimetall-Etikett, abgestimmt auf das ETSI-Band (866\u2013868 MHz). Basierend auf NXP\u00ae UCODE 8\/9 mit PET-Oberfl\u00e4che und integrierter Metallisolierung erm\u00f6glicht es schnelles und zuverl\u00e4ssiges Lesen von Stahlgegenst\u00e4nden und ist gleichzeitig bedruckbar und einfach zu codieren \u2013 ideal f\u00fcr den Einsatz in gro\u00dfen Mengen.<\/p>\n<p data-start=\"342\" data-end=\"371\"><strong data-start=\"342\" data-end=\"369\">Hauptmerkmale und Vorteile<\/strong><\/p>\n<ul data-start=\"372\" data-end=\"835\">\n<li data-start=\"372\" data-end=\"458\">\n<p data-start=\"374\" data-end=\"458\"><strong data-start=\"374\" data-end=\"401\">ETSI-optimierte Leistung:<\/strong> 866\u2013868 MHz, EPCglobal Klasse 1 Gen2 \/ ISO\/IEC 18000-6C<\/p>\n<\/li>\n<li data-start=\"459\" data-end=\"558\">\n<p data-start=\"461\" data-end=\"558\"><strong data-start=\"461\" data-end=\"484\">On-Metal-optimiert:<\/strong> 4 m Ablesbarkeit auf Metall (typisch), 3,5 m auf Kunststoff, 3 m auf Fl\u00fcssigkeitsbeh\u00e4ltern<\/p>\n<\/li>\n<li data-start=\"559\" data-end=\"676\">\n<p data-start=\"561\" data-end=\"676\"><strong data-start=\"561\" data-end=\"577\">Druckfertig:<\/strong> Kompatibel mit industriellen RFID-Druckern (z. B. Sato CL4NX, Zebra ZT410 Silverline, Boside TX3R)<\/p>\n<\/li>\n<li data-start=\"677\" data-end=\"754\">\n<p data-start=\"679\" data-end=\"754\"><strong data-start=\"679\" data-end=\"705\">Flexible Bauweise:<\/strong> Passt sich gekr\u00fcmmten oder unregelm\u00e4\u00dfigen Metalloberfl\u00e4chen an<\/p>\n<\/li>\n<li data-start=\"755\" data-end=\"835\">\n<p data-start=\"757\" data-end=\"835\"><strong data-start=\"757\" data-end=\"777\">Schnelles Mehrfachlesen:<\/strong> Unterst\u00fctzt Massenscanning, R\u00fcckverfolgbarkeit und schnelle Bestandsaufnahme.<\/p>\n<\/li>\n<\/ul>\n<p data-start=\"837\" data-end=\"1033\"><strong data-start=\"837\" data-end=\"853\">Anwendungen<\/strong><br data-start=\"853\" data-end=\"856\" \/>Anlagen und B\u00fcroausstattung f\u00fcr den Innenbereich \u2022 IT-Hardware und Elektronik \u2022 Logistik- und Lagerartikel \u2022 F\u00e4lschungssichere Etiketten f\u00fcr Wertgegenst\u00e4nde \u2022 Metallbeh\u00e4lter, Werkzeuge und Ersatzteile.<\/p>\n<p data-start=\"1035\" data-end=\"1163\"><strong data-start=\"1035\" data-end=\"1060\">Anpassungsoptionen<\/strong><br data-start=\"1060\" data-end=\"1063\" \/>Sondergr\u00f6\u00dfen; Farb-\/Logodruck; Text, Barcode und QR-Code; EPC-Codierung und Dateninitialisierung.<\/p>\n<h2 data-start=\"1165\" data-end=\"1190\">Tabelle (Spezifikationen)<\/h2>\n<div class=\"_tableContainer_1rjym_1\">\n<div class=\"group _tableWrapper_1rjym_13 flex w-fit flex-col-reverse\" tabindex=\"-1\">\n<table class=\"w-fit min-w-(--thread-content-width)\" data-start=\"1192\" data-end=\"2778\">\n<thead data-start=\"1192\" data-end=\"1290\">\n<tr data-start=\"1192\" data-end=\"1290\">\n<th data-start=\"1192\" data-end=\"1210\" data-col-size=\"sm\">Kategorie<\/th>\n<th data-start=\"1210\" data-end=\"1236\" data-col-size=\"sm\">Parameter<\/th>\n<th data-start=\"1236\" data-end=\"1290\" data-col-size=\"md\">Wert<\/th>\n<\/tr>\n<\/thead>\n<tbody data-start=\"1390\" data-end=\"2778\">\n<tr data-start=\"1390\" data-end=\"1487\">\n<td data-start=\"1390\" data-end=\"1408\" data-col-size=\"sm\">Produkt<\/td>\n<td data-start=\"1408\" data-end=\"1434\" data-col-size=\"sm\">Name<\/td>\n<td data-col-size=\"md\" data-start=\"1434\" data-end=\"1487\">866\u2013868 MHz (ETSI) RFID-Antimetall-Etikett<\/td>\n<\/tr>\n<tr data-start=\"1488\" data-end=\"1586\">\n<td data-start=\"1488\" data-end=\"1506\" data-col-size=\"sm\">RF<\/td>\n<td data-col-size=\"sm\" data-start=\"1506\" data-end=\"1532\">Frequenz<\/td>\n<td data-col-size=\"md\" data-start=\"1532\" data-end=\"1586\">866\u2013868 MHz (ETSI UHF)<\/td>\n<\/tr>\n<tr data-start=\"1587\" data-end=\"1685\">\n<td data-start=\"1587\" data-end=\"1605\" data-col-size=\"sm\"><\/td>\n<td data-col-size=\"sm\" data-start=\"1605\" data-end=\"1631\">Protokoll<\/td>\n<td data-col-size=\"md\" data-start=\"1631\" data-end=\"1685\">ISO\/IEC 18000-6C, EPCglobal Klasse 1 Gen 2<\/td>\n<\/tr>\n<tr data-start=\"1686\" data-end=\"1784\">\n<td data-start=\"1686\" data-end=\"1704\" data-col-size=\"sm\">IC-Optionen<\/td>\n<td data-col-size=\"sm\" data-start=\"1704\" data-end=\"1730\">Chip<\/td>\n<td data-col-size=\"md\" data-start=\"1730\" data-end=\"1784\">NXP UCODE 8 \/ UCODE 9<\/td>\n<\/tr>\n<tr data-start=\"1785\" data-end=\"1883\">\n<td data-start=\"1785\" data-end=\"1803\" data-col-size=\"sm\">Erinnerung<\/td>\n<td data-col-size=\"sm\" data-start=\"1803\" data-end=\"1829\">EPC \/ Benutzer<\/td>\n<td data-col-size=\"md\" data-start=\"1829\" data-end=\"1883\">128 Bit \/ 0 Bit<\/td>\n<\/tr>\n<tr data-start=\"1884\" data-end=\"1982\">\n<td data-start=\"1884\" data-end=\"1902\" data-col-size=\"sm\">Mechanik<\/td>\n<td data-col-size=\"sm\" data-start=\"1902\" data-end=\"1928\">Oberfl\u00e4chenmaterial<\/td>\n<td data-col-size=\"md\" data-start=\"1928\" data-end=\"1982\">HAUSTIER<\/td>\n<\/tr>\n<tr data-start=\"1983\" data-end=\"2081\">\n<td data-start=\"1983\" data-end=\"2001\" data-col-size=\"sm\">Abmessungen<\/td>\n<td data-col-size=\"sm\" data-start=\"2001\" data-end=\"2027\">Etikettengr\u00f6\u00dfe (L\u00d7B\u00d7T)<\/td>\n<td data-col-size=\"md\" data-start=\"2027\" data-end=\"2081\">50 \u00d7 15 \u00d7 1,26 mm<\/td>\n<\/tr>\n<tr data-start=\"2082\" data-end=\"2181\">\n<td data-start=\"2082\" data-end=\"2100\" data-col-size=\"sm\">Leistung<\/td>\n<td data-col-size=\"sm\" data-start=\"2100\" data-end=\"2126\">Lesedistanz<\/td>\n<td data-col-size=\"md\" data-start=\"2126\" data-end=\"2181\">4 m (auf Metall); 3,5 m (auf Kunststoff); 3 m (auf Fl\u00fcssigkeit)<\/td>\n<\/tr>\n<tr data-start=\"2182\" data-end=\"2280\">\n<td data-start=\"2182\" data-end=\"2200\" data-col-size=\"sm\">Drucken<\/td>\n<td data-col-size=\"sm\" data-start=\"2200\" data-end=\"2226\">Druckerkompatibilit\u00e4t<\/td>\n<td data-col-size=\"md\" data-start=\"2226\" data-end=\"2280\">Sato CL4NX; Zebra ZT410 Silverline; Boside TX3R<\/td>\n<\/tr>\n<tr data-start=\"2281\" data-end=\"2381\">\n<td data-start=\"2281\" data-end=\"2299\" data-col-size=\"sm\">Personalisierung<\/td>\n<td data-col-size=\"sm\" data-start=\"2299\" data-end=\"2325\">Daten\/Markierung<\/td>\n<td data-col-size=\"md\" data-start=\"2325\" data-end=\"2381\">Text-, Barcode-, QR-Code-, Farb-\/Logodruck; EPC-Codierung<\/td>\n<\/tr>\n<tr data-start=\"2382\" data-end=\"2480\">\n<td data-start=\"2382\" data-end=\"2400\" data-col-size=\"sm\">Umfeld<\/td>\n<td data-start=\"2400\" data-end=\"2426\" data-col-size=\"sm\">Betriebstemperatur<\/td>\n<td data-col-size=\"md\" data-start=\"2426\" data-end=\"2480\">\u221240 bis +85 \u2103<\/td>\n<\/tr>\n<tr data-start=\"2481\" data-end=\"2579\">\n<td data-start=\"2481\" data-end=\"2499\" data-col-size=\"sm\"><\/td>\n<td data-col-size=\"sm\" data-start=\"2499\" data-end=\"2525\">Lagertemperatur<\/td>\n<td data-col-size=\"md\" data-start=\"2525\" data-end=\"2579\">\u221240 bis +85 \u2103<\/td>\n<\/tr>\n<tr data-start=\"2580\" data-end=\"2678\">\n<td data-start=\"2580\" data-end=\"2598\" data-col-size=\"sm\">Vorteile<\/td>\n<td data-col-size=\"sm\" data-start=\"2598\" data-end=\"2624\">Highlights<\/td>\n<td data-col-size=\"md\" data-start=\"2624\" data-end=\"2678\">Flexibles Etikett; Mehrfachlesbarkeit; R\u00fcckverfolgbarkeit<\/td>\n<\/tr>\n<tr data-start=\"2679\" data-end=\"2778\">\n<td data-start=\"2679\" data-end=\"2697\" data-col-size=\"sm\">Anwendungsf\u00e4lle<\/td>\n<td data-col-size=\"sm\" data-start=\"2697\" data-end=\"2723\">Typische Anwendungen<\/td>\n<td data-col-size=\"md\" data-start=\"2723\" data-end=\"2778\">IT-Anlagen, B\u00fcroausstattung, Metallbeh\u00e4lter\/Werkzeuge<\/td>\n<\/tr>\n<\/tbody>\n<\/table>\n<\/div>\n<\/div>","protected":false},"excerpt":{"rendered":"<p>ETSI-optimiertes UHF-Antimetall-Etikett mit UCODE 8\/9 \u2013 4 m Lesbarkeit auf Metall, flexible PET-Konstruktion und drucker-\/codierungsbereit f\u00fcr schnelle Anlagenverfolgung.<\/p>","protected":false},"featured_media":903,"template":"","meta":{"_gspb_post_css":""},"product_brand":[],"product_cat":[31],"product_tag":[],"class_list":{"0":"post-901","1":"product","2":"type-product","3":"status-publish","4":"has-post-thumbnail","6":"product_cat-rfid-sticker-labels","8":"first","9":"instock","10":"shipping-taxable","11":"purchasable","12":"product-type-simple"},"_links":{"self":[{"href":"https:\/\/www.cxjsmartcard.com\/de\/wp-json\/wp\/v2\/product\/901","targetHints":{"allow":["GET"]}}],"collection":[{"href":"https:\/\/www.cxjsmartcard.com\/de\/wp-json\/wp\/v2\/product"}],"about":[{"href":"https:\/\/www.cxjsmartcard.com\/de\/wp-json\/wp\/v2\/types\/product"}],"wp:featuredmedia":[{"embeddable":true,"href":"https:\/\/www.cxjsmartcard.com\/de\/wp-json\/wp\/v2\/media\/903"}],"wp:attachment":[{"href":"https:\/\/www.cxjsmartcard.com\/de\/wp-json\/wp\/v2\/media?parent=901"}],"wp:term":[{"taxonomy":"product_brand","embeddable":true,"href":"https:\/\/www.cxjsmartcard.com\/de\/wp-json\/wp\/v2\/product_brand?post=901"},{"taxonomy":"product_cat","embeddable":true,"href":"https:\/\/www.cxjsmartcard.com\/de\/wp-json\/wp\/v2\/product_cat?post=901"},{"taxonomy":"product_tag","embeddable":true,"href":"https:\/\/www.cxjsmartcard.com\/de\/wp-json\/wp\/v2\/product_tag?post=901"}],"curies":[{"name":"wp","href":"https:\/\/api.w.org\/{rel}","templated":true}]}}