{"id":894,"date":"2025-11-03T09:04:37","date_gmt":"2025-11-03T09:04:37","guid":{"rendered":"https:\/\/www.cxjsmartcard.com\/?post_type=product&#038;p=894"},"modified":"2025-12-29T01:27:08","modified_gmt":"2025-12-29T01:27:08","slug":"nfc-coin-on-metal-rfid-tag","status":"publish","type":"product","link":"https:\/\/www.cxjsmartcard.com\/de\/nfc-coin-on-metal-rfid-tag\/","title":{"rendered":"NFC-M\u00fcnze auf Metall RFID-Tag"},"content":{"rendered":"<p data-start=\"38\" data-end=\"337\">Dieser NFC-M\u00fcnzanh\u00e4nger aus PVC mit Metalloberfl\u00e4che ist f\u00fcr die Anbringung an Stahl und anderen leitf\u00e4higen Oberfl\u00e4chen konzipiert. Die integrierte Antimetall-Barriere gew\u00e4hrleistet die Leseleistung, w\u00e4hrend der hochklebende 3M-Klebstoff eine starke Verbindung auf Metall und Kunststoffen mit niedriger Oberfl\u00e4chenenergie herstellt. Voll kompatibel mit NFC-f\u00e4higen Smartphones.<\/p>\n<p data-start=\"339\" data-end=\"518\"><strong data-start=\"339\" data-end=\"360\">Konstruktion &amp; Materialien<\/strong><br data-start=\"360\" data-end=\"363\" \/>PVC-Deckschicht mit Antimetallbarriere und optionalem 3M9080-Klebstoff. 30 mm Durchmesser, 1 mm Dicke \u2013 kompakt genug f\u00fcr Werkzeuge, Regale und Maschinengeh\u00e4use.<\/p>\n<p data-start=\"520\" data-end=\"538\"><strong data-start=\"520\" data-end=\"536\">Hauptmerkmale<\/strong><\/p>\n<ul data-start=\"539\" data-end=\"863\">\n<li data-start=\"539\" data-end=\"595\">\n<p data-start=\"541\" data-end=\"595\">Funktioniert dank integrierter Antimetallschicht auf Metall.<\/p>\n<\/li>\n<li data-start=\"596\" data-end=\"649\">\n<p data-start=\"598\" data-end=\"649\">Wasserdichter\/wetterfester Mini-Hartetiketten-Formfaktor<\/p>\n<\/li>\n<li data-start=\"650\" data-end=\"692\">\n<p data-start=\"652\" data-end=\"692\">Vom Smartphone lesbar (ISO 14443A, 13,56 MHz)<\/p>\n<\/li>\n<li data-start=\"693\" data-end=\"732\">\n<p data-start=\"695\" data-end=\"732\">Optionale laserge\u00e4tzte ID auf der Oberfl\u00e4che<\/p>\n<\/li>\n<li data-start=\"733\" data-end=\"789\">\n<p data-start=\"735\" data-end=\"789\">Individueller Druck: Vollfarbgrafiken, QR-Codes, Serien-\/ID-Kennzeichnung<\/p>\n<\/li>\n<li data-start=\"790\" data-end=\"863\">\n<p data-start=\"792\" data-end=\"863\">Breitere Plattformverf\u00fcgbarkeit auf Anfrage (LF 125 kHz \/ UHF 860\u2013960 MHz)<\/p>\n<\/li>\n<\/ul>\n<p data-start=\"865\" data-end=\"1040\"><strong data-start=\"865\" data-end=\"881\">Anwendungen<\/strong><br data-start=\"881\" data-end=\"884\" \/>Anlagen- und Werkzeugkennzeichnung auf Metall \u2022 Lagerregale und -beh\u00e4lter \u2022 IT-Racks und -Geh\u00e4use \u2022 Service-Checkpoints f\u00fcr Ger\u00e4te \u2022 Kundenkontaktpunkte (URL\/NDEF-Einf\u00fchrung).<\/p>\n<p data-start=\"1042\" data-end=\"1204\"><strong data-start=\"1042\" data-end=\"1054\">Montage<\/strong><br data-start=\"1054\" data-end=\"1057\" \/>Einfach abziehen und mit hochklebendem Klebstoff auf sauberen, trockenen Oberfl\u00e4chen anbringen. F\u00fcr gebogene oder stark beanspruchte Bereiche empfiehlt sich eine mechanische Befestigung oder der Einsatz industrieller Varianten.<\/p>\n<h2 data-start=\"1206\" data-end=\"1231\">Tabelle (Spezifikationen)<\/h2>\n<div class=\"_tableContainer_1rjym_1\">\n<div class=\"group _tableWrapper_1rjym_13 flex w-fit flex-col-reverse\" tabindex=\"-1\">\n<table class=\"w-fit min-w-(--thread-content-width)\" data-start=\"1233\" data-end=\"2692\">\n<thead data-start=\"1233\" data-end=\"1329\">\n<tr data-start=\"1233\" data-end=\"1329\">\n<th data-start=\"1233\" data-end=\"1251\" data-col-size=\"sm\">Kategorie<\/th>\n<th data-start=\"1251\" data-end=\"1274\" data-col-size=\"sm\">Parameter<\/th>\n<th data-start=\"1274\" data-end=\"1329\" data-col-size=\"md\">Wert<\/th>\n<\/tr>\n<\/thead>\n<tbody data-start=\"1427\" data-end=\"2692\">\n<tr data-start=\"1427\" data-end=\"1523\">\n<td data-start=\"1427\" data-end=\"1445\" data-col-size=\"sm\">Produkt<\/td>\n<td data-col-size=\"sm\" data-start=\"1445\" data-end=\"1468\">Typ<\/td>\n<td data-col-size=\"md\" data-start=\"1468\" data-end=\"1523\">NFC-M\u00fcnze auf Metall-PVC-Scheibe<\/td>\n<\/tr>\n<tr data-start=\"1524\" data-end=\"1620\">\n<td data-start=\"1524\" data-end=\"1542\" data-col-size=\"sm\">Materialien<\/td>\n<td data-col-size=\"sm\" data-start=\"1542\" data-end=\"1565\">Stapel<\/td>\n<td data-col-size=\"md\" data-start=\"1565\" data-end=\"1620\">PVC + Antimetallbarriere + optionaler 3M9080-Klebstoff<\/td>\n<\/tr>\n<tr data-start=\"1621\" data-end=\"1717\">\n<td data-start=\"1621\" data-end=\"1639\" data-col-size=\"sm\">Abmessungen<\/td>\n<td data-start=\"1639\" data-end=\"1662\" data-col-size=\"sm\">Gr\u00f6\u00dfe<\/td>\n<td data-col-size=\"md\" data-start=\"1662\" data-end=\"1717\">\u00d830 mm \u00d7 1 mm<\/td>\n<\/tr>\n<tr data-start=\"1718\" data-end=\"1814\">\n<td data-start=\"1718\" data-end=\"1736\" data-col-size=\"sm\">RF<\/td>\n<td data-start=\"1736\" data-end=\"1759\" data-col-size=\"sm\">Schnittstelle\/Standard<\/td>\n<td data-start=\"1759\" data-end=\"1814\" data-col-size=\"md\">ISO 14443A (HF 13,56 MHz)<\/td>\n<\/tr>\n<tr data-start=\"1815\" data-end=\"1911\">\n<td data-start=\"1815\" data-end=\"1833\" data-col-size=\"sm\">Chipoptionen<\/td>\n<td data-col-size=\"sm\" data-start=\"1833\" data-end=\"1856\">ICs<\/td>\n<td data-col-size=\"md\" data-start=\"1856\" data-end=\"1911\">NTAG\u00ae 213 \/ NTAG\u00ae 215 \/ NTAG\u00ae 216<\/td>\n<\/tr>\n<tr data-start=\"1912\" data-end=\"2008\">\n<td data-start=\"1912\" data-end=\"1930\" data-col-size=\"sm\">Erinnerung<\/td>\n<td data-col-size=\"sm\" data-start=\"1930\" data-end=\"1953\">Benutzerkapazit\u00e4t<\/td>\n<td data-col-size=\"md\" data-start=\"1953\" data-end=\"2008\">144 \/ 504 \/ 888 Bytes (chipabh\u00e4ngig)<\/td>\n<\/tr>\n<tr data-start=\"2009\" data-end=\"2105\">\n<td data-start=\"2009\" data-end=\"2027\" data-col-size=\"sm\">Drucken<\/td>\n<td data-col-size=\"sm\" data-start=\"2027\" data-end=\"2050\">Personalisierung<\/td>\n<td data-col-size=\"md\" data-start=\"2050\" data-end=\"2105\">Vollfarbdruck, QR-Code, Seriennummer\/ID (optional)<\/td>\n<\/tr>\n<tr data-start=\"2106\" data-end=\"2202\">\n<td data-start=\"2106\" data-end=\"2124\" data-col-size=\"sm\">Lesbarkeit<\/td>\n<td data-col-size=\"sm\" data-start=\"2124\" data-end=\"2147\">Ger\u00e4te<\/td>\n<td data-col-size=\"md\" data-start=\"2147\" data-end=\"2202\">NFC-Smartphones und ISO 14443A-Leseger\u00e4te<\/td>\n<\/tr>\n<tr data-start=\"2203\" data-end=\"2299\">\n<td data-start=\"2203\" data-end=\"2221\" data-col-size=\"sm\">Auf Metall<\/td>\n<td data-col-size=\"sm\" data-start=\"2221\" data-end=\"2244\">Barriere<\/td>\n<td data-col-size=\"md\" data-start=\"2244\" data-end=\"2299\">Integrierte Antimetallschicht<\/td>\n<\/tr>\n<tr data-start=\"2300\" data-end=\"2396\">\n<td data-start=\"2300\" data-end=\"2318\" data-col-size=\"sm\">Klebstoff<\/td>\n<td data-start=\"2318\" data-end=\"2341\" data-col-size=\"sm\">Unterst\u00fctzung<\/td>\n<td data-col-size=\"md\" data-start=\"2341\" data-end=\"2396\">Hochklebend 3M9080<\/td>\n<\/tr>\n<tr data-start=\"2397\" data-end=\"2498\">\n<td data-start=\"2397\" data-end=\"2415\" data-col-size=\"sm\">Schutz<\/td>\n<td data-col-size=\"sm\" data-start=\"2415\" data-end=\"2438\">Attribute<\/td>\n<td data-col-size=\"md\" data-start=\"2438\" data-end=\"2498\">Wasserdicht \/ wetterfest (auch f\u00fcr industrielle Anwendungen geeignet)<\/td>\n<\/tr>\n<tr data-start=\"2499\" data-end=\"2595\">\n<td data-start=\"2499\" data-end=\"2517\" data-col-size=\"sm\">Optionen<\/td>\n<td data-start=\"2517\" data-end=\"2540\" data-col-size=\"sm\">Andere Frequenzen<\/td>\n<td data-col-size=\"md\" data-start=\"2540\" data-end=\"2595\">125 kHz LF oder 860\u2013960 MHz UHF (auf Anfrage)<\/td>\n<\/tr>\n<tr data-start=\"2596\" data-end=\"2692\">\n<td data-start=\"2596\" data-end=\"2614\" data-col-size=\"sm\">Farben<\/td>\n<td data-start=\"2614\" data-end=\"2637\" data-col-size=\"sm\">Oberfl\u00e4che<\/td>\n<td data-col-size=\"md\" data-start=\"2637\" data-end=\"2692\">Blanko oder individuell bedruckt<\/td>\n<\/tr>\n<\/tbody>\n<\/table>\n<\/div>\n<\/div>","protected":false},"excerpt":{"rendered":"<p>30 mm PVC NFC-M\u00fcnzanh\u00e4nger mit Antimetallbarriere und hochklebendem 3M-Klebstoff \u2013 funktioniert auf Stahl, lesbar mit dem Smartphone (ISO 14443A), wasserdicht\/wetterfest, mit individuellen Druckoptionen.<\/p>","protected":false},"featured_media":899,"template":"","meta":{"_gspb_post_css":""},"product_brand":[],"product_cat":[24,27],"product_tag":[],"class_list":{"0":"post-894","1":"product","2":"type-product","3":"status-publish","4":"has-post-thumbnail","6":"product_cat-rfid-tags","7":"product_cat-rfid-patrol-tags","9":"first","10":"instock","11":"shipping-taxable","12":"purchasable","13":"product-type-simple"},"_links":{"self":[{"href":"https:\/\/www.cxjsmartcard.com\/de\/wp-json\/wp\/v2\/product\/894","targetHints":{"allow":["GET"]}}],"collection":[{"href":"https:\/\/www.cxjsmartcard.com\/de\/wp-json\/wp\/v2\/product"}],"about":[{"href":"https:\/\/www.cxjsmartcard.com\/de\/wp-json\/wp\/v2\/types\/product"}],"wp:featuredmedia":[{"embeddable":true,"href":"https:\/\/www.cxjsmartcard.com\/de\/wp-json\/wp\/v2\/media\/899"}],"wp:attachment":[{"href":"https:\/\/www.cxjsmartcard.com\/de\/wp-json\/wp\/v2\/media?parent=894"}],"wp:term":[{"taxonomy":"product_brand","embeddable":true,"href":"https:\/\/www.cxjsmartcard.com\/de\/wp-json\/wp\/v2\/product_brand?post=894"},{"taxonomy":"product_cat","embeddable":true,"href":"https:\/\/www.cxjsmartcard.com\/de\/wp-json\/wp\/v2\/product_cat?post=894"},{"taxonomy":"product_tag","embeddable":true,"href":"https:\/\/www.cxjsmartcard.com\/de\/wp-json\/wp\/v2\/product_tag?post=894"}],"curies":[{"name":"wp","href":"https:\/\/api.w.org\/{rel}","templated":true}]}}