{"id":873,"date":"2025-11-03T08:55:50","date_gmt":"2025-11-03T08:55:50","guid":{"rendered":"https:\/\/www.cxjsmartcard.com\/?post_type=product&#038;p=873"},"modified":"2025-12-29T01:27:08","modified_gmt":"2025-12-29T01:27:08","slug":"rewritable-long-range-abs-uhf-rfid-anti-metal-tag","status":"publish","type":"product","link":"https:\/\/www.cxjsmartcard.com\/de\/rewritable-long-range-abs-uhf-rfid-anti-metal-tag\/","title":{"rendered":"Wiederbeschreibbarer ABS-UHF-RFID-Antimetall-Tag mit gro\u00dfer Reichweite"},"content":{"rendered":"<p data-start=\"61\" data-end=\"323\">Robuster ABS-UHF-Antimetall-Tag, optimiert f\u00fcr die Montage auf Metallgegenst\u00e4nden. Entwickelt f\u00fcr gro\u00dfe Entfernungen und raue Umgebungsbedingungen, bietet er stabile Leistung auf leitf\u00e4higen Oberfl\u00e4chen f\u00fcr Zutrittskontrolle, Logistik, Bestandsverwaltung und die Verfolgung industrieller Anlagen.<\/p>\n<p data-start=\"325\" data-end=\"343\"><strong data-start=\"325\" data-end=\"341\">Wichtigste Vorteile<\/strong><\/p>\n<ul data-start=\"344\" data-end=\"715\">\n<li data-start=\"344\" data-end=\"413\">\n<p data-start=\"346\" data-end=\"413\"><strong data-start=\"346\" data-end=\"361\">Gro\u00dfe Reichweite:<\/strong> 6\u201312 m (abh\u00e4ngig von Leseger\u00e4t\/Antenne und Umgebung)<\/p>\n<\/li>\n<li data-start=\"414\" data-end=\"487\">\n<p data-start=\"416\" data-end=\"487\"><strong data-start=\"416\" data-end=\"441\">Leistung auf Metall:<\/strong> Die innere Struktur ist auf Metalloberfl\u00e4chen abgestimmt.<\/p>\n<\/li>\n<li data-start=\"488\" data-end=\"557\">\n<p data-start=\"490\" data-end=\"557\"><strong data-start=\"490\" data-end=\"512\">Wiederbeschreibbarer Speicher:<\/strong> Daten w\u00e4hrend des gesamten Lebenszyklus der Anlage aktualisieren<\/p>\n<\/li>\n<li data-start=\"558\" data-end=\"651\">\n<p data-start=\"560\" data-end=\"651\"><strong data-start=\"560\" data-end=\"577\">Wetterfest:<\/strong> Wasserdichtes\/wetterfestes ABS-Geh\u00e4use in kompakter \u201cMini-Tag\u201d-Form<\/p>\n<\/li>\n<li data-start=\"652\" data-end=\"715\">\n<p data-start=\"654\" data-end=\"715\"><strong data-start=\"654\" data-end=\"674\">Standards-f\u00e4hig:<\/strong> EPC C1G2 \/ ISO\/IEC 18000-6C, 860\u2013960 MHz<\/p>\n<\/li>\n<\/ul>\n<p data-start=\"717\" data-end=\"865\"><strong data-start=\"717\" data-end=\"733\">Anwendungen<\/strong><br data-start=\"733\" data-end=\"736\" \/>Zutrittskontrolle und Tore \u2022 Verfolgung von Metallwerkzeugen und -ger\u00e4ten \u2022 Hotel- und Anlagenbetrieb \u2022 Logistik und Lagerbestandsf\u00fchrung.<\/p>\n<p data-start=\"867\" data-end=\"1105\"><strong data-start=\"867\" data-end=\"875\">H\u00e4ufig gestellte Fragen<\/strong><br data-start=\"875\" data-end=\"878\" \/><strong data-start=\"878\" data-end=\"924\">Frage 1: Kann es Werkzeuge und Vorrichtungen aus Metall erfassen?<\/strong> Ja \u2013 speziell f\u00fcr den Einsatz auf Metall entwickelt.<br data-start=\"957\" data-end=\"960\" \/><strong data-start=\"960\" data-end=\"985\">Frage 2: Ist es \u00fcberschreibbar?<\/strong> Ja \u2013 unterst\u00fctzt Datenaktualisierungen im Laufe der Zeit.<br data-start=\"1022\" data-end=\"1025\" \/><strong data-start=\"1025\" data-end=\"1055\">Frage 3: Sind Muster verf\u00fcgbar?<\/strong> Ja \u2013 Musterpakete sind f\u00fcr Pilotversuche erh\u00e4ltlich.<\/p>\n<h2 data-start=\"1107\" data-end=\"1132\">Tabelle (Spezifikationen)<\/h2>\n<div class=\"_tableContainer_1rjym_1\">\n<div class=\"group _tableWrapper_1rjym_13 flex w-fit flex-col-reverse\" tabindex=\"-1\">\n<table class=\"w-fit min-w-(--thread-content-width)\" data-start=\"1134\" data-end=\"2492\">\n<thead data-start=\"1134\" data-end=\"1231\">\n<tr data-start=\"1134\" data-end=\"1231\">\n<th data-start=\"1134\" data-end=\"1156\" data-col-size=\"sm\">Kategorie<\/th>\n<th data-start=\"1156\" data-end=\"1181\" data-col-size=\"sm\">Parameter<\/th>\n<th data-start=\"1181\" data-end=\"1231\" data-col-size=\"md\">Wert<\/th>\n<\/tr>\n<\/thead>\n<tbody data-start=\"1329\" data-end=\"2492\">\n<tr data-start=\"1329\" data-end=\"1425\">\n<td data-start=\"1329\" data-end=\"1350\" data-col-size=\"sm\">Produkt<\/td>\n<td data-col-size=\"sm\" data-start=\"1350\" data-end=\"1375\">Name<\/td>\n<td data-col-size=\"md\" data-start=\"1375\" data-end=\"1425\">Wiederbeschreibbarer UHF-Anti-Metall-Tag (Mini)<\/td>\n<\/tr>\n<tr data-start=\"1426\" data-end=\"1522\">\n<td data-start=\"1426\" data-end=\"1447\" data-col-size=\"sm\">IC-Optionen<\/td>\n<td data-col-size=\"sm\" data-start=\"1447\" data-end=\"1472\">Chip<\/td>\n<td data-col-size=\"md\" data-start=\"1472\" data-end=\"1522\">Higgs 9; kundenspezifische Optionen (Impinj\/Monza-Familien)<\/td>\n<\/tr>\n<tr data-start=\"1523\" data-end=\"1619\">\n<td data-start=\"1523\" data-end=\"1544\" data-col-size=\"sm\">RF<\/td>\n<td data-start=\"1544\" data-end=\"1569\" data-col-size=\"sm\">Frequenz<\/td>\n<td data-col-size=\"md\" data-start=\"1569\" data-end=\"1619\">860\u2013960 MHz<\/td>\n<\/tr>\n<tr data-start=\"1620\" data-end=\"1716\">\n<td data-start=\"1620\" data-end=\"1641\" data-col-size=\"sm\"><\/td>\n<td data-col-size=\"sm\" data-start=\"1641\" data-end=\"1666\">Protokoll<\/td>\n<td data-col-size=\"md\" data-start=\"1666\" data-end=\"1716\">ISO\/IEC 18000-6C; EPC Klasse 1 Gen 2<\/td>\n<\/tr>\n<tr data-start=\"1717\" data-end=\"1813\">\n<td data-start=\"1717\" data-end=\"1738\" data-col-size=\"sm\">Leistung<\/td>\n<td data-col-size=\"sm\" data-start=\"1738\" data-end=\"1763\">Leseentfernung<\/td>\n<td data-col-size=\"md\" data-start=\"1763\" data-end=\"1813\">6\u201312 m (abh\u00e4ngig von Leseger\u00e4t\/Antenne\/Umgebung)<\/td>\n<\/tr>\n<tr data-start=\"1814\" data-end=\"1910\">\n<td data-start=\"1814\" data-end=\"1835\" data-col-size=\"sm\">Mechanik<\/td>\n<td data-col-size=\"sm\" data-start=\"1835\" data-end=\"1860\">Geh\u00e4usematerial<\/td>\n<td data-col-size=\"md\" data-start=\"1860\" data-end=\"1910\">ABS in Industriequalit\u00e4t<\/td>\n<\/tr>\n<tr data-start=\"1911\" data-end=\"2007\">\n<td data-start=\"1911\" data-end=\"1932\" data-col-size=\"sm\">Schutz<\/td>\n<td data-col-size=\"sm\" data-start=\"1932\" data-end=\"1957\">Umwelt<\/td>\n<td data-col-size=\"md\" data-start=\"1957\" data-end=\"2007\">Wasserdicht \/ Wetterfest<\/td>\n<\/tr>\n<tr data-start=\"2008\" data-end=\"2104\">\n<td data-start=\"2008\" data-end=\"2029\" data-col-size=\"sm\">Schnittstelle<\/td>\n<td data-col-size=\"sm\" data-start=\"2029\" data-end=\"2054\">Kommunikation<\/td>\n<td data-col-size=\"md\" data-start=\"2054\" data-end=\"2104\">Passive UHF-RFID<\/td>\n<\/tr>\n<tr data-start=\"2105\" data-end=\"2201\">\n<td data-start=\"2105\" data-end=\"2126\" data-col-size=\"sm\">Formfaktor<\/td>\n<td data-start=\"2126\" data-end=\"2151\" data-col-size=\"sm\">Typ<\/td>\n<td data-start=\"2151\" data-end=\"2201\" data-col-size=\"md\">Mini-Metallanh\u00e4nger<\/td>\n<\/tr>\n<tr data-start=\"2202\" data-end=\"2298\">\n<td data-start=\"2202\" data-end=\"2223\" data-col-size=\"sm\">Verpackung<\/td>\n<td data-col-size=\"sm\" data-start=\"2223\" data-end=\"2248\">Liefern<\/td>\n<td data-col-size=\"md\" data-start=\"2248\" data-end=\"2298\">Verpackungskartons<\/td>\n<\/tr>\n<tr data-start=\"2299\" data-end=\"2395\">\n<td data-start=\"2299\" data-end=\"2320\" data-col-size=\"sm\">Herkunft<\/td>\n<td data-col-size=\"sm\" data-start=\"2320\" data-end=\"2345\">Herkunftsort<\/td>\n<td data-col-size=\"md\" data-start=\"2345\" data-end=\"2395\">Guangdong, China<\/td>\n<\/tr>\n<tr data-start=\"2396\" data-end=\"2492\">\n<td data-start=\"2396\" data-end=\"2417\" data-col-size=\"sm\">Anwendungen<\/td>\n<td data-col-size=\"sm\" data-start=\"2417\" data-end=\"2442\">Typische Anwendungsf\u00e4lle<\/td>\n<td data-col-size=\"md\" data-start=\"2442\" data-end=\"2492\">Zugangskontrolle, Hotel, Logistik, Inventar<\/td>\n<\/tr>\n<\/tbody>\n<\/table>\n<\/div>\n<\/div>","protected":false},"excerpt":{"rendered":"<p>Wiederbeschreibbarer ABS-UHF-Antimetall-Tag mit gro\u00dfer Reichweite (6\u201312 m) f\u00fcr Metallgegenst\u00e4nde \u2013 EPC Gen2\/ISO 18000-6C, wasserdichtes\/wetterfestes Geh\u00e4use und kompakte Bauform f\u00fcr die industrielle Nachverfolgung.<\/p>","protected":false},"featured_media":876,"template":"","meta":{"_gspb_post_css":""},"product_brand":[],"product_cat":[24,26],"product_tag":[],"class_list":{"0":"post-873","1":"product","2":"type-product","3":"status-publish","4":"has-post-thumbnail","6":"product_cat-rfid-tags","7":"product_cat-anti-metal-abs-uhf-rfid-tags","9":"first","10":"instock","11":"shipping-taxable","12":"purchasable","13":"product-type-simple"},"_links":{"self":[{"href":"https:\/\/www.cxjsmartcard.com\/de\/wp-json\/wp\/v2\/product\/873","targetHints":{"allow":["GET"]}}],"collection":[{"href":"https:\/\/www.cxjsmartcard.com\/de\/wp-json\/wp\/v2\/product"}],"about":[{"href":"https:\/\/www.cxjsmartcard.com\/de\/wp-json\/wp\/v2\/types\/product"}],"wp:featuredmedia":[{"embeddable":true,"href":"https:\/\/www.cxjsmartcard.com\/de\/wp-json\/wp\/v2\/media\/876"}],"wp:attachment":[{"href":"https:\/\/www.cxjsmartcard.com\/de\/wp-json\/wp\/v2\/media?parent=873"}],"wp:term":[{"taxonomy":"product_brand","embeddable":true,"href":"https:\/\/www.cxjsmartcard.com\/de\/wp-json\/wp\/v2\/product_brand?post=873"},{"taxonomy":"product_cat","embeddable":true,"href":"https:\/\/www.cxjsmartcard.com\/de\/wp-json\/wp\/v2\/product_cat?post=873"},{"taxonomy":"product_tag","embeddable":true,"href":"https:\/\/www.cxjsmartcard.com\/de\/wp-json\/wp\/v2\/product_tag?post=873"}],"curies":[{"name":"wp","href":"https:\/\/api.w.org\/{rel}","templated":true}]}}