{"id":868,"date":"2025-11-03T08:53:46","date_gmt":"2025-11-03T08:53:46","guid":{"rendered":"https:\/\/www.cxjsmartcard.com\/?post_type=product&#038;p=868"},"modified":"2025-12-29T01:27:08","modified_gmt":"2025-12-29T01:27:08","slug":"860-960mhz-uhf-anti-metal-abs-rfid-tag","status":"publish","type":"product","link":"https:\/\/www.cxjsmartcard.com\/de\/860-960mhz-uhf-anti-metal-abs-rfid-tag\/","title":{"rendered":"860\u2013960 MHz UHF Anti-Metall ABS RFID-Tag"},"content":{"rendered":"<p data-start=\"50\" data-end=\"354\">Robuster UHF-Antimetall-Tag, speziell entwickelt f\u00fcr Metallgegenst\u00e4nde, Paletten und Ger\u00e4te. Das ABS-Geh\u00e4use mit interner Polsterung gew\u00e4hrleistet zuverl\u00e4ssige Lesbarkeit auf Metall und ist gleichzeitig best\u00e4ndig gegen Wasser, St\u00f6\u00dfe und Chemikalien. Die typische Lesereichweite betr\u00e4gt bis zu 8 m in abgestimmten UHF-Systemen (abh\u00e4ngig von Umgebung und Leseger\u00e4t).<\/p>\n<p data-start=\"356\" data-end=\"374\"><strong data-start=\"356\" data-end=\"372\">Hauptmerkmale<\/strong><\/p>\n<ul data-start=\"375\" data-end=\"713\">\n<li data-start=\"375\" data-end=\"427\">\n<p data-start=\"377\" data-end=\"427\">860\u2013960 MHz, EPC Klasse 1 Gen2 (ISO\/IEC 18000-6C)<\/p>\n<\/li>\n<li data-start=\"428\" data-end=\"495\">\n<p data-start=\"430\" data-end=\"495\">ABS + interne Schwammstruktur; wasserdicht\/wetterfest (IP65)<\/p>\n<\/li>\n<li data-start=\"496\" data-end=\"539\">\n<p data-start=\"498\" data-end=\"539\">Bis zu 8 m Lesereichweite; Multi-Tag-Lesen<\/p>\n<\/li>\n<li data-start=\"540\" data-end=\"590\">\n<p data-start=\"542\" data-end=\"590\">Chipoptionen: Alien H3; Impinj M4D\/M4E\/M4QT\/M5<\/p>\n<\/li>\n<li data-start=\"591\" data-end=\"642\">\n<p data-start=\"593\" data-end=\"642\">Mindestens 100.000 Schreibzyklen; Datenaufbewahrung &gt;10 Jahre<\/p>\n<\/li>\n<li data-start=\"643\" data-end=\"713\">\n<p data-start=\"645\" data-end=\"713\">Montage mit Schrauben oder Industriekleber; unterst\u00fctzt Bedrucken\/Codieren<\/p>\n<\/li>\n<\/ul>\n<p data-start=\"715\" data-end=\"859\"><strong data-start=\"715\" data-end=\"731\">Anwendungen<\/strong><br data-start=\"731\" data-end=\"734\" \/>Lager- und Palettenverfolgung \u2022 Industrieanlagenmanagement \u2022 Regal- und Ger\u00e4tekennzeichnung \u2022 Verfolgung metallischer Au\u00dfenanlagen.<\/p>\n<h2 data-start=\"861\" data-end=\"886\">Tabelle (Spezifikationen)<\/h2>\n<div class=\"_tableContainer_1rjym_1\">\n<div class=\"group _tableWrapper_1rjym_13 flex w-fit flex-col-reverse\" tabindex=\"-1\">\n<table class=\"w-fit min-w-(--thread-content-width)\" data-start=\"888\" data-end=\"3241\">\n<thead data-start=\"888\" data-end=\"999\">\n<tr data-start=\"888\" data-end=\"999\">\n<th data-start=\"888\" data-end=\"910\" data-col-size=\"sm\">Kategorie<\/th>\n<th data-start=\"910\" data-end=\"934\" data-col-size=\"sm\">Parameter<\/th>\n<th data-start=\"934\" data-end=\"999\" data-col-size=\"md\">Wert<\/th>\n<\/tr>\n<\/thead>\n<tbody data-start=\"1112\" data-end=\"3241\">\n<tr data-start=\"1112\" data-end=\"1223\">\n<td data-start=\"1112\" data-end=\"1134\" data-col-size=\"sm\">Produkt<\/td>\n<td data-col-size=\"sm\" data-start=\"1134\" data-end=\"1158\">Name<\/td>\n<td data-col-size=\"md\" data-start=\"1158\" data-end=\"1223\">ABS UHF Anti-Metall RFID-Tag<\/td>\n<\/tr>\n<tr data-start=\"1224\" data-end=\"1335\">\n<td data-start=\"1224\" data-end=\"1246\" data-col-size=\"sm\">RF<\/td>\n<td data-col-size=\"sm\" data-start=\"1246\" data-end=\"1270\">Frequenz<\/td>\n<td data-col-size=\"md\" data-start=\"1270\" data-end=\"1335\">860\u2013960 MHz (UHF); optionale 13,56-MHz-Variante<\/td>\n<\/tr>\n<tr data-start=\"1336\" data-end=\"1447\">\n<td data-start=\"1336\" data-end=\"1358\" data-col-size=\"sm\"><\/td>\n<td data-col-size=\"sm\" data-start=\"1358\" data-end=\"1382\">Protokoll<\/td>\n<td data-col-size=\"md\" data-start=\"1382\" data-end=\"1447\">EPC Klasse 1 Gen2 \/ ISO\/IEC 18000-6C<\/td>\n<\/tr>\n<tr data-start=\"1448\" data-end=\"1559\">\n<td data-start=\"1448\" data-end=\"1470\" data-col-size=\"sm\">IC-Optionen<\/td>\n<td data-col-size=\"sm\" data-start=\"1470\" data-end=\"1494\">Chips<\/td>\n<td data-col-size=\"md\" data-start=\"1494\" data-end=\"1559\">Au\u00dferirdischer H3; Impinj M4D\/M4E\/M4QT\/M5<\/td>\n<\/tr>\n<tr data-start=\"1560\" data-end=\"1671\">\n<td data-start=\"1560\" data-end=\"1582\" data-col-size=\"sm\">Antenne<\/td>\n<td data-col-size=\"sm\" data-start=\"1582\" data-end=\"1606\">Typ<\/td>\n<td data-col-size=\"md\" data-start=\"1606\" data-end=\"1671\">Aluminium ge\u00e4tzt<\/td>\n<\/tr>\n<tr data-start=\"1672\" data-end=\"1783\">\n<td data-start=\"1672\" data-end=\"1694\" data-col-size=\"sm\">Mechanik<\/td>\n<td data-col-size=\"sm\" data-start=\"1694\" data-end=\"1718\">Geh\u00e4usematerial<\/td>\n<td data-col-size=\"md\" data-start=\"1718\" data-end=\"1783\">ABS + Gelatineschwamm<\/td>\n<\/tr>\n<tr data-start=\"1784\" data-end=\"1895\">\n<td data-start=\"1784\" data-end=\"1806\" data-col-size=\"sm\">Abmessungen<\/td>\n<td data-col-size=\"sm\" data-start=\"1806\" data-end=\"1830\">Gr\u00f6\u00dfe<\/td>\n<td data-col-size=\"md\" data-start=\"1830\" data-end=\"1895\">125 \u00d7 21,5 \u00d7 12,5 mm (anpassbar)<\/td>\n<\/tr>\n<tr data-start=\"1896\" data-end=\"2007\">\n<td data-start=\"1896\" data-end=\"1918\" data-col-size=\"sm\">Leistung<\/td>\n<td data-col-size=\"sm\" data-start=\"1918\" data-end=\"1942\">Lesedistanz<\/td>\n<td data-col-size=\"md\" data-start=\"1942\" data-end=\"2007\">Bis zu 8 m (abh\u00e4ngig vom Leseger\u00e4t\/der Umgebung)<\/td>\n<\/tr>\n<tr data-start=\"2008\" data-end=\"2119\">\n<td data-start=\"2008\" data-end=\"2030\" data-col-size=\"sm\">Ausdauer<\/td>\n<td data-col-size=\"sm\" data-start=\"2030\" data-end=\"2054\">Schreibzyklen<\/td>\n<td data-col-size=\"md\" data-start=\"2054\" data-end=\"2119\">\u2265100.000<\/td>\n<\/tr>\n<tr data-start=\"2120\" data-end=\"2231\">\n<td data-start=\"2120\" data-end=\"2142\" data-col-size=\"sm\">Daten<\/td>\n<td data-col-size=\"sm\" data-start=\"2142\" data-end=\"2166\">Zur\u00fcckbehaltung<\/td>\n<td data-col-size=\"md\" data-start=\"2166\" data-end=\"2231\">&gt;10 Jahre<\/td>\n<\/tr>\n<tr data-start=\"2232\" data-end=\"2343\">\n<td data-start=\"2232\" data-end=\"2254\" data-col-size=\"sm\">Umfeld<\/td>\n<td data-start=\"2254\" data-end=\"2278\" data-col-size=\"sm\">Betriebstemperatur<\/td>\n<td data-col-size=\"md\" data-start=\"2278\" data-end=\"2343\">\u221225 \u2103 bis +55 \u2103<\/td>\n<\/tr>\n<tr data-start=\"2344\" data-end=\"2455\">\n<td data-start=\"2344\" data-end=\"2366\" data-col-size=\"sm\"><\/td>\n<td data-col-size=\"sm\" data-start=\"2366\" data-end=\"2390\">Lagertemperatur<\/td>\n<td data-col-size=\"md\" data-start=\"2390\" data-end=\"2455\">\u221235 \u2103 bis +75 \u2103<\/td>\n<\/tr>\n<tr data-start=\"2456\" data-end=\"2567\">\n<td data-start=\"2456\" data-end=\"2478\" data-col-size=\"sm\">Schutz<\/td>\n<td data-col-size=\"sm\" data-start=\"2478\" data-end=\"2502\">Eingangsbewertung<\/td>\n<td data-col-size=\"md\" data-start=\"2502\" data-end=\"2567\">IP65 (wasserdicht\/wetterfest)<\/td>\n<\/tr>\n<tr data-start=\"2568\" data-end=\"2680\">\n<td data-start=\"2568\" data-end=\"2590\" data-col-size=\"sm\">Montage<\/td>\n<td data-col-size=\"sm\" data-start=\"2590\" data-end=\"2614\">Methoden<\/td>\n<td data-col-size=\"md\" data-start=\"2614\" data-end=\"2680\">Schrauben oder Industriekleber<\/td>\n<\/tr>\n<tr data-start=\"2681\" data-end=\"2793\">\n<td data-start=\"2681\" data-end=\"2703\" data-col-size=\"sm\">Personalisierung<\/td>\n<td data-col-size=\"sm\" data-start=\"2703\" data-end=\"2727\">Basteloptionen<\/td>\n<td data-col-size=\"md\" data-start=\"2727\" data-end=\"2793\">Siebdruck\/Tintenstrahldruck; Codierung<\/td>\n<\/tr>\n<tr data-start=\"2794\" data-end=\"2905\">\n<td data-start=\"2794\" data-end=\"2816\" data-col-size=\"sm\">Verpackung<\/td>\n<td data-start=\"2816\" data-end=\"2840\" data-col-size=\"sm\">Packungsmenge<\/td>\n<td data-col-size=\"md\" data-start=\"2840\" data-end=\"2905\">10 St\u00fcck\/Beutel; 500 St\u00fcck\/Karton<\/td>\n<\/tr>\n<tr data-start=\"2906\" data-end=\"3017\">\n<td data-start=\"2906\" data-end=\"2928\" data-col-size=\"sm\">Mindestbestellmenge<\/td>\n<td data-start=\"2928\" data-end=\"2952\" data-col-size=\"sm\">Mindestbestellwert<\/td>\n<td data-col-size=\"md\" data-start=\"2952\" data-end=\"3017\">100 St\u00fcck<\/td>\n<\/tr>\n<tr data-start=\"3018\" data-end=\"3129\">\n<td data-start=\"3018\" data-end=\"3040\" data-col-size=\"sm\">Herkunft<\/td>\n<td data-col-size=\"sm\" data-start=\"3040\" data-end=\"3064\">Herkunftsort<\/td>\n<td data-col-size=\"md\" data-start=\"3064\" data-end=\"3129\">Guangdong, China<\/td>\n<\/tr>\n<tr data-start=\"3130\" data-end=\"3241\">\n<td data-start=\"3130\" data-end=\"3152\" data-col-size=\"sm\">Anwendungsf\u00e4lle<\/td>\n<td data-col-size=\"sm\" data-start=\"3152\" data-end=\"3176\">Anwendungen<\/td>\n<td data-col-size=\"md\" data-start=\"3176\" data-end=\"3241\">Lagerhalle, Paletten, Regale, Ausr\u00fcstung, Metallgegenst\u00e4nde im Au\u00dfenbereich<\/td>\n<\/tr>\n<\/tbody>\n<\/table>\n<\/div>\n<\/div>","protected":false},"excerpt":{"rendered":"<p>Robuster ABS-UHF-Antimetall-Tag \u2013 IP65, Lesereichweite bis zu 8 m, EPC Gen2 und Schraub-\/Klebebefestigung f\u00fcr Paletten, Ger\u00e4te und Metallgegenst\u00e4nde im Au\u00dfenbereich.<\/p>","protected":false},"featured_media":869,"template":"","meta":{"_gspb_post_css":""},"product_brand":[],"product_cat":[24,26],"product_tag":[],"class_list":{"0":"post-868","1":"product","2":"type-product","3":"status-publish","4":"has-post-thumbnail","6":"product_cat-rfid-tags","7":"product_cat-anti-metal-abs-uhf-rfid-tags","9":"first","10":"instock","11":"shipping-taxable","12":"purchasable","13":"product-type-simple"},"_links":{"self":[{"href":"https:\/\/www.cxjsmartcard.com\/de\/wp-json\/wp\/v2\/product\/868","targetHints":{"allow":["GET"]}}],"collection":[{"href":"https:\/\/www.cxjsmartcard.com\/de\/wp-json\/wp\/v2\/product"}],"about":[{"href":"https:\/\/www.cxjsmartcard.com\/de\/wp-json\/wp\/v2\/types\/product"}],"wp:featuredmedia":[{"embeddable":true,"href":"https:\/\/www.cxjsmartcard.com\/de\/wp-json\/wp\/v2\/media\/869"}],"wp:attachment":[{"href":"https:\/\/www.cxjsmartcard.com\/de\/wp-json\/wp\/v2\/media?parent=868"}],"wp:term":[{"taxonomy":"product_brand","embeddable":true,"href":"https:\/\/www.cxjsmartcard.com\/de\/wp-json\/wp\/v2\/product_brand?post=868"},{"taxonomy":"product_cat","embeddable":true,"href":"https:\/\/www.cxjsmartcard.com\/de\/wp-json\/wp\/v2\/product_cat?post=868"},{"taxonomy":"product_tag","embeddable":true,"href":"https:\/\/www.cxjsmartcard.com\/de\/wp-json\/wp\/v2\/product_tag?post=868"}],"curies":[{"name":"wp","href":"https:\/\/api.w.org\/{rel}","templated":true}]}}