{"id":867,"date":"2025-11-03T08:51:49","date_gmt":"2025-11-03T08:51:49","guid":{"rendered":"https:\/\/www.cxjsmartcard.com\/?post_type=product&#038;p=867"},"modified":"2025-12-29T01:27:08","modified_gmt":"2025-12-29T01:27:08","slug":"rfid-animal-transponder-glass-tube-tag-pet-identification-microchip","status":"publish","type":"product","link":"https:\/\/www.cxjsmartcard.com\/de\/rfid-animal-transponder-glass-tube-tag-pet-identification-microchip\/","title":{"rendered":"RFID-Tier-Transponder-Glasr\u00f6hrchen-Anh\u00e4nger \u2013 Mikrochip zur Haustieridentifizierung"},"content":{"rendered":"<p data-start=\"81\" data-end=\"343\">Ein in Glas gekapselter LF-Mikrochip dient der dauerhaften Identifizierung und dem Wiederauffinden von Haustieren. Der passive Transponder (etwa so gro\u00df wie ein Reiskorn) wird subkutan injiziert und kann mit ISO-konformen Scannern in Kliniken, Tierheimen und Tierkontrollbeh\u00f6rden ausgelesen werden.<\/p>\n<p data-start=\"345\" data-end=\"553\"><strong data-start=\"345\" data-end=\"361\">So funktioniert es<\/strong><br data-start=\"361\" data-end=\"364\" \/>Jede sterile Spritze enth\u00e4lt einen Mikrochip mit einer einzigartigen ID. Beim Scannen eines Haustieres wird der 15-stellige Code aus n\u00e4chster N\u00e4he ausgelesen und mit den Registrierungsdaten abgeglichen, um die Tiere wieder mit ihren Besitzern zu vereinen.<\/p>\n<p data-start=\"555\" data-end=\"573\"><strong data-start=\"555\" data-end=\"571\">Hauptmerkmale<\/strong><\/p>\n<ul data-start=\"574\" data-end=\"917\">\n<li data-start=\"574\" data-end=\"620\">\n<p data-start=\"576\" data-end=\"620\">FDX-B 134,2 kHz, ISO 11784\/11785-konform<\/p>\n<\/li>\n<li data-start=\"621\" data-end=\"669\">\n<p data-start=\"623\" data-end=\"669\">Medizinische Bioglaskapsel mit Kupferantenne<\/p>\n<\/li>\n<li data-start=\"670\" data-end=\"714\">\n<p data-start=\"672\" data-end=\"714\">EO-gassterilisiert, mit Parylenbeschichtung<\/p>\n<\/li>\n<li data-start=\"715\" data-end=\"771\">\n<p data-start=\"717\" data-end=\"771\">Lesereichweite bis zu ~1\u201312 cm (abh\u00e4ngig von Gr\u00f6\u00dfe\/Leseger\u00e4t)<\/p>\n<\/li>\n<li data-start=\"772\" data-end=\"840\">\n<p data-start=\"774\" data-end=\"840\">Antibakterielle, antiallergische und absto\u00dfungshemmende Designelemente<\/p>\n<\/li>\n<li data-start=\"841\" data-end=\"917\">\n<p data-start=\"843\" data-end=\"917\">Zuf\u00e4llige oder benutzerdefinierte ID-Optionen; optionale NFC-Unterst\u00fctzung (workflowabh\u00e4ngig)<\/p>\n<\/li>\n<\/ul>\n<p data-start=\"919\" data-end=\"1042\"><strong data-start=\"919\" data-end=\"938\">Was ist enthalten?<\/strong><br data-start=\"938\" data-end=\"941\" \/>Vorbef\u00fcllte sterile Polypropylen-Spritze mit dem Mikrochip \u2013 bereit f\u00fcr die professionelle Implantation.<\/p>\n<h2 data-start=\"1044\" data-end=\"1069\">Tabelle (Spezifikationen)<\/h2>\n<div class=\"_tableContainer_1rjym_1\">\n<div class=\"group _tableWrapper_1rjym_13 flex w-fit flex-col-reverse\" tabindex=\"-1\">\n<table class=\"w-fit min-w-(--thread-content-width)\" data-start=\"1071\" data-end=\"2736\">\n<thead data-start=\"1071\" data-end=\"1168\">\n<tr data-start=\"1071\" data-end=\"1168\">\n<th data-start=\"1071\" data-end=\"1089\" data-col-size=\"sm\">Kategorie<\/th>\n<th data-start=\"1089\" data-end=\"1113\" data-col-size=\"sm\">Parameter<\/th>\n<th data-start=\"1113\" data-end=\"1168\" data-col-size=\"md\">Wert<\/th>\n<\/tr>\n<\/thead>\n<tbody data-start=\"1267\" data-end=\"2736\">\n<tr data-start=\"1267\" data-end=\"1364\">\n<td data-start=\"1267\" data-end=\"1285\" data-col-size=\"sm\">Produkt<\/td>\n<td data-col-size=\"sm\" data-start=\"1285\" data-end=\"1309\">Typ<\/td>\n<td data-col-size=\"md\" data-start=\"1309\" data-end=\"1364\">RFID-Tieranh\u00e4nger aus Glasr\u00f6hrchen mit Mikrochip<\/td>\n<\/tr>\n<tr data-start=\"1365\" data-end=\"1462\">\n<td data-start=\"1365\" data-end=\"1383\" data-col-size=\"sm\">Frequenz<\/td>\n<td data-col-size=\"sm\" data-start=\"1383\" data-end=\"1407\">LF<\/td>\n<td data-col-size=\"md\" data-start=\"1407\" data-end=\"1462\">134,2 kHz (FDX-B)<\/td>\n<\/tr>\n<tr data-start=\"1463\" data-end=\"1560\">\n<td data-start=\"1463\" data-end=\"1481\" data-col-size=\"sm\">Standards<\/td>\n<td data-col-size=\"sm\" data-start=\"1481\" data-end=\"1505\">Protokoll<\/td>\n<td data-col-size=\"md\" data-start=\"1505\" data-end=\"1560\">ISO 11784\/11785 (FDX-B)<\/td>\n<\/tr>\n<tr data-start=\"1561\" data-end=\"1658\">\n<td data-start=\"1561\" data-end=\"1579\" data-col-size=\"sm\">Chip<\/td>\n<td data-start=\"1579\" data-end=\"1603\" data-col-size=\"sm\">IC<\/td>\n<td data-col-size=\"md\" data-start=\"1603\" data-end=\"1658\">EM4305<\/td>\n<\/tr>\n<tr data-start=\"1659\" data-end=\"1756\">\n<td data-start=\"1659\" data-end=\"1677\" data-col-size=\"sm\">Abmessungen<\/td>\n<td data-col-size=\"sm\" data-start=\"1677\" data-end=\"1701\">Gr\u00f6\u00dfen<\/td>\n<td data-col-size=\"md\" data-start=\"1701\" data-end=\"1756\">1,25 \u00d7 7 mm; 1,4 \u00d7 8 mm; 2 \u00d7 12 mm; 3 \u00d7 15 mm<\/td>\n<\/tr>\n<tr data-start=\"1757\" data-end=\"1854\">\n<td data-start=\"1757\" data-end=\"1775\" data-col-size=\"sm\">Materialien<\/td>\n<td data-col-size=\"sm\" data-start=\"1775\" data-end=\"1799\">Kapsel \/ Antenne<\/td>\n<td data-col-size=\"md\" data-start=\"1799\" data-end=\"1854\">Medizinisches Bioglas \/ Kupfer<\/td>\n<\/tr>\n<tr data-start=\"1855\" data-end=\"1952\">\n<td data-start=\"1855\" data-end=\"1873\" data-col-size=\"sm\">Beschichtung<\/td>\n<td data-col-size=\"sm\" data-start=\"1873\" data-end=\"1897\">Parylen<\/td>\n<td data-col-size=\"md\" data-start=\"1897\" data-end=\"1952\">Ja<\/td>\n<\/tr>\n<tr data-start=\"1953\" data-end=\"2050\">\n<td data-start=\"1953\" data-end=\"1971\" data-col-size=\"sm\">Sterilisation<\/td>\n<td data-col-size=\"sm\" data-start=\"1971\" data-end=\"1995\">Verfahren<\/td>\n<td data-col-size=\"md\" data-start=\"1995\" data-end=\"2050\">Ethylenoxid (EO)-Gas<\/td>\n<\/tr>\n<tr data-start=\"2051\" data-end=\"2148\">\n<td data-start=\"2051\" data-end=\"2069\" data-col-size=\"sm\">ID-Optionen<\/td>\n<td data-col-size=\"sm\" data-start=\"2069\" data-end=\"2093\">Nummerierung<\/td>\n<td data-col-size=\"md\" data-start=\"2093\" data-end=\"2148\">Zuf\u00e4llige oder benutzerdefinierte ID<\/td>\n<\/tr>\n<tr data-start=\"2149\" data-end=\"2246\">\n<td data-start=\"2149\" data-end=\"2167\" data-col-size=\"sm\">Leistung<\/td>\n<td data-col-size=\"sm\" data-start=\"2167\" data-end=\"2191\">Lesebereich<\/td>\n<td data-col-size=\"md\" data-start=\"2191\" data-end=\"2246\">~1\u201312 cm (abh\u00e4ngig von der Etikettengr\u00f6\u00dfe und dem Leseger\u00e4t)<\/td>\n<\/tr>\n<tr data-start=\"2247\" data-end=\"2344\">\n<td data-start=\"2247\" data-end=\"2265\" data-col-size=\"sm\">Umfeld<\/td>\n<td data-start=\"2265\" data-end=\"2289\" data-col-size=\"sm\">G\u00fcltigkeitszeitraum<\/td>\n<td data-col-size=\"md\" data-start=\"2289\" data-end=\"2344\">5 Jahre<\/td>\n<\/tr>\n<tr data-start=\"2345\" data-end=\"2442\">\n<td data-start=\"2345\" data-end=\"2363\" data-col-size=\"sm\">Lieferung<\/td>\n<td data-col-size=\"sm\" data-start=\"2363\" data-end=\"2387\">Applikator<\/td>\n<td data-col-size=\"md\" data-start=\"2387\" data-end=\"2442\">Vorgef\u00fcllte sterile Spritze (Polypropylen)<\/td>\n<\/tr>\n<tr data-start=\"2443\" data-end=\"2540\">\n<td data-start=\"2443\" data-end=\"2461\" data-col-size=\"sm\">Betrieb<\/td>\n<td data-col-size=\"sm\" data-start=\"2461\" data-end=\"2485\">Leistung<\/td>\n<td data-col-size=\"md\" data-start=\"2485\" data-end=\"2540\">Passiv (batterielos)<\/td>\n<\/tr>\n<tr data-start=\"2541\" data-end=\"2638\">\n<td data-start=\"2541\" data-end=\"2559\" data-col-size=\"sm\">Anwendung<\/td>\n<td data-col-size=\"sm\" data-start=\"2559\" data-end=\"2583\">Anwendungsf\u00e4lle<\/td>\n<td data-col-size=\"md\" data-start=\"2583\" data-end=\"2638\">Haustierkennzeichnung &amp; -verwaltung (Hunde, Katzen, Fische, Exoten)<\/td>\n<\/tr>\n<tr data-start=\"2639\" data-end=\"2736\">\n<td data-start=\"2639\" data-end=\"2657\" data-col-size=\"sm\">Extras<\/td>\n<td data-col-size=\"sm\" data-start=\"2657\" data-end=\"2681\">Designmerkmale<\/td>\n<td data-col-size=\"md\" data-start=\"2681\" data-end=\"2736\">Antibakteriell, antiallergisch, gegen Absto\u00dfungsreaktionen<\/td>\n<\/tr>\n<\/tbody>\n<\/table>\n<\/div>\n<\/div>","protected":false},"excerpt":{"rendered":"<p>Steriler Glas-LF-PET-Mikrochip (FDX-B 134,2 kHz) mit vorbef\u00fcllter Spritze \u2013 ISO 11784\/11785-konform, 1\u201312 cm Lesebereich, medizinische Bioglaskapsel mit Parylenbeschichtung.<\/p>","protected":false},"featured_media":861,"template":"","meta":{"_gspb_post_css":""},"product_brand":[],"product_cat":[25,24],"product_tag":[],"class_list":{"0":"post-867","1":"product","2":"type-product","3":"status-publish","4":"has-post-thumbnail","6":"product_cat-rfid-animal-glass-tube-tag-pets-microchip","7":"product_cat-rfid-tags","9":"first","10":"instock","11":"shipping-taxable","12":"purchasable","13":"product-type-simple"},"_links":{"self":[{"href":"https:\/\/www.cxjsmartcard.com\/de\/wp-json\/wp\/v2\/product\/867","targetHints":{"allow":["GET"]}}],"collection":[{"href":"https:\/\/www.cxjsmartcard.com\/de\/wp-json\/wp\/v2\/product"}],"about":[{"href":"https:\/\/www.cxjsmartcard.com\/de\/wp-json\/wp\/v2\/types\/product"}],"wp:featuredmedia":[{"embeddable":true,"href":"https:\/\/www.cxjsmartcard.com\/de\/wp-json\/wp\/v2\/media\/861"}],"wp:attachment":[{"href":"https:\/\/www.cxjsmartcard.com\/de\/wp-json\/wp\/v2\/media?parent=867"}],"wp:term":[{"taxonomy":"product_brand","embeddable":true,"href":"https:\/\/www.cxjsmartcard.com\/de\/wp-json\/wp\/v2\/product_brand?post=867"},{"taxonomy":"product_cat","embeddable":true,"href":"https:\/\/www.cxjsmartcard.com\/de\/wp-json\/wp\/v2\/product_cat?post=867"},{"taxonomy":"product_tag","embeddable":true,"href":"https:\/\/www.cxjsmartcard.com\/de\/wp-json\/wp\/v2\/product_tag?post=867"}],"curies":[{"name":"wp","href":"https:\/\/api.w.org\/{rel}","templated":true}]}}