{"id":866,"date":"2025-11-03T08:37:44","date_gmt":"2025-11-03T08:37:44","guid":{"rendered":"https:\/\/www.cxjsmartcard.com\/?post_type=product&#038;p=866"},"modified":"2025-12-29T01:27:08","modified_gmt":"2025-12-29T01:27:08","slug":"pet-chip-134khz-rfid-em4305-animal-tracking-microchip-with-applicator","status":"publish","type":"product","link":"https:\/\/www.cxjsmartcard.com\/de\/pet-chip-134khz-rfid-em4305-animal-tracking-microchip-with-applicator\/","title":{"rendered":"Haustierchip 134kHz RFID EM4305 Tierortungs-Mikrochip mit Applikator"},"content":{"rendered":"<p data-start=\"81\" data-end=\"413\">LF-Tier-Mikrochip zur dauerhaften Identifizierung und schnellen Wiederfindung. Der Chip ist etwa so gro\u00df wie ein Reiskorn und wird mit dem beiliegenden Applikator subkutan implantiert. Nach der Registrierung verkn\u00fcpft die einzigartige 15-stellige ID des Chips Ihr Haustier mit Ihren Kontaktdaten, sodass Tier\u00e4rzte, Tierheime und der Tierschutz Ihr Tier schnell wieder mit Ihnen vereinen k\u00f6nnen.<\/p>\n<p data-start=\"415\" data-end=\"620\"><strong data-start=\"415\" data-end=\"439\">Was ist ein Mikrochip?<\/strong><br data-start=\"439\" data-end=\"442\" \/>Ein schneller, sicherer Eingriff, durchgef\u00fchrt von einem Tierarzt oder einem geschulten Implanter. Der winzige passive Transponder ben\u00f6tigt keine Batterie und ist f\u00fcr die gesamte Lebensdauer des Tieres ausgelegt.<\/p>\n<p data-start=\"622\" data-end=\"939\"><strong data-start=\"622\" data-end=\"657\">Wie es dabei hilft, ein verlorenes Haustier wieder mit seinem neuen Besitzer zu vereinen<\/strong><br data-start=\"657\" data-end=\"660\" \/>Wird ein Haustier gefunden, scannt ein autorisierter Benutzer das Tier, um den einzigartigen 15-stelligen Code auszulesen. Dieser Code wird mit der Registrierungsdatenbank abgeglichen, die eine Sicherheitspr\u00fcfung durchf\u00fchrt, bevor die Kontaktdaten des Besitzers an den Berechtigten weitergegeben werden, um eine schnelle Wiedervereinigung zu erm\u00f6glichen.<\/p>\n<p data-start=\"941\" data-end=\"958\"><strong data-start=\"941\" data-end=\"956\">Wichtige Details<\/strong><\/p>\n<ul data-start=\"959\" data-end=\"1313\">\n<li data-start=\"959\" data-end=\"1004\">\n<p data-start=\"961\" data-end=\"1004\"><strong data-start=\"961\" data-end=\"975\">Frequenz:<\/strong> LF 125\/134,2 kHz (FDX\/HDX)<\/p>\n<\/li>\n<li data-start=\"1005\" data-end=\"1032\">\n<p data-start=\"1007\" data-end=\"1032\"><strong data-start=\"1007\" data-end=\"1023\">Chip-Option:<\/strong> EM4305<\/p>\n<\/li>\n<li data-start=\"1033\" data-end=\"1121\">\n<p data-start=\"1035\" data-end=\"1121\"><strong data-start=\"1035\" data-end=\"1050\">Lesebereich:<\/strong> LF 1\u201310 cm (abh\u00e4ngig vom Ableser); HF 1\u20133 cm (bei Verwendung mit HF-Systemen)<\/p>\n<\/li>\n<li data-start=\"1122\" data-end=\"1202\">\n<p data-start=\"1124\" data-end=\"1202\"><strong data-start=\"1124\" data-end=\"1138\">Normen:<\/strong> ISO 11784\/11785 (FDX\/HDX); ISO 15693 (HF-Kompatibilit\u00e4t vermerkt)<\/p>\n<\/li>\n<li data-start=\"1203\" data-end=\"1313\">\n<p data-start=\"1205\" data-end=\"1313\"><strong data-start=\"1205\" data-end=\"1219\">Anwendungsf\u00e4lle:<\/strong> Tiermanagement und Kennzeichnung von Haustieren (Hunden, Katzen, Fischen) und Wildtieren\/Exoten (z. B. Tiger, L\u00f6we)<\/p>\n<\/li>\n<\/ul>\n<p data-start=\"1315\" data-end=\"1406\"><strong data-start=\"1315\" data-end=\"1335\">Das Paket beinhaltet<\/strong><br data-start=\"1335\" data-end=\"1338\" \/>Sterile, vorbef\u00fcllte Spritze mit Mikrochip, bereit zur Implantation.<\/p>\n<h2 data-start=\"1408\" data-end=\"1433\">Tabelle (Spezifikationen)<\/h2>\n<div class=\"_tableContainer_1rjym_1\">\n<div class=\"group _tableWrapper_1rjym_13 flex w-fit flex-col-reverse\" tabindex=\"-1\">\n<table class=\"w-fit min-w-(--thread-content-width)\" data-start=\"1435\" data-end=\"3047\">\n<thead data-start=\"1435\" data-end=\"1549\">\n<tr data-start=\"1435\" data-end=\"1549\">\n<th data-start=\"1435\" data-end=\"1453\" data-col-size=\"sm\">Kategorie<\/th>\n<th data-start=\"1453\" data-end=\"1476\" data-col-size=\"sm\">Parameter<\/th>\n<th data-start=\"1476\" data-end=\"1549\" data-col-size=\"md\">Wert<\/th>\n<\/tr>\n<\/thead>\n<tbody data-start=\"1665\" data-end=\"3047\">\n<tr data-start=\"1665\" data-end=\"1779\">\n<td data-start=\"1665\" data-end=\"1683\" data-col-size=\"sm\">Produkt<\/td>\n<td data-col-size=\"sm\" data-start=\"1683\" data-end=\"1706\">Typ<\/td>\n<td data-col-size=\"md\" data-start=\"1706\" data-end=\"1779\">LF RFID-Tiermikrochip mit Applikator<\/td>\n<\/tr>\n<tr data-start=\"1780\" data-end=\"1894\">\n<td data-start=\"1780\" data-end=\"1798\" data-col-size=\"sm\">Frequenz<\/td>\n<td data-col-size=\"sm\" data-start=\"1798\" data-end=\"1821\">LF<\/td>\n<td data-col-size=\"md\" data-start=\"1821\" data-end=\"1894\">125\/134,2 kHz (FDX\/HDX)<\/td>\n<\/tr>\n<tr data-start=\"1895\" data-end=\"2010\">\n<td data-start=\"1895\" data-end=\"1913\" data-col-size=\"sm\">Chip<\/td>\n<td data-col-size=\"sm\" data-start=\"1913\" data-end=\"1936\">IC<\/td>\n<td data-col-size=\"md\" data-start=\"1936\" data-end=\"2010\">EM4305<\/td>\n<\/tr>\n<tr data-start=\"2011\" data-end=\"2125\">\n<td data-start=\"2011\" data-end=\"2029\" data-col-size=\"sm\">Protokolle<\/td>\n<td data-col-size=\"sm\" data-start=\"2029\" data-end=\"2052\">Einhaltung<\/td>\n<td data-col-size=\"md\" data-start=\"2052\" data-end=\"2125\">ISO 11784\/11785 (FDX\/HDX); ISO 15693 (HF-Workflows)<\/td>\n<\/tr>\n<tr data-start=\"2126\" data-end=\"2240\">\n<td data-start=\"2126\" data-end=\"2144\" data-col-size=\"sm\">Gr\u00f6\u00dfen<\/td>\n<td data-col-size=\"sm\" data-start=\"2144\" data-end=\"2167\">Kapselabmessungen<\/td>\n<td data-col-size=\"md\" data-start=\"2167\" data-end=\"2240\">1,25 \u00d7 7 mm; 1,4 \u00d7 8 mm; 2,12 \u00d7 8 mm; 2,12 \u00d7 12 mm; 3 \u00d7 15 mm; 4 \u00d7 32 mm; kundenspezifisch<\/td>\n<\/tr>\n<tr data-start=\"2241\" data-end=\"2355\">\n<td data-start=\"2241\" data-end=\"2259\" data-col-size=\"sm\">Leistung<\/td>\n<td data-col-size=\"sm\" data-start=\"2259\" data-end=\"2282\">Leseentfernung<\/td>\n<td data-col-size=\"md\" data-start=\"2282\" data-end=\"2355\">LF 1\u201310 cm; HF 1\u20133 cm<\/td>\n<\/tr>\n<tr data-start=\"2356\" data-end=\"2471\">\n<td data-start=\"2356\" data-end=\"2374\" data-col-size=\"sm\">Umfeld<\/td>\n<td data-start=\"2374\" data-end=\"2397\" data-col-size=\"sm\">Betriebstemperatur<\/td>\n<td data-col-size=\"md\" data-start=\"2397\" data-end=\"2471\">20 \u00b0C bis 50 \u00b0C<\/td>\n<\/tr>\n<tr data-start=\"2472\" data-end=\"2587\">\n<td data-start=\"2472\" data-end=\"2490\" data-col-size=\"sm\"><\/td>\n<td data-start=\"2490\" data-end=\"2513\" data-col-size=\"sm\">Lagertemperatur<\/td>\n<td data-col-size=\"md\" data-start=\"2513\" data-end=\"2587\">\u221240 \u2103 bis +70 \u2103<\/td>\n<\/tr>\n<tr data-start=\"2588\" data-end=\"2702\">\n<td data-start=\"2588\" data-end=\"2606\" data-col-size=\"sm\">Lieferung<\/td>\n<td data-col-size=\"sm\" data-start=\"2606\" data-end=\"2629\">Format<\/td>\n<td data-col-size=\"md\" data-start=\"2629\" data-end=\"2702\">Vorgef\u00fcllte sterile Spritze (Applikator)<\/td>\n<\/tr>\n<tr data-start=\"2703\" data-end=\"2817\">\n<td data-start=\"2703\" data-end=\"2721\" data-col-size=\"sm\">Betrieb<\/td>\n<td data-start=\"2721\" data-end=\"2744\" data-col-size=\"sm\">Leistung<\/td>\n<td data-start=\"2744\" data-end=\"2817\" data-col-size=\"md\">Passiv (ohne Batterie)<\/td>\n<\/tr>\n<tr data-start=\"2818\" data-end=\"2932\">\n<td data-start=\"2818\" data-end=\"2836\" data-col-size=\"sm\">Anwendung<\/td>\n<td data-start=\"2836\" data-end=\"2859\" data-col-size=\"sm\">Tiere<\/td>\n<td data-start=\"2859\" data-end=\"2932\" data-col-size=\"md\">Hunde, Katzen, Fische und andere Arten<\/td>\n<\/tr>\n<tr data-start=\"2933\" data-end=\"3047\">\n<td data-start=\"2933\" data-end=\"2951\" data-col-size=\"sm\">Funktion<\/td>\n<td data-start=\"2951\" data-end=\"2974\" data-col-size=\"sm\">Eindeutige ID<\/td>\n<td data-col-size=\"md\" data-start=\"2974\" data-end=\"3047\">15-stelliger Code f\u00fcr Registrierung und Wiederherstellung<\/td>\n<\/tr>\n<\/tbody>\n<\/table>\n<\/div>\n<\/div>","protected":false},"excerpt":{"rendered":"<p>LF 125\/134,2 kHz EM4305 Haustier-Mikrochip mit vorinstalliertem sterilem Applikator \u2013 ISO 11784\/11785-konform, Lesereichweite 1\u201310 cm, verschiedene Gr\u00f6\u00dfen zur dauerhaften Tieridentifizierung.<\/p>","protected":false},"featured_media":864,"template":"","meta":{"_gspb_post_css":""},"product_brand":[],"product_cat":[24,25],"product_tag":[],"class_list":{"0":"post-866","1":"product","2":"type-product","3":"status-publish","4":"has-post-thumbnail","6":"product_cat-rfid-tags","7":"product_cat-rfid-animal-glass-tube-tag-pets-microchip","9":"first","10":"instock","11":"shipping-taxable","12":"purchasable","13":"product-type-simple"},"_links":{"self":[{"href":"https:\/\/www.cxjsmartcard.com\/de\/wp-json\/wp\/v2\/product\/866","targetHints":{"allow":["GET"]}}],"collection":[{"href":"https:\/\/www.cxjsmartcard.com\/de\/wp-json\/wp\/v2\/product"}],"about":[{"href":"https:\/\/www.cxjsmartcard.com\/de\/wp-json\/wp\/v2\/types\/product"}],"wp:featuredmedia":[{"embeddable":true,"href":"https:\/\/www.cxjsmartcard.com\/de\/wp-json\/wp\/v2\/media\/864"}],"wp:attachment":[{"href":"https:\/\/www.cxjsmartcard.com\/de\/wp-json\/wp\/v2\/media?parent=866"}],"wp:term":[{"taxonomy":"product_brand","embeddable":true,"href":"https:\/\/www.cxjsmartcard.com\/de\/wp-json\/wp\/v2\/product_brand?post=866"},{"taxonomy":"product_cat","embeddable":true,"href":"https:\/\/www.cxjsmartcard.com\/de\/wp-json\/wp\/v2\/product_cat?post=866"},{"taxonomy":"product_tag","embeddable":true,"href":"https:\/\/www.cxjsmartcard.com\/de\/wp-json\/wp\/v2\/product_tag?post=866"}],"curies":[{"name":"wp","href":"https:\/\/api.w.org\/{rel}","templated":true}]}}