{"id":855,"date":"2025-11-03T08:32:04","date_gmt":"2025-11-03T08:32:04","guid":{"rendered":"https:\/\/www.cxjsmartcard.com\/?post_type=product&#038;p=855"},"modified":"2025-12-29T01:27:08","modified_gmt":"2025-12-29T01:27:08","slug":"uhf-rfid-inlay","status":"publish","type":"product","link":"https:\/\/www.cxjsmartcard.com\/de\/uhf-rfid-inlay\/","title":{"rendered":"UHF-RFID-Einlage"},"content":{"rendered":"<p data-start=\"26\" data-end=\"302\">UHF-RFID-Inlays mit PET- und Aluminium-ge\u00e4tzten Antennen f\u00fcr 860\u2013960-MHz-Systeme. Erh\u00e4ltlich in trockener, nasser oder wei\u00df-nasser Ausf\u00fchrung, lassen sie sich einfach zu Etiketten, Tickets, Karten und Textilanh\u00e4ngern verarbeiten. Die typische Lesereichweite betr\u00e4gt 1\u201310 Meter (abh\u00e4ngig von Leseger\u00e4t und Umgebung).<\/p>\n<p data-start=\"304\" data-end=\"322\"><strong data-start=\"304\" data-end=\"320\">Warum es funktioniert<\/strong><\/p>\n<ul data-start=\"323\" data-end=\"723\">\n<li data-start=\"323\" data-end=\"398\">\n<p data-start=\"325\" data-end=\"398\"><strong data-start=\"325\" data-end=\"345\">Standards-f\u00e4hig:<\/strong> EPC Klasse 1 Gen2 \/ ISO 18000-6C, passiver Betrieb<\/p>\n<\/li>\n<li data-start=\"399\" data-end=\"485\">\n<p data-start=\"401\" data-end=\"485\"><strong data-start=\"401\" data-end=\"419\">Robuste Bauweise:<\/strong> Konstruktionen aus PET oder beschichtetem Papier mit ge\u00e4tzten Aluminiumantennen<\/p>\n<\/li>\n<li data-start=\"486\" data-end=\"579\">\n<p data-start=\"488\" data-end=\"579\"><strong data-start=\"488\" data-end=\"509\">Flexible Formate:<\/strong> Trocken (Laminierung), nass (Klebstoff) und wei\u00df-nass (bedruckbare Oberfl\u00e4che)<\/p>\n<\/li>\n<li data-start=\"580\" data-end=\"664\">\n<p data-start=\"582\" data-end=\"664\"><strong data-start=\"582\" data-end=\"606\">Produktionsfreundlich:<\/strong> Wird auf Rollen f\u00fcr die automatisierte Weiterverarbeitung und den Druck geliefert.<\/p>\n<\/li>\n<li data-start=\"665\" data-end=\"723\">\n<p data-start=\"667\" data-end=\"723\"><strong data-start=\"667\" data-end=\"684\">Gratisproben:<\/strong> Muster zum Testen auf Lager verf\u00fcgbar.<\/p>\n<\/li>\n<\/ul>\n<p data-start=\"725\" data-end=\"876\"><strong data-start=\"725\" data-end=\"741\">Anwendungen<\/strong><br data-start=\"741\" data-end=\"744\" \/>Logistik und Inventur \u2022 Etikettierung von Bekleidung und Schuhen \u2022 Zutrittskontrolle und Veranstaltungsausweise \u2022 Etikettierung von Lagerhallen und K\u00fchlh\u00e4usern.<\/p>\n<h2 data-start=\"878\" data-end=\"903\">Tabelle (Spezifikationen)<\/h2>\n<div class=\"_tableContainer_1rjym_1\">\n<div class=\"group _tableWrapper_1rjym_13 flex w-fit flex-col-reverse\" tabindex=\"-1\">\n<table class=\"w-fit min-w-(--thread-content-width)\" data-start=\"905\" data-end=\"2486\">\n<thead data-start=\"905\" data-end=\"1017\">\n<tr data-start=\"905\" data-end=\"1017\">\n<th data-start=\"905\" data-end=\"924\" data-col-size=\"sm\">Kategorie<\/th>\n<th data-start=\"924\" data-end=\"944\" data-col-size=\"sm\">Parameter<\/th>\n<th data-start=\"944\" data-end=\"1017\" data-col-size=\"md\">Wert<\/th>\n<\/tr>\n<\/thead>\n<tbody data-start=\"1131\" data-end=\"2486\">\n<tr data-start=\"1131\" data-end=\"1243\">\n<td data-start=\"1131\" data-end=\"1150\" data-col-size=\"sm\">RF<\/td>\n<td data-col-size=\"sm\" data-start=\"1150\" data-end=\"1170\">Frequenz<\/td>\n<td data-col-size=\"md\" data-start=\"1170\" data-end=\"1243\">860\u2013960 MHz<\/td>\n<\/tr>\n<tr data-start=\"1244\" data-end=\"1356\">\n<td data-start=\"1244\" data-end=\"1263\" data-col-size=\"sm\"><\/td>\n<td data-col-size=\"sm\" data-start=\"1263\" data-end=\"1283\">Protokoll<\/td>\n<td data-col-size=\"md\" data-start=\"1283\" data-end=\"1356\">EPC Klasse 1 Gen2 \/ ISO 18000-6C<\/td>\n<\/tr>\n<tr data-start=\"1357\" data-end=\"1469\">\n<td data-start=\"1357\" data-end=\"1376\" data-col-size=\"sm\">Antenne<\/td>\n<td data-col-size=\"sm\" data-start=\"1376\" data-end=\"1396\">Typ<\/td>\n<td data-col-size=\"md\" data-start=\"1396\" data-end=\"1469\">Aluminium ge\u00e4tzt<\/td>\n<\/tr>\n<tr data-start=\"1470\" data-end=\"1582\">\n<td data-start=\"1470\" data-end=\"1489\" data-col-size=\"sm\">Konstruktion<\/td>\n<td data-col-size=\"sm\" data-start=\"1489\" data-end=\"1509\">Substrat<\/td>\n<td data-col-size=\"md\" data-start=\"1509\" data-end=\"1582\">PET; beschichtetes Papier<\/td>\n<\/tr>\n<tr data-start=\"1583\" data-end=\"1695\">\n<td data-start=\"1583\" data-end=\"1602\" data-col-size=\"sm\">IC-Optionen<\/td>\n<td data-col-size=\"sm\" data-start=\"1602\" data-end=\"1622\">Chips<\/td>\n<td data-col-size=\"md\" data-start=\"1622\" data-end=\"1695\">Au\u00dferirdischer H3, H9, H10; U9, U10, U7M; MR6-P<\/td>\n<\/tr>\n<tr data-start=\"1696\" data-end=\"1808\">\n<td data-start=\"1696\" data-end=\"1715\" data-col-size=\"sm\">Leistung<\/td>\n<td data-col-size=\"sm\" data-start=\"1715\" data-end=\"1735\">Lesebereich<\/td>\n<td data-col-size=\"md\" data-start=\"1735\" data-end=\"1808\">1\u201310 m (abh\u00e4ngig vom Leser\/der Umgebung)<\/td>\n<\/tr>\n<tr data-start=\"1809\" data-end=\"1921\">\n<td data-start=\"1809\" data-end=\"1828\" data-col-size=\"sm\">Formate<\/td>\n<td data-start=\"1828\" data-end=\"1848\" data-col-size=\"sm\">Einlegearbeiten<\/td>\n<td data-col-size=\"md\" data-start=\"1848\" data-end=\"1921\">Trocken (Laminierung); Nass (Klebstoff); Wei\u00df-nass (bedruckbarer Klebstoff)<\/td>\n<\/tr>\n<tr data-start=\"1922\" data-end=\"2034\">\n<td data-start=\"1922\" data-end=\"1941\" data-col-size=\"sm\">Abmessungen<\/td>\n<td data-col-size=\"sm\" data-start=\"1941\" data-end=\"1961\">Gr\u00f6\u00dfenoptionen<\/td>\n<td data-col-size=\"md\" data-start=\"1961\" data-end=\"2034\">100 \u00d7 15 mm; 99 \u00d7 24 mm; 86 \u00d7 54 mm; 80 \u00d7 50 mm; 73 \u00d7 23 mm<\/td>\n<\/tr>\n<tr data-start=\"2035\" data-end=\"2147\">\n<td data-start=\"2035\" data-end=\"2054\" data-col-size=\"sm\">Verpackung<\/td>\n<td data-start=\"2054\" data-end=\"2074\" data-col-size=\"sm\">Liefern<\/td>\n<td data-col-size=\"md\" data-start=\"2074\" data-end=\"2147\">Rollenformat f\u00fcr die automatische Konvertierung<\/td>\n<\/tr>\n<tr data-start=\"2148\" data-end=\"2260\">\n<td data-start=\"2148\" data-end=\"2167\" data-col-size=\"sm\">Proben<\/td>\n<td data-start=\"2167\" data-end=\"2187\" data-col-size=\"sm\">Verf\u00fcgbarkeit<\/td>\n<td data-col-size=\"md\" data-start=\"2187\" data-end=\"2260\">Kostenlose, vorr\u00e4tige Muster<\/td>\n<\/tr>\n<tr data-start=\"2261\" data-end=\"2373\">\n<td data-start=\"2261\" data-end=\"2280\" data-col-size=\"sm\">Herkunft<\/td>\n<td data-start=\"2280\" data-end=\"2300\" data-col-size=\"sm\">Herkunftsort<\/td>\n<td data-col-size=\"md\" data-start=\"2300\" data-end=\"2373\">Guangdong, China<\/td>\n<\/tr>\n<tr data-start=\"2374\" data-end=\"2486\">\n<td data-start=\"2374\" data-end=\"2393\" data-col-size=\"sm\">Anwendungsf\u00e4lle<\/td>\n<td data-col-size=\"sm\" data-start=\"2393\" data-end=\"2413\">Anwendungen<\/td>\n<td data-col-size=\"md\" data-start=\"2413\" data-end=\"2486\">Logistik, Inventar, Etikettierung von Bekleidung, Zutrittskontrolle<\/td>\n<\/tr>\n<\/tbody>\n<\/table>\n<\/div>\n<\/div>","protected":false},"excerpt":{"rendered":"<p>UHF-RFID-Inlays (860\u2013960 MHz) mit PET + Aluminium-Antennen \u2013 trockene, nasse oder wei\u00df-nasse Formate f\u00fcr Etiketten, Tickets und Bekleidungsanh\u00e4nger; 1\u201310 m Lesereichweite und kostenlose Proben.<\/p>","protected":false},"featured_media":856,"template":"","meta":{"_gspb_post_css":""},"product_brand":[],"product_cat":[23],"product_tag":[],"class_list":{"0":"post-855","1":"product","2":"type-product","3":"status-publish","4":"has-post-thumbnail","6":"product_cat-rfid-nfc-inlay","8":"first","9":"instock","10":"shipping-taxable","11":"purchasable","12":"product-type-simple"},"_links":{"self":[{"href":"https:\/\/www.cxjsmartcard.com\/de\/wp-json\/wp\/v2\/product\/855","targetHints":{"allow":["GET"]}}],"collection":[{"href":"https:\/\/www.cxjsmartcard.com\/de\/wp-json\/wp\/v2\/product"}],"about":[{"href":"https:\/\/www.cxjsmartcard.com\/de\/wp-json\/wp\/v2\/types\/product"}],"wp:featuredmedia":[{"embeddable":true,"href":"https:\/\/www.cxjsmartcard.com\/de\/wp-json\/wp\/v2\/media\/856"}],"wp:attachment":[{"href":"https:\/\/www.cxjsmartcard.com\/de\/wp-json\/wp\/v2\/media?parent=855"}],"wp:term":[{"taxonomy":"product_brand","embeddable":true,"href":"https:\/\/www.cxjsmartcard.com\/de\/wp-json\/wp\/v2\/product_brand?post=855"},{"taxonomy":"product_cat","embeddable":true,"href":"https:\/\/www.cxjsmartcard.com\/de\/wp-json\/wp\/v2\/product_cat?post=855"},{"taxonomy":"product_tag","embeddable":true,"href":"https:\/\/www.cxjsmartcard.com\/de\/wp-json\/wp\/v2\/product_tag?post=855"}],"curies":[{"name":"wp","href":"https:\/\/api.w.org\/{rel}","templated":true}]}}