{"id":850,"date":"2025-11-03T08:28:47","date_gmt":"2025-11-03T08:28:47","guid":{"rendered":"https:\/\/www.cxjsmartcard.com\/?post_type=product&#038;p=850"},"modified":"2025-12-29T01:27:08","modified_gmt":"2025-12-29T01:27:08","slug":"uhf-rfid-dry-inlay-with-ucode-9","status":"publish","type":"product","link":"https:\/\/www.cxjsmartcard.com\/de\/uhf-rfid-dry-inlay-with-ucode-9\/","title":{"rendered":"UHF-RFID-Trockeneinlage mit UCODE 9"},"content":{"rendered":"<p data-start=\"43\" data-end=\"468\">UHF-Trockeneinlage f\u00fcr 860\u2013960-MHz-Systeme, entwickelt als Halbfertigprodukt zur einfachen Weiterverarbeitung zu Tickets, Etiketten, Karten und Ausweisen. Die auf NXP\u00ae UCODE\u00ae 9 basierende Einlage verwendet eine ge\u00e4tzte Aluminiumantenne auf PET mit Flip-Chip-Bonding f\u00fcr zuverl\u00e4ssige, serienm\u00e4\u00dfige und gleichbleibende Leistung. Die typische Lesereichweite betr\u00e4gt bis zu ca. 3,3 m (10 Fu\u00df) in optimal abgestimmten UHF-Systemen.<\/p>\n<p data-start=\"470\" data-end=\"487\"><strong data-start=\"470\" data-end=\"485\">Warum es passt<\/strong><\/p>\n<ul data-start=\"488\" data-end=\"829\">\n<li data-start=\"488\" data-end=\"568\">\n<p data-start=\"490\" data-end=\"568\"><strong data-start=\"490\" data-end=\"510\">Standards-f\u00e4hig:<\/strong> EPC Klasse 1 Gen 2 \/ ISO\/IEC 18000-6C, passiver Betrieb<\/p>\n<\/li>\n<li data-start=\"569\" data-end=\"658\">\n<p data-start=\"571\" data-end=\"658\"><strong data-start=\"571\" data-end=\"589\">Robuste Bauweise:<\/strong> PET-Substrat; abrieb- und l\u00f6sungsmittelbest\u00e4ndige Etikettenkonstruktionen<\/p>\n<\/li>\n<li data-start=\"659\" data-end=\"746\">\n<p data-start=\"661\" data-end=\"746\"><strong data-start=\"661\" data-end=\"682\">Flexible Formate:<\/strong> Trockeneinlage (ohne Klebstoff) oder Nasseinlage\/fertiges Etikett<\/p>\n<\/li>\n<li data-start=\"747\" data-end=\"829\">\n<p data-start=\"749\" data-end=\"829\"><strong data-start=\"749\" data-end=\"773\">Produktionsfreundlich:<\/strong> Wird auf Rollen f\u00fcr die automatisierte Weiterverarbeitung und den Druck geliefert.<\/p>\n<\/li>\n<\/ul>\n<p data-start=\"831\" data-end=\"1027\"><strong data-start=\"831\" data-end=\"847\">Anwendungen<\/strong><br data-start=\"847\" data-end=\"850\" \/>Lieferkette (Kartons, Paletten, Versandetiketten) \u2022 Einzelhandel &amp; Logistik (Kleideranh\u00e4nger, Gep\u00e4cketiketten, Anlagenverfolgung) \u2022 Dokumenten-\/Dateiverwaltung \u2022 Veranstaltungszugang und Branding.<\/p>\n<h2 data-start=\"1029\" data-end=\"1054\">Tabelle (Spezifikationen)<\/h2>\n<div class=\"_tableContainer_1rjym_1\">\n<div class=\"group _tableWrapper_1rjym_13 flex w-fit flex-col-reverse\" tabindex=\"-1\">\n<table class=\"w-fit min-w-(--thread-content-width)\" data-start=\"1056\" data-end=\"3413\">\n<thead data-start=\"1056\" data-end=\"1167\">\n<tr data-start=\"1056\" data-end=\"1167\">\n<th data-start=\"1056\" data-end=\"1078\" data-col-size=\"sm\">Kategorie<\/th>\n<th data-start=\"1078\" data-end=\"1107\" data-col-size=\"sm\">Parameter<\/th>\n<th data-start=\"1107\" data-end=\"1167\" data-col-size=\"md\">Wert<\/th>\n<\/tr>\n<\/thead>\n<tbody data-start=\"1280\" data-end=\"3413\">\n<tr data-start=\"1280\" data-end=\"1391\">\n<td data-start=\"1280\" data-end=\"1302\" data-col-size=\"sm\">Produkt<\/td>\n<td data-start=\"1302\" data-end=\"1331\" data-col-size=\"sm\">Typ<\/td>\n<td data-col-size=\"md\" data-start=\"1331\" data-end=\"1391\">UHF-RFID-Trockeneinlage (umwandelbar in Nass-\/Etikettierung)<\/td>\n<\/tr>\n<tr data-start=\"1392\" data-end=\"1503\">\n<td data-start=\"1392\" data-end=\"1414\" data-col-size=\"sm\">IC<\/td>\n<td data-col-size=\"sm\" data-start=\"1414\" data-end=\"1443\">Chip<\/td>\n<td data-col-size=\"md\" data-start=\"1443\" data-end=\"1503\">NXP\u00ae UCODE\u00ae 9<\/td>\n<\/tr>\n<tr data-start=\"1504\" data-end=\"1615\">\n<td data-start=\"1504\" data-end=\"1526\" data-col-size=\"sm\">RF<\/td>\n<td data-col-size=\"sm\" data-start=\"1526\" data-end=\"1555\">Frequenz<\/td>\n<td data-col-size=\"md\" data-start=\"1555\" data-end=\"1615\">860\u2013960 MHz<\/td>\n<\/tr>\n<tr data-start=\"1616\" data-end=\"1727\">\n<td data-start=\"1616\" data-end=\"1638\" data-col-size=\"sm\"><\/td>\n<td data-col-size=\"sm\" data-start=\"1638\" data-end=\"1667\">Protokoll<\/td>\n<td data-col-size=\"md\" data-start=\"1667\" data-end=\"1727\">ISO\/IEC 18000-6C, EPC Klasse 1 Gen 2<\/td>\n<\/tr>\n<tr data-start=\"1728\" data-end=\"1839\">\n<td data-start=\"1728\" data-end=\"1750\" data-col-size=\"sm\">Betrieb<\/td>\n<td data-start=\"1750\" data-end=\"1779\" data-col-size=\"sm\">Arbeitsmodus<\/td>\n<td data-col-size=\"md\" data-start=\"1779\" data-end=\"1839\">Passiv<\/td>\n<\/tr>\n<tr data-start=\"1840\" data-end=\"1951\">\n<td data-start=\"1840\" data-end=\"1862\" data-col-size=\"sm\">Antenne<\/td>\n<td data-col-size=\"sm\" data-start=\"1862\" data-end=\"1891\">Konstruktion<\/td>\n<td data-col-size=\"md\" data-start=\"1891\" data-end=\"1951\">Aluminium\u00e4tzung<\/td>\n<\/tr>\n<tr data-start=\"1952\" data-end=\"2063\">\n<td data-start=\"1952\" data-end=\"1974\" data-col-size=\"sm\"><\/td>\n<td data-col-size=\"sm\" data-start=\"1974\" data-end=\"2003\">Antennengr\u00f6\u00dfe<\/td>\n<td data-col-size=\"md\" data-start=\"2003\" data-end=\"2063\">40 \u00d7 10 mm<\/td>\n<\/tr>\n<tr data-start=\"2064\" data-end=\"2175\">\n<td data-start=\"2064\" data-end=\"2086\" data-col-size=\"sm\">Leseleistung<\/td>\n<td data-start=\"2086\" data-end=\"2115\" data-col-size=\"sm\">Typischer Messwertbereich<\/td>\n<td data-col-size=\"md\" data-start=\"2115\" data-end=\"2175\">Bis zu ca. 10 Fu\u00df (\u22483,3 m), abh\u00e4ngig vom Leseger\u00e4t\/der Umgebung<\/td>\n<\/tr>\n<tr data-start=\"2176\" data-end=\"2287\">\n<td data-start=\"2176\" data-end=\"2198\" data-col-size=\"sm\">Mechanik<\/td>\n<td data-col-size=\"sm\" data-start=\"2198\" data-end=\"2227\">Substrat<\/td>\n<td data-col-size=\"md\" data-start=\"2227\" data-end=\"2287\">HAUSTIER<\/td>\n<\/tr>\n<tr data-start=\"2288\" data-end=\"2404\">\n<td data-start=\"2288\" data-end=\"2310\" data-col-size=\"sm\">Etikettenmaterialien<\/td>\n<td data-col-size=\"sm\" data-start=\"2310\" data-end=\"2339\">Gesichtsoptionen<\/td>\n<td data-col-size=\"md\" data-start=\"2339\" data-end=\"2404\">Beschichtetes Papier \/ PET \/ Synthetisches Papier \/ Thermopapier \/ kundenspezifisch<\/td>\n<\/tr>\n<tr data-start=\"2405\" data-end=\"2516\">\n<td data-start=\"2405\" data-end=\"2427\" data-col-size=\"sm\">Formate<\/td>\n<td data-col-size=\"sm\" data-start=\"2427\" data-end=\"2456\">Nasseinlage \/ Etikettengr\u00f6\u00dfe<\/td>\n<td data-col-size=\"md\" data-start=\"2456\" data-end=\"2516\">43 \u00d7 18 mm (oder kundenspezifisch)<\/td>\n<\/tr>\n<tr data-start=\"2517\" data-end=\"2628\">\n<td data-start=\"2517\" data-end=\"2539\" data-col-size=\"sm\">Drucken<\/td>\n<td data-col-size=\"sm\" data-start=\"2539\" data-end=\"2568\">Optionen<\/td>\n<td data-col-size=\"md\" data-start=\"2568\" data-end=\"2628\">Vollfarbe, Logo, Barcode, QR-Code, variable Daten<\/td>\n<\/tr>\n<tr data-start=\"2629\" data-end=\"2740\">\n<td data-start=\"2629\" data-end=\"2651\" data-col-size=\"sm\">Zuverl\u00e4ssigkeit<\/td>\n<td data-col-size=\"sm\" data-start=\"2651\" data-end=\"2680\">IC Life<\/td>\n<td data-col-size=\"md\" data-start=\"2680\" data-end=\"2740\">100.000 Programmierzyklen; 10 Jahre Datenaufbewahrung<\/td>\n<\/tr>\n<tr data-start=\"2741\" data-end=\"2852\">\n<td data-start=\"2741\" data-end=\"2763\" data-col-size=\"sm\">Umfeld<\/td>\n<td data-col-size=\"sm\" data-start=\"2763\" data-end=\"2792\">Betriebstemperatur\/Luftfeuchtigkeit<\/td>\n<td data-col-size=\"md\" data-start=\"2792\" data-end=\"2852\">\u221225 bis +65 \u2103 \/ 20\u201380% RH<\/td>\n<\/tr>\n<tr data-start=\"2853\" data-end=\"2964\">\n<td data-start=\"2853\" data-end=\"2875\" data-col-size=\"sm\"><\/td>\n<td data-col-size=\"sm\" data-start=\"2875\" data-end=\"2904\">Lagertemperatur\/Luftfeuchtigkeit<\/td>\n<td data-col-size=\"md\" data-start=\"2904\" data-end=\"2964\">+23 \u2103 \u00b15 \u2103 \/ 50% \u00b110% RH (keine Kondensation)<\/td>\n<\/tr>\n<tr data-start=\"2965\" data-end=\"3076\">\n<td data-start=\"2965\" data-end=\"2987\" data-col-size=\"sm\">Verpackung<\/td>\n<td data-col-size=\"sm\" data-start=\"2987\" data-end=\"3016\">Rollenversorgung<\/td>\n<td data-col-size=\"md\" data-start=\"3016\" data-end=\"3076\">1.000\u20135.000 St\u00fcck\/Rolle; 4 Rollen\/Karton<\/td>\n<\/tr>\n<tr data-start=\"3077\" data-end=\"3189\">\n<td data-start=\"3077\" data-end=\"3099\" data-col-size=\"sm\">Proben<\/td>\n<td data-start=\"3099\" data-end=\"3128\" data-col-size=\"sm\">Verf\u00fcgbarkeit<\/td>\n<td data-col-size=\"md\" data-start=\"3128\" data-end=\"3189\">Kostenlose Muster zum Testen<\/td>\n<\/tr>\n<tr data-start=\"3190\" data-end=\"3301\">\n<td data-start=\"3190\" data-end=\"3212\" data-col-size=\"sm\">Herkunft<\/td>\n<td data-col-size=\"sm\" data-start=\"3212\" data-end=\"3241\">Herkunftsort<\/td>\n<td data-col-size=\"md\" data-start=\"3241\" data-end=\"3301\">Chengdu, China<\/td>\n<\/tr>\n<tr data-start=\"3302\" data-end=\"3413\">\n<td data-start=\"3302\" data-end=\"3324\" data-col-size=\"sm\">Anwendungsf\u00e4lle<\/td>\n<td data-col-size=\"sm\" data-start=\"3324\" data-end=\"3353\">Anwendungsbeispiele<\/td>\n<td data-col-size=\"md\" data-start=\"3353\" data-end=\"3413\">Lieferkette, Einzelhandel\/Logistik, Dokumente, Veranstaltungszugang<\/td>\n<\/tr>\n<\/tbody>\n<\/table>\n<\/div>\n<\/div>","protected":false},"excerpt":{"rendered":"<p>UHF 860\u2013960 MHz Trockeneinlegefolie mit UCODE 9\u2014PET + ge\u00e4tztem Aluminium, EPC Gen2, Lesereichweite bis zu ~10 Fu\u00df, Rollenware zur Weiterverarbeitung in Etiketten, Tickets, Karten und Ausweise.<\/p>","protected":false},"featured_media":851,"template":"","meta":{"_gspb_post_css":""},"product_brand":[],"product_cat":[23],"product_tag":[],"class_list":{"0":"post-850","1":"product","2":"type-product","3":"status-publish","4":"has-post-thumbnail","6":"product_cat-rfid-nfc-inlay","8":"first","9":"instock","10":"shipping-taxable","11":"purchasable","12":"product-type-simple"},"_links":{"self":[{"href":"https:\/\/www.cxjsmartcard.com\/de\/wp-json\/wp\/v2\/product\/850","targetHints":{"allow":["GET"]}}],"collection":[{"href":"https:\/\/www.cxjsmartcard.com\/de\/wp-json\/wp\/v2\/product"}],"about":[{"href":"https:\/\/www.cxjsmartcard.com\/de\/wp-json\/wp\/v2\/types\/product"}],"wp:featuredmedia":[{"embeddable":true,"href":"https:\/\/www.cxjsmartcard.com\/de\/wp-json\/wp\/v2\/media\/851"}],"wp:attachment":[{"href":"https:\/\/www.cxjsmartcard.com\/de\/wp-json\/wp\/v2\/media?parent=850"}],"wp:term":[{"taxonomy":"product_brand","embeddable":true,"href":"https:\/\/www.cxjsmartcard.com\/de\/wp-json\/wp\/v2\/product_brand?post=850"},{"taxonomy":"product_cat","embeddable":true,"href":"https:\/\/www.cxjsmartcard.com\/de\/wp-json\/wp\/v2\/product_cat?post=850"},{"taxonomy":"product_tag","embeddable":true,"href":"https:\/\/www.cxjsmartcard.com\/de\/wp-json\/wp\/v2\/product_tag?post=850"}],"curies":[{"name":"wp","href":"https:\/\/api.w.org\/{rel}","templated":true}]}}