{"id":845,"date":"2025-11-03T08:26:37","date_gmt":"2025-11-03T08:26:37","guid":{"rendered":"https:\/\/www.cxjsmartcard.com\/?post_type=product&#038;p=845"},"modified":"2025-12-29T01:27:08","modified_gmt":"2025-12-29T01:27:08","slug":"factory-customization-rfid-waterproof-dry-wet-inlay","status":"publish","type":"product","link":"https:\/\/www.cxjsmartcard.com\/de\/factory-customization-rfid-waterproof-dry-wet-inlay\/","title":{"rendered":"Werksseitige Anpassung RFID wasserdichte Trocken-\/Nass-Einlage"},"content":{"rendered":"<p data-start=\"63\" data-end=\"512\">Wasserdichte, wetterfeste RFID-Eins\u00e4tze erh\u00e4ltlich als <strong data-start=\"128\" data-end=\"135\">trocken<\/strong>, <strong data-start=\"137\" data-end=\"144\">nass<\/strong>, oder <strong data-start=\"149\" data-end=\"162\">wei\u00df-nass<\/strong> Formate zur schnellen Integration in Etiketten, Anh\u00e4nger und Bekleidungsetiketten. Standard <strong data-start=\"242\" data-end=\"258\">HF 13,56 MHz<\/strong> Die Builds unterst\u00fctzen ISO\/IEC 14443, <strong data-start=\"295\" data-end=\"310\">UHF-Optionen<\/strong> (Chipabh\u00e4ngig) erm\u00f6glichen Lesevorg\u00e4nge \u00fcber gro\u00dfe Entfernungen \u2013 ideal f\u00fcr Einzelhandel, Logistik und raue Umgebungen. Hergestellt in <strong data-start=\"421\" data-end=\"441\">Guangdong, China<\/strong>, mit vollst\u00e4ndiger OEM-Anpassung (Gr\u00f6\u00dfe, Chip, Format, Kodierung, Branding).<\/p>\n<p data-start=\"514\" data-end=\"532\"><strong data-start=\"514\" data-end=\"530\">Warum es funktioniert<\/strong><\/p>\n<ul data-start=\"533\" data-end=\"1084\">\n<li data-start=\"533\" data-end=\"674\">\n<p data-start=\"535\" data-end=\"674\"><strong data-start=\"535\" data-end=\"556\">Flexible Formate:<\/strong> Trockene Einlagen f\u00fcr die Laminierung; nasse Einlagen mit Klebstoff zum Selbstkleben; wei\u00df-nass f\u00fcr den Schutz bedruckbarer Oberfl\u00e4chen.<\/p>\n<\/li>\n<li data-start=\"675\" data-end=\"768\">\n<p data-start=\"677\" data-end=\"768\"><strong data-start=\"677\" data-end=\"700\">Chipkompatibilit\u00e4t:<\/strong> UCODE, Monza, Alien H3, U8\/U9-Familien zur Kompatibilit\u00e4t mit bestehenden Systemen.<\/p>\n<\/li>\n<li data-start=\"769\" data-end=\"874\">\n<p data-start=\"771\" data-end=\"874\"><strong data-start=\"771\" data-end=\"796\">Robuste Konstruktion:<\/strong> PET- oder Papieretikettentr\u00e4ger mit ge\u00e4tzten Aluminium- oder Kupferschleifenantennen.<\/p>\n<\/li>\n<li data-start=\"875\" data-end=\"960\">\n<p data-start=\"877\" data-end=\"960\"><strong data-start=\"877\" data-end=\"904\">Nachhaltigkeit im Blick:<\/strong> Recycelbares PET und abfallarmes \u00c4tzverfahren; RoHS-konform.<\/p>\n<\/li>\n<li data-start=\"961\" data-end=\"1084\">\n<p data-start=\"963\" data-end=\"1084\"><strong data-start=\"963\" data-end=\"988\">Passende Produktpalette f\u00fcr jede Aufgabe:<\/strong> Nahfeldabtastungen f\u00fcr HF; <strong data-start=\"1014\" data-end=\"1029\">bis zu ~10 m<\/strong> Lesereichweite mit UHF (abh\u00e4ngig vom Leseger\u00e4t\/der Umgebung).<\/p>\n<\/li>\n<\/ul>\n<p data-start=\"1086\" data-end=\"1244\"><strong data-start=\"1086\" data-end=\"1099\">Anwendungsf\u00e4lle<\/strong><br data-start=\"1099\" data-end=\"1102\" \/>Inventar- und Bekleidungsetikettierung \u2022 Produktauthentifizierung \u2022 Anlagenverfolgung im Einzelhandel und in der Logistik \u2022 Bedruckbare RFID-Etiketten und Bekleidungsanh\u00e4nger.<\/p>\n<p data-start=\"1246\" data-end=\"1651\"><strong data-start=\"1246\" data-end=\"1254\">H\u00e4ufig gestellte Fragen<\/strong><br data-start=\"1254\" data-end=\"1257\" \/><strong data-start=\"1257\" data-end=\"1288\">Frage 1: Kann ich ein Muster anfordern?<\/strong> Ja \u2013 kostenlose Musterware steht zum Testen zur Verf\u00fcgung.<br data-start=\"1338\" data-end=\"1341\" \/><strong data-start=\"1341\" data-end=\"1366\">Frage 2: Wird NFC unterst\u00fctzt?<\/strong> HF 13,56 MHz unterst\u00fctzt NFC, abh\u00e4ngig vom gew\u00e4hlten Chip.<br data-start=\"1422\" data-end=\"1425\" \/><strong data-start=\"1425\" data-end=\"1461\">Frage 3: Welche Leseger\u00e4te sind kompatibel?<\/strong> Jeder tragbare oder station\u00e4re Leser, der unterst\u00fctzt <strong data-start=\"1502\" data-end=\"1519\">ISO\/IEC 14443<\/strong> (HF) oder <strong data-start=\"1528\" data-end=\"1544\">ISO 18000-6C<\/strong> (UHF).<br data-start=\"1551\" data-end=\"1554\" \/><strong data-start=\"1554\" data-end=\"1588\">Frage 4: Wie individuell anpassbar sind sie?<\/strong> Vollst\u00e4ndige OEM-Ausf\u00fchrung \u2013 Gr\u00f6\u00dfe, Chip, Antenne, Format, Kodierung und Branding.<\/p>\n<h2 data-start=\"1653\" data-end=\"1678\">Tabelle (Spezifikationen)<\/h2>\n<div class=\"_tableContainer_1rjym_1\">\n<div class=\"group _tableWrapper_1rjym_13 flex w-fit flex-col-reverse\" tabindex=\"-1\">\n<table class=\"w-fit min-w-(--thread-content-width)\" data-start=\"1680\" data-end=\"3796\">\n<thead data-start=\"1680\" data-end=\"1821\">\n<tr data-start=\"1680\" data-end=\"1821\">\n<th data-start=\"1680\" data-end=\"1704\" data-col-size=\"sm\">Kategorie<\/th>\n<th data-start=\"1704\" data-end=\"1732\" data-col-size=\"sm\">Parameter<\/th>\n<th data-start=\"1732\" data-end=\"1821\" data-col-size=\"md\">Wert<\/th>\n<\/tr>\n<\/thead>\n<tbody data-start=\"1963\" data-end=\"3796\">\n<tr data-start=\"1963\" data-end=\"2103\">\n<td data-start=\"1963\" data-end=\"1986\" data-col-size=\"sm\">Produkt<\/td>\n<td data-col-size=\"sm\" data-start=\"1986\" data-end=\"2014\">Typ<\/td>\n<td data-col-size=\"md\" data-start=\"2014\" data-end=\"2103\">RFID-Einlage (Trocken \/ Nass \/ Wei\u00df-Nass)<\/td>\n<\/tr>\n<tr data-start=\"2104\" data-end=\"2244\">\n<td data-start=\"2104\" data-end=\"2127\" data-col-size=\"sm\">Frequenz<\/td>\n<td data-start=\"2127\" data-end=\"2155\" data-col-size=\"sm\">HF-Standard<\/td>\n<td data-col-size=\"md\" data-start=\"2155\" data-end=\"2244\">13,56 MHz<\/td>\n<\/tr>\n<tr data-start=\"2245\" data-end=\"2385\">\n<td data-start=\"2245\" data-end=\"2268\" data-col-size=\"sm\"><\/td>\n<td data-col-size=\"sm\" data-start=\"2268\" data-end=\"2296\">UHF-Option<\/td>\n<td data-col-size=\"md\" data-start=\"2296\" data-end=\"2385\">860\u2013960 MHz (chipabh\u00e4ngig)<\/td>\n<\/tr>\n<tr data-start=\"2386\" data-end=\"2526\">\n<td data-start=\"2386\" data-end=\"2409\" data-col-size=\"sm\">Protokolle<\/td>\n<td data-start=\"2409\" data-end=\"2437\" data-col-size=\"sm\">Luftgrenzfl\u00e4che<\/td>\n<td data-col-size=\"md\" data-start=\"2437\" data-end=\"2526\">ISO\/IEC 14443 (HF); ISO 18000-6C \/ EPC Gen2 (UHF)<\/td>\n<\/tr>\n<tr data-start=\"2527\" data-end=\"2667\">\n<td data-start=\"2527\" data-end=\"2550\" data-col-size=\"sm\">IC-Optionen<\/td>\n<td data-col-size=\"sm\" data-start=\"2550\" data-end=\"2578\">Chips<\/td>\n<td data-col-size=\"md\" data-start=\"2578\" data-end=\"2667\">UCODE; Monza; Au\u00dferirdischer H3; U8; U9<\/td>\n<\/tr>\n<tr data-start=\"2668\" data-end=\"2808\">\n<td data-start=\"2668\" data-end=\"2691\" data-col-size=\"sm\">Antenne<\/td>\n<td data-col-size=\"sm\" data-start=\"2691\" data-end=\"2719\">Typ<\/td>\n<td data-col-size=\"md\" data-start=\"2719\" data-end=\"2808\">Ge\u00e4tzte Aluminium-\/Kupferschleife<\/td>\n<\/tr>\n<tr data-start=\"2809\" data-end=\"2949\">\n<td data-start=\"2809\" data-end=\"2832\" data-col-size=\"sm\">Konstruktion<\/td>\n<td data-col-size=\"sm\" data-start=\"2832\" data-end=\"2860\">Substrat<\/td>\n<td data-col-size=\"md\" data-start=\"2860\" data-end=\"2949\">PET-\/Papieretikett<\/td>\n<\/tr>\n<tr data-start=\"2950\" data-end=\"3090\">\n<td data-start=\"2950\" data-end=\"2973\" data-col-size=\"sm\">Erinnerung<\/td>\n<td data-col-size=\"sm\" data-start=\"2973\" data-end=\"3001\">Datenkapazit\u00e4t<\/td>\n<td data-col-size=\"md\" data-start=\"3001\" data-end=\"3090\">96-Bit-EPC; bis zu 512-Bit-Benutzerspeicher (chipabh\u00e4ngig)<\/td>\n<\/tr>\n<tr data-start=\"3091\" data-end=\"3231\">\n<td data-start=\"3091\" data-end=\"3114\" data-col-size=\"sm\">Lesedistanz<\/td>\n<td data-col-size=\"sm\" data-start=\"3114\" data-end=\"3142\">Reichweite<\/td>\n<td data-col-size=\"md\" data-start=\"3142\" data-end=\"3231\">HF: Nahfeld; UHF: bis zu ~10 m (abh\u00e4ngig vom Leseger\u00e4t\/der Umgebung)<\/td>\n<\/tr>\n<tr data-start=\"3232\" data-end=\"3372\">\n<td data-start=\"3232\" data-end=\"3255\" data-col-size=\"sm\">Formate<\/td>\n<td data-col-size=\"sm\" data-start=\"3255\" data-end=\"3283\">Integration<\/td>\n<td data-col-size=\"md\" data-start=\"3283\" data-end=\"3372\">Trocken f\u00fcr Laminierung; Nasskleber f\u00fcr selbstklebende Oberfl\u00e4chen; Wei\u00df-nass f\u00fcr bedruckbare Oberfl\u00e4chen<\/td>\n<\/tr>\n<tr data-start=\"3373\" data-end=\"3513\">\n<td data-start=\"3373\" data-end=\"3396\" data-col-size=\"sm\">Umfeld<\/td>\n<td data-col-size=\"sm\" data-start=\"3396\" data-end=\"3424\">Schutz<\/td>\n<td data-col-size=\"md\" data-start=\"3424\" data-end=\"3513\">Wasserdicht \/ Wetterfest; RoHS-konform<\/td>\n<\/tr>\n<tr data-start=\"3514\" data-end=\"3654\">\n<td data-start=\"3514\" data-end=\"3537\" data-col-size=\"sm\">Anpassung<\/td>\n<td data-col-size=\"sm\" data-start=\"3537\" data-end=\"3565\">OEM-Optionen<\/td>\n<td data-col-size=\"md\" data-start=\"3565\" data-end=\"3654\">Gr\u00f6\u00dfe, Chip, Format, Antenne, Kodierung, Branding<\/td>\n<\/tr>\n<tr data-start=\"3655\" data-end=\"3796\">\n<td data-start=\"3655\" data-end=\"3678\" data-col-size=\"sm\">Herkunft<\/td>\n<td data-col-size=\"sm\" data-start=\"3678\" data-end=\"3706\">Herstellung<\/td>\n<td data-col-size=\"md\" data-start=\"3706\" data-end=\"3796\">Guangdong, China<\/td>\n<\/tr>\n<\/tbody>\n<\/table>\n<\/div>\n<\/div>","protected":false},"excerpt":{"rendered":"<p>Wasserdichte RFID-Einlagen in trockener, nasser und wei\u00df-nasser Ausf\u00fchrung \u2013 HF 13,56 MHz Standard mit optionaler UHF-Reichweite. Kundenspezifische Chips, Gr\u00f6\u00dfen und Bedruckung f\u00fcr Einzelhandel, Logistik und Bekleidung.<\/p>","protected":false},"featured_media":846,"template":"","meta":{"_gspb_post_css":""},"product_brand":[],"product_cat":[23],"product_tag":[],"class_list":{"0":"post-845","1":"product","2":"type-product","3":"status-publish","4":"has-post-thumbnail","6":"product_cat-rfid-nfc-inlay","8":"first","9":"instock","10":"shipping-taxable","11":"purchasable","12":"product-type-simple"},"_links":{"self":[{"href":"https:\/\/www.cxjsmartcard.com\/de\/wp-json\/wp\/v2\/product\/845","targetHints":{"allow":["GET"]}}],"collection":[{"href":"https:\/\/www.cxjsmartcard.com\/de\/wp-json\/wp\/v2\/product"}],"about":[{"href":"https:\/\/www.cxjsmartcard.com\/de\/wp-json\/wp\/v2\/types\/product"}],"wp:featuredmedia":[{"embeddable":true,"href":"https:\/\/www.cxjsmartcard.com\/de\/wp-json\/wp\/v2\/media\/846"}],"wp:attachment":[{"href":"https:\/\/www.cxjsmartcard.com\/de\/wp-json\/wp\/v2\/media?parent=845"}],"wp:term":[{"taxonomy":"product_brand","embeddable":true,"href":"https:\/\/www.cxjsmartcard.com\/de\/wp-json\/wp\/v2\/product_brand?post=845"},{"taxonomy":"product_cat","embeddable":true,"href":"https:\/\/www.cxjsmartcard.com\/de\/wp-json\/wp\/v2\/product_cat?post=845"},{"taxonomy":"product_tag","embeddable":true,"href":"https:\/\/www.cxjsmartcard.com\/de\/wp-json\/wp\/v2\/product_tag?post=845"}],"curies":[{"name":"wp","href":"https:\/\/api.w.org\/{rel}","templated":true}]}}