{"id":820,"date":"2025-11-03T08:14:41","date_gmt":"2025-11-03T08:14:41","guid":{"rendered":"https:\/\/www.cxjsmartcard.com\/?post_type=product&#038;p=820"},"modified":"2025-12-29T01:27:09","modified_gmt":"2025-12-29T01:27:09","slug":"uhf-rfid-textile-label-for-apparel-tracking","status":"publish","type":"product","link":"https:\/\/www.cxjsmartcard.com\/de\/uhf-rfid-textile-label-for-apparel-tracking\/","title":{"rendered":"UHF-RFID-Textiletikett zur Bekleidungsverfolgung"},"content":{"rendered":"<p data-start=\"55\" data-end=\"315\">Weiche, waschbare UHF-Textiletiketten mit integrierten EPC Gen2-Inlays f\u00fcr eine schnelle und pr\u00e4zise Kleidungsst\u00fcckverfolgung. Die Etiketten k\u00f6nnen eingen\u00e4ht oder aufgeb\u00fcgelt werden und erm\u00f6glichen so das Auslesen gro\u00dfer Mengen bei Inventuren, W\u00e4scheannahme und -verteilung \u2013 f\u00fcr bessere \u00dcbersichtlichkeit und weniger Verluste.<\/p>\n<p data-start=\"317\" data-end=\"335\"><strong data-start=\"317\" data-end=\"333\">Wichtigste Vorteile<\/strong><\/p>\n<ul data-start=\"336\" data-end=\"662\">\n<li data-start=\"336\" data-end=\"407\">\n<p data-start=\"338\" data-end=\"407\"><strong data-start=\"338\" data-end=\"358\">Schnelles Mehrfachlesen:<\/strong> Lesedistanz 1\u201310 m f\u00fcr schnelles Stapelscannen.<\/p>\n<\/li>\n<li data-start=\"408\" data-end=\"500\">\n<p data-start=\"410\" data-end=\"500\"><strong data-start=\"410\" data-end=\"429\">Weich und strapazierf\u00e4hig:<\/strong> Angenehm zu tragen; best\u00e4ndig gegen Waschen, B\u00fcgeln und chemische Reinigung.<\/p>\n<\/li>\n<li data-start=\"501\" data-end=\"579\">\n<p data-start=\"503\" data-end=\"579\"><strong data-start=\"503\" data-end=\"523\">Standardsbasiert:<\/strong> UHF 860\u2013960 MHz, ISO\/IEC 18000-6C (EPC Klasse 1 Gen2).<\/p>\n<\/li>\n<li data-start=\"580\" data-end=\"662\">\n<p data-start=\"582\" data-end=\"662\"><strong data-start=\"582\" data-end=\"598\">Markenfertig:<\/strong> Individuelle Gr\u00f6\u00dfen, Materialien, Grafiken und vollst\u00e4ndiger Druck\/Codierung.<\/p>\n<\/li>\n<\/ul>\n<p data-start=\"664\" data-end=\"809\"><strong data-start=\"664\" data-end=\"680\">Anwendungen<\/strong><br data-start=\"680\" data-end=\"683\" \/>Inventur und Zyklusz\u00e4hlung im Einzelhandel \u2022 Bekleidungs-\/Kleidungsverfolgung \u2022 W\u00e4scherei- und Uniformprogramme \u2022 Lieferkette f\u00fcr Schuhe und Textilien.<\/p>\n<p data-start=\"811\" data-end=\"1039\"><strong data-start=\"811\" data-end=\"834\">Optionen &amp; Ausf\u00fchrung<\/strong><br data-start=\"834\" data-end=\"837\" \/>Materialien: Polyester, Satin, Baumwolle, PET, Vliesstoff \u2022 Gr\u00f6\u00dfen: 60\u00d730 mm, 80\u00d738 mm oder kundenspezifisch \u2022 Chips: NXP UCODE 8\/9; Impinj Monza R6\/R6-P \u2022 Druck\/Codierung: Logo, Seriennummer\/UID, Barcode, QR-Code, variable Daten.<\/p>\n<h2 data-start=\"1041\" data-end=\"1066\">Tabelle (Spezifikationen)<\/h2>\n<div class=\"_tableContainer_1rjym_1\">\n<div class=\"group _tableWrapper_1rjym_13 flex w-fit flex-col-reverse\" tabindex=\"-1\">\n<table class=\"w-fit min-w-(--thread-content-width)\" data-start=\"1068\" data-end=\"2897\">\n<thead data-start=\"1068\" data-end=\"1189\">\n<tr data-start=\"1068\" data-end=\"1189\">\n<th data-start=\"1068\" data-end=\"1090\" data-col-size=\"sm\">Kategorie<\/th>\n<th data-start=\"1090\" data-end=\"1116\" data-col-size=\"sm\">Parameter<\/th>\n<th data-start=\"1116\" data-end=\"1189\" data-col-size=\"md\">Wert<\/th>\n<\/tr>\n<\/thead>\n<tbody data-start=\"1312\" data-end=\"2897\">\n<tr data-start=\"1312\" data-end=\"1432\">\n<td data-start=\"1312\" data-end=\"1334\" data-col-size=\"sm\">Produkt<\/td>\n<td data-col-size=\"sm\" data-start=\"1334\" data-end=\"1360\">Typ<\/td>\n<td data-col-size=\"md\" data-start=\"1360\" data-end=\"1432\">UHF-RFID-Waschpflege-\/Textiletikett<\/td>\n<\/tr>\n<tr data-start=\"1433\" data-end=\"1554\">\n<td data-start=\"1433\" data-end=\"1455\" data-col-size=\"sm\">RFID<\/td>\n<td data-col-size=\"sm\" data-start=\"1455\" data-end=\"1481\">Protokoll<\/td>\n<td data-col-size=\"md\" data-start=\"1481\" data-end=\"1554\">ISO\/IEC 18000-6C, EPC Klasse 1 Gen 2<\/td>\n<\/tr>\n<tr data-start=\"1555\" data-end=\"1676\">\n<td data-start=\"1555\" data-end=\"1577\" data-col-size=\"sm\"><\/td>\n<td data-col-size=\"sm\" data-start=\"1577\" data-end=\"1603\">Frequenz<\/td>\n<td data-col-size=\"md\" data-start=\"1603\" data-end=\"1676\">860\u2013960 MHz<\/td>\n<\/tr>\n<tr data-start=\"1677\" data-end=\"1798\">\n<td data-start=\"1677\" data-end=\"1699\" data-col-size=\"sm\">IC-Optionen<\/td>\n<td data-col-size=\"sm\" data-start=\"1699\" data-end=\"1725\">Chipmodelle<\/td>\n<td data-col-size=\"md\" data-start=\"1725\" data-end=\"1798\">NXP UCODE 8 \/ UCODE 9; Impinj Monza R6 \/ R6-P<\/td>\n<\/tr>\n<tr data-start=\"1799\" data-end=\"1920\">\n<td data-start=\"1799\" data-end=\"1821\" data-col-size=\"sm\">Erinnerung<\/td>\n<td data-col-size=\"sm\" data-start=\"1821\" data-end=\"1847\">EPC \/ Benutzer \/ TID<\/td>\n<td data-col-size=\"md\" data-start=\"1847\" data-end=\"1920\">EPC 96\u2013496 Bit (konfigurierbar) \/ Benutzer optional \/ TID 96 Bit<\/td>\n<\/tr>\n<tr data-start=\"1921\" data-end=\"2042\">\n<td data-start=\"1921\" data-end=\"1943\" data-col-size=\"sm\">Leistung<\/td>\n<td data-col-size=\"sm\" data-start=\"1943\" data-end=\"1969\">Lesedistanz<\/td>\n<td data-col-size=\"md\" data-start=\"1969\" data-end=\"2042\">1\u201310 m (abh\u00e4ngig vom Leser\/der Umgebung)<\/td>\n<\/tr>\n<tr data-start=\"2043\" data-end=\"2165\">\n<td data-start=\"2043\" data-end=\"2065\" data-col-size=\"sm\">Konstruktion<\/td>\n<td data-col-size=\"sm\" data-start=\"2065\" data-end=\"2091\">Materialien<\/td>\n<td data-col-size=\"md\" data-start=\"2091\" data-end=\"2165\">Polyester, Satin, Baumwolle, PET, Vliesstoff<\/td>\n<\/tr>\n<tr data-start=\"2166\" data-end=\"2287\">\n<td data-start=\"2166\" data-end=\"2188\" data-col-size=\"sm\">Abmessungen<\/td>\n<td data-col-size=\"sm\" data-start=\"2188\" data-end=\"2214\">Standardgr\u00f6\u00dfen<\/td>\n<td data-col-size=\"md\" data-start=\"2214\" data-end=\"2287\">60 \u00d7 30 mm; 80 \u00d7 38 mm; Sonderanfertigungen m\u00f6glich<\/td>\n<\/tr>\n<tr data-start=\"2288\" data-end=\"2409\">\n<td data-start=\"2288\" data-end=\"2310\" data-col-size=\"sm\">Integration<\/td>\n<td data-col-size=\"sm\" data-start=\"2310\" data-end=\"2336\">Befestigungsmethoden<\/td>\n<td data-col-size=\"md\" data-start=\"2336\" data-end=\"2409\">Zum Einn\u00e4hen oder Aufb\u00fcgeln<\/td>\n<\/tr>\n<tr data-start=\"2410\" data-end=\"2531\">\n<td data-start=\"2410\" data-end=\"2432\" data-col-size=\"sm\">Drucken &amp; Daten<\/td>\n<td data-col-size=\"sm\" data-start=\"2432\" data-end=\"2458\">Personalisierung<\/td>\n<td data-col-size=\"md\" data-start=\"2458\" data-end=\"2531\">Logo, Seriennummer\/UID, Barcode, QR-Code, variable Daten; Vorkodierung unterst\u00fctzt<\/td>\n<\/tr>\n<tr data-start=\"2532\" data-end=\"2653\">\n<td data-start=\"2532\" data-end=\"2554\" data-col-size=\"sm\">Haltbarkeit<\/td>\n<td data-col-size=\"sm\" data-start=\"2554\" data-end=\"2580\">Prozessbest\u00e4ndigkeit<\/td>\n<td data-col-size=\"md\" data-start=\"2580\" data-end=\"2653\">Waschbar; b\u00fcgel- und reinigungsbest\u00e4ndig<\/td>\n<\/tr>\n<tr data-start=\"2654\" data-end=\"2775\">\n<td data-start=\"2654\" data-end=\"2676\" data-col-size=\"sm\">Lebenszyklus<\/td>\n<td data-col-size=\"sm\" data-start=\"2676\" data-end=\"2702\">IC-Haltbarkeit \/ -Retention<\/td>\n<td data-col-size=\"md\" data-start=\"2702\" data-end=\"2775\">100.000 Programmierzyklen; 10 Jahre Datenaufbewahrung<\/td>\n<\/tr>\n<tr data-start=\"2776\" data-end=\"2897\">\n<td data-start=\"2776\" data-end=\"2798\" data-col-size=\"sm\">Anwendungsf\u00e4lle<\/td>\n<td data-start=\"2798\" data-end=\"2824\" data-col-size=\"sm\">Typische Anwendungen<\/td>\n<td data-col-size=\"md\" data-start=\"2824\" data-end=\"2897\">Bekleidungsverfolgung, Einzelhandelsbestand, Lieferkette, Schuhe\/Textilien<\/td>\n<\/tr>\n<\/tbody>\n<\/table>\n<\/div>\n<\/div>","protected":false},"excerpt":{"rendered":"<p>Weiche, waschbare UHF-RFID-Textiletiketten f\u00fcr Bekleidung \u2013 1\u201310 m Massenlesebereich, EPC Gen2-konform, zum Einn\u00e4hen oder Aufb\u00fcgeln, mit kundenspezifischen Materialien, Gr\u00f6\u00dfen, Druckverfahren und Codierung.<\/p>","protected":false},"featured_media":821,"template":"","meta":{"_gspb_post_css":""},"product_brand":[],"product_cat":[22],"product_tag":[],"class_list":{"0":"post-820","1":"product","2":"type-product","3":"status-publish","4":"has-post-thumbnail","6":"product_cat-rfid-wash-care-labels","8":"first","9":"instock","10":"shipping-taxable","11":"purchasable","12":"product-type-simple"},"_links":{"self":[{"href":"https:\/\/www.cxjsmartcard.com\/de\/wp-json\/wp\/v2\/product\/820","targetHints":{"allow":["GET"]}}],"collection":[{"href":"https:\/\/www.cxjsmartcard.com\/de\/wp-json\/wp\/v2\/product"}],"about":[{"href":"https:\/\/www.cxjsmartcard.com\/de\/wp-json\/wp\/v2\/types\/product"}],"wp:featuredmedia":[{"embeddable":true,"href":"https:\/\/www.cxjsmartcard.com\/de\/wp-json\/wp\/v2\/media\/821"}],"wp:attachment":[{"href":"https:\/\/www.cxjsmartcard.com\/de\/wp-json\/wp\/v2\/media?parent=820"}],"wp:term":[{"taxonomy":"product_brand","embeddable":true,"href":"https:\/\/www.cxjsmartcard.com\/de\/wp-json\/wp\/v2\/product_brand?post=820"},{"taxonomy":"product_cat","embeddable":true,"href":"https:\/\/www.cxjsmartcard.com\/de\/wp-json\/wp\/v2\/product_cat?post=820"},{"taxonomy":"product_tag","embeddable":true,"href":"https:\/\/www.cxjsmartcard.com\/de\/wp-json\/wp\/v2\/product_tag?post=820"}],"curies":[{"name":"wp","href":"https:\/\/api.w.org\/{rel}","templated":true}]}}