{"id":815,"date":"2025-11-03T08:03:51","date_gmt":"2025-11-03T08:03:51","guid":{"rendered":"https:\/\/www.cxjsmartcard.com\/?post_type=product&#038;p=815"},"modified":"2025-12-29T01:27:09","modified_gmt":"2025-12-29T01:27:09","slug":"ribbon-satin-garment-uhf-rfid-wash-care-label-tag","status":"publish","type":"product","link":"https:\/\/www.cxjsmartcard.com\/de\/ribbon-satin-garment-uhf-rfid-wash-care-label-tag\/","title":{"rendered":"Satin-Kleidungsetikett mit UHF-RFID-Funktion und Pflegehinweisen"},"content":{"rendered":"<p data-start=\"61\" data-end=\"309\">UHF-RFID-Pflegeetiketten integrieren die EPC Gen2-Technologie in waschbare Kleidungsst\u00fccke und erm\u00f6glichen so die Echtzeit-\u00dcbersicht des Lagerbestands. Sie sind f\u00fcr industrielles Waschen, B\u00fcgeln und den t\u00e4glichen Gebrauch geeignet, reduzieren Einlaufen, verhindern Fehlbest\u00e4nde und verringern den manuellen Z\u00e4hlaufwand.<\/p>\n<p data-start=\"311\" data-end=\"329\"><strong data-start=\"311\" data-end=\"327\">Hauptmerkmale<\/strong><\/p>\n<ul data-start=\"330\" data-end=\"1000\">\n<li data-start=\"330\" data-end=\"408\">\n<p data-start=\"332\" data-end=\"408\"><strong data-start=\"332\" data-end=\"346\">Materialien:<\/strong> Polyester, Satin, Materialzusammensetzung, Baumwolle, Vliesstoff, PET<\/p>\n<\/li>\n<li data-start=\"409\" data-end=\"461\">\n<p data-start=\"411\" data-end=\"461\"><strong data-start=\"411\" data-end=\"421\">Gr\u00f6\u00dfen:<\/strong> 80 \u00d7 38 mm, 60 \u00d7 30 mm oder kundenspezifisch<\/p>\n<\/li>\n<li data-start=\"462\" data-end=\"492\">\n<p data-start=\"464\" data-end=\"492\"><strong data-start=\"464\" data-end=\"473\">Typ:<\/strong> Passive UHF-RFID<\/p>\n<\/li>\n<li data-start=\"493\" data-end=\"566\">\n<p data-start=\"495\" data-end=\"566\"><strong data-start=\"495\" data-end=\"518\">Protokoll\/Frequenz:<\/strong> ISO 18000-6C \/ EPC Klasse 1 Gen 2; 860\u2013960 MHz<\/p>\n<\/li>\n<li data-start=\"567\" data-end=\"623\">\n<p data-start=\"569\" data-end=\"623\"><strong data-start=\"569\" data-end=\"579\">Chips:<\/strong> Impinj Monza R6\/R6-P; NXP UCODE 8\/UCODE 9<\/p>\n<\/li>\n<li data-start=\"624\" data-end=\"680\">\n<p data-start=\"626\" data-end=\"680\"><strong data-start=\"626\" data-end=\"644\">Lesedistanz:<\/strong> 1\u201310 m (abh\u00e4ngig vom Leseger\u00e4t\/der Antenne)<\/p>\n<\/li>\n<li data-start=\"681\" data-end=\"718\">\n<p data-start=\"683\" data-end=\"718\"><strong data-start=\"683\" data-end=\"698\">Anhang:<\/strong> Zum Einn\u00e4hen oder Aufb\u00fcgeln<\/p>\n<\/li>\n<li data-start=\"719\" data-end=\"780\">\n<p data-start=\"721\" data-end=\"780\"><strong data-start=\"721\" data-end=\"741\">Drucken &amp; Daten:<\/strong> Benutzerdefinierte Grafiken, Seriennummer\/UID, Kodierung<\/p>\n<\/li>\n<li data-start=\"781\" data-end=\"853\">\n<p data-start=\"783\" data-end=\"853\"><strong data-start=\"783\" data-end=\"800\">IC-Ausdauer:<\/strong> 100.000 Programmierzyklen; 10 Jahre Datenaufbewahrung<\/p>\n<\/li>\n<li data-start=\"854\" data-end=\"904\">\n<p data-start=\"856\" data-end=\"904\"><strong data-start=\"856\" data-end=\"868\">Proben:<\/strong> Kostenlose Muster auf Anfrage erh\u00e4ltlich.<\/p>\n<\/li>\n<li data-start=\"905\" data-end=\"1000\">\n<p data-start=\"907\" data-end=\"1000\"><strong data-start=\"907\" data-end=\"924\">Anwendungsbereiche:<\/strong> Bestandsmanagement, Lieferkette, Einzelhandel; Bekleidung, Taschen, Schuhe<\/p>\n<\/li>\n<\/ul>\n<h2 data-start=\"1002\" data-end=\"1027\">Tabelle (Spezifikationen)<\/h2>\n<div class=\"_tableContainer_1rjym_1\">\n<div class=\"group _tableWrapper_1rjym_13 flex w-fit flex-col-reverse\" tabindex=\"-1\">\n<table class=\"w-fit min-w-(--thread-content-width)\" data-start=\"1029\" data-end=\"2619\">\n<thead data-start=\"1029\" data-end=\"1128\">\n<tr data-start=\"1029\" data-end=\"1128\">\n<th data-start=\"1029\" data-end=\"1051\" data-col-size=\"sm\">Kategorie<\/th>\n<th data-start=\"1051\" data-end=\"1072\" data-col-size=\"sm\">Parameter<\/th>\n<th data-start=\"1072\" data-end=\"1128\" data-col-size=\"md\">Wert<\/th>\n<\/tr>\n<\/thead>\n<tbody data-start=\"1228\" data-end=\"2619\">\n<tr data-start=\"1228\" data-end=\"1326\">\n<td data-start=\"1228\" data-end=\"1249\" data-col-size=\"sm\">Produkt<\/td>\n<td data-start=\"1249\" data-end=\"1270\" data-col-size=\"sm\">Name<\/td>\n<td data-col-size=\"md\" data-start=\"1270\" data-end=\"1326\">RFID-Pflegeetikett<\/td>\n<\/tr>\n<tr data-start=\"1327\" data-end=\"1431\">\n<td data-start=\"1327\" data-end=\"1348\" data-col-size=\"sm\">Konstruktion<\/td>\n<td data-col-size=\"sm\" data-start=\"1348\" data-end=\"1369\">Materialien<\/td>\n<td data-col-size=\"md\" data-start=\"1369\" data-end=\"1431\">Polyester \/ Satin \/ Komposition \/ Baumwolle \/ Vliesstoff \/ PET<\/td>\n<\/tr>\n<tr data-start=\"1432\" data-end=\"1530\">\n<td data-start=\"1432\" data-end=\"1453\" data-col-size=\"sm\">Abmessungen<\/td>\n<td data-col-size=\"sm\" data-start=\"1453\" data-end=\"1474\">Standardgr\u00f6\u00dfen<\/td>\n<td data-col-size=\"md\" data-start=\"1474\" data-end=\"1530\">80 \u00d7 38 mm; 60 \u00d7 30 mm; kundenspezifisch<\/td>\n<\/tr>\n<tr data-start=\"1531\" data-end=\"1629\">\n<td data-start=\"1531\" data-end=\"1552\" data-col-size=\"sm\">RFID<\/td>\n<td data-col-size=\"sm\" data-start=\"1552\" data-end=\"1573\">Typ<\/td>\n<td data-col-size=\"md\" data-start=\"1573\" data-end=\"1629\">Passives UHF<\/td>\n<\/tr>\n<tr data-start=\"1630\" data-end=\"1728\">\n<td data-start=\"1630\" data-end=\"1651\" data-col-size=\"sm\"><\/td>\n<td data-col-size=\"sm\" data-start=\"1651\" data-end=\"1672\">Protokoll<\/td>\n<td data-col-size=\"md\" data-start=\"1672\" data-end=\"1728\">ISO 18000-6C; EPC Klasse 1 Gen 2<\/td>\n<\/tr>\n<tr data-start=\"1729\" data-end=\"1827\">\n<td data-start=\"1729\" data-end=\"1750\" data-col-size=\"sm\"><\/td>\n<td data-col-size=\"sm\" data-start=\"1750\" data-end=\"1771\">Frequenz<\/td>\n<td data-col-size=\"md\" data-start=\"1771\" data-end=\"1827\">860\u2013960 MHz<\/td>\n<\/tr>\n<tr data-start=\"1828\" data-end=\"1926\">\n<td data-start=\"1828\" data-end=\"1849\" data-col-size=\"sm\">IC-Optionen<\/td>\n<td data-col-size=\"sm\" data-start=\"1849\" data-end=\"1870\">Chips<\/td>\n<td data-col-size=\"md\" data-start=\"1870\" data-end=\"1926\">Impinj Monza R6 \/ R6-P; NXP UCODE 8 \/ UCODE 9<\/td>\n<\/tr>\n<tr data-start=\"1927\" data-end=\"2025\">\n<td data-start=\"1927\" data-end=\"1948\" data-col-size=\"sm\">Leistung<\/td>\n<td data-col-size=\"sm\" data-start=\"1948\" data-end=\"1969\">Lesedistanz<\/td>\n<td data-col-size=\"md\" data-start=\"1969\" data-end=\"2025\">1\u201310 m (abh\u00e4ngig von Leseger\u00e4t und Antenne)<\/td>\n<\/tr>\n<tr data-start=\"2026\" data-end=\"2124\">\n<td data-start=\"2026\" data-end=\"2047\" data-col-size=\"sm\">Installation<\/td>\n<td data-col-size=\"sm\" data-start=\"2047\" data-end=\"2068\">Befestigungsmethode<\/td>\n<td data-col-size=\"md\" data-start=\"2068\" data-end=\"2124\">N\u00e4hen oder B\u00fcgeln<\/td>\n<\/tr>\n<tr data-start=\"2125\" data-end=\"2223\">\n<td data-start=\"2125\" data-end=\"2146\" data-col-size=\"sm\">Personalisierung<\/td>\n<td data-start=\"2146\" data-end=\"2167\" data-col-size=\"sm\">Drucken\/Kodieren<\/td>\n<td data-col-size=\"md\" data-start=\"2167\" data-end=\"2223\">Drucken, Seriennummer\/UID, Design, Datenkodierung<\/td>\n<\/tr>\n<tr data-start=\"2224\" data-end=\"2322\">\n<td data-start=\"2224\" data-end=\"2245\" data-col-size=\"sm\">Ausdauer<\/td>\n<td data-start=\"2245\" data-end=\"2266\" data-col-size=\"sm\">Programmierzyklen<\/td>\n<td data-col-size=\"md\" data-start=\"2266\" data-end=\"2322\">100,000<\/td>\n<\/tr>\n<tr data-start=\"2323\" data-end=\"2421\">\n<td data-start=\"2323\" data-end=\"2344\" data-col-size=\"sm\">Daten<\/td>\n<td data-col-size=\"sm\" data-start=\"2344\" data-end=\"2365\">Zur\u00fcckbehaltung<\/td>\n<td data-col-size=\"md\" data-start=\"2365\" data-end=\"2421\">10 Jahre<\/td>\n<\/tr>\n<tr data-start=\"2422\" data-end=\"2520\">\n<td data-start=\"2422\" data-end=\"2443\" data-col-size=\"sm\">Probenahme<\/td>\n<td data-col-size=\"sm\" data-start=\"2443\" data-end=\"2464\">Verf\u00fcgbarkeit<\/td>\n<td data-col-size=\"md\" data-start=\"2464\" data-end=\"2520\">Kostenlose Muster erh\u00e4ltlich<\/td>\n<\/tr>\n<tr data-start=\"2521\" data-end=\"2619\">\n<td data-start=\"2521\" data-end=\"2542\" data-col-size=\"sm\">Anwendungsf\u00e4lle<\/td>\n<td data-col-size=\"sm\" data-start=\"2542\" data-end=\"2563\">Anwendungen<\/td>\n<td data-col-size=\"md\" data-start=\"2563\" data-end=\"2619\">Lagerhaltung, Lieferkette, Einzelhandel; Bekleidung\/Taschen\/Schuhe<\/td>\n<\/tr>\n<\/tbody>\n<\/table>\n<\/div>\n<\/div>","protected":false},"excerpt":{"rendered":"<p>Waschbare UHF-RFID-Pflegeetiketten aus Satin\/Polyester f\u00fcr Kleidungsst\u00fccke \u2013 Lesereichweite 1\u201310 m, ISO 18000-6C EPC Gen2, zum Einn\u00e4hen oder Aufb\u00fcgeln, individueller Druck und Codierung.<\/p>","protected":false},"featured_media":816,"template":"","meta":{"_gspb_post_css":""},"product_brand":[],"product_cat":[22],"product_tag":[],"class_list":{"0":"post-815","1":"product","2":"type-product","3":"status-publish","4":"has-post-thumbnail","6":"product_cat-rfid-wash-care-labels","8":"first","9":"instock","10":"shipping-taxable","11":"purchasable","12":"product-type-simple"},"_links":{"self":[{"href":"https:\/\/www.cxjsmartcard.com\/de\/wp-json\/wp\/v2\/product\/815","targetHints":{"allow":["GET"]}}],"collection":[{"href":"https:\/\/www.cxjsmartcard.com\/de\/wp-json\/wp\/v2\/product"}],"about":[{"href":"https:\/\/www.cxjsmartcard.com\/de\/wp-json\/wp\/v2\/types\/product"}],"wp:featuredmedia":[{"embeddable":true,"href":"https:\/\/www.cxjsmartcard.com\/de\/wp-json\/wp\/v2\/media\/816"}],"wp:attachment":[{"href":"https:\/\/www.cxjsmartcard.com\/de\/wp-json\/wp\/v2\/media?parent=815"}],"wp:term":[{"taxonomy":"product_brand","embeddable":true,"href":"https:\/\/www.cxjsmartcard.com\/de\/wp-json\/wp\/v2\/product_brand?post=815"},{"taxonomy":"product_cat","embeddable":true,"href":"https:\/\/www.cxjsmartcard.com\/de\/wp-json\/wp\/v2\/product_cat?post=815"},{"taxonomy":"product_tag","embeddable":true,"href":"https:\/\/www.cxjsmartcard.com\/de\/wp-json\/wp\/v2\/product_tag?post=815"}],"curies":[{"name":"wp","href":"https:\/\/api.w.org\/{rel}","templated":true}]}}