{"id":811,"date":"2025-11-03T08:01:29","date_gmt":"2025-11-03T08:01:29","guid":{"rendered":"https:\/\/www.cxjsmartcard.com\/?post_type=product&#038;p=811"},"modified":"2025-12-29T01:27:09","modified_gmt":"2025-12-29T01:27:09","slug":"nylon-woven-uhf-rfid-wash-care-label-tags","status":"publish","type":"product","link":"https:\/\/www.cxjsmartcard.com\/de\/nylon-woven-uhf-rfid-wash-care-label-tags\/","title":{"rendered":"Nylon-gewebte UHF-RFID-Waschpflegeetiketten"},"content":{"rendered":"<p data-start=\"53\" data-end=\"357\">Nylon-gewebte UHF-Waschetiketten sehen aus wie herk\u00f6mmliche Stoffetiketten und f\u00fchlen sich auch so an, verf\u00fcgen aber \u00fcber ein integriertes EPC Gen2\/UHF-Inlay f\u00fcr die schnelle, mehrfach lesbare Nachverfolgung von Kleidungsst\u00fccken. Sie sind strapazierf\u00e4hig, waschbar und ann\u00e4hbar und optimieren so die Bestandsverwaltung, die W\u00e4scheannahme und die Transparenz der Lieferkette.<\/p>\n<p data-start=\"359\" data-end=\"377\"><strong data-start=\"359\" data-end=\"375\">Hauptmerkmale<\/strong><\/p>\n<ul data-start=\"378\" data-end=\"955\">\n<li data-start=\"378\" data-end=\"452\">\n<p data-start=\"380\" data-end=\"452\"><strong data-start=\"380\" data-end=\"400\">UHF-Leistung:<\/strong> 860\u2013960 MHz; ISO\/IEC 18000-6C (EPC Klasse 1 Gen 2)<\/p>\n<\/li>\n<li data-start=\"453\" data-end=\"516\">\n<p data-start=\"455\" data-end=\"516\"><strong data-start=\"455\" data-end=\"465\">Chips:<\/strong> NXP UCODE 8\/9, Impinj M4QT, MR6-P (anpassbar)<\/p>\n<\/li>\n<li data-start=\"517\" data-end=\"603\">\n<p data-start=\"519\" data-end=\"603\"><strong data-start=\"519\" data-end=\"538\">Speicherprofil:<\/strong> EPC 96\u2013128 Bit; Benutzer 0\u2013512 Bit; TID 96 Bit; Reserve 64 Bit<\/p>\n<\/li>\n<li data-start=\"604\" data-end=\"652\">\n<p data-start=\"606\" data-end=\"652\"><strong data-start=\"606\" data-end=\"621\">Lesebereich:<\/strong> 0\u20138 m (abh\u00e4ngig von Tag\/Leseger\u00e4t)<\/p>\n<\/li>\n<li data-start=\"653\" data-end=\"721\">\n<p data-start=\"655\" data-end=\"721\"><strong data-start=\"655\" data-end=\"672\">Konstruktion:<\/strong> Nylongewebe oder PET-Oberfl\u00e4che; Einn\u00e4hetikettenformate<\/p>\n<\/li>\n<li data-start=\"722\" data-end=\"797\">\n<p data-start=\"724\" data-end=\"797\"><strong data-start=\"724\" data-end=\"738\">Ausdauer:<\/strong> Bis zu 100.000 Mal wiederbeschreibbar; Datenaufbewahrung &gt;50 Jahre<\/p>\n<\/li>\n<li data-start=\"798\" data-end=\"864\">\n<p data-start=\"800\" data-end=\"864\"><strong data-start=\"800\" data-end=\"816\">Etikettengr\u00f6\u00dfen:<\/strong> Standard oder kundenspezifisch (z. B. 64\u00d721 mm, 81\u00d730 mm)<\/p>\n<\/li>\n<li data-start=\"865\" data-end=\"955\">\n<p data-start=\"867\" data-end=\"955\"><strong data-start=\"867\" data-end=\"891\">Drucken &amp; Kodieren:<\/strong> Thermotransfer, Siebdruck, weitere Optionen mit Datenkodierung<\/p>\n<\/li>\n<\/ul>\n<p data-start=\"957\" data-end=\"1084\"><strong data-start=\"957\" data-end=\"973\">Anwendungen<\/strong><br data-start=\"973\" data-end=\"976\" \/>Bestandsf\u00fchrung f\u00fcr Bekleidung und Schuhe \u2022 W\u00e4scherei- und Textilverfolgung \u2022 Kontrolle der Lieferkette und des Vertriebs von Bekleidung.<\/p>\n<p data-start=\"1086\" data-end=\"1224\"><strong data-start=\"1086\" data-end=\"1111\">Anpassungsoptionen<\/strong><br data-start=\"1111\" data-end=\"1114\" \/>Chiptyp, Etikettenabmessungen, Oberfl\u00e4chenmaterial (Nylon\/PET), Grafik (Logo\/Text\/Seriennummer\/QR) und vollst\u00e4ndige Datenkodierung.<\/p>\n<h2 data-start=\"1226\" data-end=\"1251\">Tabelle (Spezifikationen)<\/h2>\n<div class=\"_tableContainer_1rjym_1\">\n<div class=\"group _tableWrapper_1rjym_13 flex w-fit flex-col-reverse\" tabindex=\"-1\">\n<table class=\"w-fit min-w-(--thread-content-width)\" data-start=\"1253\" data-end=\"3546\">\n<thead data-start=\"1253\" data-end=\"1381\">\n<tr data-start=\"1253\" data-end=\"1381\">\n<th data-start=\"1253\" data-end=\"1275\" data-col-size=\"sm\">Kategorie<\/th>\n<th data-start=\"1275\" data-end=\"1298\" data-col-size=\"sm\">Parameter<\/th>\n<th data-start=\"1298\" data-end=\"1381\" data-col-size=\"md\">Wert<\/th>\n<\/tr>\n<\/thead>\n<tbody data-start=\"1510\" data-end=\"3546\">\n<tr data-start=\"1510\" data-end=\"1636\">\n<td data-start=\"1510\" data-end=\"1531\" data-col-size=\"sm\">Produkt<\/td>\n<td data-start=\"1531\" data-end=\"1554\" data-col-size=\"sm\">Name<\/td>\n<td data-col-size=\"md\" data-start=\"1554\" data-end=\"1636\">UHF RFID-Waschetikett<\/td>\n<\/tr>\n<tr data-start=\"1637\" data-end=\"1763\">\n<td data-start=\"1637\" data-end=\"1658\" data-col-size=\"sm\">RF<\/td>\n<td data-start=\"1658\" data-end=\"1681\" data-col-size=\"sm\">Frequenz<\/td>\n<td data-col-size=\"md\" data-start=\"1681\" data-end=\"1763\">860\u2013960 MHz<\/td>\n<\/tr>\n<tr data-start=\"1764\" data-end=\"1890\">\n<td data-start=\"1764\" data-end=\"1785\" data-col-size=\"sm\"><\/td>\n<td data-col-size=\"sm\" data-start=\"1785\" data-end=\"1808\">Protokoll<\/td>\n<td data-col-size=\"md\" data-start=\"1808\" data-end=\"1890\">ISO\/IEC 18000-6C, EPC Klasse 1 Gen 2<\/td>\n<\/tr>\n<tr data-start=\"1891\" data-end=\"2017\">\n<td data-start=\"1891\" data-end=\"1912\" data-col-size=\"sm\">IC-Optionen<\/td>\n<td data-col-size=\"sm\" data-start=\"1912\" data-end=\"1935\">Chips<\/td>\n<td data-col-size=\"md\" data-start=\"1935\" data-end=\"2017\">NXP UCODE 8 \/ UCODE 9; Impinj M4QT; MR6-P<\/td>\n<\/tr>\n<tr data-start=\"2018\" data-end=\"2144\">\n<td data-start=\"2018\" data-end=\"2039\" data-col-size=\"sm\">Erinnerung<\/td>\n<td data-col-size=\"sm\" data-start=\"2039\" data-end=\"2062\">EPC \/ Benutzer \/ TID<\/td>\n<td data-col-size=\"md\" data-start=\"2062\" data-end=\"2144\">96\u2013128 Bit \/ 0\u2013512 Bit \/ 96 Bit<\/td>\n<\/tr>\n<tr data-start=\"2145\" data-end=\"2272\">\n<td data-start=\"2145\" data-end=\"2166\" data-col-size=\"sm\"><\/td>\n<td data-col-size=\"sm\" data-start=\"2166\" data-end=\"2189\">Reservieren<\/td>\n<td data-col-size=\"md\" data-start=\"2189\" data-end=\"2272\">64 Bit<\/td>\n<\/tr>\n<tr data-start=\"2273\" data-end=\"2399\">\n<td data-start=\"2273\" data-end=\"2294\" data-col-size=\"sm\">Mechanik<\/td>\n<td data-col-size=\"sm\" data-start=\"2294\" data-end=\"2317\">Oberfl\u00e4chenmaterial<\/td>\n<td data-col-size=\"md\" data-start=\"2317\" data-end=\"2399\">Nylongewebe, PET oder individuell anpassbar<\/td>\n<\/tr>\n<tr data-start=\"2400\" data-end=\"2526\">\n<td data-start=\"2400\" data-end=\"2421\" data-col-size=\"sm\">Abmessungen<\/td>\n<td data-col-size=\"sm\" data-start=\"2421\" data-end=\"2444\">Etikettengr\u00f6\u00dfe<\/td>\n<td data-col-size=\"md\" data-start=\"2444\" data-end=\"2526\">Standard oder kundenspezifisch (z. B. 64\u00d721 mm, 81\u00d730 mm)<\/td>\n<\/tr>\n<tr data-start=\"2527\" data-end=\"2653\">\n<td data-start=\"2527\" data-end=\"2548\" data-col-size=\"sm\">Leistung<\/td>\n<td data-col-size=\"sm\" data-start=\"2548\" data-end=\"2571\">Leseentfernung<\/td>\n<td data-col-size=\"md\" data-start=\"2571\" data-end=\"2653\">0\u20138 m (abh\u00e4ngig von Leser, Umgebung und Kleidung)<\/td>\n<\/tr>\n<tr data-start=\"2654\" data-end=\"2780\">\n<td data-start=\"2654\" data-end=\"2675\" data-col-size=\"sm\">Lebenszyklus<\/td>\n<td data-col-size=\"sm\" data-start=\"2675\" data-end=\"2698\">Wiederbeschreibbar\/Speicherung<\/td>\n<td data-col-size=\"md\" data-start=\"2698\" data-end=\"2780\">Bis zu 100.000 Schreibvorg\u00e4nge; Datenaufbewahrung \u00fcber 50 Jahre<\/td>\n<\/tr>\n<tr data-start=\"2781\" data-end=\"2908\">\n<td data-start=\"2781\" data-end=\"2802\" data-col-size=\"sm\">Umfeld<\/td>\n<td data-col-size=\"sm\" data-start=\"2802\" data-end=\"2825\">Betriebstemperatur\/relative Luftfeuchtigkeit<\/td>\n<td data-col-size=\"md\" data-start=\"2825\" data-end=\"2908\">0\u201360 \u2103 \/ 20\u201380% RH<\/td>\n<\/tr>\n<tr data-start=\"2909\" data-end=\"3036\">\n<td data-start=\"2909\" data-end=\"2930\" data-col-size=\"sm\"><\/td>\n<td data-col-size=\"sm\" data-start=\"2930\" data-end=\"2953\">Lagertemperatur\/relative Luftfeuchtigkeit<\/td>\n<td data-col-size=\"md\" data-start=\"2953\" data-end=\"3036\">20\u201330 \u2103 \/ 20\u201360% RH<\/td>\n<\/tr>\n<tr data-start=\"3037\" data-end=\"3163\">\n<td data-start=\"3037\" data-end=\"3058\" data-col-size=\"sm\">Produktion<\/td>\n<td data-start=\"3058\" data-end=\"3081\" data-col-size=\"sm\">Druckverfahren<\/td>\n<td data-col-size=\"md\" data-start=\"3081\" data-end=\"3163\">Thermotransfer, Siebdruck, andere<\/td>\n<\/tr>\n<tr data-start=\"3164\" data-end=\"3291\">\n<td data-start=\"3164\" data-end=\"3185\" data-col-size=\"sm\">Integration<\/td>\n<td data-col-size=\"sm\" data-start=\"3185\" data-end=\"3208\">Anhang<\/td>\n<td data-col-size=\"md\" data-start=\"3208\" data-end=\"3291\">In Kleidungsst\u00fccke einn\u00e4hbar<\/td>\n<\/tr>\n<tr data-start=\"3292\" data-end=\"3418\">\n<td data-start=\"3292\" data-end=\"3313\" data-col-size=\"sm\">Vorteile<\/td>\n<td data-col-size=\"sm\" data-start=\"3313\" data-end=\"3336\">Highlights<\/td>\n<td data-col-size=\"md\" data-start=\"3336\" data-end=\"3418\">Schnelle Mehrfachlesung, waschbar und langlebig, R\u00fcckverfolgbarkeit und Bestandsverwaltung<\/td>\n<\/tr>\n<tr data-start=\"3419\" data-end=\"3546\">\n<td data-start=\"3419\" data-end=\"3440\" data-col-size=\"sm\">Anwendungsf\u00e4lle<\/td>\n<td data-col-size=\"sm\" data-start=\"3440\" data-end=\"3463\">Anwendungen<\/td>\n<td data-col-size=\"md\" data-start=\"3463\" data-end=\"3546\">Bekleidungs- und Schuhmanagement; W\u00e4sche- und Textilverfolgung; Lieferkettenkontrolle<\/td>\n<\/tr>\n<\/tbody>\n<\/table>\n<\/div>\n<\/div>","protected":false},"excerpt":{"rendered":"<p>Langlebige, vern\u00e4hbare UHF-RFID-Waschetiketten aus Nylon oder PET \u2013 EPC Gen2, 0\u20138 m Lesereichweite, bis zu 100.000 \u00dcberschreibvorg\u00e4nge und &gt;50 Jahre Datenspeicherung f\u00fcr Bekleidung, W\u00e4scherei und Lieferkettenverfolgung.<\/p>","protected":false},"featured_media":812,"template":"","meta":{"_gspb_post_css":""},"product_brand":[],"product_cat":[22],"product_tag":[],"class_list":{"0":"post-811","1":"product","2":"type-product","3":"status-publish","4":"has-post-thumbnail","6":"product_cat-rfid-wash-care-labels","8":"first","9":"instock","10":"shipping-taxable","11":"purchasable","12":"product-type-simple"},"_links":{"self":[{"href":"https:\/\/www.cxjsmartcard.com\/de\/wp-json\/wp\/v2\/product\/811","targetHints":{"allow":["GET"]}}],"collection":[{"href":"https:\/\/www.cxjsmartcard.com\/de\/wp-json\/wp\/v2\/product"}],"about":[{"href":"https:\/\/www.cxjsmartcard.com\/de\/wp-json\/wp\/v2\/types\/product"}],"wp:featuredmedia":[{"embeddable":true,"href":"https:\/\/www.cxjsmartcard.com\/de\/wp-json\/wp\/v2\/media\/812"}],"wp:attachment":[{"href":"https:\/\/www.cxjsmartcard.com\/de\/wp-json\/wp\/v2\/media?parent=811"}],"wp:term":[{"taxonomy":"product_brand","embeddable":true,"href":"https:\/\/www.cxjsmartcard.com\/de\/wp-json\/wp\/v2\/product_brand?post=811"},{"taxonomy":"product_cat","embeddable":true,"href":"https:\/\/www.cxjsmartcard.com\/de\/wp-json\/wp\/v2\/product_cat?post=811"},{"taxonomy":"product_tag","embeddable":true,"href":"https:\/\/www.cxjsmartcard.com\/de\/wp-json\/wp\/v2\/product_tag?post=811"}],"curies":[{"name":"wp","href":"https:\/\/api.w.org\/{rel}","templated":true}]}}