{"id":796,"date":"2025-11-03T07:51:07","date_gmt":"2025-11-03T07:51:07","guid":{"rendered":"https:\/\/www.cxjsmartcard.com\/?post_type=product&#038;p=796"},"modified":"2025-12-29T01:27:09","modified_gmt":"2025-12-29T01:27:09","slug":"paper-tyvek-rfid-bracelets-nfc-wristband-for-concert-festival","status":"publish","type":"product","link":"https:\/\/www.cxjsmartcard.com\/de\/paper-tyvek-rfid-bracelets-nfc-wristband-for-concert-festival\/","title":{"rendered":"Papier-Tyvek-RFID-Armb\u00e4nder, NFC-Armb\u00e4nder f\u00fcr Konzerte und Festivals"},"content":{"rendered":"<p data-start=\"73\" data-end=\"388\">Die RFID\/NFC-Armb\u00e4nder aus Papier-Tyvek\u00ae kombinieren umweltfreundliches Tyvek\u00ae-Material mit integrierten RFID\/NFC-Chips und vereinfachen so Einlasskontrolle, Zugangskontrolle und bargeldloses Bezahlen bei Konzerten, Festivals und Gro\u00dfveranstaltungen. Sie sind leicht, robust und individuell anpassbar und erm\u00f6glichen schnelles Einchecken und sichere Identifizierung.<\/p>\n<p data-start=\"390\" data-end=\"459\"><strong data-start=\"390\" data-end=\"402\">Material<\/strong><br data-start=\"402\" data-end=\"405\" \/>Tyvek\u00ae-Papier (leicht, strapazierf\u00e4hig und umweltfreundlich).<\/p>\n<p data-start=\"461\" data-end=\"479\"><strong data-start=\"461\" data-end=\"477\">Hauptmerkmale<\/strong><\/p>\n<ul data-start=\"480\" data-end=\"953\">\n<li data-start=\"480\" data-end=\"544\">\n<p data-start=\"482\" data-end=\"544\"><strong data-start=\"482\" data-end=\"492\">Gr\u00f6\u00dfen:<\/strong> 250 \u00d7 25 mm; 250 \u00d7 20 mm (Sondergr\u00f6\u00dfen auf Anfrage)<\/p>\n<\/li>\n<li data-start=\"545\" data-end=\"588\">\n<p data-start=\"547\" data-end=\"588\"><strong data-start=\"547\" data-end=\"558\">Farben:<\/strong> CMYK\/Pantone-Farbabstimmung<\/p>\n<\/li>\n<li data-start=\"589\" data-end=\"703\">\n<p data-start=\"591\" data-end=\"703\"><strong data-start=\"591\" data-end=\"604\">Drucken:<\/strong> Vollfarbdruck f\u00fcr Logos, Bilder, Texte, Barcodes, QR-Codes, Seriennummern oder einfarbige Oberfl\u00e4chen<\/p>\n<\/li>\n<li data-start=\"704\" data-end=\"744\">\n<p data-start=\"706\" data-end=\"744\"><strong data-start=\"706\" data-end=\"718\">Schlie\u00dfung:<\/strong> Wiederverwendbarer Verschluss<\/p>\n<\/li>\n<li data-start=\"745\" data-end=\"765\">\n<p data-start=\"747\" data-end=\"765\"><strong data-start=\"747\" data-end=\"755\">Mindestbestellmenge:<\/strong> 500 St\u00fcck<\/p>\n<\/li>\n<li data-start=\"766\" data-end=\"953\">\n<p data-start=\"768\" data-end=\"790\"><strong data-start=\"768\" data-end=\"788\">Verf\u00fcgbare Chips:<\/strong><\/p>\n<ul data-start=\"793\" data-end=\"953\">\n<li data-start=\"793\" data-end=\"824\">\n<p data-start=\"795\" data-end=\"824\">NTAG\u00ae 203 \/ 213 \/ 215 \/ 216<\/p>\n<\/li>\n<li data-start=\"827\" data-end=\"854\">\n<p data-start=\"829\" data-end=\"854\">MIFARE Classic\u00ae 1K \/ 4K<\/p>\n<\/li>\n<li data-start=\"857\" data-end=\"886\">\n<p data-start=\"859\" data-end=\"886\">MIFARE Plus\u00ae 1K \/ 2K \/ 4K<\/p>\n<\/li>\n<li data-start=\"889\" data-end=\"919\">\n<p data-start=\"891\" data-end=\"919\">MIFARE Ultralight\u00ae EV1 \/ C<\/p>\n<\/li>\n<li data-start=\"922\" data-end=\"953\">\n<p data-start=\"924\" data-end=\"953\">MIFARE\u00ae DESFire\u00ae 2K \/ 4K \/ 8K<\/p>\n<\/li>\n<\/ul>\n<\/li>\n<\/ul>\n<p data-start=\"955\" data-end=\"1168\"><strong data-start=\"955\" data-end=\"971\">Anwendungen<\/strong><br data-start=\"971\" data-end=\"974\" \/>Veranstaltungen und Festivals; Konzerte; Ausstellungen; Vergn\u00fcgungs- und Wasserparks; Sport (Marathons und Wettk\u00e4mpfe); Clubs und Bars; Krankenh\u00e4user\/Gesundheitswesen (Patienten-ID); K\u00fchlh\u00e4user; Schulungen und mehr.<\/p>\n<p data-start=\"1170\" data-end=\"1202\"><strong data-start=\"1170\" data-end=\"1200\">Verpackung &amp; Zertifizierungen<\/strong><\/p>\n<ul data-start=\"1203\" data-end=\"1372\">\n<li data-start=\"1203\" data-end=\"1285\">\n<p data-start=\"1205\" data-end=\"1285\"><strong data-start=\"1205\" data-end=\"1217\">Verpackung:<\/strong> 1000 St\u00fcck pro PP-Beutel; 2000 St\u00fcck pro Innenkarton; 20000 St\u00fcck pro Umkarton<\/p>\n<\/li>\n<li data-start=\"1286\" data-end=\"1326\">\n<p data-start=\"1288\" data-end=\"1326\"><strong data-start=\"1288\" data-end=\"1307\">Zertifizierungen:<\/strong> ISO \/ RoHS \/ SGS<\/p>\n<\/li>\n<li data-start=\"1327\" data-end=\"1372\">\n<p data-start=\"1329\" data-end=\"1372\"><strong data-start=\"1329\" data-end=\"1342\">Lieferung:<\/strong> Per Seefracht, Luftfracht oder Expressversand<\/p>\n<\/li>\n<\/ul>\n<h2 data-start=\"1374\" data-end=\"1399\">Tabelle (Spezifikationen)<\/h2>\n<div class=\"_tableContainer_1rjym_1\">\n<div class=\"group _tableWrapper_1rjym_13 flex w-fit flex-col-reverse\" tabindex=\"-1\">\n<table class=\"w-fit min-w-(--thread-content-width)\" data-start=\"1401\" data-end=\"3139\">\n<thead data-start=\"1401\" data-end=\"1532\">\n<tr data-start=\"1401\" data-end=\"1532\">\n<th data-start=\"1401\" data-end=\"1419\" data-col-size=\"sm\">Kategorie<\/th>\n<th data-start=\"1419\" data-end=\"1442\" data-col-size=\"sm\">Parameter<\/th>\n<th data-start=\"1442\" data-end=\"1532\" data-col-size=\"md\">Wert<\/th>\n<\/tr>\n<\/thead>\n<tbody data-start=\"1665\" data-end=\"3139\">\n<tr data-start=\"1665\" data-end=\"1796\">\n<td data-start=\"1665\" data-end=\"1683\" data-col-size=\"sm\">Material<\/td>\n<td data-col-size=\"sm\" data-start=\"1683\" data-end=\"1706\">K\u00f6rper<\/td>\n<td data-col-size=\"md\" data-start=\"1706\" data-end=\"1796\">Tyvek\u00ae-Papier<\/td>\n<\/tr>\n<tr data-start=\"1797\" data-end=\"1928\">\n<td data-start=\"1797\" data-end=\"1815\" data-col-size=\"sm\">Abmessungen<\/td>\n<td data-start=\"1815\" data-end=\"1838\" data-col-size=\"sm\">Gr\u00f6\u00dfenoptionen<\/td>\n<td data-col-size=\"md\" data-start=\"1838\" data-end=\"1928\">250 \u00d7 25 mm; 250 \u00d7 20 mm; Sondergr\u00f6\u00dfen auf Anfrage<\/td>\n<\/tr>\n<tr data-start=\"1929\" data-end=\"2060\">\n<td data-start=\"1929\" data-end=\"1947\" data-col-size=\"sm\">Farbe<\/td>\n<td data-col-size=\"sm\" data-start=\"1947\" data-end=\"1970\">Optionen<\/td>\n<td data-col-size=\"md\" data-start=\"1970\" data-end=\"2060\">CMYK \/ Pantone<\/td>\n<\/tr>\n<tr data-start=\"2061\" data-end=\"2192\">\n<td data-start=\"2061\" data-end=\"2079\" data-col-size=\"sm\">Drucken<\/td>\n<td data-col-size=\"sm\" data-start=\"2079\" data-end=\"2102\">Methoden<\/td>\n<td data-col-size=\"md\" data-start=\"2102\" data-end=\"2192\">Vollfarbige Logos, Bilder, Texte, Barcodes, QR-Codes, Seriennummern; einfarbige Farben<\/td>\n<\/tr>\n<tr data-start=\"2193\" data-end=\"2338\">\n<td data-start=\"2193\" data-end=\"2211\" data-col-size=\"sm\">Hardware<\/td>\n<td data-col-size=\"sm\" data-start=\"2211\" data-end=\"2234\">Chipoptionen<\/td>\n<td data-col-size=\"md\" data-start=\"2234\" data-end=\"2338\">NTAG 203\/213\/215\/216; MIFARE Classic 1K\/4K; MIFARE Plus 1K\/2K\/4K; Ultralight EV1\/C; DESFire 2K\/4K\/8K<\/td>\n<\/tr>\n<tr data-start=\"2339\" data-end=\"2470\">\n<td data-start=\"2339\" data-end=\"2357\" data-col-size=\"sm\">Schlie\u00dfung<\/td>\n<td data-col-size=\"sm\" data-start=\"2357\" data-end=\"2380\">Typ<\/td>\n<td data-col-size=\"md\" data-start=\"2380\" data-end=\"2470\">Wiederverwendbarer Verschluss<\/td>\n<\/tr>\n<tr data-start=\"2471\" data-end=\"2602\">\n<td data-start=\"2471\" data-end=\"2489\" data-col-size=\"sm\">Mindestbestellmenge<\/td>\n<td data-col-size=\"sm\" data-start=\"2489\" data-end=\"2512\">Mindestbestellwert<\/td>\n<td data-col-size=\"md\" data-start=\"2512\" data-end=\"2602\">500 St\u00fcck<\/td>\n<\/tr>\n<tr data-start=\"2603\" data-end=\"2734\">\n<td data-start=\"2603\" data-end=\"2621\" data-col-size=\"sm\">Verpackung<\/td>\n<td data-col-size=\"sm\" data-start=\"2621\" data-end=\"2644\">Standardpakete<\/td>\n<td data-col-size=\"md\" data-start=\"2644\" data-end=\"2734\">1000 St\u00fcck\/PP-Beutel; 2000 St\u00fcck\/Innenkarton; 20000 St\u00fcck\/Umkarton<\/td>\n<\/tr>\n<tr data-start=\"2735\" data-end=\"2866\">\n<td data-start=\"2735\" data-end=\"2753\" data-col-size=\"sm\">Zertifizierungen<\/td>\n<td data-col-size=\"sm\" data-start=\"2753\" data-end=\"2776\">Einhaltung<\/td>\n<td data-col-size=\"md\" data-start=\"2776\" data-end=\"2866\">ISO \/ RoHS \/ SGS<\/td>\n<\/tr>\n<tr data-start=\"2867\" data-end=\"2998\">\n<td data-start=\"2867\" data-end=\"2885\" data-col-size=\"sm\">Logistik<\/td>\n<td data-col-size=\"sm\" data-start=\"2885\" data-end=\"2908\">Liefermethoden<\/td>\n<td data-col-size=\"md\" data-start=\"2908\" data-end=\"2998\">Seefracht, Luftfracht, Expressversand<\/td>\n<\/tr>\n<tr data-start=\"2999\" data-end=\"3139\">\n<td data-start=\"2999\" data-end=\"3017\" data-col-size=\"sm\">Anwendungen<\/td>\n<td data-col-size=\"sm\" data-start=\"3017\" data-end=\"3040\">Anwendungsf\u00e4lle<\/td>\n<td data-col-size=\"md\" data-start=\"3040\" data-end=\"3139\">Veranstaltungen, Festivals, Konzerte, Ausstellungen, Vergn\u00fcgungs-\/Wasserparks, Sport, Clubs, Bars, Krankenh\u00e4user<\/td>\n<\/tr>\n<\/tbody>\n<\/table>\n<\/div>\n<\/div>","protected":false},"excerpt":{"rendered":"<p>Umweltfreundliche Tyvek\u00ae RFID\/NFC-Armb\u00e4nder f\u00fcr Veranstaltungen \u2013 leicht, langlebig und vollst\u00e4ndig individualisierbar mit Farben, Druck und Chipoptionen f\u00fcr sicheren Zugang und bargeldloses Bezahlen.<\/p>","protected":false},"featured_media":797,"template":"","meta":{"_gspb_post_css":""},"product_brand":[],"product_cat":[21],"product_tag":[],"class_list":{"0":"post-796","1":"product","2":"type-product","3":"status-publish","4":"has-post-thumbnail","6":"product_cat-rfid-nfc-bracelets","8":"first","9":"instock","10":"shipping-taxable","11":"purchasable","12":"product-type-simple"},"_links":{"self":[{"href":"https:\/\/www.cxjsmartcard.com\/de\/wp-json\/wp\/v2\/product\/796","targetHints":{"allow":["GET"]}}],"collection":[{"href":"https:\/\/www.cxjsmartcard.com\/de\/wp-json\/wp\/v2\/product"}],"about":[{"href":"https:\/\/www.cxjsmartcard.com\/de\/wp-json\/wp\/v2\/types\/product"}],"wp:featuredmedia":[{"embeddable":true,"href":"https:\/\/www.cxjsmartcard.com\/de\/wp-json\/wp\/v2\/media\/797"}],"wp:attachment":[{"href":"https:\/\/www.cxjsmartcard.com\/de\/wp-json\/wp\/v2\/media?parent=796"}],"wp:term":[{"taxonomy":"product_brand","embeddable":true,"href":"https:\/\/www.cxjsmartcard.com\/de\/wp-json\/wp\/v2\/product_brand?post=796"},{"taxonomy":"product_cat","embeddable":true,"href":"https:\/\/www.cxjsmartcard.com\/de\/wp-json\/wp\/v2\/product_cat?post=796"},{"taxonomy":"product_tag","embeddable":true,"href":"https:\/\/www.cxjsmartcard.com\/de\/wp-json\/wp\/v2\/product_tag?post=796"}],"curies":[{"name":"wp","href":"https:\/\/api.w.org\/{rel}","templated":true}]}}