{"id":791,"date":"2025-11-03T07:42:05","date_gmt":"2025-11-03T07:42:05","guid":{"rendered":"https:\/\/www.cxjsmartcard.com\/?post_type=product&#038;p=791"},"modified":"2025-12-29T01:27:09","modified_gmt":"2025-12-29T01:27:09","slug":"fabric-woven-rfid-bracelet-disposable-nfc-wristband","status":"publish","type":"product","link":"https:\/\/www.cxjsmartcard.com\/de\/fabric-woven-rfid-bracelet-disposable-nfc-wristband\/","title":{"rendered":"Stoffgewebtes RFID-Armband, Einweg-NFC-Armband"},"content":{"rendered":"<p data-start=\"63\" data-end=\"390\">Das gewebte RFID-Einweg-NFC-Armband aus Stoff bietet G\u00e4sten ein reibungsloses Erlebnis und vereinfacht Einlass, Bezahlung und Zutrittskontrolle. Ob auf Festivals, Veranstaltungen oder anderen Events \u2013 diese Armb\u00e4nder sind die ideale L\u00f6sung, um lange Warteschlangen, verlorene Tickets und Bargeldhandling zu vermeiden \u2013 ein einfaches Antippen gen\u00fcgt.<\/p>\n<p data-start=\"392\" data-end=\"410\"><strong data-start=\"392\" data-end=\"408\">Hauptmerkmale<\/strong><\/p>\n<ul data-start=\"411\" data-end=\"1069\">\n<li data-start=\"411\" data-end=\"514\">\n<p data-start=\"413\" data-end=\"514\"><strong data-start=\"413\" data-end=\"422\">Gr\u00f6\u00dfe:<\/strong> 350 \u00d7 15 mm (Standard); Chipkartengr\u00f6\u00dfe: 42 \u00d7 26 mm \/ 36 \u00d7 26 mm (Sondergr\u00f6\u00dfen erh\u00e4ltlich)<\/p>\n<\/li>\n<li data-start=\"515\" data-end=\"555\">\n<p data-start=\"517\" data-end=\"555\"><strong data-start=\"517\" data-end=\"537\">Schreibe Ausdauer:<\/strong> \u2265100.000 Zyklen<\/p>\n<\/li>\n<li data-start=\"556\" data-end=\"624\">\n<p data-start=\"558\" data-end=\"624\"><strong data-start=\"558\" data-end=\"573\">Lesebereich:<\/strong> 0\u20135 cm (abh\u00e4ngig vom Leser und der Umgebung)<\/p>\n<\/li>\n<li data-start=\"625\" data-end=\"749\">\n<p data-start=\"627\" data-end=\"749\"><strong data-start=\"627\" data-end=\"648\">Herstellungsoptionen:<\/strong> Individueller Druck (Farbe, Logo, Text, QR-Code, Barcode, Seriennummer, variable Daten, Serialisierung)<\/p>\n<\/li>\n<li data-start=\"750\" data-end=\"1069\">\n<p data-start=\"752\" data-end=\"778\"><strong data-start=\"752\" data-end=\"776\">Verf\u00fcgbare Materialien:<\/strong><\/p>\n<ul data-start=\"781\" data-end=\"1069\">\n<li data-start=\"781\" data-end=\"823\">\n<p data-start=\"783\" data-end=\"823\"><strong data-start=\"783\" data-end=\"807\">Wiederverwendbare Armb\u00e4nder:<\/strong> Silikon, PVC<\/p>\n<\/li>\n<li data-start=\"826\" data-end=\"895\">\n<p data-start=\"828\" data-end=\"895\"><strong data-start=\"828\" data-end=\"854\">Verstellbare Armb\u00e4nder:<\/strong> Polyester, Textilgewebe, Satinband<\/p>\n<\/li>\n<li data-start=\"898\" data-end=\"967\">\n<p data-start=\"900\" data-end=\"967\"><strong data-start=\"900\" data-end=\"926\">Einwegarmb\u00e4nder:<\/strong> Polyester, Textilgewebe, Satinband<\/p>\n<\/li>\n<li data-start=\"970\" data-end=\"1015\">\n<p data-start=\"972\" data-end=\"1015\"><strong data-start=\"972\" data-end=\"1004\">Im Dunkeln leuchtende Armb\u00e4nder:<\/strong> Silikon<\/p>\n<\/li>\n<li data-start=\"1018\" data-end=\"1069\">\n<p data-start=\"1020\" data-end=\"1069\"><strong data-start=\"1020\" data-end=\"1048\">LED-Leuchtarmb\u00e4nder:<\/strong> Silikon, PVC, ABS<\/p>\n<\/li>\n<\/ul>\n<\/li>\n<\/ul>\n<p data-start=\"1071\" data-end=\"1089\"><strong data-start=\"1071\" data-end=\"1087\">Anwendungen<\/strong><\/p>\n<ul data-start=\"1090\" data-end=\"1512\">\n<li data-start=\"1090\" data-end=\"1153\">\n<p data-start=\"1092\" data-end=\"1153\"><strong data-start=\"1092\" data-end=\"1110\">Daten\u00fcbertragung:<\/strong> Effizienter Informationsaustausch f\u00fcr Veranstaltungen<\/p>\n<\/li>\n<li data-start=\"1154\" data-end=\"1206\">\n<p data-start=\"1156\" data-end=\"1206\"><strong data-start=\"1156\" data-end=\"1175\">Zugangskontrolle:<\/strong> Sicherer und schneller Zugang zum Veranstaltungsort<\/p>\n<\/li>\n<li data-start=\"1207\" data-end=\"1290\">\n<p data-start=\"1209\" data-end=\"1290\"><strong data-start=\"1209\" data-end=\"1232\">Zahlungsmanagement:<\/strong> Bargeldlose Transaktionen f\u00fcr Festivals und Vergn\u00fcgungsparks<\/p>\n<\/li>\n<li data-start=\"1291\" data-end=\"1354\">\n<p data-start=\"1293\" data-end=\"1354\"><strong data-start=\"1293\" data-end=\"1320\">Gesundheitswesen &amp; Krankenh\u00e4user:<\/strong> Zuverl\u00e4ssige Patientenidentifizierung<\/p>\n<\/li>\n<li data-start=\"1355\" data-end=\"1434\">\n<p data-start=\"1357\" data-end=\"1434\"><strong data-start=\"1357\" data-end=\"1385\">Schwimmb\u00e4der &amp; Saunen:<\/strong> Wasserdichtes Design f\u00fcr wasserbasierte Umgebungen<\/p>\n<\/li>\n<li data-start=\"1435\" data-end=\"1512\">\n<p data-start=\"1437\" data-end=\"1512\"><strong data-start=\"1437\" data-end=\"1460\">K\u00fchlh\u00e4user:<\/strong> Einfache Identifizierung temperaturempfindlicher G\u00fcter<\/p>\n<\/li>\n<\/ul>\n<p data-start=\"1514\" data-end=\"1539\"><strong data-start=\"1514\" data-end=\"1537\">Zus\u00e4tzliche Funktionen<\/strong><\/p>\n<ul data-start=\"1540\" data-end=\"1718\">\n<li data-start=\"1540\" data-end=\"1643\">\n<p data-start=\"1542\" data-end=\"1643\">Strapazierf\u00e4hig und wasserdicht, ideal f\u00fcr Festivals, Konzerte, Wasserparks, Gesundheitseinrichtungen und Vergn\u00fcgungsparks.<\/p>\n<\/li>\n<li data-start=\"1644\" data-end=\"1718\">\n<p data-start=\"1646\" data-end=\"1718\">Vollst\u00e4ndig anpassbar f\u00fcr Event-Branding, Sponsorenlogos, QR-Codes und mehr<\/p>\n<\/li>\n<\/ul>\n<p data-start=\"1720\" data-end=\"1975\"><strong data-start=\"1720\" data-end=\"1750\">Warum dieses Armband w\u00e4hlen?<\/strong><br data-start=\"1750\" data-end=\"1753\" \/>RFID-Armb\u00e4nder tragen dazu bei, Wartezeiten zu verk\u00fcrzen und die Zutrittskontrolle zu optimieren. Die Armb\u00e4nder sind vollst\u00e4ndig kompatibel mit RFID-L\u00f6sungen und erm\u00f6glichen bargeldloses Bezahlen, effiziente Zutrittskontrolle und die Integration sozialer Medien f\u00fcr Veranstaltungen.<\/p>\n<p data-start=\"1977\" data-end=\"2052\"><strong data-start=\"1977\" data-end=\"1996\">Bearbeitungszeit<\/strong><br data-start=\"1996\" data-end=\"1999\" \/>Branchenf\u00fchrende Bearbeitungszeiten f\u00fcr eine schnelle Lieferung.<\/p>\n<h2 data-start=\"2054\" data-end=\"2079\">Tabelle (Spezifikationen)<\/h2>\n<div class=\"_tableContainer_1rjym_1\">\n<div class=\"group _tableWrapper_1rjym_13 flex w-fit flex-col-reverse\" tabindex=\"-1\">\n<table class=\"w-fit min-w-(--thread-content-width)\" data-start=\"2081\" data-end=\"3642\">\n<thead data-start=\"2081\" data-end=\"2200\">\n<tr data-start=\"2081\" data-end=\"2200\">\n<th data-start=\"2081\" data-end=\"2101\" data-col-size=\"sm\">Kategorie<\/th>\n<th data-start=\"2101\" data-end=\"2127\" data-col-size=\"sm\">Parameter<\/th>\n<th data-start=\"2127\" data-end=\"2200\" data-col-size=\"md\">Wert<\/th>\n<\/tr>\n<\/thead>\n<tbody data-start=\"2321\" data-end=\"3642\">\n<tr data-start=\"2321\" data-end=\"2439\">\n<td data-start=\"2321\" data-end=\"2341\" data-col-size=\"sm\">Produkt<\/td>\n<td data-col-size=\"sm\" data-start=\"2341\" data-end=\"2367\">Typ<\/td>\n<td data-col-size=\"md\" data-start=\"2367\" data-end=\"2439\">Einweg-RFID-Armband<\/td>\n<\/tr>\n<tr data-start=\"2440\" data-end=\"2559\">\n<td data-start=\"2440\" data-end=\"2460\" data-col-size=\"sm\">Materialien<\/td>\n<td data-col-size=\"sm\" data-start=\"2460\" data-end=\"2486\">K\u00f6rper<\/td>\n<td data-col-size=\"md\" data-start=\"2486\" data-end=\"2559\">Polyester, Textilgewebe, Satinband, Silikon, PVC<\/td>\n<\/tr>\n<tr data-start=\"2560\" data-end=\"2679\">\n<td data-start=\"2560\" data-end=\"2580\" data-col-size=\"sm\">RF<\/td>\n<td data-start=\"2580\" data-end=\"2606\" data-col-size=\"sm\">Frequenz<\/td>\n<td data-col-size=\"md\" data-start=\"2606\" data-end=\"2679\">13,56 MHz (HF)<\/td>\n<\/tr>\n<tr data-start=\"2680\" data-end=\"2799\">\n<td data-start=\"2680\" data-end=\"2700\" data-col-size=\"sm\"><\/td>\n<td data-col-size=\"sm\" data-start=\"2700\" data-end=\"2726\">Protokoll<\/td>\n<td data-col-size=\"md\" data-start=\"2726\" data-end=\"2799\">ISO14443A, ISO15693<\/td>\n<\/tr>\n<tr data-start=\"2800\" data-end=\"2919\">\n<td data-start=\"2800\" data-end=\"2820\" data-col-size=\"sm\"><\/td>\n<td data-col-size=\"sm\" data-start=\"2820\" data-end=\"2846\">Schreibe Ausdauer<\/td>\n<td data-col-size=\"md\" data-start=\"2846\" data-end=\"2919\">\u2265100.000 Zyklen<\/td>\n<\/tr>\n<tr data-start=\"2920\" data-end=\"3039\">\n<td data-start=\"2920\" data-end=\"2940\" data-col-size=\"sm\">Lesebereich<\/td>\n<td data-col-size=\"sm\" data-start=\"2940\" data-end=\"2966\">Distanz<\/td>\n<td data-col-size=\"md\" data-start=\"2966\" data-end=\"3039\">0\u20135 cm (je nach Leser)<\/td>\n<\/tr>\n<tr data-start=\"3040\" data-end=\"3161\">\n<td data-start=\"3040\" data-end=\"3060\" data-col-size=\"sm\">Anpassung<\/td>\n<td data-col-size=\"sm\" data-start=\"3060\" data-end=\"3086\">Basteln<\/td>\n<td data-col-size=\"md\" data-start=\"3086\" data-end=\"3161\">Vollfarbdruck, Logo, Text, Seriennummer, QR-Code, Barcode, Datenkodierung<\/td>\n<\/tr>\n<tr data-start=\"3162\" data-end=\"3280\">\n<td data-start=\"3162\" data-end=\"3182\" data-col-size=\"sm\">Haltbarkeit<\/td>\n<td data-col-size=\"sm\" data-start=\"3182\" data-end=\"3208\">Wasserdicht<\/td>\n<td data-col-size=\"md\" data-start=\"3208\" data-end=\"3280\">Ja, wasserdicht und strapazierf\u00e4hig<\/td>\n<\/tr>\n<tr data-start=\"3281\" data-end=\"3403\">\n<td data-start=\"3281\" data-end=\"3301\" data-col-size=\"sm\">Anwendungen<\/td>\n<td data-col-size=\"sm\" data-start=\"3301\" data-end=\"3327\">Anwendungsf\u00e4lle<\/td>\n<td data-col-size=\"md\" data-start=\"3327\" data-end=\"3403\">Veranstaltungseintritt, bargeldloses Bezahlen, Gesundheitsausweis, Zugangskontrolle, Ticketing<\/td>\n<\/tr>\n<tr data-start=\"3404\" data-end=\"3522\">\n<td data-start=\"3404\" data-end=\"3424\" data-col-size=\"sm\"><\/td>\n<td data-col-size=\"sm\" data-start=\"3424\" data-end=\"3450\"><\/td>\n<td data-col-size=\"md\" data-start=\"3450\" data-end=\"3522\">Schwimmb\u00e4der, Vergn\u00fcgungsparks und mehr<\/td>\n<\/tr>\n<tr data-start=\"3523\" data-end=\"3642\">\n<td data-start=\"3523\" data-end=\"3543\" data-col-size=\"sm\">Bearbeitungszeit<\/td>\n<td data-col-size=\"sm\" data-start=\"3543\" data-end=\"3569\">Lieferzeit<\/td>\n<td data-col-size=\"md\" data-start=\"3569\" data-end=\"3642\">Branchenf\u00fchrende Bearbeitungszeiten<\/td>\n<\/tr>\n<\/tbody>\n<\/table>\n<\/div>\n<\/div>","protected":false},"excerpt":{"rendered":"<p>Individuell anpassbares Einweg-RFID-NFC-Armband f\u00fcr Veranstaltungen, Festivals und Zutrittskontrolle \u2013 13,56 MHz, wasserdicht, langlebig und vollst\u00e4ndig mit Logos, Texten und Daten individuell gestaltbar.<\/p>","protected":false},"featured_media":792,"template":"","meta":{"_gspb_post_css":""},"product_brand":[],"product_cat":[21],"product_tag":[],"class_list":{"0":"post-791","1":"product","2":"type-product","3":"status-publish","4":"has-post-thumbnail","6":"product_cat-rfid-nfc-bracelets","8":"first","9":"instock","10":"shipping-taxable","11":"purchasable","12":"product-type-simple"},"_links":{"self":[{"href":"https:\/\/www.cxjsmartcard.com\/de\/wp-json\/wp\/v2\/product\/791","targetHints":{"allow":["GET"]}}],"collection":[{"href":"https:\/\/www.cxjsmartcard.com\/de\/wp-json\/wp\/v2\/product"}],"about":[{"href":"https:\/\/www.cxjsmartcard.com\/de\/wp-json\/wp\/v2\/types\/product"}],"wp:featuredmedia":[{"embeddable":true,"href":"https:\/\/www.cxjsmartcard.com\/de\/wp-json\/wp\/v2\/media\/792"}],"wp:attachment":[{"href":"https:\/\/www.cxjsmartcard.com\/de\/wp-json\/wp\/v2\/media?parent=791"}],"wp:term":[{"taxonomy":"product_brand","embeddable":true,"href":"https:\/\/www.cxjsmartcard.com\/de\/wp-json\/wp\/v2\/product_brand?post=791"},{"taxonomy":"product_cat","embeddable":true,"href":"https:\/\/www.cxjsmartcard.com\/de\/wp-json\/wp\/v2\/product_cat?post=791"},{"taxonomy":"product_tag","embeddable":true,"href":"https:\/\/www.cxjsmartcard.com\/de\/wp-json\/wp\/v2\/product_tag?post=791"}],"curies":[{"name":"wp","href":"https:\/\/api.w.org\/{rel}","templated":true}]}}