{"id":787,"date":"2025-11-03T07:37:44","date_gmt":"2025-11-03T07:37:44","guid":{"rendered":"https:\/\/www.cxjsmartcard.com\/?post_type=product&#038;p=787"},"modified":"2025-12-29T01:27:09","modified_gmt":"2025-12-29T01:27:09","slug":"fabric-rfid-bracelet-woven-mifare-ultralight-c-wristband","status":"publish","type":"product","link":"https:\/\/www.cxjsmartcard.com\/de\/fabric-rfid-bracelet-woven-mifare-ultralight-c-wristband\/","title":{"rendered":"Gewebtes RFID-Armband aus Stoff, MIFARE Ultralight C Armband"},"content":{"rendered":"<p data-start=\"68\" data-end=\"300\">Als f\u00fchrender Hersteller von RFID-Armb\u00e4ndern (SGS-zertifiziert) bieten wir hochwertige, gewebte RFID-Armb\u00e4nder aus Stoff an. <strong data-start=\"198\" data-end=\"222\">MIFARE Ultralight\u00ae C<\/strong> f\u00fcr sichere, stilvolle Zutrittskontrolle und bargeldloses Bezahlen bei Veranstaltungen und in Veranstaltungsorten.<\/p>\n<p data-start=\"302\" data-end=\"316\"><strong data-start=\"302\" data-end=\"314\">Merkmale<\/strong><\/p>\n<ul data-start=\"317\" data-end=\"602\">\n<li data-start=\"317\" data-end=\"359\">\n<p data-start=\"319\" data-end=\"359\">13,56 MHz HF, ISO\/IEC 14443A-konform<\/p>\n<\/li>\n<li data-start=\"360\" data-end=\"412\">\n<p data-start=\"362\" data-end=\"412\">Lesebereich 0\u20135 cm (abh\u00e4ngig vom Leseger\u00e4t\/der Umgebung)<\/p>\n<\/li>\n<li data-start=\"413\" data-end=\"448\">\n<p data-start=\"415\" data-end=\"448\">Schreibausdauer \u2265100.000 Zyklen<\/p>\n<\/li>\n<li data-start=\"449\" data-end=\"507\">\n<p data-start=\"451\" data-end=\"507\">Optionen f\u00fcr wasserdichte, hitzebest\u00e4ndige und dehnbare Stoffe<\/p>\n<\/li>\n<li data-start=\"508\" data-end=\"602\">\n<p data-start=\"510\" data-end=\"602\">Vollst\u00e4ndig anpassbar: Gr\u00f6\u00dfe, Farben, Logo, QR-\/Barcode, Seriennummer\/UID, variable Daten, Chipcodierung<\/p>\n<\/li>\n<\/ul>\n<p data-start=\"604\" data-end=\"767\"><strong data-start=\"604\" data-end=\"627\">Materialien &amp; Optionen<\/strong><br data-start=\"627\" data-end=\"630\" \/>PVC, Polyestergewebe, Satinband, ABS; wiederverwendbare, verstellbare, Einweg-, im Dunkeln leuchtende und LED-beleuchtete Varianten erh\u00e4ltlich.<\/p>\n<p data-start=\"769\" data-end=\"1054\"><strong data-start=\"769\" data-end=\"785\">Anwendungen<\/strong><br data-start=\"785\" data-end=\"788\" \/>Zutrittskontrolle, Ticketing, bargeldloses Bezahlen, Daten\u00fcbertragung, Mitgliedschafts-\/Treueprogramme, Gesundheitsausweise, Mitarbeiteranwesenheitserfassung, Raumzugang und K\u00fchlhaus\u00fcberwachung. Ideal f\u00fcr Musikfestivals, Sportveranstaltungen, Freizeit-\/Wasserparks, Schwimmb\u00e4der, Spas, Clubs, Hotels und Firmengel\u00e4nde.<\/p>\n<p data-start=\"1056\" data-end=\"1274\"><strong data-start=\"1056\" data-end=\"1085\">Warum dieses Armband w\u00e4hlen?<\/strong><br data-start=\"1085\" data-end=\"1088\" \/>Mehr als 10 Jahre Erfahrung in der Fertigung, SGS-zertifizierte Qualit\u00e4t, vollst\u00e4ndige Anpassungsm\u00f6glichkeiten (Chip\/Gr\u00f6\u00dfe\/Farbe\/Kodierung), zuverl\u00e4ssige Massenversorgung und technischer Support f\u00fcr Chipverschl\u00fcsselung und -programmierung.<\/p>\n<h2 data-start=\"1276\" data-end=\"1301\">Tabelle (Spezifikationen)<\/h2>\n<div class=\"_tableContainer_1rjym_1\">\n<div class=\"group _tableWrapper_1rjym_13 flex w-fit flex-col-reverse\" tabindex=\"-1\">\n<table class=\"w-fit min-w-(--thread-content-width)\" data-start=\"1303\" data-end=\"2977\">\n<thead data-start=\"1303\" data-end=\"1415\">\n<tr data-start=\"1303\" data-end=\"1415\">\n<th data-start=\"1303\" data-end=\"1321\" data-col-size=\"sm\">Kategorie<\/th>\n<th data-start=\"1321\" data-end=\"1342\" data-col-size=\"sm\">Parameter<\/th>\n<th data-start=\"1342\" data-end=\"1415\" data-col-size=\"lg\">Wert<\/th>\n<\/tr>\n<\/thead>\n<tbody data-start=\"1529\" data-end=\"2977\">\n<tr data-start=\"1529\" data-end=\"1640\">\n<td data-start=\"1529\" data-end=\"1547\" data-col-size=\"sm\">Produkt<\/td>\n<td data-col-size=\"sm\" data-start=\"1547\" data-end=\"1568\">Typ<\/td>\n<td data-col-size=\"lg\" data-start=\"1568\" data-end=\"1640\">Gewebtes RFID-Armband aus Stoff, MIFARE Ultralight C Armband<\/td>\n<\/tr>\n<tr data-start=\"1641\" data-end=\"1753\">\n<td data-start=\"1641\" data-end=\"1659\" data-col-size=\"sm\">RF<\/td>\n<td data-start=\"1659\" data-end=\"1680\" data-col-size=\"sm\">Frequenz<\/td>\n<td data-col-size=\"lg\" data-start=\"1680\" data-end=\"1753\">13,56 MHz (HF)<\/td>\n<\/tr>\n<tr data-start=\"1754\" data-end=\"1866\">\n<td data-start=\"1754\" data-end=\"1772\" data-col-size=\"sm\"><\/td>\n<td data-col-size=\"sm\" data-start=\"1772\" data-end=\"1793\">Protokoll<\/td>\n<td data-col-size=\"lg\" data-start=\"1793\" data-end=\"1866\">ISO\/IEC 14443A<\/td>\n<\/tr>\n<tr data-start=\"1867\" data-end=\"1979\">\n<td data-start=\"1867\" data-end=\"1885\" data-col-size=\"sm\"><\/td>\n<td data-col-size=\"sm\" data-start=\"1885\" data-end=\"1906\">Lesebereich<\/td>\n<td data-col-size=\"lg\" data-start=\"1906\" data-end=\"1979\">0\u20135 cm (abh\u00e4ngig vom Leser und der Umgebung)<\/td>\n<\/tr>\n<tr data-start=\"1980\" data-end=\"2092\">\n<td data-start=\"1980\" data-end=\"1998\" data-col-size=\"sm\">Chip<\/td>\n<td data-start=\"1998\" data-end=\"2019\" data-col-size=\"sm\">IC<\/td>\n<td data-col-size=\"lg\" data-start=\"2019\" data-end=\"2092\">MIFARE Ultralight\u00ae C (weitere Chipoptionen verf\u00fcgbar)<\/td>\n<\/tr>\n<tr data-start=\"2093\" data-end=\"2205\">\n<td data-start=\"2093\" data-end=\"2111\" data-col-size=\"sm\">Ged\u00e4chtnis\/Ausdauer<\/td>\n<td data-start=\"2111\" data-end=\"2132\" data-col-size=\"sm\">Schreibe Ausdauer<\/td>\n<td data-start=\"2132\" data-end=\"2205\" data-col-size=\"lg\">\u2265100.000 Zyklen<\/td>\n<\/tr>\n<tr data-start=\"2206\" data-end=\"2319\">\n<td data-start=\"2206\" data-end=\"2224\" data-col-size=\"sm\">Materialien<\/td>\n<td data-start=\"2224\" data-end=\"2245\" data-col-size=\"sm\">Band\/Parts<\/td>\n<td data-col-size=\"lg\" data-start=\"2245\" data-end=\"2319\">PVC; Polyestergewebe; Satinband; ABS<\/td>\n<\/tr>\n<tr data-start=\"2320\" data-end=\"2432\">\n<td data-start=\"2320\" data-end=\"2338\" data-col-size=\"sm\">Abmessungen<\/td>\n<td data-col-size=\"sm\" data-start=\"2338\" data-end=\"2359\">Armbandgr\u00f6\u00dfe<\/td>\n<td data-col-size=\"lg\" data-start=\"2359\" data-end=\"2432\">350 \u00d7 15 mm (anpassbar)<\/td>\n<\/tr>\n<tr data-start=\"2433\" data-end=\"2545\">\n<td data-start=\"2433\" data-end=\"2451\" data-col-size=\"sm\"><\/td>\n<td data-col-size=\"sm\" data-start=\"2451\" data-end=\"2472\">Kartenbereichsgr\u00f6\u00dfen<\/td>\n<td data-col-size=\"lg\" data-start=\"2472\" data-end=\"2545\">42 \u00d7 26 mm; 36 \u00d7 26 mm (Sondergr\u00f6\u00dfen auf Anfrage)<\/td>\n<\/tr>\n<tr data-start=\"2546\" data-end=\"2658\">\n<td data-start=\"2546\" data-end=\"2564\" data-col-size=\"sm\">Haltbarkeit<\/td>\n<td data-start=\"2564\" data-end=\"2585\" data-col-size=\"sm\">Umwelt<\/td>\n<td data-col-size=\"lg\" data-start=\"2585\" data-end=\"2658\">Wasserfest; hitzebest\u00e4ndig; dehnbare Stoffoptionen<\/td>\n<\/tr>\n<tr data-start=\"2659\" data-end=\"2818\">\n<td data-start=\"2659\" data-end=\"2677\" data-col-size=\"sm\">Personalisierung<\/td>\n<td data-col-size=\"sm\" data-start=\"2677\" data-end=\"2698\">Drucken\/Markieren<\/td>\n<td data-col-size=\"lg\" data-start=\"2698\" data-end=\"2818\">Vollfarbiger Karten- und Satin-Druck (beidseitig optional); gewebt mit bis zu 8 Farben; Logo\/QR\/Barcode\/Seriennummer\/UID; Datenkodierung<\/td>\n<\/tr>\n<tr data-start=\"2819\" data-end=\"2977\">\n<td data-start=\"2819\" data-end=\"2837\" data-col-size=\"sm\">Anwendungen<\/td>\n<td data-col-size=\"sm\" data-start=\"2837\" data-end=\"2858\">Typische Anwendungsf\u00e4lle<\/td>\n<td data-col-size=\"lg\" data-start=\"2858\" data-end=\"2977\">Zutrittskontrolle, bargeldloses Bezahlen, Ticketing, Mitgliedschaft, Gesundheitswesen, Anwesenheitskontrolle, Zimmerzugang, K\u00fchlhaus\u00fcberwachung<\/td>\n<\/tr>\n<\/tbody>\n<\/table>\n<\/div>\n<\/div>","protected":false},"excerpt":{"rendered":"<p>Gewebtes RFID-Armband mit MIFARE Ultralight\u00ae C \u2013 sicherer Zugang und bargeldloses Bezahlen, 13,56 MHz ISO 14443A, Lesereichweite 0\u20135 cm, wasserdicht\/hitzebest\u00e4ndig, vollst\u00e4ndig anpassbar.<\/p>","protected":false},"featured_media":789,"template":"","meta":{"_gspb_post_css":""},"product_brand":[],"product_cat":[21],"product_tag":[],"class_list":{"0":"post-787","1":"product","2":"type-product","3":"status-publish","4":"has-post-thumbnail","6":"product_cat-rfid-nfc-bracelets","8":"first","9":"instock","10":"shipping-taxable","11":"purchasable","12":"product-type-simple"},"_links":{"self":[{"href":"https:\/\/www.cxjsmartcard.com\/de\/wp-json\/wp\/v2\/product\/787","targetHints":{"allow":["GET"]}}],"collection":[{"href":"https:\/\/www.cxjsmartcard.com\/de\/wp-json\/wp\/v2\/product"}],"about":[{"href":"https:\/\/www.cxjsmartcard.com\/de\/wp-json\/wp\/v2\/types\/product"}],"wp:featuredmedia":[{"embeddable":true,"href":"https:\/\/www.cxjsmartcard.com\/de\/wp-json\/wp\/v2\/media\/789"}],"wp:attachment":[{"href":"https:\/\/www.cxjsmartcard.com\/de\/wp-json\/wp\/v2\/media?parent=787"}],"wp:term":[{"taxonomy":"product_brand","embeddable":true,"href":"https:\/\/www.cxjsmartcard.com\/de\/wp-json\/wp\/v2\/product_brand?post=787"},{"taxonomy":"product_cat","embeddable":true,"href":"https:\/\/www.cxjsmartcard.com\/de\/wp-json\/wp\/v2\/product_cat?post=787"},{"taxonomy":"product_tag","embeddable":true,"href":"https:\/\/www.cxjsmartcard.com\/de\/wp-json\/wp\/v2\/product_tag?post=787"}],"curies":[{"name":"wp","href":"https:\/\/api.w.org\/{rel}","templated":true}]}}