{"id":777,"date":"2025-11-03T07:31:45","date_gmt":"2025-11-03T07:31:45","guid":{"rendered":"https:\/\/www.cxjsmartcard.com\/?post_type=product&#038;p=777"},"modified":"2025-12-29T01:27:10","modified_gmt":"2025-12-29T01:27:10","slug":"customized-elastic-rfid-nfc-wristband-bracelet","status":"publish","type":"product","link":"https:\/\/www.cxjsmartcard.com\/de\/customized-elastic-rfid-nfc-wristband-bracelet\/","title":{"rendered":"Individuell anpassbares elastisches RFID\/NFC-Armband"},"content":{"rendered":"<p data-start=\"58\" data-end=\"331\">Elastisches RFID\/NFC-Armband, das smarte Technologie mit einem stylischen Design vereint \u2013 ideal f\u00fcr Festivals, Konzerte, Ticketing und sichere Zutrittskontrolle. Neben dem Einlass erm\u00f6glicht es bargeldloses Bezahlen, Identifizierung, Clubmitgliedschaften und Firmenveranstaltungen.<\/p>\n<p data-start=\"333\" data-end=\"375\"><strong data-start=\"333\" data-end=\"373\">RFID-Elastik-Stretch-Webarmband<\/strong><\/p>\n<ul data-start=\"376\" data-end=\"1218\">\n<li data-start=\"376\" data-end=\"422\">\n<p data-start=\"378\" data-end=\"422\"><strong data-start=\"378\" data-end=\"395\">Produktname:<\/strong> Happy RFID NFCC-Armband<\/p>\n<\/li>\n<li data-start=\"423\" data-end=\"460\">\n<p data-start=\"425\" data-end=\"460\"><strong data-start=\"425\" data-end=\"438\">Material:<\/strong> Polyester und Nylon<\/p>\n<\/li>\n<li data-start=\"461\" data-end=\"581\">\n<p data-start=\"463\" data-end=\"581\"><strong data-start=\"463\" data-end=\"473\">Gr\u00f6\u00dfen:<\/strong> 185 \u00d7 13 mm (gro\u00dfer Erwachsener), 160 \u00d7 13 mm (Jugendlicher\/kleiner Erwachsener); H\u00f6he 13 mm; L\u00e4nge individuell anpassbar von 140\u2013210 mm<\/p>\n<\/li>\n<li data-start=\"582\" data-end=\"612\">\n<p data-start=\"584\" data-end=\"612\"><strong data-start=\"584\" data-end=\"597\">NFC-Chip:<\/strong> HF 13,56 MHz<\/p>\n<\/li>\n<li data-start=\"613\" data-end=\"682\">\n<p data-start=\"615\" data-end=\"682\"><strong data-start=\"615\" data-end=\"629\">Protokolle:<\/strong> ISO14443A, ISO15693, ISO7814, ISO7815, ISO18000-6C<\/p>\n<\/li>\n<li data-start=\"683\" data-end=\"726\">\n<p data-start=\"685\" data-end=\"726\"><strong data-start=\"685\" data-end=\"705\">Farbe des Armbands:<\/strong> Angepasst an PMS<\/p>\n<\/li>\n<li data-start=\"727\" data-end=\"797\">\n<p data-start=\"729\" data-end=\"797\"><strong data-start=\"729\" data-end=\"742\">Drucken:<\/strong> Vollfarbiger Farbsublimationsdruck (Innen-\/Au\u00dfenfl\u00e4chen)<\/p>\n<\/li>\n<li data-start=\"798\" data-end=\"926\">\n<p data-start=\"800\" data-end=\"926\"><strong data-start=\"800\" data-end=\"811\">Kunsthandwerk:<\/strong> Serien-\/UID-Nummerndruck, QR-Code, Barcode; Chipprogrammierung\/-kodierung\/-sperrung\/-verschl\u00fcsselung (URL, Text, Nummer, vCard)<\/p>\n<\/li>\n<li data-start=\"927\" data-end=\"960\">\n<p data-start=\"929\" data-end=\"960\"><strong data-start=\"929\" data-end=\"942\">Merkmale:<\/strong> 100% wasserdicht<\/p>\n<\/li>\n<li data-start=\"961\" data-end=\"1130\">\n<p data-start=\"963\" data-end=\"1130\"><strong data-start=\"963\" data-end=\"980\">Anwendungsbereiche:<\/strong> Ticketing, Gesundheitswesen, Reisen, Zutrittskontrolle &amp; Sicherheit, Zeiterfassung, Parken und Bezahlen, Club-\/SPA-Mitgliedschaftsverwaltung, Pr\u00e4mien &amp; Promotion<\/p>\n<\/li>\n<li data-start=\"1131\" data-end=\"1151\">\n<p data-start=\"1133\" data-end=\"1151\"><strong data-start=\"1133\" data-end=\"1141\">Mindestbestellmenge:<\/strong> 500 St\u00fcck<\/p>\n<\/li>\n<li data-start=\"1152\" data-end=\"1218\">\n<p data-start=\"1154\" data-end=\"1218\"><strong data-start=\"1154\" data-end=\"1172\">Beispielrichtlinie:<\/strong> Kostenloses Muster zur Warenpr\u00fcfung; K\u00e4ufer tr\u00e4gt die Versandkosten.<\/p>\n<\/li>\n<\/ul>\n<p data-start=\"1220\" data-end=\"1603\"><strong data-start=\"1220\" data-end=\"1260\">Stretchgewebe-Variante (Hauptvorteile)<\/strong><br data-start=\"1260\" data-end=\"1263\" \/>Extrem bequemes, elastisches Polyester; passt sich der Handgelenkgr\u00f6\u00dfe an; abnehmbar, wiederverwendbar und wasserdicht \u2013 ideal f\u00fcr mehrt\u00e4gige Nutzung oder Saisonkartenprogramme.<br data-start=\"1407\" data-end=\"1410\" \/><strong data-start=\"1410\" data-end=\"1423\">Vorteile:<\/strong> Komfort und Flexibilit\u00e4t \u2022 Wiederverwendbar und langlebig \u2022 Wasserdicht nach 100% \u2022 F\u00fcr Branding geeignet (Vollfarbdruck, Logo, individuelle ID-Codierung) \u2022 Kompatibel mit den meisten NFC-f\u00e4higen Ger\u00e4ten und RFID-Leseger\u00e4ten.<\/p>\n<h2 data-start=\"1605\" data-end=\"1630\">Tabelle (Spezifikationen)<\/h2>\n<div class=\"_tableContainer_1rjym_1\">\n<div class=\"group _tableWrapper_1rjym_13 flex w-fit flex-col-reverse\" tabindex=\"-1\">\n<table class=\"w-fit min-w-(--thread-content-width)\" data-start=\"1632\" data-end=\"3623\">\n<thead data-start=\"1632\" data-end=\"1754\">\n<tr data-start=\"1632\" data-end=\"1754\">\n<th data-start=\"1632\" data-end=\"1653\" data-col-size=\"sm\">Kategorie<\/th>\n<th data-start=\"1653\" data-end=\"1681\" data-col-size=\"sm\">Parameter<\/th>\n<th data-start=\"1681\" data-end=\"1754\" data-col-size=\"lg\">Wert<\/th>\n<\/tr>\n<\/thead>\n<tbody data-start=\"1877\" data-end=\"3623\">\n<tr data-start=\"1877\" data-end=\"1998\">\n<td data-start=\"1877\" data-end=\"1897\" data-col-size=\"sm\">Produkt<\/td>\n<td data-col-size=\"sm\" data-start=\"1897\" data-end=\"1925\">Typ<\/td>\n<td data-col-size=\"lg\" data-start=\"1925\" data-end=\"1998\">Individuell anpassbares elastisches RFID\/NFC-Armband<\/td>\n<\/tr>\n<tr data-start=\"1999\" data-end=\"2120\">\n<td data-start=\"1999\" data-end=\"2019\" data-col-size=\"sm\">Materialien<\/td>\n<td data-col-size=\"sm\" data-start=\"2019\" data-end=\"2047\">Band<\/td>\n<td data-col-size=\"lg\" data-start=\"2047\" data-end=\"2120\">Polyester und Nylon<\/td>\n<\/tr>\n<tr data-start=\"2121\" data-end=\"2242\">\n<td data-start=\"2121\" data-end=\"2141\" data-col-size=\"sm\">Abmessungen<\/td>\n<td data-col-size=\"sm\" data-start=\"2141\" data-end=\"2169\">Standardgr\u00f6\u00dfen<\/td>\n<td data-col-size=\"lg\" data-start=\"2169\" data-end=\"2242\">185 \u00d7 13 mm (gro\u00dfes ausgewachsenes Tier); 160 \u00d7 13 mm (Jungtier\/kleines ausgewachsenes Tier)<\/td>\n<\/tr>\n<tr data-start=\"2243\" data-end=\"2364\">\n<td data-start=\"2243\" data-end=\"2263\" data-col-size=\"sm\"><\/td>\n<td data-col-size=\"sm\" data-start=\"2263\" data-end=\"2291\">Sondersortiment<\/td>\n<td data-col-size=\"lg\" data-start=\"2291\" data-end=\"2364\">L\u00e4nge 140\u2013210 mm; H\u00f6he 13 mm<\/td>\n<\/tr>\n<tr data-start=\"2365\" data-end=\"2486\">\n<td data-start=\"2365\" data-end=\"2385\" data-col-size=\"sm\">RF<\/td>\n<td data-col-size=\"sm\" data-start=\"2385\" data-end=\"2413\">Frequenz<\/td>\n<td data-col-size=\"lg\" data-start=\"2413\" data-end=\"2486\">HF 13,56 MHz<\/td>\n<\/tr>\n<tr data-start=\"2487\" data-end=\"2608\">\n<td data-start=\"2487\" data-end=\"2507\" data-col-size=\"sm\"><\/td>\n<td data-col-size=\"sm\" data-start=\"2507\" data-end=\"2535\">Protokolle<\/td>\n<td data-col-size=\"lg\" data-start=\"2535\" data-end=\"2608\">ISO 14443A; ISO 15693; ISO 7814; ISO 7815; ISO 18000-6C<\/td>\n<\/tr>\n<tr data-start=\"2609\" data-end=\"2730\">\n<td data-start=\"2609\" data-end=\"2629\" data-col-size=\"sm\">Personalisierung<\/td>\n<td data-col-size=\"sm\" data-start=\"2629\" data-end=\"2657\">Farbe<\/td>\n<td data-col-size=\"lg\" data-start=\"2657\" data-end=\"2730\">Benutzerdefinierte PMS-Farben<\/td>\n<\/tr>\n<tr data-start=\"2731\" data-end=\"2852\">\n<td data-start=\"2731\" data-end=\"2751\" data-col-size=\"sm\"><\/td>\n<td data-col-size=\"sm\" data-start=\"2751\" data-end=\"2779\">Drucken<\/td>\n<td data-col-size=\"lg\" data-start=\"2779\" data-end=\"2852\">Vollfarbiger Sublimationsdruck (innen\/au\u00dfen)<\/td>\n<\/tr>\n<tr data-start=\"2853\" data-end=\"2978\">\n<td data-start=\"2853\" data-end=\"2873\" data-col-size=\"sm\">Kunsthandwerk<\/td>\n<td data-col-size=\"sm\" data-start=\"2873\" data-end=\"2901\">Codierung\/Markierung<\/td>\n<td data-col-size=\"lg\" data-start=\"2901\" data-end=\"2978\">Seriennummer\/UID, QR-Code, Barcode; Chip-Codierung\/Sperre\/Verschl\u00fcsselung (URL\/Text\/Nummer\/vCard)<\/td>\n<\/tr>\n<tr data-start=\"2979\" data-end=\"3100\">\n<td data-start=\"2979\" data-end=\"2999\" data-col-size=\"sm\">Leistung<\/td>\n<td data-col-size=\"sm\" data-start=\"2999\" data-end=\"3027\">Besonderheit<\/td>\n<td data-col-size=\"lg\" data-start=\"3027\" data-end=\"3100\">100% wasserdicht<\/td>\n<\/tr>\n<tr data-start=\"3101\" data-end=\"3257\">\n<td data-start=\"3101\" data-end=\"3121\" data-col-size=\"sm\">Anwendungen<\/td>\n<td data-col-size=\"sm\" data-start=\"3121\" data-end=\"3149\">Anwendungsf\u00e4lle<\/td>\n<td data-col-size=\"lg\" data-start=\"3149\" data-end=\"3257\">Ticketing, Zutrittskontrolle, bargeldloses Bezahlen, Gesundheitswesen, Zeiterfassung, Parken, Mitgliedschaften, Pr\u00e4mien<\/td>\n<\/tr>\n<tr data-start=\"3258\" data-end=\"3379\">\n<td data-start=\"3258\" data-end=\"3278\" data-col-size=\"sm\">Logistik<\/td>\n<td data-col-size=\"sm\" data-start=\"3278\" data-end=\"3306\">Mindestbestellmenge<\/td>\n<td data-col-size=\"lg\" data-start=\"3306\" data-end=\"3379\">500 St\u00fcck<\/td>\n<\/tr>\n<tr data-start=\"3380\" data-end=\"3501\">\n<td data-start=\"3380\" data-end=\"3400\" data-col-size=\"sm\">Probenahme<\/td>\n<td data-col-size=\"sm\" data-start=\"3400\" data-end=\"3428\">Politik<\/td>\n<td data-col-size=\"lg\" data-start=\"3428\" data-end=\"3501\">Kostenloses Lagermuster; K\u00e4ufer tr\u00e4gt die Versandkosten.<\/td>\n<\/tr>\n<tr data-start=\"3502\" data-end=\"3623\">\n<td data-start=\"3502\" data-end=\"3522\" data-col-size=\"sm\">Vorteile<\/td>\n<td data-col-size=\"sm\" data-start=\"3522\" data-end=\"3550\">Highlights<\/td>\n<td data-col-size=\"lg\" data-start=\"3550\" data-end=\"3623\">Elastische Passform, wiederverwendbar, f\u00fcr Branding geeignet, NFC\/RFID-Leseger\u00e4t-kompatibel<\/td>\n<\/tr>\n<\/tbody>\n<\/table>\n<\/div>\n<\/div>","protected":false},"excerpt":{"rendered":"<p>Elastisches, gewebtes RFID\/NFC-Armband f\u00fcr Veranstaltungen und Zutrittskontrolle \u2013 individuelle Gr\u00f6\u00dfen\/Farben, wasserdicht nach 100%, wiederverwendbar und f\u00fcr Branding geeignet mit Vollfarbdruck und Chipcodierung.<\/p>","protected":false},"featured_media":778,"template":"","meta":{"_gspb_post_css":""},"product_brand":[],"product_cat":[21],"product_tag":[],"class_list":{"0":"post-777","1":"product","2":"type-product","3":"status-publish","4":"has-post-thumbnail","6":"product_cat-rfid-nfc-bracelets","8":"first","9":"instock","10":"shipping-taxable","11":"purchasable","12":"product-type-simple"},"_links":{"self":[{"href":"https:\/\/www.cxjsmartcard.com\/de\/wp-json\/wp\/v2\/product\/777","targetHints":{"allow":["GET"]}}],"collection":[{"href":"https:\/\/www.cxjsmartcard.com\/de\/wp-json\/wp\/v2\/product"}],"about":[{"href":"https:\/\/www.cxjsmartcard.com\/de\/wp-json\/wp\/v2\/types\/product"}],"wp:featuredmedia":[{"embeddable":true,"href":"https:\/\/www.cxjsmartcard.com\/de\/wp-json\/wp\/v2\/media\/778"}],"wp:attachment":[{"href":"https:\/\/www.cxjsmartcard.com\/de\/wp-json\/wp\/v2\/media?parent=777"}],"wp:term":[{"taxonomy":"product_brand","embeddable":true,"href":"https:\/\/www.cxjsmartcard.com\/de\/wp-json\/wp\/v2\/product_brand?post=777"},{"taxonomy":"product_cat","embeddable":true,"href":"https:\/\/www.cxjsmartcard.com\/de\/wp-json\/wp\/v2\/product_cat?post=777"},{"taxonomy":"product_tag","embeddable":true,"href":"https:\/\/www.cxjsmartcard.com\/de\/wp-json\/wp\/v2\/product_tag?post=777"}],"curies":[{"name":"wp","href":"https:\/\/api.w.org\/{rel}","templated":true}]}}