{"id":772,"date":"2025-11-03T07:28:48","date_gmt":"2025-11-03T07:28:48","guid":{"rendered":"https:\/\/www.cxjsmartcard.com\/?post_type=product&#038;p=772"},"modified":"2025-12-29T01:27:10","modified_gmt":"2025-12-29T01:27:10","slug":"custom-nfc-fabric-woven-bracelet-rfid-wristband-for-festival","status":"publish","type":"product","link":"https:\/\/www.cxjsmartcard.com\/de\/custom-nfc-fabric-woven-bracelet-rfid-wristband-for-festival\/","title":{"rendered":"Individuell gestaltbares NFC-Stoffarmband, RFID-Armband f\u00fcr Festivals"},"content":{"rendered":"<p data-start=\"72\" data-end=\"240\">Das individuell gestaltbare NFC-Stoffarmband mit RFID-Technologie ist eine robuste, wasserdichte und sichere L\u00f6sung f\u00fcr Zutrittskontrolle, bargeldloses Bezahlen und Veranstaltungsmanagement.<\/p>\n<p data-start=\"242\" data-end=\"277\"><strong data-start=\"242\" data-end=\"255\">Materialien<\/strong><br data-start=\"255\" data-end=\"258\" \/>PVC + Gewebe.<\/p>\n<p data-start=\"279\" data-end=\"342\"><strong data-start=\"279\" data-end=\"292\">Protokolle<\/strong><br data-start=\"292\" data-end=\"295\" \/>ISO 11785, ISO 15693, ISO 14443A, ISO 18000-6C.<\/p>\n<p data-start=\"344\" data-end=\"443\"><strong data-start=\"344\" data-end=\"368\">Gr\u00f6\u00dfen (anpassbar)<\/strong><br data-start=\"368\" data-end=\"371\" \/>47\u00d747\u00d70,8 mm; 55,21\u00d756\u00d70,8 mm; 45\u00d740\u00d70,8 mm; 30\u00d747\u00d70,8 mm; 41\u00d726\u00d70,8 mm.<\/p>\n<p data-start=\"445\" data-end=\"519\"><strong data-start=\"445\" data-end=\"479\">Lesereichweite (chipabh\u00e4ngig)<\/strong><br data-start=\"479\" data-end=\"482\" \/>LF: 1\u20134 cm \u2022 HF: 1\u20136 cm \u2022 UHF: 1\u20136 m.<\/p>\n<p data-start=\"521\" data-end=\"644\"><strong data-start=\"521\" data-end=\"541\">Verf\u00fcgbare Handwerksarbeiten<\/strong><br data-start=\"541\" data-end=\"544\" \/>Siebdruck oder Mehrfarbendruck; Logo\/Laser-UID-Code; Seriennummer; QR-Code; Datenkodierung.<\/p>\n<p data-start=\"646\" data-end=\"752\"><strong data-start=\"646\" data-end=\"662\">Anwendungen<\/strong><br data-start=\"662\" data-end=\"665\" \/>Veranstaltungen, Festivals, Schulen, Vergn\u00fcgungsparks, Musikzentren und allgemeine Zugangskontrolle.<\/p>\n<p data-start=\"754\" data-end=\"844\"><strong data-start=\"754\" data-end=\"778\">Installationsoptionen<\/strong><br data-start=\"778\" data-end=\"781\" \/>Einweg-Armband mit Schiebeverschluss; verstellbares, wiederverwendbares Armband.<\/p>\n<p data-start=\"846\" data-end=\"1312\"><strong data-start=\"846\" data-end=\"877\">Vorteile von RFID-Armb\u00e4ndern<\/strong><br data-start=\"877\" data-end=\"880\" \/>Umsatz steigern; Rentabilit\u00e4t maximieren; Servicegeschwindigkeit erh\u00f6hen; betriebliche Effizienz verbessern; Probleme bei der Bargeldabwicklung beseitigen; Prozesse und Verfahren optimieren; betr\u00fcgerische oder gef\u00e4lschte Eintrittskarten verhindern.<br data-start=\"1093\" data-end=\"1096\" \/>In Armb\u00e4nder eingebettete RFID-Chips erm\u00f6glichen Zugangskontrolle, bargeldloses Bezahlen, Datenerfassung, soziale Interaktionen und mehr \u2013 sie unterst\u00fctzen LF (125\u2013134 kHz), HF (13,56 MHz) und UHF (860\u2013960 MHz) f\u00fcr unterschiedliche Einsatzszenarien.<\/p>\n<h2 data-start=\"1314\" data-end=\"1339\">Tabelle (Spezifikationen)<\/h2>\n<div class=\"_tableContainer_1rjym_1\">\n<div class=\"group _tableWrapper_1rjym_13 flex w-fit flex-col-reverse\" tabindex=\"-1\">\n<table class=\"w-fit min-w-(--thread-content-width)\" data-start=\"1341\" data-end=\"2618\">\n<thead data-start=\"1341\" data-end=\"1455\">\n<tr data-start=\"1341\" data-end=\"1455\">\n<th data-start=\"1341\" data-end=\"1359\" data-col-size=\"sm\">Kategorie<\/th>\n<th data-start=\"1359\" data-end=\"1382\" data-col-size=\"sm\">Parameter<\/th>\n<th data-start=\"1382\" data-end=\"1455\" data-col-size=\"md\">Wert<\/th>\n<\/tr>\n<\/thead>\n<tbody data-start=\"1571\" data-end=\"2618\">\n<tr data-start=\"1571\" data-end=\"1685\">\n<td data-start=\"1571\" data-end=\"1589\" data-col-size=\"sm\">Produkt<\/td>\n<td data-col-size=\"sm\" data-start=\"1589\" data-end=\"1612\">Typ<\/td>\n<td data-col-size=\"md\" data-start=\"1612\" data-end=\"1685\">Individuell gestaltbares NFC-Stoffarmband, gewebtes RFID-Armband<\/td>\n<\/tr>\n<tr data-start=\"1686\" data-end=\"1800\">\n<td data-start=\"1686\" data-end=\"1704\" data-col-size=\"sm\">Materialien<\/td>\n<td data-col-size=\"sm\" data-start=\"1704\" data-end=\"1727\">K\u00f6rper<\/td>\n<td data-col-size=\"md\" data-start=\"1727\" data-end=\"1800\">PVC + Gewebe<\/td>\n<\/tr>\n<tr data-start=\"1801\" data-end=\"1915\">\n<td data-start=\"1801\" data-end=\"1819\" data-col-size=\"sm\">RF<\/td>\n<td data-col-size=\"sm\" data-start=\"1819\" data-end=\"1842\">Protokolle<\/td>\n<td data-col-size=\"md\" data-start=\"1842\" data-end=\"1915\">ISO 11785; ISO 15693; ISO 14443A; ISO 18000-6C<\/td>\n<\/tr>\n<tr data-start=\"1916\" data-end=\"2030\">\n<td data-start=\"1916\" data-end=\"1934\" data-col-size=\"sm\"><\/td>\n<td data-col-size=\"sm\" data-start=\"1934\" data-end=\"1957\">Frequenzen<\/td>\n<td data-col-size=\"md\" data-start=\"1957\" data-end=\"2030\">LF 125\u2013134 kHz; HF 13,56 MHz; UHF 860\u2013960 MHz<\/td>\n<\/tr>\n<tr data-start=\"2031\" data-end=\"2145\">\n<td data-start=\"2031\" data-end=\"2049\" data-col-size=\"sm\">Leistung<\/td>\n<td data-col-size=\"sm\" data-start=\"2049\" data-end=\"2072\">Lesedistanz<\/td>\n<td data-col-size=\"md\" data-start=\"2072\" data-end=\"2145\">LF 1\u20134 cm; HF 1\u20136 cm; UHF 1\u20136 m (abh\u00e4ngig von Chip\/Leseger\u00e4t)<\/td>\n<\/tr>\n<tr data-start=\"2146\" data-end=\"2262\">\n<td data-start=\"2146\" data-end=\"2164\" data-col-size=\"sm\">Abmessungen<\/td>\n<td data-col-size=\"sm\" data-start=\"2164\" data-end=\"2187\">Gr\u00f6\u00dfenoptionen<\/td>\n<td data-col-size=\"md\" data-start=\"2187\" data-end=\"2262\">47 \u00d7 47 \u00d7 0,8 mm; 55,21 \u00d7 56 \u00d7 0,8 mm; 45 \u00d7 40 \u00d7 0,8 mm; 30 \u00d7 47 \u00d7 0,8 mm; 41 \u00d7 26 \u00d7 0,8 mm<\/td>\n<\/tr>\n<tr data-start=\"2263\" data-end=\"2385\">\n<td data-start=\"2263\" data-end=\"2281\" data-col-size=\"sm\">Personalisierung<\/td>\n<td data-col-size=\"sm\" data-start=\"2281\" data-end=\"2304\">Drucken\/Kodieren<\/td>\n<td data-col-size=\"md\" data-start=\"2304\" data-end=\"2385\">Siebdruck oder Mehrfarbendruck; Logo-\/Laser-UID; Seriennummer; QR-Code; Datenkodierung<\/td>\n<\/tr>\n<tr data-start=\"2386\" data-end=\"2503\">\n<td data-start=\"2386\" data-end=\"2404\" data-col-size=\"sm\">Anwendungen<\/td>\n<td data-col-size=\"sm\" data-start=\"2404\" data-end=\"2427\">Typische Anwendungsf\u00e4lle<\/td>\n<td data-col-size=\"md\" data-start=\"2427\" data-end=\"2503\">Einlass zu Veranstaltungen\/Festivals, Schul- und Musikzentrumsmanagement, Zugangskontrolle<\/td>\n<\/tr>\n<tr data-start=\"2504\" data-end=\"2618\">\n<td data-start=\"2504\" data-end=\"2522\" data-col-size=\"sm\">Installation<\/td>\n<td data-col-size=\"sm\" data-start=\"2522\" data-end=\"2545\">Armbandtypen<\/td>\n<td data-col-size=\"md\" data-start=\"2545\" data-end=\"2618\">Einweg-Schiebeverschluss; verstellbarer wiederverwendbarer Verschluss<\/td>\n<\/tr>\n<\/tbody>\n<\/table>\n<\/div>\n<\/div>","protected":false},"excerpt":{"rendered":"<p>Gewebtes RFID-Armband f\u00fcr Veranstaltungen und Zutrittskontrolle \u2013 strapazierf\u00e4hig, wasserdicht und individuell anpassbar; unterst\u00fctzt LF\/HF\/UHF, verschiedene Gr\u00f6\u00dfen und Einweg- oder Mehrwegarmb\u00e4nder.<\/p>","protected":false},"featured_media":773,"template":"","meta":{"_gspb_post_css":""},"product_brand":[],"product_cat":[21],"product_tag":[],"class_list":{"0":"post-772","1":"product","2":"type-product","3":"status-publish","4":"has-post-thumbnail","6":"product_cat-rfid-nfc-bracelets","8":"first","9":"instock","10":"shipping-taxable","11":"purchasable","12":"product-type-simple"},"_links":{"self":[{"href":"https:\/\/www.cxjsmartcard.com\/de\/wp-json\/wp\/v2\/product\/772","targetHints":{"allow":["GET"]}}],"collection":[{"href":"https:\/\/www.cxjsmartcard.com\/de\/wp-json\/wp\/v2\/product"}],"about":[{"href":"https:\/\/www.cxjsmartcard.com\/de\/wp-json\/wp\/v2\/types\/product"}],"wp:featuredmedia":[{"embeddable":true,"href":"https:\/\/www.cxjsmartcard.com\/de\/wp-json\/wp\/v2\/media\/773"}],"wp:attachment":[{"href":"https:\/\/www.cxjsmartcard.com\/de\/wp-json\/wp\/v2\/media?parent=772"}],"wp:term":[{"taxonomy":"product_brand","embeddable":true,"href":"https:\/\/www.cxjsmartcard.com\/de\/wp-json\/wp\/v2\/product_brand?post=772"},{"taxonomy":"product_cat","embeddable":true,"href":"https:\/\/www.cxjsmartcard.com\/de\/wp-json\/wp\/v2\/product_cat?post=772"},{"taxonomy":"product_tag","embeddable":true,"href":"https:\/\/www.cxjsmartcard.com\/de\/wp-json\/wp\/v2\/product_tag?post=772"}],"curies":[{"name":"wp","href":"https:\/\/api.w.org\/{rel}","templated":true}]}}