{"id":767,"date":"2025-11-03T07:23:32","date_gmt":"2025-11-03T07:23:32","guid":{"rendered":"https:\/\/www.cxjsmartcard.com\/?post_type=product&#038;p=767"},"modified":"2025-12-29T01:27:10","modified_gmt":"2025-12-29T01:27:10","slug":"waterproof-uhf-industrial-rfid-flexible-silicone-laundry-tag","status":"publish","type":"product","link":"https:\/\/www.cxjsmartcard.com\/de\/waterproof-uhf-industrial-rfid-flexible-silicone-laundry-tag\/","title":{"rendered":"Wasserdichter UHF-Industrie-RFID-W\u00e4scheanh\u00e4nger aus flexiblem Silikon"},"content":{"rendered":"<p data-start=\"72\" data-end=\"463\">Flexibler UHF-W\u00e4scheetikett aus Silikon, entwickelt f\u00fcr industrielle W\u00e4scherei- und Textilmanagementanwendungen. Er ist wasserdicht, hitzebest\u00e4ndig und witterungsbest\u00e4ndig, arbeitet im Frequenzband von 860\u2013960 MHz und unterst\u00fctzt ISO\/IEC 18000-6C (EPC Gen2). Besonders geeignet f\u00fcr die industrielle W\u00e4sche von Kleidung und W\u00e4sche, best\u00e4ndig gegen B\u00fcgeln bei hohen Temperaturen, hohen Druck und \u00fcber 200 industrielle Waschzyklen.<\/p>\n<p data-start=\"465\" data-end=\"488\"><strong data-start=\"465\" data-end=\"486\">Qualit\u00e4tssicherung<\/strong><\/p>\n<ul data-start=\"489\" data-end=\"581\">\n<li data-start=\"489\" data-end=\"545\">\n<p data-start=\"491\" data-end=\"545\">Die Funktion 100% wurde mit dem Voyantic Performance Tester getestet.<\/p>\n<\/li>\n<li data-start=\"546\" data-end=\"581\">\n<p data-start=\"548\" data-end=\"581\">100% EPC und Benutzerspeicher gepr\u00fcft.<\/p>\n<\/li>\n<\/ul>\n<p data-start=\"583\" data-end=\"614\"><strong data-start=\"583\" data-end=\"612\">Elektrische Spezifikationen<\/strong><\/p>\n<ul data-start=\"615\" data-end=\"886\">\n<li data-start=\"615\" data-end=\"664\">\n<p data-start=\"617\" data-end=\"664\">Luftschnittstelle: EPC Klasse 1 Gen2, ISO 18000-6C<\/p>\n<\/li>\n<li data-start=\"665\" data-end=\"705\">\n<p data-start=\"667\" data-end=\"705\">Ger\u00e4tetyp: Passiver UHF-Transponder<\/p>\n<\/li>\n<li data-start=\"706\" data-end=\"744\">\n<p data-start=\"708\" data-end=\"744\">Betriebsfrequenz: 865\u2013928 MHz<\/p>\n<\/li>\n<li data-start=\"745\" data-end=\"834\">\n<p data-start=\"747\" data-end=\"834\">Speicher (typische IC-Konfiguration): EPC 128 Bit; Benutzer 32 Bit; Passwort 32 Bit; TID 96 Bit<\/p>\n<\/li>\n<li data-start=\"835\" data-end=\"859\">\n<p data-start=\"837\" data-end=\"859\">Polarisation: Linear<\/p>\n<\/li>\n<li data-start=\"860\" data-end=\"886\">\n<p data-start=\"862\" data-end=\"886\">Datenaufbewahrung: 10 Jahre<\/p>\n<\/li>\n<\/ul>\n<p data-start=\"888\" data-end=\"916\"><strong data-start=\"888\" data-end=\"914\">Mechanik und Werkstoffe<\/strong><\/p>\n<ul data-start=\"917\" data-end=\"1077\">\n<li data-start=\"917\" data-end=\"960\">\n<p data-start=\"919\" data-end=\"960\">Abmessungen (Stoffetikett): 60 \u00d7 20 \u00d7 1 mm<\/p>\n<\/li>\n<li data-start=\"961\" data-end=\"1043\">\n<p data-start=\"963\" data-end=\"1043\">Abmessungen (Silikonanh\u00e4nger): 85 \u00d7 27 \u00d7 4 mm; 55 \u00d7 12 \u00d7 2,5 mm (weitere Abmessungen erh\u00e4ltlich)<\/p>\n<\/li>\n<li data-start=\"1044\" data-end=\"1077\">\n<p data-start=\"1046\" data-end=\"1077\">Etikettenmaterialien: Stoff, Silikon<\/p>\n<\/li>\n<\/ul>\n<p data-start=\"1079\" data-end=\"1118\"><strong data-start=\"1079\" data-end=\"1116\">Umwelt- und Prozessbest\u00e4ndigkeit<\/strong><\/p>\n<ul data-start=\"1119\" data-end=\"1352\">\n<li data-start=\"1119\" data-end=\"1181\">\n<p data-start=\"1121\" data-end=\"1181\">Lagertemperatur: \u221240 \u00b0C bis +120 \u00b0C (\u221240 \u00b0F bis +248 \u00b0F)<\/p>\n<\/li>\n<li data-start=\"1182\" data-end=\"1219\">\n<p data-start=\"1184\" data-end=\"1219\">B\u00fcgelmaschine: 180 \u00b0C \u00d7 15 s, 200 Zyklen<\/p>\n<\/li>\n<li data-start=\"1220\" data-end=\"1316\">\n<p data-start=\"1222\" data-end=\"1316\">Trockner: 85 \u00b0C \u00d7 120 min, 200 Zyklen; 120 \u00b0C \u00d7 60 min, 200 Zyklen; 150 \u00b0C \u00d7 20 min, 200 Zyklen<\/p>\n<\/li>\n<li data-start=\"1317\" data-end=\"1352\">\n<p data-start=\"1319\" data-end=\"1352\">Druckbest\u00e4ndigkeit: bis zu 56 bar<\/p>\n<\/li>\n<\/ul>\n<p data-start=\"1354\" data-end=\"1372\"><strong data-start=\"1354\" data-end=\"1370\">Anwendungen<\/strong><\/p>\n<ul data-start=\"1373\" data-end=\"1510\">\n<li data-start=\"1373\" data-end=\"1394\">\n<p data-start=\"1375\" data-end=\"1394\">W\u00e4scheverwaltung<\/p>\n<\/li>\n<li data-start=\"1395\" data-end=\"1417\">\n<p data-start=\"1397\" data-end=\"1417\">Einheitliches Management<\/p>\n<\/li>\n<li data-start=\"1418\" data-end=\"1449\">\n<p data-start=\"1420\" data-end=\"1449\">Krankenhausw\u00e4schereimanagement<\/p>\n<\/li>\n<li data-start=\"1450\" data-end=\"1478\">\n<p data-start=\"1452\" data-end=\"1478\">Hotelw\u00e4schereimanagement<\/p>\n<\/li>\n<li data-start=\"1479\" data-end=\"1510\">\n<p data-start=\"1481\" data-end=\"1510\">Industrielles Textilmanagement<\/p>\n<\/li>\n<\/ul>\n<p data-start=\"1512\" data-end=\"1666\"><strong data-start=\"1512\" data-end=\"1520\">H\u00e4ufig gestellte Fragen<\/strong><br data-start=\"1520\" data-end=\"1523\" \/><strong data-start=\"1523\" data-end=\"1530\">Frage 1:<\/strong> K\u00f6nnen diese RFID-Etiketten in Uniformen oder Kleidungsst\u00fccke eingen\u00e4ht werden?<br data-start=\"1585\" data-end=\"1588\" \/><strong data-start=\"1588\" data-end=\"1594\">A:<\/strong> Ja. Das flexible Silikonetikett kann gen\u00e4ht, hei\u00dfversiegelt oder eingebettet werden.<\/p>\n<p data-start=\"1668\" data-end=\"1791\"><strong data-start=\"1668\" data-end=\"1675\">Frage 2:<\/strong> Wie viele Waschg\u00e4nge \u00fcbersteht dieses Etikett?<br data-start=\"1717\" data-end=\"1720\" \/><strong data-start=\"1720\" data-end=\"1726\">A:<\/strong> Bis zu 200 Waschg\u00e4nge, abh\u00e4ngig von Waschmittel und Temperatur.<\/p>\n<p data-start=\"1793\" data-end=\"1916\"><strong data-start=\"1793\" data-end=\"1800\">Q3:<\/strong> Sind individuelle Anpassungen m\u00f6glich?<br data-start=\"1828\" data-end=\"1831\" \/><strong data-start=\"1831\" data-end=\"1837\">A:<\/strong> Ja. Gr\u00f6\u00dfen, Farben und Branding (Logodruck oder QR-Codes) sind individuell anpassbar.<\/p>\n<h2 data-start=\"1918\" data-end=\"1943\">Tabelle (Spezifikationen)<\/h2>\n<div class=\"_tableContainer_1rjym_1\">\n<div class=\"group _tableWrapper_1rjym_13 flex w-fit flex-col-reverse\" tabindex=\"-1\">\n<table class=\"w-fit min-w-(--thread-content-width)\" data-start=\"1945\" data-end=\"4087\">\n<thead data-start=\"1945\" data-end=\"2071\">\n<tr data-start=\"1945\" data-end=\"2071\">\n<th data-start=\"1945\" data-end=\"1970\" data-col-size=\"sm\">Kategorie<\/th>\n<th data-start=\"1970\" data-end=\"1998\" data-col-size=\"sm\">Parameter<\/th>\n<th data-start=\"1998\" data-end=\"2071\" data-col-size=\"md\">Wert<\/th>\n<\/tr>\n<\/thead>\n<tbody data-start=\"2198\" data-end=\"4087\">\n<tr data-start=\"2198\" data-end=\"2323\">\n<td data-start=\"2198\" data-end=\"2222\" data-col-size=\"sm\">HF-Schnittstelle<\/td>\n<td data-col-size=\"sm\" data-start=\"2222\" data-end=\"2250\">Protokoll<\/td>\n<td data-col-size=\"md\" data-start=\"2250\" data-end=\"2323\">EPC Klasse 1 Gen2 \/ ISO 18000-6C<\/td>\n<\/tr>\n<tr data-start=\"2324\" data-end=\"2449\">\n<td data-start=\"2324\" data-end=\"2348\" data-col-size=\"sm\"><\/td>\n<td data-col-size=\"sm\" data-start=\"2348\" data-end=\"2376\">Ger\u00e4tetyp<\/td>\n<td data-col-size=\"md\" data-start=\"2376\" data-end=\"2449\">Passiver UHF-Transponder<\/td>\n<\/tr>\n<tr data-start=\"2450\" data-end=\"2575\">\n<td data-start=\"2450\" data-end=\"2474\" data-col-size=\"sm\"><\/td>\n<td data-col-size=\"sm\" data-start=\"2474\" data-end=\"2502\">Frequenz<\/td>\n<td data-col-size=\"md\" data-start=\"2502\" data-end=\"2575\">865\u2013928 MHz (Betriebsfrequenz); 860\u2013960 MHz unterst\u00fctzt<\/td>\n<\/tr>\n<tr data-start=\"2576\" data-end=\"2701\">\n<td data-start=\"2576\" data-end=\"2600\" data-col-size=\"sm\">Erinnerung<\/td>\n<td data-col-size=\"sm\" data-start=\"2600\" data-end=\"2628\">EPC \/ Benutzer \/ Passwort \/ TID<\/td>\n<td data-col-size=\"md\" data-start=\"2628\" data-end=\"2701\">128 Bit \/ 32 Bit \/ 32 Bit \/ 96 Bit<\/td>\n<\/tr>\n<tr data-start=\"2702\" data-end=\"2827\">\n<td data-start=\"2702\" data-end=\"2726\" data-col-size=\"sm\">Daten<\/td>\n<td data-col-size=\"sm\" data-start=\"2726\" data-end=\"2754\">Zur\u00fcckbehaltung<\/td>\n<td data-col-size=\"md\" data-start=\"2754\" data-end=\"2827\">10 Jahre<\/td>\n<\/tr>\n<tr data-start=\"2828\" data-end=\"2953\">\n<td data-start=\"2828\" data-end=\"2852\" data-col-size=\"sm\">Antenne<\/td>\n<td data-col-size=\"sm\" data-start=\"2852\" data-end=\"2880\">Polarisation<\/td>\n<td data-col-size=\"md\" data-start=\"2880\" data-end=\"2953\">Linear<\/td>\n<\/tr>\n<tr data-start=\"2954\" data-end=\"3079\">\n<td data-start=\"2954\" data-end=\"2978\" data-col-size=\"sm\">Materialien<\/td>\n<td data-col-size=\"sm\" data-start=\"2978\" data-end=\"3006\">Etikettenmaterial<\/td>\n<td data-col-size=\"md\" data-start=\"3006\" data-end=\"3079\">Stoff, Silikon<\/td>\n<\/tr>\n<tr data-start=\"3080\" data-end=\"3205\">\n<td data-start=\"3080\" data-end=\"3104\" data-col-size=\"sm\">Abmessungen (Stoff)<\/td>\n<td data-col-size=\"sm\" data-start=\"3104\" data-end=\"3132\">Gr\u00f6\u00dfe<\/td>\n<td data-col-size=\"md\" data-start=\"3132\" data-end=\"3205\">60 \u00d7 20 \u00d7 1 mm<\/td>\n<\/tr>\n<tr data-start=\"3206\" data-end=\"3331\">\n<td data-start=\"3206\" data-end=\"3230\" data-col-size=\"sm\">Abmessungen (Silikon)<\/td>\n<td data-col-size=\"sm\" data-start=\"3230\" data-end=\"3258\">Gr\u00f6\u00dfenoptionen<\/td>\n<td data-col-size=\"md\" data-start=\"3258\" data-end=\"3331\">85 \u00d7 27 \u00d7 4 mm; 55 \u00d7 12 \u00d7 2,5 mm<\/td>\n<\/tr>\n<tr data-start=\"3332\" data-end=\"3457\">\n<td data-start=\"3332\" data-end=\"3356\" data-col-size=\"sm\">Umfeld<\/td>\n<td data-col-size=\"sm\" data-start=\"3356\" data-end=\"3384\">Lagertemperatur<\/td>\n<td data-col-size=\"md\" data-start=\"3384\" data-end=\"3457\">\u221240 \u00b0C bis +120 \u00b0C<\/td>\n<\/tr>\n<tr data-start=\"3458\" data-end=\"3583\">\n<td data-start=\"3458\" data-end=\"3482\" data-col-size=\"sm\">Prozessbest\u00e4ndigkeit<\/td>\n<td data-col-size=\"sm\" data-start=\"3482\" data-end=\"3510\">B\u00fcgeleisen<\/td>\n<td data-col-size=\"md\" data-start=\"3510\" data-end=\"3583\">180 \u00b0C \u00d7 15 s, 200 Zyklen<\/td>\n<\/tr>\n<tr data-start=\"3584\" data-end=\"3709\">\n<td data-start=\"3584\" data-end=\"3608\" data-col-size=\"sm\"><\/td>\n<td data-col-size=\"sm\" data-start=\"3608\" data-end=\"3636\">Trockner<\/td>\n<td data-col-size=\"md\" data-start=\"3636\" data-end=\"3709\">85 \u00b0C \u00d7 120 min; 120 \u00b0C \u00d7 60 min; 150 \u00b0C \u00d7 20 min (alle 200 Zyklen)<\/td>\n<\/tr>\n<tr data-start=\"3710\" data-end=\"3835\">\n<td data-start=\"3710\" data-end=\"3734\" data-col-size=\"sm\">Mechanik<\/td>\n<td data-col-size=\"sm\" data-start=\"3734\" data-end=\"3762\">Druckbest\u00e4ndigkeit<\/td>\n<td data-col-size=\"md\" data-start=\"3762\" data-end=\"3835\">Bis zu 56 bar<\/td>\n<\/tr>\n<tr data-start=\"3836\" data-end=\"3961\">\n<td data-start=\"3836\" data-end=\"3860\" data-col-size=\"sm\">Anwendungen<\/td>\n<td data-col-size=\"sm\" data-start=\"3860\" data-end=\"3888\">Typische Anwendungsf\u00e4lle<\/td>\n<td data-col-size=\"md\" data-start=\"3888\" data-end=\"3961\">Bettw\u00e4sche, Uniformen, Krankenhaus- und Hotelw\u00e4scherei, Industrietextilien<\/td>\n<\/tr>\n<tr data-start=\"3962\" data-end=\"4087\">\n<td data-start=\"3962\" data-end=\"3986\" data-col-size=\"sm\">Qualit\u00e4tssicherung<\/td>\n<td data-col-size=\"sm\" data-start=\"3986\" data-end=\"4014\">Testen<\/td>\n<td data-col-size=\"md\" data-start=\"4014\" data-end=\"4087\">Voyantic-Leistung getestet; 100% EPC &amp; Benutzerspeicher gepr\u00fcft<\/td>\n<\/tr>\n<\/tbody>\n<\/table>\n<\/div>\n<\/div>","protected":false},"excerpt":{"rendered":"<p>Flexibler, wasserdichter UHF-RFID-Silikon-W\u00e4scheanh\u00e4nger f\u00fcr industrielle Textilien \u2013 EPC Gen2, 865\u2013928 MHz, bis zu 200 Zyklen, 56 bar Druckbest\u00e4ndigkeit; zum N\u00e4hen, Hei\u00dfsiegeln oder Einbetten.<\/p>","protected":false},"featured_media":768,"template":"","meta":{"_gspb_post_css":""},"product_brand":[],"product_cat":[17,20],"product_tag":[],"class_list":{"0":"post-767","1":"product","2":"type-product","3":"status-publish","4":"has-post-thumbnail","6":"product_cat-rfid-laundry-tags","7":"product_cat-silicone-rfid-laundry-tags","9":"first","10":"instock","11":"shipping-taxable","12":"purchasable","13":"product-type-simple"},"_links":{"self":[{"href":"https:\/\/www.cxjsmartcard.com\/de\/wp-json\/wp\/v2\/product\/767","targetHints":{"allow":["GET"]}}],"collection":[{"href":"https:\/\/www.cxjsmartcard.com\/de\/wp-json\/wp\/v2\/product"}],"about":[{"href":"https:\/\/www.cxjsmartcard.com\/de\/wp-json\/wp\/v2\/types\/product"}],"wp:featuredmedia":[{"embeddable":true,"href":"https:\/\/www.cxjsmartcard.com\/de\/wp-json\/wp\/v2\/media\/768"}],"wp:attachment":[{"href":"https:\/\/www.cxjsmartcard.com\/de\/wp-json\/wp\/v2\/media?parent=767"}],"wp:term":[{"taxonomy":"product_brand","embeddable":true,"href":"https:\/\/www.cxjsmartcard.com\/de\/wp-json\/wp\/v2\/product_brand?post=767"},{"taxonomy":"product_cat","embeddable":true,"href":"https:\/\/www.cxjsmartcard.com\/de\/wp-json\/wp\/v2\/product_cat?post=767"},{"taxonomy":"product_tag","embeddable":true,"href":"https:\/\/www.cxjsmartcard.com\/de\/wp-json\/wp\/v2\/product_tag?post=767"}],"curies":[{"name":"wp","href":"https:\/\/api.w.org\/{rel}","templated":true}]}}