{"id":762,"date":"2025-11-03T07:20:27","date_gmt":"2025-11-03T07:20:27","guid":{"rendered":"https:\/\/www.cxjsmartcard.com\/?post_type=product&#038;p=762"},"modified":"2025-12-29T01:27:10","modified_gmt":"2025-12-29T01:27:10","slug":"passive-silicone-washable-uhf-rfid-laundry-label-for-washing-management","status":"publish","type":"product","link":"https:\/\/www.cxjsmartcard.com\/de\/passive-silicone-washable-uhf-rfid-laundry-label-for-washing-management\/","title":{"rendered":"Passives, waschbares UHF-RFID-W\u00e4scheetikett aus Silikon f\u00fcr das W\u00e4schemanagement"},"content":{"rendered":"<p data-start=\"83\" data-end=\"330\">Das passive, waschbare UHF-RFID-W\u00e4scheetikett aus Silikon ist speziell f\u00fcr den Einsatz in der W\u00e4scherei entwickelt. Ob Krankenhausw\u00e4sche, Hotelhandt\u00fccher oder Arbeitskleidung \u2013 dieses Etikett vereinfacht und optimiert die W\u00e4scheverwaltung.<\/p>\n<p data-start=\"332\" data-end=\"538\"><strong data-start=\"332\" data-end=\"378\">Flexibles Silikon f\u00fcr nahtlose Integration<\/strong><br data-start=\"378\" data-end=\"381\" \/>Hergestellt aus weichem Silikon, die Gr\u00f6\u00dfe <strong data-start=\"415\" data-end=\"435\">55 \u00d7 12 \u00d7 2,5 mm<\/strong> ist so d\u00fcnn, dass es sich in Kragen oder S\u00e4umen verstecken l\u00e4sst \u2013 perfekt f\u00fcr Uniformen, Kasacks und sogar empfindliche Stoffe.<\/p>\n<p data-start=\"540\" data-end=\"746\"><strong data-start=\"540\" data-end=\"575\">Umweltfreundlich und kosteng\u00fcnstig<\/strong><br data-start=\"575\" data-end=\"578\" \/>Wiederverwendbar f\u00fcr <strong data-start=\"591\" data-end=\"602\">100\u2013200<\/strong> Zyklen reduzieren Abfall und Verluste durch fehlende Artikel. Eine bessere Nachverfolgung bedeutet auch weniger \u00dcberbest\u00e4nde \u2013 gut f\u00fcr den Geldbeutel und die Umwelt.<\/p>\n<p data-start=\"748\" data-end=\"901\"><strong data-start=\"748\" data-end=\"756\">H\u00e4ufig gestellte Fragen<\/strong><br data-start=\"756\" data-end=\"759\" \/><strong data-start=\"759\" data-end=\"765\">Q:<\/strong> Kann ich das Etikett in die Kleidung einn\u00e4hen?<br data-start=\"798\" data-end=\"801\" \/><strong data-start=\"801\" data-end=\"807\">A:<\/strong> Ja \u2013 dank seiner flexiblen Konstruktion eignet es sich zum N\u00e4hen, Hei\u00dfsiegeln oder Einsetzen in N\u00e4hte und Kragen.<\/p>\n<p data-start=\"903\" data-end=\"1071\"><strong data-start=\"903\" data-end=\"909\">Q:<\/strong> Wird das Etikett den Waschvorgang in gewerblichen Waschmaschinen und Trocknern \u00fcberstehen?<br data-start=\"961\" data-end=\"964\" \/><strong data-start=\"964\" data-end=\"970\">A:<\/strong> Absolut. Es wurde getestet auf <strong data-start=\"999\" data-end=\"1010\">100\u2013200<\/strong> Industrielle Waschzyklen, einschlie\u00dflich Hochtemperaturtrocknung.<\/p>\n<p data-start=\"1073\" data-end=\"1158\"><strong data-start=\"1073\" data-end=\"1079\">Q:<\/strong> Kann ich ein Muster erhalten?<br data-start=\"1099\" data-end=\"1102\" \/><strong data-start=\"1102\" data-end=\"1108\">A:<\/strong> Ja \u2013 Muster sind auf Anfrage zum Testen erh\u00e4ltlich.<\/p>\n<h2 data-start=\"1213\" data-end=\"1238\">Tabelle (Spezifikationen)<\/h2>\n<div class=\"_tableContainer_1rjym_1\">\n<div class=\"group _tableWrapper_1rjym_13 flex w-fit flex-col-reverse\" tabindex=\"-1\">\n<table class=\"w-fit min-w-(--thread-content-width)\" data-start=\"1240\" data-end=\"2206\">\n<thead data-start=\"1240\" data-end=\"1319\">\n<tr data-start=\"1240\" data-end=\"1319\">\n<th data-start=\"1240\" data-end=\"1258\" data-col-size=\"sm\">Kategorie<\/th>\n<th data-start=\"1258\" data-end=\"1280\" data-col-size=\"sm\">Parameter<\/th>\n<th data-start=\"1280\" data-end=\"1319\" data-col-size=\"md\">Wert<\/th>\n<\/tr>\n<\/thead>\n<tbody data-start=\"1400\" data-end=\"2206\">\n<tr data-start=\"1400\" data-end=\"1479\">\n<td data-start=\"1400\" data-end=\"1418\" data-col-size=\"sm\">RF<\/td>\n<td data-col-size=\"sm\" data-start=\"1418\" data-end=\"1440\">Frequenz<\/td>\n<td data-col-size=\"md\" data-start=\"1440\" data-end=\"1479\">860\u2013960 MHz (UHF)<\/td>\n<\/tr>\n<tr data-start=\"1480\" data-end=\"1559\">\n<td data-start=\"1480\" data-end=\"1498\" data-col-size=\"sm\"><\/td>\n<td data-start=\"1498\" data-end=\"1520\" data-col-size=\"sm\">Protokoll<\/td>\n<td data-col-size=\"md\" data-start=\"1520\" data-end=\"1559\">ISO\/IEC 18000-6C (EPC Gen2)<\/td>\n<\/tr>\n<tr data-start=\"1560\" data-end=\"1639\">\n<td data-start=\"1560\" data-end=\"1578\" data-col-size=\"sm\">Chipoptionen<\/td>\n<td data-col-size=\"sm\" data-start=\"1578\" data-end=\"1600\">IC<\/td>\n<td data-col-size=\"md\" data-start=\"1600\" data-end=\"1639\">U8 \/ U9<\/td>\n<\/tr>\n<tr data-start=\"1640\" data-end=\"1719\">\n<td data-start=\"1640\" data-end=\"1658\" data-col-size=\"sm\">Leistung<\/td>\n<td data-start=\"1658\" data-end=\"1680\" data-col-size=\"sm\">Lesebereich<\/td>\n<td data-col-size=\"md\" data-start=\"1680\" data-end=\"1719\">Bis zu 3 m<\/td>\n<\/tr>\n<tr data-start=\"1720\" data-end=\"1799\">\n<td data-start=\"1720\" data-end=\"1738\" data-col-size=\"sm\"><\/td>\n<td data-col-size=\"sm\" data-start=\"1738\" data-end=\"1760\">Programmierzyklen<\/td>\n<td data-col-size=\"md\" data-start=\"1760\" data-end=\"1799\">100,000+<\/td>\n<\/tr>\n<tr data-start=\"1800\" data-end=\"1879\">\n<td data-start=\"1800\" data-end=\"1818\" data-col-size=\"sm\">Haltbarkeit<\/td>\n<td data-col-size=\"sm\" data-start=\"1818\" data-end=\"1840\">Waschzyklen<\/td>\n<td data-col-size=\"md\" data-start=\"1840\" data-end=\"1879\">100\u2013200<\/td>\n<\/tr>\n<tr data-start=\"1880\" data-end=\"1959\">\n<td data-start=\"1880\" data-end=\"1898\" data-col-size=\"sm\">Umfeld<\/td>\n<td data-col-size=\"sm\" data-start=\"1898\" data-end=\"1920\">Temperaturbereich<\/td>\n<td data-col-size=\"md\" data-start=\"1920\" data-end=\"1959\">\u221220 \u2103 bis +100 \u2103<\/td>\n<\/tr>\n<tr data-start=\"1960\" data-end=\"2039\">\n<td data-start=\"1960\" data-end=\"1978\" data-col-size=\"sm\">Physisch<\/td>\n<td data-col-size=\"sm\" data-start=\"1978\" data-end=\"2000\">Material<\/td>\n<td data-col-size=\"md\" data-start=\"2000\" data-end=\"2039\">Silikon<\/td>\n<\/tr>\n<tr data-start=\"2040\" data-end=\"2119\">\n<td data-start=\"2040\" data-end=\"2058\" data-col-size=\"sm\"><\/td>\n<td data-start=\"2058\" data-end=\"2080\" data-col-size=\"sm\">Gr\u00f6\u00dfe<\/td>\n<td data-col-size=\"md\" data-start=\"2080\" data-end=\"2119\">55 \u00d7 12 \u00d7 2,5 mm<\/td>\n<\/tr>\n<tr data-start=\"2120\" data-end=\"2206\">\n<td data-start=\"2120\" data-end=\"2138\" data-col-size=\"sm\">Anwendungen<\/td>\n<td data-col-size=\"sm\" data-start=\"2138\" data-end=\"2160\">Typische Anwendungsf\u00e4lle<\/td>\n<td data-col-size=\"md\" data-start=\"2160\" data-end=\"2206\">W\u00e4sche, Kleidung, Bettw\u00e4sche, Textilverfolgung<\/td>\n<\/tr>\n<\/tbody>\n<\/table>\n<\/div>\n<\/div>","protected":false},"excerpt":{"rendered":"<p>Flexibles Silikon-UHF-W\u00e4scheetikett \u2013 55\u00d712\u00d72,5 mm, EPC Gen2 (U8\/U9), bis zu 3 m lesbar und 100\u2013200 Waschzyklen haltbar f\u00fcr Bekleidung, Bettw\u00e4sche und Uniformen.<\/p>","protected":false},"featured_media":763,"template":"","meta":{"_gspb_post_css":""},"product_brand":[],"product_cat":[17,20],"product_tag":[],"class_list":{"0":"post-762","1":"product","2":"type-product","3":"status-publish","4":"has-post-thumbnail","6":"product_cat-rfid-laundry-tags","7":"product_cat-silicone-rfid-laundry-tags","9":"first","10":"instock","11":"shipping-taxable","12":"purchasable","13":"product-type-simple"},"_links":{"self":[{"href":"https:\/\/www.cxjsmartcard.com\/de\/wp-json\/wp\/v2\/product\/762","targetHints":{"allow":["GET"]}}],"collection":[{"href":"https:\/\/www.cxjsmartcard.com\/de\/wp-json\/wp\/v2\/product"}],"about":[{"href":"https:\/\/www.cxjsmartcard.com\/de\/wp-json\/wp\/v2\/types\/product"}],"wp:featuredmedia":[{"embeddable":true,"href":"https:\/\/www.cxjsmartcard.com\/de\/wp-json\/wp\/v2\/media\/763"}],"wp:attachment":[{"href":"https:\/\/www.cxjsmartcard.com\/de\/wp-json\/wp\/v2\/media?parent=762"}],"wp:term":[{"taxonomy":"product_brand","embeddable":true,"href":"https:\/\/www.cxjsmartcard.com\/de\/wp-json\/wp\/v2\/product_brand?post=762"},{"taxonomy":"product_cat","embeddable":true,"href":"https:\/\/www.cxjsmartcard.com\/de\/wp-json\/wp\/v2\/product_cat?post=762"},{"taxonomy":"product_tag","embeddable":true,"href":"https:\/\/www.cxjsmartcard.com\/de\/wp-json\/wp\/v2\/product_tag?post=762"}],"curies":[{"name":"wp","href":"https:\/\/api.w.org\/{rel}","templated":true}]}}