{"id":756,"date":"2025-11-03T07:16:39","date_gmt":"2025-11-03T07:16:39","guid":{"rendered":"https:\/\/www.cxjsmartcard.com\/?post_type=product&#038;p=756"},"modified":"2025-12-29T01:27:10","modified_gmt":"2025-12-29T01:27:10","slug":"860-960mhz-washable-uhf-rfid-silicone-tag","status":"publish","type":"product","link":"https:\/\/www.cxjsmartcard.com\/de\/860-960mhz-washable-uhf-rfid-silicone-tag\/","title":{"rendered":"Waschbarer UHF-RFID-Silikon-Tag (860\u2013960 MHz)"},"content":{"rendered":"<p data-start=\"53\" data-end=\"360\">Dieser waschbare UHF-RFID-Silikon-Tag wurde f\u00fcr die industrielle W\u00e4scherei und das Uniformmanagement in Hotels, Krankenh\u00e4usern und anderen Umgebungen mit hohem Durchsatz entwickelt. Er kann an Textilkanten angen\u00e4ht oder in das Kleidungsst\u00fcck eingearbeitet werden und ist wasch-, reinigungs- und hochtemperaturbest\u00e4ndig.<\/p>\n<p data-start=\"362\" data-end=\"376\"><strong data-start=\"362\" data-end=\"374\">Merkmale<\/strong><\/p>\n<ul data-start=\"377\" data-end=\"599\">\n<li data-start=\"377\" data-end=\"408\">\n<p data-start=\"379\" data-end=\"408\">Hohe Temperaturbest\u00e4ndigkeit<\/p>\n<\/li>\n<li data-start=\"409\" data-end=\"443\">\n<p data-start=\"411\" data-end=\"443\">Wasserdicht, staubdicht, langlebig<\/p>\n<\/li>\n<li data-start=\"444\" data-end=\"498\">\n<p data-start=\"446\" data-end=\"498\">Antikollisionsschutz; hohe Lesestabilit\u00e4t<\/p>\n<\/li>\n<li data-start=\"499\" data-end=\"550\">\n<p data-start=\"501\" data-end=\"550\">Schutzart IP68; best\u00e4ndig gegen Druck und Laugen<\/p>\n<\/li>\n<li data-start=\"551\" data-end=\"599\">\n<p data-start=\"553\" data-end=\"599\">Verf\u00fcgbar in stabiler Serienfertigung<\/p>\n<\/li>\n<\/ul>\n<p data-start=\"601\" data-end=\"809\"><strong data-start=\"601\" data-end=\"617\">Anwendungen<\/strong><br data-start=\"617\" data-end=\"620\" \/>W\u00e4scheverfolgung f\u00fcr Hotel-\/Krankenhausw\u00e4sche und -bekleidung; Wartungsetiketten an Automobilmotoren; Produktionsmanagement f\u00fcr Bekleidung; Lagerbestandsf\u00fchrung; Schuluniformen und Spezialbekleidung.<\/p>\n<p data-start=\"811\" data-end=\"972\"><strong data-start=\"811\" data-end=\"819\">H\u00e4ufig gestellte Fragen<\/strong><br data-start=\"819\" data-end=\"822\" \/><strong data-start=\"822\" data-end=\"829\">Frage 1:<\/strong> K\u00f6nnen diese Etiketten industrielle Waschmaschinen \u00fcberstehen?<br data-start=\"881\" data-end=\"884\" \/><strong data-start=\"884\" data-end=\"890\">A:<\/strong> Ja \u2013 speziell entwickelt f\u00fcr Hitze, Wasser und Chemikalien in industriellen W\u00e4schereien.<\/p>\n<p data-start=\"974\" data-end=\"1065\"><strong data-start=\"974\" data-end=\"981\">Frage 2:<\/strong> Ben\u00f6tigen die Etiketten Batterien?<br data-start=\"1009\" data-end=\"1012\" \/><strong data-start=\"1012\" data-end=\"1018\">A:<\/strong> Nein \u2013 passive UHF-Tags ben\u00f6tigen keine Stromquelle.<\/p>\n<p data-start=\"1067\" data-end=\"1140\"><strong data-start=\"1067\" data-end=\"1074\">Q3:<\/strong> Kann ich Muster erhalten?<br data-start=\"1093\" data-end=\"1096\" \/><strong data-start=\"1096\" data-end=\"1102\">A:<\/strong> Ja \u2013 Muster sind auf Anfrage erh\u00e4ltlich.<\/p>\n<h2 data-start=\"1142\" data-end=\"1167\">Tabelle (Spezifikationen)<\/h2>\n<div class=\"_tableContainer_1rjym_1\">\n<div class=\"group _tableWrapper_1rjym_13 flex w-fit flex-col-reverse\" tabindex=\"-1\">\n<table class=\"w-fit min-w-(--thread-content-width)\" data-start=\"1168\" data-end=\"2660\">\n<thead data-start=\"1168\" data-end=\"1272\">\n<tr data-start=\"1168\" data-end=\"1272\">\n<th data-start=\"1168\" data-end=\"1189\" data-col-size=\"sm\">Kategorie<\/th>\n<th data-start=\"1189\" data-end=\"1216\" data-col-size=\"sm\">Parameter<\/th>\n<th data-start=\"1216\" data-end=\"1272\" data-col-size=\"md\">Wert<\/th>\n<\/tr>\n<\/thead>\n<tbody data-start=\"1377\" data-end=\"2660\">\n<tr data-start=\"1377\" data-end=\"1480\">\n<td data-start=\"1377\" data-end=\"1397\" data-col-size=\"sm\">Physisch<\/td>\n<td data-col-size=\"sm\" data-start=\"1397\" data-end=\"1424\">Gr\u00f6\u00dfe<\/td>\n<td data-col-size=\"md\" data-start=\"1424\" data-end=\"1480\">85 \u00d7 27 \u00d7 4 mm<\/td>\n<\/tr>\n<tr data-start=\"1481\" data-end=\"1584\">\n<td data-start=\"1481\" data-end=\"1501\" data-col-size=\"sm\"><\/td>\n<td data-col-size=\"sm\" data-start=\"1501\" data-end=\"1528\">Material<\/td>\n<td data-col-size=\"md\" data-start=\"1528\" data-end=\"1584\">Silikonkautschuk<\/td>\n<\/tr>\n<tr data-start=\"1585\" data-end=\"1688\">\n<td data-start=\"1585\" data-end=\"1605\" data-col-size=\"sm\">Schutz<\/td>\n<td data-col-size=\"sm\" data-start=\"1605\" data-end=\"1632\">Eingangsbewertung<\/td>\n<td data-col-size=\"md\" data-start=\"1632\" data-end=\"1688\">IP68<\/td>\n<\/tr>\n<tr data-start=\"1689\" data-end=\"1792\">\n<td data-start=\"1689\" data-end=\"1709\" data-col-size=\"sm\">RF<\/td>\n<td data-col-size=\"sm\" data-start=\"1709\" data-end=\"1736\">Frequenz<\/td>\n<td data-col-size=\"md\" data-start=\"1736\" data-end=\"1792\">860\u2013960 MHz (UHF); auch 13,56-MHz-Optionen verf\u00fcgbar<\/td>\n<\/tr>\n<tr data-start=\"1793\" data-end=\"1896\">\n<td data-start=\"1793\" data-end=\"1813\" data-col-size=\"sm\"><\/td>\n<td data-col-size=\"sm\" data-start=\"1813\" data-end=\"1840\">Protokoll<\/td>\n<td data-col-size=\"md\" data-start=\"1840\" data-end=\"1896\">ISO 18000-6C \/ 6B; ISO 15693<\/td>\n<\/tr>\n<tr data-start=\"1897\" data-end=\"2000\">\n<td data-start=\"1897\" data-end=\"1917\" data-col-size=\"sm\">Chipoptionen<\/td>\n<td data-col-size=\"sm\" data-start=\"1917\" data-end=\"1944\">UHF IC<\/td>\n<td data-col-size=\"md\" data-start=\"1944\" data-end=\"2000\">R6 \/ U8 \/ U9<\/td>\n<\/tr>\n<tr data-start=\"2001\" data-end=\"2104\">\n<td data-start=\"2001\" data-end=\"2021\" data-col-size=\"sm\">Umfeld<\/td>\n<td data-start=\"2021\" data-end=\"2048\" data-col-size=\"sm\">Temperaturbereich<\/td>\n<td data-col-size=\"md\" data-start=\"2048\" data-end=\"2104\">\u221230 \u2103 bis +220 \u2103<\/td>\n<\/tr>\n<tr data-start=\"2105\" data-end=\"2208\">\n<td data-start=\"2105\" data-end=\"2125\" data-col-size=\"sm\">Haltbarkeit<\/td>\n<td data-col-size=\"sm\" data-start=\"2125\" data-end=\"2152\">Waschen<\/td>\n<td data-col-size=\"md\" data-start=\"2152\" data-end=\"2208\">200 Waschzyklen oder 3 Jahre ab Versanddatum<\/td>\n<\/tr>\n<tr data-start=\"2209\" data-end=\"2312\">\n<td data-start=\"2209\" data-end=\"2229\" data-col-size=\"sm\">Prozessgrenzen<\/td>\n<td data-col-size=\"sm\" data-start=\"2229\" data-end=\"2256\">Waschen<\/td>\n<td data-col-size=\"md\" data-start=\"2256\" data-end=\"2312\">90 \u00b0C f\u00fcr 15 Minuten<\/td>\n<\/tr>\n<tr data-start=\"2313\" data-end=\"2416\">\n<td data-start=\"2313\" data-end=\"2333\" data-col-size=\"sm\">Installation<\/td>\n<td data-col-size=\"sm\" data-start=\"2333\" data-end=\"2360\">Anhang<\/td>\n<td data-col-size=\"md\" data-start=\"2360\" data-end=\"2416\">Entlang der Kante n\u00e4hen oder in das Textil einbetten<\/td>\n<\/tr>\n<tr data-start=\"2417\" data-end=\"2520\">\n<td data-start=\"2417\" data-end=\"2437\" data-col-size=\"sm\">Attribute<\/td>\n<td data-col-size=\"sm\" data-start=\"2437\" data-end=\"2464\">Hauptmerkmale<\/td>\n<td data-col-size=\"md\" data-start=\"2464\" data-end=\"2520\">Wasserdicht, staubdicht, sto\u00dffest, langlebig<\/td>\n<\/tr>\n<tr data-start=\"2521\" data-end=\"2660\">\n<td data-start=\"2521\" data-end=\"2541\" data-col-size=\"sm\">Anwendungsf\u00e4lle<\/td>\n<td data-col-size=\"sm\" data-start=\"2541\" data-end=\"2568\">Typische Anwendungen<\/td>\n<td data-col-size=\"md\" data-start=\"2568\" data-end=\"2660\">W\u00e4scherei, Hotel-\/Krankenhausw\u00e4sche, Wartungsetiketten f\u00fcr Motoren, Lagerbestand, Uniformen<\/td>\n<\/tr>\n<\/tbody>\n<\/table>\n<\/div>\n<\/div>","protected":false},"excerpt":{"rendered":"<p>Waschbarer UHF-RFID-Silikon-Tag mit Schutzart IP68 f\u00fcr W\u00e4sche und Textilien \u2013 haltbar bis 200 Zyklen, temperaturbest\u00e4ndig von \u221230 bis 220 \u00b0C, zum Einn\u00e4hen oder Einbetten, mit R6\/U8\/U9-Chipoptionen.<\/p>","protected":false},"featured_media":757,"template":"","meta":{"_gspb_post_css":""},"product_brand":[],"product_cat":[17,20],"product_tag":[],"class_list":{"0":"post-756","1":"product","2":"type-product","3":"status-publish","4":"has-post-thumbnail","6":"product_cat-rfid-laundry-tags","7":"product_cat-silicone-rfid-laundry-tags","9":"first","10":"instock","11":"shipping-taxable","12":"purchasable","13":"product-type-simple"},"_links":{"self":[{"href":"https:\/\/www.cxjsmartcard.com\/de\/wp-json\/wp\/v2\/product\/756","targetHints":{"allow":["GET"]}}],"collection":[{"href":"https:\/\/www.cxjsmartcard.com\/de\/wp-json\/wp\/v2\/product"}],"about":[{"href":"https:\/\/www.cxjsmartcard.com\/de\/wp-json\/wp\/v2\/types\/product"}],"wp:featuredmedia":[{"embeddable":true,"href":"https:\/\/www.cxjsmartcard.com\/de\/wp-json\/wp\/v2\/media\/757"}],"wp:attachment":[{"href":"https:\/\/www.cxjsmartcard.com\/de\/wp-json\/wp\/v2\/media?parent=756"}],"wp:term":[{"taxonomy":"product_brand","embeddable":true,"href":"https:\/\/www.cxjsmartcard.com\/de\/wp-json\/wp\/v2\/product_brand?post=756"},{"taxonomy":"product_cat","embeddable":true,"href":"https:\/\/www.cxjsmartcard.com\/de\/wp-json\/wp\/v2\/product_cat?post=756"},{"taxonomy":"product_tag","embeddable":true,"href":"https:\/\/www.cxjsmartcard.com\/de\/wp-json\/wp\/v2\/product_tag?post=756"}],"curies":[{"name":"wp","href":"https:\/\/api.w.org\/{rel}","templated":true}]}}