{"id":751,"date":"2025-11-03T07:09:04","date_gmt":"2025-11-03T07:09:04","guid":{"rendered":"https:\/\/www.cxjsmartcard.com\/?post_type=product&#038;p=751"},"modified":"2025-12-29T01:27:10","modified_gmt":"2025-12-29T01:27:10","slug":"writable-heat-resist-washable-nfc-pps-laundry-tag","status":"publish","type":"product","link":"https:\/\/www.cxjsmartcard.com\/de\/writable-heat-resist-washable-nfc-pps-laundry-tag\/","title":{"rendered":"Beschreibbarer, hitzebest\u00e4ndiger, waschbarer NFC-PPS-W\u00e4scheanh\u00e4nger"},"content":{"rendered":"<p data-start=\"61\" data-end=\"498\">Das beschreibbare, hitzebest\u00e4ndige und waschbare NFC-PPS-W\u00e4scheetikett ist ein robustes Produkt, das \u00fcblicherweise in Produkten und Kleidungsst\u00fccken\/Accessoires integriert wird. Dank des hitzebest\u00e4ndigen PPS-Materials ist es best\u00e4ndig gegen Wasser, Hitze, Druck und Chemikalien. Es dient zur Durchf\u00fchrung und \u00dcberpr\u00fcfung von Inventurprozessen in Hotels, Krankenh\u00e4usern, Schulen und anderen Einrichtungen. Das Etikett l\u00e4sst sich einfach auf Bettw\u00e4sche, Handt\u00fccher, Servietten und andere Kleidungsst\u00fccke n\u00e4hen.<\/p>\n<p data-start=\"500\" data-end=\"638\"><strong data-start=\"500\" data-end=\"527\">Temperaturverhalten<\/strong><br data-start=\"527\" data-end=\"530\" \/>Vollst\u00e4ndig wasserdicht; Betrieb ab <strong data-start=\"562\" data-end=\"580\">\u221225 \u2103 bis +85 \u2103<\/strong> und h\u00e4lt langfristiger Einwirkung von <strong data-start=\"618\" data-end=\"637\">\u221230 \u2103 bis +120 \u2103<\/strong>.<\/p>\n<p data-start=\"640\" data-end=\"760\"><strong data-start=\"640\" data-end=\"660\">Produktmerkmale<\/strong><br data-start=\"660\" data-end=\"663\" \/>Flexibel, angenehm zu tragen, einfach zu bedienen; wasserdicht, feuchtigkeitsbest\u00e4ndig, sto\u00dffest und hitzebest\u00e4ndig.<\/p>\n<p data-start=\"762\" data-end=\"934\"><strong data-start=\"762\" data-end=\"792\">H\u00e4ufig gestellte Fragen \u2013 Wissenswertes vor dem Kauf<\/strong><br data-start=\"792\" data-end=\"795\" \/><strong data-start=\"795\" data-end=\"801\">Q:<\/strong> Ist dieses Etikett f\u00fcr industrielle Trockner und Dampfpressung geeignet?<br data-start=\"860\" data-end=\"863\" \/><strong data-start=\"863\" data-end=\"869\">A:<\/strong> Ja. Es wurde getestet auf <strong data-start=\"891\" data-end=\"911\">Mehr als 200 Waschzyklen<\/strong> bei hoher Temperatur.<\/p>\n<p data-start=\"936\" data-end=\"1082\"><strong data-start=\"936\" data-end=\"942\">Q:<\/strong> K\u00f6nnen wir die Speicherkapazit\u00e4t anpassen oder unser Logo aufdrucken lassen?<br data-start=\"994\" data-end=\"997\" \/><strong data-start=\"997\" data-end=\"1003\">A:<\/strong> Ja. Zu den kundenspezifischen RFID-Optionen geh\u00f6ren Logodruck, Kodierung und verschiedene Gr\u00f6\u00dfen.<\/p>\n<p data-start=\"1084\" data-end=\"1211\"><strong data-start=\"1084\" data-end=\"1090\">Q:<\/strong> Welche Farben sind erh\u00e4ltlich?<br data-start=\"1117\" data-end=\"1120\" \/><strong data-start=\"1120\" data-end=\"1126\">A:<\/strong> <strong data-start=\"1127\" data-end=\"1163\">Schwarz, Wei\u00df, Rot, Gr\u00fcn, Gelb<\/strong>, usw., f\u00fcr eine einfache Stapelsortierung und Farbkennzeichnung.<\/p>\n<h2 data-start=\"1213\" data-end=\"1238\">Tabelle (Spezifikationen)<\/h2>\n<div class=\"_tableContainer_1rjym_1\">\n<div class=\"group _tableWrapper_1rjym_13 flex w-fit flex-col-reverse\" tabindex=\"-1\">\n<table class=\"w-fit min-w-(--thread-content-width)\" data-start=\"1239\" data-end=\"2513\">\n<thead data-start=\"1239\" data-end=\"1330\">\n<tr data-start=\"1239\" data-end=\"1330\">\n<th data-start=\"1239\" data-end=\"1260\" data-col-size=\"sm\">Kategorie<\/th>\n<th data-start=\"1260\" data-end=\"1281\" data-col-size=\"sm\">Parameter<\/th>\n<th data-start=\"1281\" data-end=\"1330\" data-col-size=\"sm\">Wert<\/th>\n<\/tr>\n<\/thead>\n<tbody data-start=\"1422\" data-end=\"2513\">\n<tr data-start=\"1422\" data-end=\"1512\">\n<td data-start=\"1422\" data-end=\"1442\" data-col-size=\"sm\">RF<\/td>\n<td data-col-size=\"sm\" data-start=\"1442\" data-end=\"1463\">Frequenz<\/td>\n<td data-col-size=\"sm\" data-start=\"1463\" data-end=\"1512\">13,56 MHz<\/td>\n<\/tr>\n<tr data-start=\"1513\" data-end=\"1603\">\n<td data-start=\"1513\" data-end=\"1533\" data-col-size=\"sm\"><\/td>\n<td data-start=\"1533\" data-end=\"1554\" data-col-size=\"sm\">Protokoll<\/td>\n<td data-col-size=\"sm\" data-start=\"1554\" data-end=\"1603\">ISO14443A \/ ISO15693<\/td>\n<\/tr>\n<tr data-start=\"1604\" data-end=\"1694\">\n<td data-start=\"1604\" data-end=\"1624\" data-col-size=\"sm\">Chip<\/td>\n<td data-start=\"1624\" data-end=\"1645\" data-col-size=\"sm\">Chip-Typ<\/td>\n<td data-col-size=\"sm\" data-start=\"1645\" data-end=\"1694\">ICODE SLIX, NTAG213, MIFARE 1K usw.<\/td>\n<\/tr>\n<tr data-start=\"1695\" data-end=\"1785\">\n<td data-start=\"1695\" data-end=\"1715\" data-col-size=\"sm\">Materialien<\/td>\n<td data-start=\"1715\" data-end=\"1736\" data-col-size=\"sm\">K\u00f6rper<\/td>\n<td data-col-size=\"sm\" data-start=\"1736\" data-end=\"1785\">PPS (hitzebest\u00e4ndig)<\/td>\n<\/tr>\n<tr data-start=\"1786\" data-end=\"1876\">\n<td data-start=\"1786\" data-end=\"1806\" data-col-size=\"sm\">Abmessungen<\/td>\n<td data-col-size=\"sm\" data-start=\"1806\" data-end=\"1827\">Gr\u00f6\u00dfenoptionen<\/td>\n<td data-col-size=\"sm\" data-start=\"1827\" data-end=\"1876\">14 mm, 18 mm, 20 mm usw.<\/td>\n<\/tr>\n<tr data-start=\"1877\" data-end=\"1967\">\n<td data-start=\"1877\" data-end=\"1897\" data-col-size=\"sm\">Aussehen<\/td>\n<td data-col-size=\"sm\" data-start=\"1897\" data-end=\"1918\">Farboptionen<\/td>\n<td data-col-size=\"sm\" data-start=\"1918\" data-end=\"1967\">Schwarz, Wei\u00df, Rot, Gr\u00fcn, Gelb<\/td>\n<\/tr>\n<tr data-start=\"1968\" data-end=\"2058\">\n<td data-start=\"1968\" data-end=\"1988\" data-col-size=\"sm\">Schutz<\/td>\n<td data-col-size=\"sm\" data-start=\"1988\" data-end=\"2009\">Wasserdichtigkeit<\/td>\n<td data-col-size=\"sm\" data-start=\"2009\" data-end=\"2058\">Wasserdicht \/ Wetterfest<\/td>\n<\/tr>\n<tr data-start=\"2059\" data-end=\"2149\">\n<td data-start=\"2059\" data-end=\"2079\" data-col-size=\"sm\">Haltbarkeit<\/td>\n<td data-col-size=\"sm\" data-start=\"2079\" data-end=\"2100\">Waschen<\/td>\n<td data-col-size=\"sm\" data-start=\"2100\" data-end=\"2149\">&gt;200 Waschzyklen<\/td>\n<\/tr>\n<tr data-start=\"2150\" data-end=\"2240\">\n<td data-start=\"2150\" data-end=\"2170\" data-col-size=\"sm\">Umfeld<\/td>\n<td data-col-size=\"sm\" data-start=\"2170\" data-end=\"2191\">Betriebstemperatur<\/td>\n<td data-col-size=\"sm\" data-start=\"2191\" data-end=\"2240\">\u221225 \u2103 bis +85 \u2103<\/td>\n<\/tr>\n<tr data-start=\"2241\" data-end=\"2331\">\n<td data-start=\"2241\" data-end=\"2261\" data-col-size=\"sm\"><\/td>\n<td data-col-size=\"sm\" data-start=\"2261\" data-end=\"2282\">Langzeitexposition<\/td>\n<td data-col-size=\"sm\" data-start=\"2282\" data-end=\"2331\">\u221230 \u2103 bis +120 \u2103<\/td>\n<\/tr>\n<tr data-start=\"2332\" data-end=\"2422\">\n<td data-start=\"2332\" data-end=\"2352\" data-col-size=\"sm\">Anwendungen<\/td>\n<td data-col-size=\"sm\" data-start=\"2352\" data-end=\"2373\">Anwendungsgebiete<\/td>\n<td data-col-size=\"sm\" data-start=\"2373\" data-end=\"2422\">W\u00e4sche, Kleidung, Bettw\u00e4sche, UHF-Nutzung<\/td>\n<\/tr>\n<tr data-start=\"2423\" data-end=\"2513\">\n<td data-start=\"2423\" data-end=\"2443\" data-col-size=\"sm\">Herkunft<\/td>\n<td data-col-size=\"sm\" data-start=\"2443\" data-end=\"2464\">Herkunftsort<\/td>\n<td data-col-size=\"sm\" data-start=\"2464\" data-end=\"2513\">Guangdong, China<\/td>\n<\/tr>\n<\/tbody>\n<\/table>\n<\/div>\n<\/div>","protected":false},"excerpt":{"rendered":"<p>Hitzebest\u00e4ndiger, waschbarer NFC-W\u00e4scheanh\u00e4nger aus PPS \u2013 wasserdicht und chemikalienbest\u00e4ndig, &gt;200 Waschzyklen, einfache Ann\u00e4hmontage und verschiedene Chip-\/Farboptionen.<\/p>","protected":false},"featured_media":752,"template":"","meta":{"_gspb_post_css":""},"product_brand":[],"product_cat":[17,19],"product_tag":[],"class_list":{"0":"post-751","1":"product","2":"type-product","3":"status-publish","4":"has-post-thumbnail","6":"product_cat-rfid-laundry-tags","7":"product_cat-pps-rfid-laundry-tags","9":"first","10":"instock","11":"shipping-taxable","12":"purchasable","13":"product-type-simple"},"_links":{"self":[{"href":"https:\/\/www.cxjsmartcard.com\/de\/wp-json\/wp\/v2\/product\/751","targetHints":{"allow":["GET"]}}],"collection":[{"href":"https:\/\/www.cxjsmartcard.com\/de\/wp-json\/wp\/v2\/product"}],"about":[{"href":"https:\/\/www.cxjsmartcard.com\/de\/wp-json\/wp\/v2\/types\/product"}],"wp:featuredmedia":[{"embeddable":true,"href":"https:\/\/www.cxjsmartcard.com\/de\/wp-json\/wp\/v2\/media\/752"}],"wp:attachment":[{"href":"https:\/\/www.cxjsmartcard.com\/de\/wp-json\/wp\/v2\/media?parent=751"}],"wp:term":[{"taxonomy":"product_brand","embeddable":true,"href":"https:\/\/www.cxjsmartcard.com\/de\/wp-json\/wp\/v2\/product_brand?post=751"},{"taxonomy":"product_cat","embeddable":true,"href":"https:\/\/www.cxjsmartcard.com\/de\/wp-json\/wp\/v2\/product_cat?post=751"},{"taxonomy":"product_tag","embeddable":true,"href":"https:\/\/www.cxjsmartcard.com\/de\/wp-json\/wp\/v2\/product_tag?post=751"}],"curies":[{"name":"wp","href":"https:\/\/api.w.org\/{rel}","templated":true}]}}