{"id":746,"date":"2025-11-03T07:05:39","date_gmt":"2025-11-03T07:05:39","guid":{"rendered":"https:\/\/www.cxjsmartcard.com\/?post_type=product&#038;p=746"},"modified":"2025-12-29T01:27:10","modified_gmt":"2025-12-29T01:27:10","slug":"washable-pps-iso15693-icode-slix-laundry-rfid-tag","status":"publish","type":"product","link":"https:\/\/www.cxjsmartcard.com\/de\/washable-pps-iso15693-icode-slix-laundry-rfid-tag\/","title":{"rendered":"Waschbarer PPS ISO15693 ICODE SLIX W\u00e4sche-RFID-Etikett"},"content":{"rendered":"<p data-start=\"61\" data-end=\"361\">Dieser ISO15693 ICODE SLIX RFID-Etikett f\u00fcr W\u00e4sche verwendet hochtemperaturbest\u00e4ndiges PPS-Material mit doppelseitiger PPS-Verpackung f\u00fcr eine robuste Konstruktion., <strong data-start=\"199\" data-end=\"249\">wasserdicht, sto\u00dffest und feuchtigkeitsbest\u00e4ndig<\/strong> Es kann in Kleidungsst\u00fccke eingen\u00e4ht oder in Etiketten eingen\u00e4ht werden und unterst\u00fctzt die direkte Siebdruck- oder Lasernummerierung.<\/p>\n<p data-start=\"363\" data-end=\"377\"><strong data-start=\"363\" data-end=\"375\">Merkmale<\/strong><\/p>\n<ol data-start=\"378\" data-end=\"757\">\n<li data-start=\"378\" data-end=\"444\">\n<p data-start=\"381\" data-end=\"444\">Waschbarer Identifikationstransponder f\u00fcr Bekleidungsanwendungen.<\/p>\n<\/li>\n<li data-start=\"445\" data-end=\"521\">\n<p data-start=\"448\" data-end=\"521\">Robustes Design f\u00fcr anspruchsvolle W\u00e4schereiumgebungen; best\u00e4ndig gegen korrosive Substanzen.<\/p>\n<\/li>\n<li data-start=\"522\" data-end=\"600\">\n<p data-start=\"525\" data-end=\"600\">100% wasserdicht und hochtemperaturbest\u00e4ndig; umweltfreundlich.<\/p>\n<\/li>\n<li data-start=\"601\" data-end=\"678\">\n<p data-start=\"604\" data-end=\"678\">Geeignet f\u00fcr Bekleidung, Uniformen, Kost\u00fcme und Patientenkleidung im Krankenhaus.<\/p>\n<\/li>\n<li data-start=\"679\" data-end=\"757\">\n<p data-start=\"682\" data-end=\"757\">Lese-\/Schreibvorgang mit anpassbarer Chipauswahl, die zu Ihrem System passt.<\/p>\n<\/li>\n<\/ol>\n<p data-start=\"759\" data-end=\"930\"><strong data-start=\"759\" data-end=\"775\">Anwendungen<\/strong><br data-start=\"775\" data-end=\"778\" \/>Textilmanagement, Sicherheitskontrolle, W\u00e4schereien (auch f\u00fcr den industriellen Einsatz) und andere anspruchsvolle Umgebungen, die langlebige, waschbare RFID-Etiketten erfordern.<\/p>\n<h2 data-start=\"932\" data-end=\"957\">Tabelle (Spezifikationen)<\/h2>\n<div class=\"_tableContainer_1rjym_1\">\n<div class=\"group _tableWrapper_1rjym_13 flex w-fit flex-col-reverse\" tabindex=\"-1\">\n<table class=\"w-fit min-w-(--thread-content-width)\" data-start=\"958\" data-end=\"2813\">\n<thead data-start=\"958\" data-end=\"1073\">\n<tr data-start=\"958\" data-end=\"1073\">\n<th data-start=\"958\" data-end=\"984\" data-col-size=\"sm\">Kategorie<\/th>\n<th data-start=\"984\" data-end=\"1010\" data-col-size=\"sm\">Parameter<\/th>\n<th data-start=\"1010\" data-end=\"1073\" data-col-size=\"sm\">Wert<\/th>\n<\/tr>\n<\/thead>\n<tbody data-start=\"1190\" data-end=\"2813\">\n<tr data-start=\"1190\" data-end=\"1305\">\n<td data-start=\"1190\" data-end=\"1216\" data-col-size=\"sm\">Produkt<\/td>\n<td data-col-size=\"sm\" data-start=\"1216\" data-end=\"1242\">Artikel<\/td>\n<td data-col-size=\"sm\" data-start=\"1242\" data-end=\"1305\">PPS RFID-W\u00e4scheetikett<\/td>\n<\/tr>\n<tr data-start=\"1306\" data-end=\"1421\">\n<td data-start=\"1306\" data-end=\"1332\" data-col-size=\"sm\">Besondere Merkmale<\/td>\n<td data-col-size=\"sm\" data-start=\"1332\" data-end=\"1358\">Attribute<\/td>\n<td data-col-size=\"sm\" data-start=\"1358\" data-end=\"1421\">Wasserdicht \/ Wetterfest, Mini-Etikett<\/td>\n<\/tr>\n<tr data-start=\"1422\" data-end=\"1537\">\n<td data-start=\"1422\" data-end=\"1448\" data-col-size=\"sm\">Kommunikation<\/td>\n<td data-col-size=\"sm\" data-start=\"1448\" data-end=\"1474\">Schnittstelle<\/td>\n<td data-col-size=\"sm\" data-start=\"1474\" data-end=\"1537\">RFID, NFC<\/td>\n<\/tr>\n<tr data-start=\"1538\" data-end=\"1653\">\n<td data-start=\"1538\" data-end=\"1564\" data-col-size=\"sm\">Materialien<\/td>\n<td data-col-size=\"sm\" data-start=\"1564\" data-end=\"1590\">K\u00f6rper<\/td>\n<td data-col-size=\"sm\" data-start=\"1590\" data-end=\"1653\">PPS<\/td>\n<\/tr>\n<tr data-start=\"1654\" data-end=\"1769\">\n<td data-start=\"1654\" data-end=\"1680\" data-col-size=\"sm\">Abmessungen<\/td>\n<td data-col-size=\"sm\" data-start=\"1680\" data-end=\"1706\">Gr\u00f6\u00dfenoptionen<\/td>\n<td data-col-size=\"sm\" data-start=\"1706\" data-end=\"1769\">\u00d818 mm, \u00d820 mm, \u00d822 mm, \u00d830 mm<\/td>\n<\/tr>\n<tr data-start=\"1770\" data-end=\"1885\">\n<td data-start=\"1770\" data-end=\"1796\" data-col-size=\"sm\">RF<\/td>\n<td data-col-size=\"sm\" data-start=\"1796\" data-end=\"1822\">Frequenz<\/td>\n<td data-col-size=\"sm\" data-start=\"1822\" data-end=\"1885\">13,56 MHz<\/td>\n<\/tr>\n<tr data-start=\"1886\" data-end=\"2001\">\n<td data-start=\"1886\" data-end=\"1912\" data-col-size=\"sm\"><\/td>\n<td data-col-size=\"sm\" data-start=\"1912\" data-end=\"1938\">Protokoll<\/td>\n<td data-col-size=\"sm\" data-start=\"1938\" data-end=\"2001\">ISO\/IEC 15693<\/td>\n<\/tr>\n<tr data-start=\"2002\" data-end=\"2117\">\n<td data-start=\"2002\" data-end=\"2028\" data-col-size=\"sm\">Umfeld<\/td>\n<td data-start=\"2028\" data-end=\"2054\" data-col-size=\"sm\">Betriebstemperatur<\/td>\n<td data-col-size=\"sm\" data-start=\"2054\" data-end=\"2117\">\u221225 \u2103 bis +75 \u2103<\/td>\n<\/tr>\n<tr data-start=\"2118\" data-end=\"2233\">\n<td data-start=\"2118\" data-end=\"2144\" data-col-size=\"sm\"><\/td>\n<td data-col-size=\"sm\" data-start=\"2144\" data-end=\"2170\">Lagertemperatur<\/td>\n<td data-col-size=\"sm\" data-start=\"2170\" data-end=\"2233\">\u221255 \u2103 bis +220 \u2103<\/td>\n<\/tr>\n<tr data-start=\"2234\" data-end=\"2349\">\n<td data-start=\"2234\" data-end=\"2260\" data-col-size=\"sm\">Prozesskompatibilit\u00e4t<\/td>\n<td data-col-size=\"sm\" data-start=\"2260\" data-end=\"2286\">Waschmethode<\/td>\n<td data-col-size=\"sm\" data-start=\"2286\" data-end=\"2349\">W\u00e4scherei, chemische Reinigung<\/td>\n<\/tr>\n<tr data-start=\"2350\" data-end=\"2465\">\n<td data-start=\"2350\" data-end=\"2376\" data-col-size=\"sm\">Haltbarkeit<\/td>\n<td data-col-size=\"sm\" data-start=\"2376\" data-end=\"2402\">Waschen<\/td>\n<td data-col-size=\"sm\" data-start=\"2402\" data-end=\"2465\">200 Waschg\u00e4nge<\/td>\n<\/tr>\n<tr data-start=\"2466\" data-end=\"2581\">\n<td data-start=\"2466\" data-end=\"2492\" data-col-size=\"sm\">Daten<\/td>\n<td data-col-size=\"sm\" data-start=\"2492\" data-end=\"2518\">Chip-Datenspeicherung<\/td>\n<td data-col-size=\"sm\" data-start=\"2518\" data-end=\"2581\">10 Jahre<\/td>\n<\/tr>\n<tr data-start=\"2582\" data-end=\"2697\">\n<td data-start=\"2582\" data-end=\"2608\" data-col-size=\"sm\">Kennzeichnungsmethode<\/td>\n<td data-col-size=\"sm\" data-start=\"2608\" data-end=\"2634\">Anhang<\/td>\n<td data-col-size=\"sm\" data-start=\"2634\" data-end=\"2697\">N\u00e4hen, Einsetzen<\/td>\n<\/tr>\n<tr data-start=\"2698\" data-end=\"2813\">\n<td data-start=\"2698\" data-end=\"2724\" data-col-size=\"sm\">Betrieb<\/td>\n<td data-col-size=\"sm\" data-start=\"2724\" data-end=\"2750\">Arbeitsmodus<\/td>\n<td data-col-size=\"sm\" data-start=\"2750\" data-end=\"2813\">Lesen\/Schreiben<\/td>\n<\/tr>\n<\/tbody>\n<\/table>\n<\/div>\n<\/div>","protected":false},"excerpt":{"rendered":"<p>Waschbares PPS ISO15693 ICODE SLIX W\u00e4scheetikett \u2013 robust, wasserdicht und chemikalienbest\u00e4ndig f\u00fcr Bekleidung und Uniformen; 13,56 MHz R\/W mit 200 Zyklen Haltbarkeit.<\/p>","protected":false},"featured_media":747,"template":"","meta":{"_gspb_post_css":""},"product_brand":[],"product_cat":[17,19],"product_tag":[],"class_list":{"0":"post-746","1":"product","2":"type-product","3":"status-publish","4":"has-post-thumbnail","6":"product_cat-rfid-laundry-tags","7":"product_cat-pps-rfid-laundry-tags","9":"first","10":"instock","11":"shipping-taxable","12":"purchasable","13":"product-type-simple"},"_links":{"self":[{"href":"https:\/\/www.cxjsmartcard.com\/de\/wp-json\/wp\/v2\/product\/746","targetHints":{"allow":["GET"]}}],"collection":[{"href":"https:\/\/www.cxjsmartcard.com\/de\/wp-json\/wp\/v2\/product"}],"about":[{"href":"https:\/\/www.cxjsmartcard.com\/de\/wp-json\/wp\/v2\/types\/product"}],"wp:featuredmedia":[{"embeddable":true,"href":"https:\/\/www.cxjsmartcard.com\/de\/wp-json\/wp\/v2\/media\/747"}],"wp:attachment":[{"href":"https:\/\/www.cxjsmartcard.com\/de\/wp-json\/wp\/v2\/media?parent=746"}],"wp:term":[{"taxonomy":"product_brand","embeddable":true,"href":"https:\/\/www.cxjsmartcard.com\/de\/wp-json\/wp\/v2\/product_brand?post=746"},{"taxonomy":"product_cat","embeddable":true,"href":"https:\/\/www.cxjsmartcard.com\/de\/wp-json\/wp\/v2\/product_cat?post=746"},{"taxonomy":"product_tag","embeddable":true,"href":"https:\/\/www.cxjsmartcard.com\/de\/wp-json\/wp\/v2\/product_tag?post=746"}],"curies":[{"name":"wp","href":"https:\/\/api.w.org\/{rel}","templated":true}]}}