{"id":741,"date":"2025-11-03T07:04:00","date_gmt":"2025-11-03T07:04:00","guid":{"rendered":"https:\/\/www.cxjsmartcard.com\/?post_type=product&#038;p=741"},"modified":"2025-12-29T01:27:10","modified_gmt":"2025-12-29T01:27:10","slug":"pps-uhf-rfid-washable-tag-disc-button-for-laundry","status":"publish","type":"product","link":"https:\/\/www.cxjsmartcard.com\/de\/pps-uhf-rfid-washable-tag-disc-button-for-laundry\/","title":{"rendered":"PPS UHF RFID Waschbarer Tag-Scheibenknopf f\u00fcr W\u00e4sche"},"content":{"rendered":"<p data-start=\"61\" data-end=\"888\">Der waschbare PPS UHF RFID-Tag-Scheibenknopf verwendet ein PPS-Kunststoffgeh\u00e4use f\u00fcr das elektronische Etikett und bietet <strong data-start=\"179\" data-end=\"280\">Hochtemperaturbest\u00e4ndigkeit, Flammschutz, chemische Korrosionsbest\u00e4ndigkeit und Verschlei\u00dffestigkeit<\/strong>. Das Etikett ist extrem d\u00fcnn und kann in einen kleinen Stoffbeutel oder direkt auf das zu handhabende Textil eingen\u00e4ht werden; die N\u00e4hposition ist leicht zu finden. Es findet breite Anwendung in <strong data-start=\"455\" data-end=\"466\">W\u00e4scherei<\/strong>, <strong data-start=\"468\" data-end=\"491\">hochwertige Kleidung<\/strong>, <strong data-start=\"493\" data-end=\"512\">Schuluniformen<\/strong>, <strong data-start=\"514\" data-end=\"534\">spezielle Kleidungsst\u00fccke<\/strong>, <strong data-start=\"536\" data-end=\"570\">Bekleidungsproduktionsmanagement<\/strong>, <strong data-start=\"572\" data-end=\"592\">Produktverfolgung<\/strong>, <strong data-start=\"594\" data-end=\"617\">Lagerbestand<\/strong>, <strong data-start=\"619\" data-end=\"658\">Wartungshinweise f\u00fcr Automobilmotoren<\/strong>, <strong data-start=\"660\" data-end=\"696\">Management chemischer Rohstoffe<\/strong>, und anderen rauen Umgebungen.<br data-start=\"727\" data-end=\"730\" \/>F\u00fcr W\u00e4schereiszenarien (Hotel, Krankenhaus, Reinigung, Deckenmanagement bei Fluggesellschaften) sind Etiketten \u00fcblicherweise erh\u00e4ltlich in <strong data-start=\"843\" data-end=\"873\">PPS, Silikon und Textil<\/strong> Konstruktionen.<\/p>\n<p data-start=\"890\" data-end=\"904\"><strong data-start=\"890\" data-end=\"902\">Merkmale<\/strong><\/p>\n<ol data-start=\"905\" data-end=\"1050\">\n<li data-start=\"905\" data-end=\"938\">\n<p data-start=\"908\" data-end=\"938\">Hohe Temperaturbest\u00e4ndigkeit.<\/p>\n<\/li>\n<li data-start=\"939\" data-end=\"964\">\n<p data-start=\"942\" data-end=\"964\">Druckbest\u00e4ndigkeit.<\/p>\n<\/li>\n<li data-start=\"965\" data-end=\"991\">\n<p data-start=\"968\" data-end=\"991\">Korrosionsbest\u00e4ndigkeit.<\/p>\n<\/li>\n<li data-start=\"992\" data-end=\"1020\">\n<p data-start=\"995\" data-end=\"1020\">Wasserdicht und langlebig.<\/p>\n<\/li>\n<li data-start=\"1021\" data-end=\"1050\">\n<p data-start=\"1024\" data-end=\"1050\">Individuelle Designoptionen.<\/p>\n<\/li>\n<\/ol>\n<p data-start=\"1052\" data-end=\"1165\"><strong data-start=\"1052\" data-end=\"1065\">Funktionen<\/strong><br data-start=\"1065\" data-end=\"1068\" \/>Zugangskontrolle, Identit\u00e4tspr\u00fcfung und Informationserfassung in industriellen W\u00e4scherei- und Textilproduktionsprozessen.<\/p>\n<h2 data-start=\"1167\" data-end=\"1192\">Tabelle (Spezifikationen)<\/h2>\n<div class=\"_tableContainer_1rjym_1\">\n<div class=\"group _tableWrapper_1rjym_13 flex w-fit flex-col-reverse\" tabindex=\"-1\">\n<table class=\"w-fit min-w-(--thread-content-width)\" data-start=\"1193\" data-end=\"3418\">\n<thead data-start=\"1193\" data-end=\"1338\">\n<tr data-start=\"1193\" data-end=\"1338\">\n<th data-start=\"1193\" data-end=\"1218\" data-col-size=\"sm\">Kategorie<\/th>\n<th data-start=\"1218\" data-end=\"1249\" data-col-size=\"sm\">Parameter<\/th>\n<th data-start=\"1249\" data-end=\"1338\" data-col-size=\"lg\">Wert<\/th>\n<\/tr>\n<\/thead>\n<tbody data-start=\"1484\" data-end=\"3418\">\n<tr data-start=\"1484\" data-end=\"1629\">\n<td data-start=\"1484\" data-end=\"1508\" data-col-size=\"sm\">Physisch<\/td>\n<td data-col-size=\"sm\" data-start=\"1508\" data-end=\"1540\">Material<\/td>\n<td data-col-size=\"lg\" data-start=\"1540\" data-end=\"1629\">PPS (Polyphenylensulfid)<\/td>\n<\/tr>\n<tr data-start=\"1630\" data-end=\"1775\">\n<td data-start=\"1630\" data-end=\"1654\" data-col-size=\"sm\"><\/td>\n<td data-start=\"1654\" data-end=\"1686\" data-col-size=\"sm\">Formfaktor<\/td>\n<td data-col-size=\"lg\" data-start=\"1686\" data-end=\"1775\">Scheibe \/ Knopf<\/td>\n<\/tr>\n<tr data-start=\"1776\" data-end=\"1921\">\n<td data-start=\"1776\" data-end=\"1800\" data-col-size=\"sm\"><\/td>\n<td data-col-size=\"sm\" data-start=\"1800\" data-end=\"1832\">Abmessungen<\/td>\n<td data-col-size=\"lg\" data-start=\"1832\" data-end=\"1921\">\u00d818 mm \/ \u00d820 mm \/ \u00d825,5 mm; Dicke 2,75 mm; <strong data-start=\"1881\" data-end=\"1898\">Loch \u00d8 1,5 mm<\/strong><\/td>\n<\/tr>\n<tr data-start=\"1922\" data-end=\"2067\">\n<td data-start=\"1922\" data-end=\"1946\" data-col-size=\"sm\"><\/td>\n<td data-col-size=\"sm\" data-start=\"1946\" data-end=\"1978\">Anhang<\/td>\n<td data-col-size=\"lg\" data-start=\"1978\" data-end=\"2067\">N\u00e4hen Sie es in einen kleinen Stoffbeutel oder direkt auf den Stoff.<\/td>\n<\/tr>\n<tr data-start=\"2068\" data-end=\"2213\">\n<td data-start=\"2068\" data-end=\"2092\" data-col-size=\"sm\">Umfeld<\/td>\n<td data-col-size=\"sm\" data-start=\"2092\" data-end=\"2124\">Temperaturbereich<\/td>\n<td data-col-size=\"lg\" data-start=\"2124\" data-end=\"2213\">\u221230 \u2103 bis +220 \u2103<\/td>\n<\/tr>\n<tr data-start=\"2214\" data-end=\"2359\">\n<td data-start=\"2214\" data-end=\"2238\" data-col-size=\"sm\">Personalisierung<\/td>\n<td data-col-size=\"sm\" data-start=\"2238\" data-end=\"2270\">Anpassung<\/td>\n<td data-col-size=\"lg\" data-start=\"2270\" data-end=\"2359\">Individueller Logodruck; beschreibbare Chipdaten (z. B. URL\/Website, Seriennummern)<\/td>\n<\/tr>\n<tr data-start=\"2360\" data-end=\"2505\">\n<td data-start=\"2360\" data-end=\"2384\" data-col-size=\"sm\">Attribute<\/td>\n<td data-col-size=\"sm\" data-start=\"2384\" data-end=\"2416\">Schutzfunktionen<\/td>\n<td data-col-size=\"lg\" data-start=\"2416\" data-end=\"2505\">Hohe Temperatur-, Druck- und Korrosionsbest\u00e4ndigkeit; wasserdicht; langlebig<\/td>\n<\/tr>\n<tr data-start=\"2506\" data-end=\"2651\">\n<td data-start=\"2506\" data-end=\"2530\" data-col-size=\"sm\">RFID<\/td>\n<td data-col-size=\"sm\" data-start=\"2530\" data-end=\"2562\">Frequenz<\/td>\n<td data-col-size=\"lg\" data-start=\"2562\" data-end=\"2651\">860\u2013960 MHz (UHF)<\/td>\n<\/tr>\n<tr data-start=\"2652\" data-end=\"2797\">\n<td data-start=\"2652\" data-end=\"2676\" data-col-size=\"sm\"><\/td>\n<td data-col-size=\"sm\" data-start=\"2676\" data-end=\"2708\">Protokoll<\/td>\n<td data-col-size=\"lg\" data-start=\"2708\" data-end=\"2797\">ISO 18000-6C<\/td>\n<\/tr>\n<tr data-start=\"2798\" data-end=\"2943\">\n<td data-start=\"2798\" data-end=\"2822\" data-col-size=\"sm\"><\/td>\n<td data-start=\"2822\" data-end=\"2854\" data-col-size=\"sm\">Chipoptionen<\/td>\n<td data-col-size=\"lg\" data-start=\"2854\" data-end=\"2943\">H9, H10, U9, U10, M4\/5\/6<\/td>\n<\/tr>\n<tr data-start=\"2944\" data-end=\"3089\">\n<td data-start=\"2944\" data-end=\"2968\" data-col-size=\"sm\">Leistung<\/td>\n<td data-col-size=\"sm\" data-start=\"2968\" data-end=\"3000\">Leseentfernung<\/td>\n<td data-col-size=\"lg\" data-start=\"3000\" data-end=\"3089\">1\u20138 m (abh\u00e4ngig vom Leser\/der Umgebung)<\/td>\n<\/tr>\n<tr data-start=\"3090\" data-end=\"3272\">\n<td data-start=\"3090\" data-end=\"3114\" data-col-size=\"sm\">Anwendungsf\u00e4lle<\/td>\n<td data-col-size=\"sm\" data-start=\"3114\" data-end=\"3146\">Typische Anwendungen<\/td>\n<td data-col-size=\"lg\" data-start=\"3146\" data-end=\"3272\">W\u00e4scherei, hochwertige Bekleidung, Schuluniformen, Spezialbekleidung, Produktionsmanagement, Produktverfolgung, Lagerbestandsf\u00fchrung<\/td>\n<\/tr>\n<tr data-start=\"3273\" data-end=\"3418\">\n<td data-start=\"3273\" data-end=\"3297\" data-col-size=\"sm\">Branchenbeispiele<\/td>\n<td data-col-size=\"sm\" data-start=\"3297\" data-end=\"3329\">W\u00e4schest\u00e4nder<\/td>\n<td data-col-size=\"lg\" data-start=\"3329\" data-end=\"3418\">Deckenmanagement f\u00fcr Hotels, Krankenh\u00e4user, Reinigungen und Fluggesellschaften<\/td>\n<\/tr>\n<\/tbody>\n<\/table>\n<\/div>\n<\/div>","protected":false},"excerpt":{"rendered":"<p>Waschbarer PPS UHF RFID-Scheiben-\/Knopf-Etikett f\u00fcr W\u00e4schereien \u2013 wasserdicht, flammhemmend, korrosionsbest\u00e4ndig, \u221230\u2013220 \u2103, Lesereichweite 1\u20138 m; zum Einn\u00e4hen oder f\u00fcr Beutel; individuelle Logos\/Daten werden unterst\u00fctzt.<\/p>","protected":false},"featured_media":743,"template":"","meta":{"_gspb_post_css":""},"product_brand":[],"product_cat":[17,19],"product_tag":[],"class_list":{"0":"post-741","1":"product","2":"type-product","3":"status-publish","4":"has-post-thumbnail","6":"product_cat-rfid-laundry-tags","7":"product_cat-pps-rfid-laundry-tags","9":"first","10":"instock","11":"shipping-taxable","12":"purchasable","13":"product-type-simple"},"_links":{"self":[{"href":"https:\/\/www.cxjsmartcard.com\/de\/wp-json\/wp\/v2\/product\/741","targetHints":{"allow":["GET"]}}],"collection":[{"href":"https:\/\/www.cxjsmartcard.com\/de\/wp-json\/wp\/v2\/product"}],"about":[{"href":"https:\/\/www.cxjsmartcard.com\/de\/wp-json\/wp\/v2\/types\/product"}],"wp:featuredmedia":[{"embeddable":true,"href":"https:\/\/www.cxjsmartcard.com\/de\/wp-json\/wp\/v2\/media\/743"}],"wp:attachment":[{"href":"https:\/\/www.cxjsmartcard.com\/de\/wp-json\/wp\/v2\/media?parent=741"}],"wp:term":[{"taxonomy":"product_brand","embeddable":true,"href":"https:\/\/www.cxjsmartcard.com\/de\/wp-json\/wp\/v2\/product_brand?post=741"},{"taxonomy":"product_cat","embeddable":true,"href":"https:\/\/www.cxjsmartcard.com\/de\/wp-json\/wp\/v2\/product_cat?post=741"},{"taxonomy":"product_tag","embeddable":true,"href":"https:\/\/www.cxjsmartcard.com\/de\/wp-json\/wp\/v2\/product_tag?post=741"}],"curies":[{"name":"wp","href":"https:\/\/api.w.org\/{rel}","templated":true}]}}