{"id":736,"date":"2025-11-03T07:01:57","date_gmt":"2025-11-03T07:01:57","guid":{"rendered":"https:\/\/www.cxjsmartcard.com\/?post_type=product&#038;p=736"},"modified":"2025-12-29T01:27:10","modified_gmt":"2025-12-29T01:27:10","slug":"durable-pps-commercial-reusable-washable-rfid-tags-for-laundry-industry","status":"publish","type":"product","link":"https:\/\/www.cxjsmartcard.com\/de\/durable-pps-commercial-reusable-washable-rfid-tags-for-laundry-industry\/","title":{"rendered":"Robuste, wiederverwendbare und waschbare RFID-Etiketten aus PPS f\u00fcr die W\u00e4schereiindustrie"},"content":{"rendered":"<p data-start=\"83\" data-end=\"381\">Die robusten, wiederverwendbaren und waschbaren RFID-Tags aus PPS sind f\u00fcr die rauen Bedingungen industrieller W\u00e4schereien konzipiert. Betrieb bei <strong data-start=\"214\" data-end=\"233\">13,56 MHz (NFC)<\/strong>, Jedes wasserdichte Etikett verwendet ein <strong data-start=\"262\" data-end=\"301\">Harz-Epoxidkern mit PPS-H\u00fclle<\/strong> um hohen Temperaturen, dem Eintauchen in Wasser, Chemikalien und der st\u00e4ndigen Wiederverwendung standzuhalten.<\/p>\n<p data-start=\"383\" data-end=\"721\"><strong data-start=\"383\" data-end=\"426\">F\u00fcr die Langlebigkeit in industriellen W\u00e4schereien entwickelt<\/strong><br data-start=\"426\" data-end=\"429\" \/>Diese Etiketten sind speziell f\u00fcr W\u00e4schereien entwickelt und k\u00f6nnen Folgendes verarbeiten <strong data-start=\"496\" data-end=\"516\">Mehr als 200 Waschzyklen<\/strong>, hohe Luftfeuchtigkeit und <strong data-start=\"537\" data-end=\"556\">\u221225 \u2103 bis +120 \u2103<\/strong> Betrieb. PPS (ein Hochleistungsthermoplast) bietet eine ausgezeichnete chemische und mechanische Best\u00e4ndigkeit f\u00fcr gleichbleibende Leistung beim Waschen, Trocknen und Pressen.<\/p>\n<p data-start=\"723\" data-end=\"927\"><strong data-start=\"723\" data-end=\"757\">Wiederverwendbar f\u00fcr langfristige Einsparungen<\/strong><br data-start=\"757\" data-end=\"760\" \/>Die Verkapselung sch\u00fctzt die Daten vor Sch\u00e4den durch Dampfpressen und industrielles B\u00fcgeln. Die Wiederverwendung \u00fcber viele Zyklen hinweg senkt die Kosten f\u00fcr die Nachverfolgung pro Artikel und unterst\u00fctzt Nachhaltigkeitsziele.<\/p>\n<p data-start=\"929\" data-end=\"943\"><strong data-start=\"929\" data-end=\"941\">Merkmale<\/strong><\/p>\n<ul data-start=\"944\" data-end=\"1206\">\n<li data-start=\"944\" data-end=\"989\">\n<p data-start=\"946\" data-end=\"989\">13,56 MHz NFC; <strong data-start=\"961\" data-end=\"987\">ISO 15693 \/ ISO 14443A<\/strong><\/p>\n<\/li>\n<li data-start=\"990\" data-end=\"1045\">\n<p data-start=\"992\" data-end=\"1045\"><strong data-start=\"992\" data-end=\"1030\">Wasserdicht, wetterfest, wiederverwendbar<\/strong> Konstruktion<\/p>\n<\/li>\n<li data-start=\"1046\" data-end=\"1094\">\n<p data-start=\"1048\" data-end=\"1094\">Lesebereich bis zu <strong data-start=\"1065\" data-end=\"1074\">0\u20131 m<\/strong> (abh\u00e4ngig von der Konfiguration)<\/p>\n<\/li>\n<li data-start=\"1095\" data-end=\"1150\">\n<p data-start=\"1097\" data-end=\"1150\"><strong data-start=\"1097\" data-end=\"1111\">R21 \u00d7 2 mm<\/strong> Formfaktor (andere Gr\u00f6\u00dfen auf Anfrage)<\/p>\n<\/li>\n<li data-start=\"1151\" data-end=\"1206\">\n<p data-start=\"1153\" data-end=\"1206\">Kundenspezifische Dienstleistungen verf\u00fcgbar (Kodierung, Form, Branding)<\/p>\n<\/li>\n<\/ul>\n<p data-start=\"1208\" data-end=\"1307\"><strong data-start=\"1208\" data-end=\"1224\">Anwendungen<\/strong><br data-start=\"1224\" data-end=\"1227\" \/>W\u00e4schereien, W\u00e4schedienstleistungen, Konfektionsfabriken, Hotel- und Gastgewerbetextilien.<\/p>\n<p data-start=\"1309\" data-end=\"1652\"><strong data-start=\"1309\" data-end=\"1317\">H\u00e4ufig gestellte Fragen<\/strong><br data-start=\"1317\" data-end=\"1320\" \/><strong data-start=\"1320\" data-end=\"1326\">Q:<\/strong> Sind diese Etiketten f\u00fcr industrielle Wasch- und Trocknungsprozesse geeignet?<br data-start=\"1380\" data-end=\"1383\" \/><strong data-start=\"1383\" data-end=\"1389\">A:<\/strong> Ja \u2013 ausgelegt f\u00fcr mehr als 200 Zyklen, hohe Temperaturen und hohen Druck.<br data-start=\"1448\" data-end=\"1451\" \/><strong data-start=\"1451\" data-end=\"1457\">Q:<\/strong> Was ist die typische Lesereichweite?<br data-start=\"1488\" data-end=\"1491\" \/><strong data-start=\"1491\" data-end=\"1497\">A:<\/strong> Bis zu 1 m, abh\u00e4ngig vom Leseger\u00e4t und der Umgebung.<br data-start=\"1544\" data-end=\"1547\" \/><strong data-start=\"1547\" data-end=\"1553\">Q:<\/strong> Kann ich benutzerdefinierte Kodierungen oder Gr\u00f6\u00dfen erhalten?<br data-start=\"1589\" data-end=\"1592\" \/><strong data-start=\"1592\" data-end=\"1598\">A:<\/strong> Ja \u2013 individuelle Chips, Formen und Branding sind m\u00f6glich.<\/p>\n<h2 data-start=\"1654\" data-end=\"1679\">Tabelle (Spezifikationen)<\/h2>\n<div class=\"_tableContainer_1rjym_1\">\n<div class=\"group _tableWrapper_1rjym_13 flex w-fit flex-col-reverse\" tabindex=\"-1\">\n<table class=\"w-fit min-w-(--thread-content-width)\" data-start=\"1680\" data-end=\"2927\">\n<thead data-start=\"1680\" data-end=\"1769\">\n<tr data-start=\"1680\" data-end=\"1769\">\n<th data-start=\"1680\" data-end=\"1703\" data-col-size=\"sm\">Kategorie<\/th>\n<th data-start=\"1703\" data-end=\"1727\" data-col-size=\"sm\">Parameter<\/th>\n<th data-start=\"1727\" data-end=\"1769\" data-col-size=\"sm\">Wert<\/th>\n<\/tr>\n<\/thead>\n<tbody data-start=\"1859\" data-end=\"2927\">\n<tr data-start=\"1859\" data-end=\"1947\">\n<td data-start=\"1859\" data-end=\"1881\" data-col-size=\"sm\">Produkt<\/td>\n<td data-col-size=\"sm\" data-start=\"1881\" data-end=\"1905\">Artikelname<\/td>\n<td data-col-size=\"sm\" data-start=\"1905\" data-end=\"1947\">Wasserdichte RFID-Tags<\/td>\n<\/tr>\n<tr data-start=\"1948\" data-end=\"2036\">\n<td data-start=\"1948\" data-end=\"1970\" data-col-size=\"sm\">RF<\/td>\n<td data-col-size=\"sm\" data-start=\"1970\" data-end=\"1994\">Frequenz<\/td>\n<td data-col-size=\"sm\" data-start=\"1994\" data-end=\"2036\">13,56 MHz (NFC)<\/td>\n<\/tr>\n<tr data-start=\"2037\" data-end=\"2125\">\n<td data-start=\"2037\" data-end=\"2059\" data-col-size=\"sm\"><\/td>\n<td data-col-size=\"sm\" data-start=\"2059\" data-end=\"2083\">Protokoll<\/td>\n<td data-col-size=\"sm\" data-start=\"2083\" data-end=\"2125\">ISO 15693 \/ ISO 14443A<\/td>\n<\/tr>\n<tr data-start=\"2126\" data-end=\"2214\">\n<td data-start=\"2126\" data-end=\"2148\" data-col-size=\"sm\">Erinnerung<\/td>\n<td data-col-size=\"sm\" data-start=\"2148\" data-end=\"2172\">Kapazit\u00e4t<\/td>\n<td data-col-size=\"sm\" data-start=\"2172\" data-end=\"2214\">1024 Bit (Optionen verf\u00fcgbar)<\/td>\n<\/tr>\n<tr data-start=\"2215\" data-end=\"2303\">\n<td data-start=\"2215\" data-end=\"2237\" data-col-size=\"sm\">Materialien<\/td>\n<td data-col-size=\"sm\" data-start=\"2237\" data-end=\"2261\">Konstruktion<\/td>\n<td data-col-size=\"sm\" data-start=\"2261\" data-end=\"2303\">Harz + Epoxidkern, <strong data-start=\"2283\" data-end=\"2297\">PPS-Geh\u00e4use<\/strong><\/td>\n<\/tr>\n<tr data-start=\"2304\" data-end=\"2392\">\n<td data-start=\"2304\" data-end=\"2326\" data-col-size=\"sm\">Abmessungen<\/td>\n<td data-col-size=\"sm\" data-start=\"2326\" data-end=\"2350\">Gr\u00f6\u00dfe<\/td>\n<td data-col-size=\"sm\" data-start=\"2350\" data-end=\"2392\"><strong data-start=\"2352\" data-end=\"2366\">R21 \u00d7 2 mm<\/strong><\/td>\n<\/tr>\n<tr data-start=\"2393\" data-end=\"2482\">\n<td data-start=\"2393\" data-end=\"2415\" data-col-size=\"sm\">Leistung<\/td>\n<td data-col-size=\"sm\" data-start=\"2415\" data-end=\"2439\">Lesebereich<\/td>\n<td data-col-size=\"sm\" data-start=\"2439\" data-end=\"2482\"><strong data-start=\"2441\" data-end=\"2450\">0\u20131 m<\/strong> (abh\u00e4ngig vom Leser\/der Umgebung)<\/td>\n<\/tr>\n<tr data-start=\"2483\" data-end=\"2571\">\n<td data-start=\"2483\" data-end=\"2505\" data-col-size=\"sm\">Umfeld<\/td>\n<td data-col-size=\"sm\" data-start=\"2505\" data-end=\"2529\">Betriebstemperatur<\/td>\n<td data-col-size=\"sm\" data-start=\"2529\" data-end=\"2571\"><strong data-start=\"2531\" data-end=\"2550\">\u221225 \u2103 bis +120 \u2103<\/strong><\/td>\n<\/tr>\n<tr data-start=\"2572\" data-end=\"2660\">\n<td data-start=\"2572\" data-end=\"2594\" data-col-size=\"sm\">Haltbarkeit<\/td>\n<td data-col-size=\"sm\" data-start=\"2594\" data-end=\"2618\">Waschzyklen<\/td>\n<td data-col-size=\"sm\" data-start=\"2618\" data-end=\"2660\"><strong data-start=\"2620\" data-end=\"2628\">200+<\/strong> (industrielle Prozesse)<\/td>\n<\/tr>\n<tr data-start=\"2661\" data-end=\"2749\">\n<td data-start=\"2661\" data-end=\"2683\" data-col-size=\"sm\">Anwendungen<\/td>\n<td data-col-size=\"sm\" data-start=\"2683\" data-end=\"2707\">Gebiete<\/td>\n<td data-col-size=\"sm\" data-start=\"2707\" data-end=\"2749\">W\u00e4schereien, Leinen- und Bekleidungsfabriken<\/td>\n<\/tr>\n<tr data-start=\"2750\" data-end=\"2838\">\n<td data-start=\"2750\" data-end=\"2772\" data-col-size=\"sm\">Besondere Merkmale<\/td>\n<td data-col-size=\"sm\" data-start=\"2772\" data-end=\"2796\">Attribute<\/td>\n<td data-col-size=\"sm\" data-start=\"2796\" data-end=\"2838\">Wasserdicht \/ Wetterfest \/ Wiederverwendbar<\/td>\n<\/tr>\n<tr data-start=\"2839\" data-end=\"2927\">\n<td data-start=\"2839\" data-end=\"2861\" data-col-size=\"sm\">Herkunft<\/td>\n<td data-col-size=\"sm\" data-start=\"2861\" data-end=\"2885\">Herkunftsort<\/td>\n<td data-col-size=\"sm\" data-start=\"2885\" data-end=\"2927\">Shenzhen, China<\/td>\n<\/tr>\n<\/tbody>\n<\/table>\n<\/div>\n<\/div>","protected":false},"excerpt":{"rendered":"<p>Langlebige 13,56 MHz PPS RFID-W\u00e4scheetiketten \u2013 wasserdicht, wiederverwendbar und chemikalienbest\u00e4ndig mit einer Lesereichweite von 0\u20131 m und einer Haltbarkeit von \u00fcber 200 Waschzyklen f\u00fcr die industrielle Textilverfolgung.<\/p>","protected":false},"featured_media":737,"template":"","meta":{"_gspb_post_css":""},"product_brand":[],"product_cat":[17,19],"product_tag":[],"class_list":{"0":"post-736","1":"product","2":"type-product","3":"status-publish","4":"has-post-thumbnail","6":"product_cat-rfid-laundry-tags","7":"product_cat-pps-rfid-laundry-tags","9":"first","10":"instock","11":"shipping-taxable","12":"purchasable","13":"product-type-simple"},"_links":{"self":[{"href":"https:\/\/www.cxjsmartcard.com\/de\/wp-json\/wp\/v2\/product\/736","targetHints":{"allow":["GET"]}}],"collection":[{"href":"https:\/\/www.cxjsmartcard.com\/de\/wp-json\/wp\/v2\/product"}],"about":[{"href":"https:\/\/www.cxjsmartcard.com\/de\/wp-json\/wp\/v2\/types\/product"}],"wp:featuredmedia":[{"embeddable":true,"href":"https:\/\/www.cxjsmartcard.com\/de\/wp-json\/wp\/v2\/media\/737"}],"wp:attachment":[{"href":"https:\/\/www.cxjsmartcard.com\/de\/wp-json\/wp\/v2\/media?parent=736"}],"wp:term":[{"taxonomy":"product_brand","embeddable":true,"href":"https:\/\/www.cxjsmartcard.com\/de\/wp-json\/wp\/v2\/product_brand?post=736"},{"taxonomy":"product_cat","embeddable":true,"href":"https:\/\/www.cxjsmartcard.com\/de\/wp-json\/wp\/v2\/product_cat?post=736"},{"taxonomy":"product_tag","embeddable":true,"href":"https:\/\/www.cxjsmartcard.com\/de\/wp-json\/wp\/v2\/product_tag?post=736"}],"curies":[{"name":"wp","href":"https:\/\/api.w.org\/{rel}","templated":true}]}}