{"id":731,"date":"2025-11-03T06:59:28","date_gmt":"2025-11-03T06:59:28","guid":{"rendered":"https:\/\/www.cxjsmartcard.com\/?post_type=product&#038;p=731"},"modified":"2025-12-29T01:27:10","modified_gmt":"2025-12-29T01:27:10","slug":"125khz-heat-resistant-washable-pps-rfid-laundry-tag-button-token","status":"publish","type":"product","link":"https:\/\/www.cxjsmartcard.com\/de\/125khz-heat-resistant-washable-pps-rfid-laundry-tag-button-token\/","title":{"rendered":"125 kHz hitzebest\u00e4ndiger, waschbarer PPS-RFID-W\u00e4scheanh\u00e4nger (Knopf-Token)"},"content":{"rendered":"<p data-start=\"78\" data-end=\"810\">PPS RFID-W\u00e4scheetiketten eignen sich ideal zur Nachverfolgung von Bettw\u00e4sche, Uniformen und anderen Textilien. Wir erweitern und aktualisieren unser RFID-Produktangebot auf unserer Website laufend. Sollten Sie ein bestimmtes W\u00e4scheetikett suchen und nicht finden, kontaktieren Sie uns bitte. Wir k\u00f6nnen es Ihnen h\u00f6chstwahrscheinlich beschaffen.<br data-start=\"396\" data-end=\"399\" \/>Der PPS-RFID-Token-Tag besteht aus technischem Kunststoff und wird im Spritzgussverfahren hergestellt. Er enth\u00e4lt einen gekapselten RFID-Chip. Er findet breite Anwendung beim Bleichen und F\u00e4rben von Textilien und Pullovern, beim Waschen mit aggressiven Waschmitteln, in der chemischen Industrie sowie in speziellen medizinischen Bereichen. Er ist verschlei\u00dffest, hochtemperaturbest\u00e4ndig, s\u00e4ure- und laugenbest\u00e4ndig, umweltfreundlich und f\u00fcr die langfristige W\u00e4scheverfolgung konzipiert.<\/p>\n<p data-start=\"812\" data-end=\"826\"><strong data-start=\"812\" data-end=\"824\">Merkmale<\/strong><\/p>\n<ol data-start=\"827\" data-end=\"972\">\n<li data-start=\"827\" data-end=\"860\">\n<p data-start=\"830\" data-end=\"860\">Hohe Temperaturbest\u00e4ndigkeit.<\/p>\n<\/li>\n<li data-start=\"861\" data-end=\"886\">\n<p data-start=\"864\" data-end=\"886\">Druckbest\u00e4ndigkeit.<\/p>\n<\/li>\n<li data-start=\"887\" data-end=\"913\">\n<p data-start=\"890\" data-end=\"913\">Korrosionsbest\u00e4ndigkeit.<\/p>\n<\/li>\n<li data-start=\"914\" data-end=\"942\">\n<p data-start=\"917\" data-end=\"942\">Wasserdicht und langlebig.<\/p>\n<\/li>\n<li data-start=\"943\" data-end=\"972\">\n<p data-start=\"946\" data-end=\"972\">Individuelle Designoptionen.<\/p>\n<\/li>\n<\/ol>\n<p data-start=\"974\" data-end=\"992\"><strong data-start=\"974\" data-end=\"990\">Anwendungen<\/strong><\/p>\n<ul data-start=\"993\" data-end=\"1179\">\n<li data-start=\"993\" data-end=\"1051\">\n<p data-start=\"995\" data-end=\"1051\">Bestandsverfolgung f\u00fcr W\u00e4schereibedarf wie Bettw\u00e4sche, Uniformen und Kleidungsst\u00fccke.<\/p>\n<\/li>\n<li data-start=\"1052\" data-end=\"1116\">\n<p data-start=\"1054\" data-end=\"1116\">Industrielle Prozesse: Bleichen\/F\u00e4rben, chemische Produktion.<\/p>\n<\/li>\n<li data-start=\"1117\" data-end=\"1179\">\n<p data-start=\"1119\" data-end=\"1179\">Medizinische und andere anspruchsvolle Umgebungen, die langlebige Etiketten erfordern.<\/p>\n<\/li>\n<\/ul>\n<h2 data-start=\"1181\" data-end=\"1206\">Tabelle (Spezifikationen)<\/h2>\n<div class=\"_tableContainer_1rjym_1\">\n<div class=\"group _tableWrapper_1rjym_13 flex w-fit flex-col-reverse\" tabindex=\"-1\">\n<table class=\"w-fit min-w-(--thread-content-width)\" data-start=\"1207\" data-end=\"2835\">\n<thead data-start=\"1207\" data-end=\"1341\">\n<tr data-start=\"1207\" data-end=\"1341\">\n<th data-start=\"1207\" data-end=\"1225\" data-col-size=\"sm\">Kategorie<\/th>\n<th data-start=\"1225\" data-end=\"1248\" data-col-size=\"sm\">Parameter<\/th>\n<th data-start=\"1248\" data-end=\"1341\" data-col-size=\"md\">Wert<\/th>\n<\/tr>\n<\/thead>\n<tbody data-start=\"1477\" data-end=\"2835\">\n<tr data-start=\"1477\" data-end=\"1612\">\n<td data-start=\"1477\" data-end=\"1495\" data-col-size=\"sm\">Produkt<\/td>\n<td data-col-size=\"sm\" data-start=\"1495\" data-end=\"1519\">Typ<\/td>\n<td data-col-size=\"md\" data-start=\"1519\" data-end=\"1612\">PPS RFID-W\u00e4scheanh\u00e4nger \/ Knopftoken<\/td>\n<\/tr>\n<tr data-start=\"1613\" data-end=\"1748\">\n<td data-start=\"1613\" data-end=\"1631\" data-col-size=\"sm\">Materialien<\/td>\n<td data-col-size=\"sm\" data-start=\"1631\" data-end=\"1655\">K\u00f6rper<\/td>\n<td data-col-size=\"md\" data-start=\"1655\" data-end=\"1748\">PPS (Polyphenylensulfid) technischer Kunststoff<\/td>\n<\/tr>\n<tr data-start=\"1749\" data-end=\"1884\">\n<td data-start=\"1749\" data-end=\"1767\" data-col-size=\"sm\">RF<\/td>\n<td data-col-size=\"sm\" data-start=\"1767\" data-end=\"1791\">Frequenz<\/td>\n<td data-col-size=\"md\" data-start=\"1791\" data-end=\"1884\">LF: 125 kHz<\/td>\n<\/tr>\n<tr data-start=\"1885\" data-end=\"2020\">\n<td data-start=\"1885\" data-end=\"1903\" data-col-size=\"sm\"><\/td>\n<td data-col-size=\"sm\" data-start=\"1903\" data-end=\"1927\">Chipoptionen<\/td>\n<td data-col-size=\"md\" data-start=\"1927\" data-end=\"2020\">TK4100, EM4200, EM4305, T5577<\/td>\n<\/tr>\n<tr data-start=\"2021\" data-end=\"2155\">\n<td data-start=\"2021\" data-end=\"2039\" data-col-size=\"sm\">Haltbarkeit<\/td>\n<td data-col-size=\"sm\" data-start=\"2039\" data-end=\"2063\">Lebensdauer<\/td>\n<td data-col-size=\"md\" data-start=\"2063\" data-end=\"2155\">200 Waschzyklen <strong data-start=\"2081\" data-end=\"2087\">oder<\/strong> 2 Jahre ab Versanddatum (je nachdem, welches Datum zuerst eintritt)<\/td>\n<\/tr>\n<tr data-start=\"2156\" data-end=\"2291\">\n<td data-start=\"2156\" data-end=\"2174\" data-col-size=\"sm\">Umfeld<\/td>\n<td data-col-size=\"sm\" data-start=\"2174\" data-end=\"2198\">Vortrocknen (W\u00e4schetrockner)<\/td>\n<td data-col-size=\"md\" data-start=\"2198\" data-end=\"2291\">180 \u00b0C (320 \u00b0F), 30 Minuten<\/td>\n<\/tr>\n<tr data-start=\"2292\" data-end=\"2427\">\n<td data-start=\"2292\" data-end=\"2310\" data-col-size=\"sm\"><\/td>\n<td data-col-size=\"sm\" data-start=\"2310\" data-end=\"2334\">B\u00fcgeln<\/td>\n<td data-col-size=\"md\" data-start=\"2334\" data-end=\"2427\">180 \u00b0C (356 \u00b0F), 10 Sekunden, 200 Zyklen<\/td>\n<\/tr>\n<tr data-start=\"2428\" data-end=\"2563\">\n<td data-start=\"2428\" data-end=\"2446\" data-col-size=\"sm\"><\/td>\n<td data-start=\"2446\" data-end=\"2470\" data-col-size=\"sm\">Sterilisation<\/td>\n<td data-col-size=\"md\" data-start=\"2470\" data-end=\"2563\">135 \u00b0C (275 \u00b0F), 20 Minuten<\/td>\n<\/tr>\n<tr data-start=\"2564\" data-end=\"2699\">\n<td data-start=\"2564\" data-end=\"2582\" data-col-size=\"sm\">Leistung<\/td>\n<td data-col-size=\"sm\" data-start=\"2582\" data-end=\"2606\">Mechanisch<\/td>\n<td data-col-size=\"md\" data-start=\"2606\" data-end=\"2699\">Druckbest\u00e4ndig; korrosionsbest\u00e4ndig; wasserdicht; verschlei\u00dffest<\/td>\n<\/tr>\n<tr data-start=\"2700\" data-end=\"2835\">\n<td data-start=\"2700\" data-end=\"2718\" data-col-size=\"sm\">Anpassung<\/td>\n<td data-col-size=\"sm\" data-start=\"2718\" data-end=\"2742\">Optionen<\/td>\n<td data-col-size=\"md\" data-start=\"2742\" data-end=\"2835\">Individuelle Designs verf\u00fcgbar<\/td>\n<\/tr>\n<\/tbody>\n<\/table>\n<\/div>\n<\/div>","protected":false},"excerpt":{"rendered":"<p>Hitzebest\u00e4ndiger, waschbarer PPS-RFID-W\u00e4scheknopf f\u00fcr Bettw\u00e4sche und Uniformen \u2013 wasserdicht, druck- und korrosionsbest\u00e4ndig, 200-Zyklen-Haltbarkeit mit mehreren LF-Chip-Optionen.<\/p>","protected":false},"featured_media":734,"template":"","meta":{"_gspb_post_css":""},"product_brand":[],"product_cat":[17,19],"product_tag":[],"class_list":{"0":"post-731","1":"product","2":"type-product","3":"status-publish","4":"has-post-thumbnail","6":"product_cat-rfid-laundry-tags","7":"product_cat-pps-rfid-laundry-tags","9":"first","10":"instock","11":"shipping-taxable","12":"purchasable","13":"product-type-simple"},"_links":{"self":[{"href":"https:\/\/www.cxjsmartcard.com\/de\/wp-json\/wp\/v2\/product\/731","targetHints":{"allow":["GET"]}}],"collection":[{"href":"https:\/\/www.cxjsmartcard.com\/de\/wp-json\/wp\/v2\/product"}],"about":[{"href":"https:\/\/www.cxjsmartcard.com\/de\/wp-json\/wp\/v2\/types\/product"}],"wp:featuredmedia":[{"embeddable":true,"href":"https:\/\/www.cxjsmartcard.com\/de\/wp-json\/wp\/v2\/media\/734"}],"wp:attachment":[{"href":"https:\/\/www.cxjsmartcard.com\/de\/wp-json\/wp\/v2\/media?parent=731"}],"wp:term":[{"taxonomy":"product_brand","embeddable":true,"href":"https:\/\/www.cxjsmartcard.com\/de\/wp-json\/wp\/v2\/product_brand?post=731"},{"taxonomy":"product_cat","embeddable":true,"href":"https:\/\/www.cxjsmartcard.com\/de\/wp-json\/wp\/v2\/product_cat?post=731"},{"taxonomy":"product_tag","embeddable":true,"href":"https:\/\/www.cxjsmartcard.com\/de\/wp-json\/wp\/v2\/product_tag?post=731"}],"curies":[{"name":"wp","href":"https:\/\/api.w.org\/{rel}","templated":true}]}}