{"id":726,"date":"2025-11-03T06:55:07","date_gmt":"2025-11-03T06:55:07","guid":{"rendered":"https:\/\/www.cxjsmartcard.com\/?post_type=product&#038;p=726"},"modified":"2025-12-29T01:27:10","modified_gmt":"2025-12-29T01:27:10","slug":"13-56mhz-rewritable-washable-waterproof-coin-nfc-pps-laundry-tags","status":"publish","type":"product","link":"https:\/\/www.cxjsmartcard.com\/de\/13-56mhz-rewritable-washable-waterproof-coin-nfc-pps-laundry-tags\/","title":{"rendered":"Wiederbeschreibbare, waschbare, wasserdichte NFC-M\u00fcnz-PPS-W\u00e4scheetiketten (13,56 MHz)"},"content":{"rendered":"<p data-start=\"77\" data-end=\"334\">Der wiederbeschreibbare, waschbare und wasserdichte NFC-M\u00fcnzanh\u00e4nger aus PPS mit 13,56 MHz eignet sich ideal f\u00fcr W\u00e4schemanagement, W\u00e4scheverfolgung und Kleidungsst\u00fcckidentifizierung. Das robuste PPS-Geh\u00e4use ist best\u00e4ndig gegen hohe Temperaturen, Chemikalien und Wasser und \u00fcbersteht auch h\u00e4ufige Waschg\u00e4nge.<\/p>\n<p data-start=\"336\" data-end=\"644\"><strong data-start=\"336\" data-end=\"382\">Wiederbeschreibbare NFC-Funktion f\u00fcr intelligentes Tracking<\/strong><br data-start=\"382\" data-end=\"385\" \/>Angetrieben von NFC-Chips wie z.B. <strong data-start=\"414\" data-end=\"425\">NTAG213<\/strong>, <strong data-start=\"427\" data-end=\"438\">NTAG216<\/strong>, Und <strong data-start=\"444\" data-end=\"458\">ICODE SLIX<\/strong>, Das Etikett verf\u00fcgt \u00fcber einen wiederbeschreibbaren Speicher f\u00fcr Bestandsdaten, den Zustand des Kleidungsst\u00fccks und die Waschhistorie. Mitarbeiter k\u00f6nnen es mit handels\u00fcblichen RFID-Leseger\u00e4ten oder sogar Smartphones scannen, um eine pr\u00e4zise Echtzeit-Verfolgung zu gew\u00e4hrleisten.<\/p>\n<p data-start=\"646\" data-end=\"660\"><strong data-start=\"646\" data-end=\"658\">Merkmale<\/strong><\/p>\n<ul data-start=\"661\" data-end=\"962\">\n<li data-start=\"661\" data-end=\"710\">\n<p data-start=\"663\" data-end=\"710\">13,56-MHz-NFC-Betrieb mit wiederbeschreibbarem Speicher<\/p>\n<\/li>\n<li data-start=\"711\" data-end=\"771\">\n<p data-start=\"713\" data-end=\"771\">Robuste Konstruktion aus PPS \/ Silikon \/ ABS \/ Weichkunststoff<\/p>\n<\/li>\n<li data-start=\"772\" data-end=\"841\">\n<p data-start=\"774\" data-end=\"841\">Waschbar, wasserdicht, feuchtigkeitsbest\u00e4ndig, sto\u00dffest, hitzebest\u00e4ndig<\/p>\n<\/li>\n<li data-start=\"842\" data-end=\"909\">\n<p data-start=\"844\" data-end=\"909\">Kleine M\u00fcnzform zum einfachen N\u00e4hen, Einbetten oder Einstecken<\/p>\n<\/li>\n<li data-start=\"910\" data-end=\"962\">\n<p data-start=\"912\" data-end=\"962\">Smartphone-freundlich f\u00fcr die schnelle Identifizierung im Feld<\/p>\n<\/li>\n<\/ul>\n<p data-start=\"964\" data-end=\"1068\"><strong data-start=\"964\" data-end=\"980\">Anwendungen<\/strong><br data-start=\"980\" data-end=\"983\" \/>Bekleidung, Schuhe, Taschen, Hotelw\u00e4sche, medizinische Textilien und Uniformverleih.<\/p>\n<h2 data-start=\"1138\" data-end=\"1163\">Tabelle (Spezifikationen)<\/h2>\n<div class=\"_tableContainer_1rjym_1\">\n<div class=\"group _tableWrapper_1rjym_13 flex w-fit flex-col-reverse\" tabindex=\"-1\">\n<table class=\"w-fit min-w-(--thread-content-width)\" data-start=\"1164\" data-end=\"2558\">\n<thead data-start=\"1164\" data-end=\"1278\">\n<tr data-start=\"1164\" data-end=\"1278\">\n<th data-start=\"1164\" data-end=\"1186\" data-col-size=\"sm\">Kategorie<\/th>\n<th data-start=\"1186\" data-end=\"1205\" data-col-size=\"sm\">Parameter<\/th>\n<th data-start=\"1205\" data-end=\"1278\" data-col-size=\"md\">Wert<\/th>\n<\/tr>\n<\/thead>\n<tbody data-start=\"1394\" data-end=\"2558\">\n<tr data-start=\"1394\" data-end=\"1508\">\n<td data-start=\"1394\" data-end=\"1416\" data-col-size=\"sm\">RF<\/td>\n<td data-col-size=\"sm\" data-start=\"1416\" data-end=\"1435\">Frequenz<\/td>\n<td data-col-size=\"md\" data-start=\"1435\" data-end=\"1508\">13,56 MHz<\/td>\n<\/tr>\n<tr data-start=\"1509\" data-end=\"1623\">\n<td data-start=\"1509\" data-end=\"1531\" data-col-size=\"sm\"><\/td>\n<td data-col-size=\"sm\" data-start=\"1531\" data-end=\"1550\">Protokoll<\/td>\n<td data-col-size=\"md\" data-start=\"1550\" data-end=\"1623\">ISO14443A \/ ISO15693 \/ ISO18000-6C<\/td>\n<\/tr>\n<tr data-start=\"1624\" data-end=\"1738\">\n<td data-start=\"1624\" data-end=\"1646\" data-col-size=\"sm\">IC \/ Speicher<\/td>\n<td data-col-size=\"sm\" data-start=\"1646\" data-end=\"1665\">Chipoptionen<\/td>\n<td data-col-size=\"md\" data-start=\"1665\" data-end=\"1738\">NTAG213 \/ NTAG216 \/ ICODE SLIX<\/td>\n<\/tr>\n<tr data-start=\"1739\" data-end=\"1853\">\n<td data-start=\"1739\" data-end=\"1761\" data-col-size=\"sm\"><\/td>\n<td data-col-size=\"sm\" data-start=\"1761\" data-end=\"1780\">Erinnerung<\/td>\n<td data-col-size=\"md\" data-start=\"1780\" data-end=\"1853\">1K, 144 Bytes usw. (variiert je nach Chip)<\/td>\n<\/tr>\n<tr data-start=\"1854\" data-end=\"1968\">\n<td data-start=\"1854\" data-end=\"1876\" data-col-size=\"sm\">Physisch<\/td>\n<td data-col-size=\"sm\" data-start=\"1876\" data-end=\"1895\">Materialien<\/td>\n<td data-col-size=\"md\" data-start=\"1895\" data-end=\"1968\">PPS \/ Silikon \/ ABS \/ Weichkunststoff<\/td>\n<\/tr>\n<tr data-start=\"1969\" data-end=\"2083\">\n<td data-start=\"1969\" data-end=\"1991\" data-col-size=\"sm\"><\/td>\n<td data-col-size=\"sm\" data-start=\"1991\" data-end=\"2010\">Gr\u00f6\u00dfenoptionen<\/td>\n<td data-col-size=\"md\" data-start=\"2010\" data-end=\"2083\">\u00d818 mm \/ \u00d820 mm \/ \u00d825 mm \/ \u00d830 mm oder kundenspezifisch<\/td>\n<\/tr>\n<tr data-start=\"2084\" data-end=\"2198\">\n<td data-start=\"2084\" data-end=\"2106\" data-col-size=\"sm\">Leistung<\/td>\n<td data-col-size=\"sm\" data-start=\"2106\" data-end=\"2125\">Lesebereich<\/td>\n<td data-col-size=\"md\" data-start=\"2125\" data-end=\"2198\">2\u201310 cm (abh\u00e4ngig von Chip und Leseger\u00e4t)<\/td>\n<\/tr>\n<tr data-start=\"2199\" data-end=\"2314\">\n<td data-start=\"2199\" data-end=\"2221\" data-col-size=\"sm\">Umfeld<\/td>\n<td data-col-size=\"sm\" data-start=\"2221\" data-end=\"2240\">Temperatur<\/td>\n<td data-col-size=\"md\" data-start=\"2240\" data-end=\"2314\">\u221225 \u2103 bis +120 \u2103<\/td>\n<\/tr>\n<tr data-start=\"2315\" data-end=\"2429\">\n<td data-start=\"2315\" data-end=\"2337\" data-col-size=\"sm\">Anwendungsf\u00e4lle<\/td>\n<td data-col-size=\"sm\" data-start=\"2337\" data-end=\"2356\">Anwendungen<\/td>\n<td data-col-size=\"md\" data-start=\"2356\" data-end=\"2429\">Bekleidungs-, Schuh-, Taschen-, Hotelw\u00e4sche-, Medizin- und Uniformverleihindustrie<\/td>\n<\/tr>\n<tr data-start=\"2430\" data-end=\"2558\">\n<td data-start=\"2430\" data-end=\"2452\" data-col-size=\"sm\">Produktmerkmale<\/td>\n<td data-col-size=\"sm\" data-start=\"2452\" data-end=\"2471\">Attribute<\/td>\n<td data-col-size=\"md\" data-start=\"2471\" data-end=\"2558\">Flexibel, einfach zu tragen\/benutzen; wasserdicht, feuchtigkeitsbest\u00e4ndig, sto\u00dffest, hitzebest\u00e4ndig<\/td>\n<\/tr>\n<\/tbody>\n<\/table>\n<\/div>\n<\/div>","protected":false},"excerpt":{"rendered":"<p>Wiederbeschreibbarer 13,56-MHz-NFC-PPS-W\u00e4scheanh\u00e4nger im M\u00fcnzformat \u2013 waschbar, wasserdicht und langlebig f\u00fcr industrielle Waschzyklen; per Smartphone scannbar f\u00fcr schnelle Textilverfolgung.<\/p>","protected":false},"featured_media":728,"template":"","meta":{"_gspb_post_css":""},"product_brand":[],"product_cat":[17,19],"product_tag":[],"class_list":{"0":"post-726","1":"product","2":"type-product","3":"status-publish","4":"has-post-thumbnail","6":"product_cat-rfid-laundry-tags","7":"product_cat-pps-rfid-laundry-tags","9":"first","10":"instock","11":"shipping-taxable","12":"purchasable","13":"product-type-simple"},"_links":{"self":[{"href":"https:\/\/www.cxjsmartcard.com\/de\/wp-json\/wp\/v2\/product\/726","targetHints":{"allow":["GET"]}}],"collection":[{"href":"https:\/\/www.cxjsmartcard.com\/de\/wp-json\/wp\/v2\/product"}],"about":[{"href":"https:\/\/www.cxjsmartcard.com\/de\/wp-json\/wp\/v2\/types\/product"}],"wp:featuredmedia":[{"embeddable":true,"href":"https:\/\/www.cxjsmartcard.com\/de\/wp-json\/wp\/v2\/media\/728"}],"wp:attachment":[{"href":"https:\/\/www.cxjsmartcard.com\/de\/wp-json\/wp\/v2\/media?parent=726"}],"wp:term":[{"taxonomy":"product_brand","embeddable":true,"href":"https:\/\/www.cxjsmartcard.com\/de\/wp-json\/wp\/v2\/product_brand?post=726"},{"taxonomy":"product_cat","embeddable":true,"href":"https:\/\/www.cxjsmartcard.com\/de\/wp-json\/wp\/v2\/product_cat?post=726"},{"taxonomy":"product_tag","embeddable":true,"href":"https:\/\/www.cxjsmartcard.com\/de\/wp-json\/wp\/v2\/product_tag?post=726"}],"curies":[{"name":"wp","href":"https:\/\/api.w.org\/{rel}","templated":true}]}}