{"id":711,"date":"2025-11-03T06:48:32","date_gmt":"2025-11-03T06:48:32","guid":{"rendered":"https:\/\/www.cxjsmartcard.com\/?post_type=product&#038;p=711"},"modified":"2025-12-29T01:27:11","modified_gmt":"2025-12-29T01:27:11","slug":"washable-uhf-laundry-label-for-fabric-tracking","status":"publish","type":"product","link":"https:\/\/www.cxjsmartcard.com\/de\/washable-uhf-laundry-label-for-fabric-tracking\/","title":{"rendered":"Waschbares UHF-W\u00e4scheetikett zur Stoffverfolgung"},"content":{"rendered":"<p data-start=\"58\" data-end=\"322\">Das RFID-UHF-W\u00e4scheetikett ist speziell f\u00fcr die Anforderungen der W\u00e4schereiprozesse in Hotels und Institutionen entwickelt und eignet sich hervorragend f\u00fcr Waschen, Trocknen, chemische Reinigung und B\u00fcgeln. Es ist ideal f\u00fcr die Verwaltung von Berufsbekleidung, Kost\u00fcmen und Mietartikeln wie Matten und Handt\u00fcchern.<\/p>\n<p data-start=\"324\" data-end=\"338\"><strong data-start=\"324\" data-end=\"336\">Merkmale<\/strong><\/p>\n<ol data-start=\"339\" data-end=\"666\">\n<li data-start=\"339\" data-end=\"400\">\n<p data-start=\"342\" data-end=\"400\">Ultrad\u00fcnn, flexibel, weich \u2013 komplett aus Stoff gefertigt.<\/p>\n<\/li>\n<li data-start=\"401\" data-end=\"465\">\n<p data-start=\"404\" data-end=\"465\">Bis zu 10 m Lesereichweite (au\u00dferhalb von Metalloberfl\u00e4chen) mit linearer Polarisation.<\/p>\n<\/li>\n<li data-start=\"466\" data-end=\"521\">\n<p data-start=\"469\" data-end=\"521\">Impinj R6-P IC, EPC Gen2 \/ ISO 18000-6C-konform.<\/p>\n<\/li>\n<li data-start=\"522\" data-end=\"568\">\n<p data-start=\"525\" data-end=\"568\">Optimiert f\u00fcr die Luft; 50 Jahre Datenspeicherung.<\/p>\n<\/li>\n<li data-start=\"569\" data-end=\"623\">\n<p data-start=\"572\" data-end=\"623\">Schutzart IP68; h\u00e4lt einer mechanischen Belastung von 60 bar stand.<\/p>\n<\/li>\n<li data-start=\"624\" data-end=\"666\">\n<p data-start=\"627\" data-end=\"666\">Befestigungsm\u00f6glichkeiten: Hei\u00dfsiegeln oder Einn\u00e4hen.<\/p>\n<\/li>\n<\/ol>\n<p data-start=\"668\" data-end=\"686\"><strong data-start=\"668\" data-end=\"684\">Anwendungen<\/strong><\/p>\n<ol data-start=\"687\" data-end=\"808\">\n<li data-start=\"687\" data-end=\"740\">\n<p data-start=\"690\" data-end=\"740\">Geeignet zum Waschen, zur chemischen Reinigung und zum B\u00fcgeln.<\/p>\n<\/li>\n<li data-start=\"741\" data-end=\"808\">\n<p data-start=\"744\" data-end=\"808\">Nachverfolgung und Verwaltung von Hotelbettw\u00e4sche, Uniformen, OP-Kleidung usw.<\/p>\n<\/li>\n<\/ol>\n<p data-start=\"810\" data-end=\"966\"><strong data-start=\"810\" data-end=\"842\">H\u00e4ufig gestellte Fragen zu RFID-W\u00e4scheetiketten<\/strong><br data-start=\"842\" data-end=\"845\" \/><strong data-start=\"845\" data-end=\"851\">Q:<\/strong> Sind diese Tags mit allen RFID-Leseger\u00e4ten kompatibel?<br data-start=\"900\" data-end=\"903\" \/><strong data-start=\"903\" data-end=\"909\">A:<\/strong> Ja \u2013 jeder Leser, der ISO\/IEC 18000-6C (EPC Gen2) unterst\u00fctzt.<\/p>\n<p data-start=\"968\" data-end=\"1096\"><strong data-start=\"968\" data-end=\"974\">Q:<\/strong> K\u00f6nnen die Etiketten in jeden beliebigen Stoff eingen\u00e4ht werden?<br data-start=\"1012\" data-end=\"1015\" \/><strong data-start=\"1015\" data-end=\"1021\">A:<\/strong> Absolut. Konzipiert f\u00fcr Bekleidung und Textilien \u2013 Uniformen, Bettw\u00e4sche, OP-Kleidung.<\/p>\n<p data-start=\"1098\" data-end=\"1202\"><strong data-start=\"1098\" data-end=\"1104\">Q:<\/strong> Stellen Sie Muster zur Verf\u00fcgung?<br data-start=\"1128\" data-end=\"1131\" \/><strong data-start=\"1131\" data-end=\"1137\">A:<\/strong> Ja. Teilen Sie uns Ihre Anforderungen an eine RFID-L\u00f6sung mit, und wir senden Ihnen Muster zu.<\/p>\n<h2 data-start=\"1278\" data-end=\"1303\">Tabelle (Spezifikationen)<\/h2>\n<div class=\"_tableContainer_1rjym_1\">\n<div class=\"group _tableWrapper_1rjym_13 flex w-fit flex-col-reverse\" tabindex=\"-1\">\n<table class=\"w-fit min-w-(--thread-content-width)\" data-start=\"1305\" data-end=\"5015\">\n<thead data-start=\"1305\" data-end=\"1452\">\n<tr data-start=\"1305\" data-end=\"1452\">\n<th data-start=\"1305\" data-end=\"1333\" data-col-size=\"sm\">Kategorie<\/th>\n<th data-start=\"1333\" data-end=\"1361\" data-col-size=\"sm\">Parameter<\/th>\n<th data-start=\"1361\" data-end=\"1452\" data-col-size=\"lg\">Wert<\/th>\n<\/tr>\n<\/thead>\n<tbody data-start=\"1600\" data-end=\"5015\">\n<tr data-start=\"1600\" data-end=\"1745\">\n<td data-start=\"1600\" data-end=\"1627\" data-col-size=\"sm\">HF-Spezifikationen<\/td>\n<td data-col-size=\"sm\" data-start=\"1627\" data-end=\"1655\">RF-Luftprotokoll<\/td>\n<td data-col-size=\"lg\" data-start=\"1655\" data-end=\"1745\">EPC Global Klasse 1 Gen2 \/ ISO 18000-6C<\/td>\n<\/tr>\n<tr data-start=\"1746\" data-end=\"1891\">\n<td data-start=\"1746\" data-end=\"1773\" data-col-size=\"sm\"><\/td>\n<td data-start=\"1773\" data-end=\"1801\" data-col-size=\"sm\">Betriebsfrequenz<\/td>\n<td data-col-size=\"lg\" data-start=\"1801\" data-end=\"1891\">UHF 866\u2013868 MHz (ETSI) \/ 902\u2013928 MHz (FCC)<\/td>\n<\/tr>\n<tr data-start=\"1892\" data-end=\"2038\">\n<td data-start=\"1892\" data-end=\"1919\" data-col-size=\"sm\"><\/td>\n<td data-start=\"1919\" data-end=\"1947\" data-col-size=\"sm\">Umweltvertr\u00e4glichkeit<\/td>\n<td data-start=\"1947\" data-end=\"2038\" data-col-size=\"lg\">Optimiert in der Luft<\/td>\n<\/tr>\n<tr data-start=\"2039\" data-end=\"2185\">\n<td data-start=\"2039\" data-end=\"2066\" data-col-size=\"sm\"><\/td>\n<td data-start=\"2066\" data-end=\"2094\" data-col-size=\"sm\">Datenaufbewahrung<\/td>\n<td data-col-size=\"lg\" data-start=\"2094\" data-end=\"2185\">50 Jahre<\/td>\n<\/tr>\n<tr data-start=\"2186\" data-end=\"2332\">\n<td data-start=\"2186\" data-end=\"2213\" data-col-size=\"sm\"><\/td>\n<td data-start=\"2213\" data-end=\"2241\" data-col-size=\"sm\">Lesebereich<\/td>\n<td data-start=\"2241\" data-end=\"2332\" data-col-size=\"lg\">Bis zu 10 m (auf Metall)<\/td>\n<\/tr>\n<tr data-start=\"2333\" data-end=\"2479\">\n<td data-start=\"2333\" data-end=\"2360\" data-col-size=\"sm\"><\/td>\n<td data-start=\"2360\" data-end=\"2388\" data-col-size=\"sm\">Polarisation<\/td>\n<td data-col-size=\"lg\" data-start=\"2388\" data-end=\"2479\">Linear<\/td>\n<\/tr>\n<tr data-start=\"2480\" data-end=\"2626\">\n<td data-start=\"2480\" data-end=\"2507\" data-col-size=\"sm\"><\/td>\n<td data-start=\"2507\" data-end=\"2535\" data-col-size=\"sm\">IC-Typ<\/td>\n<td data-start=\"2535\" data-end=\"2626\" data-col-size=\"lg\">Impinj R6-P<\/td>\n<\/tr>\n<tr data-start=\"2627\" data-end=\"2773\">\n<td data-start=\"2627\" data-end=\"2654\" data-col-size=\"sm\"><\/td>\n<td data-start=\"2654\" data-end=\"2682\" data-col-size=\"sm\">Speicherkonfiguration<\/td>\n<td data-col-size=\"lg\" data-start=\"2682\" data-end=\"2773\">EPC 128 Bit; TID 96 Bit; Benutzer 32 Bit<\/td>\n<\/tr>\n<tr data-start=\"2774\" data-end=\"2920\">\n<td data-start=\"2774\" data-end=\"2801\" data-col-size=\"sm\">Mechanisch<\/td>\n<td data-col-size=\"sm\" data-start=\"2801\" data-end=\"2829\">Etikettenmaterialien<\/td>\n<td data-col-size=\"lg\" data-start=\"2829\" data-end=\"2920\">Metalldraht<\/td>\n<\/tr>\n<tr data-start=\"2921\" data-end=\"3067\">\n<td data-start=\"2921\" data-end=\"2948\" data-col-size=\"sm\"><\/td>\n<td data-col-size=\"sm\" data-start=\"2948\" data-end=\"2976\">Oberfl\u00e4chenmaterialien<\/td>\n<td data-col-size=\"lg\" data-start=\"2976\" data-end=\"3067\">Textil<\/td>\n<\/tr>\n<tr data-start=\"3068\" data-end=\"3214\">\n<td data-start=\"3068\" data-end=\"3095\" data-col-size=\"sm\"><\/td>\n<td data-col-size=\"sm\" data-start=\"3095\" data-end=\"3123\">Abmessungen<\/td>\n<td data-col-size=\"lg\" data-start=\"3123\" data-end=\"3214\">15 \u00d7 75 \u00d7 1,5 mm<\/td>\n<\/tr>\n<tr data-start=\"3215\" data-end=\"3361\">\n<td data-start=\"3215\" data-end=\"3242\" data-col-size=\"sm\"><\/td>\n<td data-col-size=\"sm\" data-start=\"3242\" data-end=\"3270\">Gewicht<\/td>\n<td data-col-size=\"lg\" data-start=\"3270\" data-end=\"3361\">0,5 g<\/td>\n<\/tr>\n<tr data-start=\"3362\" data-end=\"3508\">\n<td data-start=\"3362\" data-end=\"3389\" data-col-size=\"sm\"><\/td>\n<td data-col-size=\"sm\" data-start=\"3389\" data-end=\"3417\">Anhang<\/td>\n<td data-col-size=\"lg\" data-start=\"3417\" data-end=\"3508\">L-T7515S: Saum oder gewebtes Etikett einn\u00e4hen; L-T7515P: Hei\u00dfsiegeln bei 215 \u00b0C \u00d7 15 s bei 4 bar<\/td>\n<\/tr>\n<tr data-start=\"3509\" data-end=\"3655\">\n<td data-start=\"3509\" data-end=\"3536\" data-col-size=\"sm\">Aussehen<\/td>\n<td data-col-size=\"sm\" data-start=\"3536\" data-end=\"3564\">Farbe<\/td>\n<td data-col-size=\"lg\" data-start=\"3564\" data-end=\"3655\">Wei\u00df<\/td>\n<\/tr>\n<tr data-start=\"3656\" data-end=\"3802\">\n<td data-start=\"3656\" data-end=\"3683\" data-col-size=\"sm\">Umwelt<\/td>\n<td data-start=\"3683\" data-end=\"3711\" data-col-size=\"sm\">Betriebstemperatur<\/td>\n<td data-col-size=\"lg\" data-start=\"3711\" data-end=\"3802\">-30 \u00b0C bis +85 \u00b0C<\/td>\n<\/tr>\n<tr data-start=\"3803\" data-end=\"3949\">\n<td data-start=\"3803\" data-end=\"3830\" data-col-size=\"sm\"><\/td>\n<td data-col-size=\"sm\" data-start=\"3830\" data-end=\"3858\">Umgebungstemperatur<\/td>\n<td data-col-size=\"lg\" data-start=\"3858\" data-end=\"3949\">\u221230 \u2103 bis +110 \u2103<\/td>\n<\/tr>\n<tr data-start=\"3950\" data-end=\"4096\">\n<td data-start=\"3950\" data-end=\"3977\" data-col-size=\"sm\"><\/td>\n<td data-col-size=\"sm\" data-start=\"3977\" data-end=\"4005\">Mechanischer Widerstand<\/td>\n<td data-col-size=\"lg\" data-start=\"4005\" data-end=\"4096\">60 bar<\/td>\n<\/tr>\n<tr data-start=\"4097\" data-end=\"4243\">\n<td data-start=\"4097\" data-end=\"4124\" data-col-size=\"sm\"><\/td>\n<td data-col-size=\"sm\" data-start=\"4124\" data-end=\"4152\">Chemische Best\u00e4ndigkeit<\/td>\n<td data-col-size=\"lg\" data-start=\"4152\" data-end=\"4243\">\u00dcbliche Chemikalien in Waschprozessen<\/td>\n<\/tr>\n<tr data-start=\"4244\" data-end=\"4427\">\n<td data-start=\"4244\" data-end=\"4271\" data-col-size=\"sm\"><\/td>\n<td data-col-size=\"sm\" data-start=\"4271\" data-end=\"4299\">Hitzebest\u00e4ndigkeit<\/td>\n<td data-col-size=\"lg\" data-start=\"4299\" data-end=\"4427\">Waschen: 90 \u00b0C, 15 Min., 200 Zyklen; Vortrocknen: 180 \u00b0C, 30 Min.; B\u00fcgeln: 180 \u00b0C, 10 Sek., 200 Zyklen; Sterilisieren: 135 \u00b0C, 20 Min.<\/td>\n<\/tr>\n<tr data-start=\"4428\" data-end=\"4574\">\n<td data-start=\"4428\" data-end=\"4455\" data-col-size=\"sm\">Ratings &amp; Compliance<\/td>\n<td data-start=\"4455\" data-end=\"4483\" data-col-size=\"sm\">Schutzart<\/td>\n<td data-col-size=\"lg\" data-start=\"4483\" data-end=\"4574\">IP68<\/td>\n<\/tr>\n<tr data-start=\"4575\" data-end=\"4721\">\n<td data-start=\"4575\" data-end=\"4602\" data-col-size=\"sm\"><\/td>\n<td data-col-size=\"sm\" data-start=\"4602\" data-end=\"4630\">Sto\u00df und Vibration<\/td>\n<td data-col-size=\"lg\" data-start=\"4630\" data-end=\"4721\">MIL-STD-810F<\/td>\n<\/tr>\n<tr data-start=\"4722\" data-end=\"4868\">\n<td data-start=\"4722\" data-end=\"4749\" data-col-size=\"sm\"><\/td>\n<td data-col-size=\"sm\" data-start=\"4749\" data-end=\"4777\">Zertifizierungen<\/td>\n<td data-col-size=\"lg\" data-start=\"4777\" data-end=\"4868\">CE, RoHS, ATEX\/IECEx<\/td>\n<\/tr>\n<tr data-start=\"4869\" data-end=\"5015\">\n<td data-start=\"4869\" data-end=\"4896\" data-col-size=\"sm\">Lebenszyklus &amp; Garantie<\/td>\n<td data-col-size=\"sm\" data-start=\"4896\" data-end=\"4924\">Garantie<\/td>\n<td data-col-size=\"lg\" data-start=\"4924\" data-end=\"5015\">2 Jahre oder 200 Waschg\u00e4nge<\/td>\n<\/tr>\n<\/tbody>\n<\/table>\n<\/div>\n<\/div>","protected":false},"excerpt":{"rendered":"<p>Waschbares UHF-Gewebeetikett mit Impinj R6-P, Lesereichweite bis zu 10 m, Schutzart IP68 und 200-Zyklen-Hitze-\/Druckbest\u00e4ndigkeit \u2013 zum Einn\u00e4hen oder Hei\u00dfsiegeln f\u00fcr Hotel- und Krankenhausw\u00e4sche.<\/p>","protected":false},"featured_media":715,"template":"","meta":{"_gspb_post_css":""},"product_brand":[],"product_cat":[17,18],"product_tag":[],"class_list":{"0":"post-711","1":"product","2":"type-product","3":"status-publish","4":"has-post-thumbnail","6":"product_cat-rfid-laundry-tags","7":"product_cat-textile-rfid-laundry-tags","9":"first","10":"instock","11":"shipping-taxable","12":"purchasable","13":"product-type-simple"},"_links":{"self":[{"href":"https:\/\/www.cxjsmartcard.com\/de\/wp-json\/wp\/v2\/product\/711","targetHints":{"allow":["GET"]}}],"collection":[{"href":"https:\/\/www.cxjsmartcard.com\/de\/wp-json\/wp\/v2\/product"}],"about":[{"href":"https:\/\/www.cxjsmartcard.com\/de\/wp-json\/wp\/v2\/types\/product"}],"wp:featuredmedia":[{"embeddable":true,"href":"https:\/\/www.cxjsmartcard.com\/de\/wp-json\/wp\/v2\/media\/715"}],"wp:attachment":[{"href":"https:\/\/www.cxjsmartcard.com\/de\/wp-json\/wp\/v2\/media?parent=711"}],"wp:term":[{"taxonomy":"product_brand","embeddable":true,"href":"https:\/\/www.cxjsmartcard.com\/de\/wp-json\/wp\/v2\/product_brand?post=711"},{"taxonomy":"product_cat","embeddable":true,"href":"https:\/\/www.cxjsmartcard.com\/de\/wp-json\/wp\/v2\/product_cat?post=711"},{"taxonomy":"product_tag","embeddable":true,"href":"https:\/\/www.cxjsmartcard.com\/de\/wp-json\/wp\/v2\/product_tag?post=711"}],"curies":[{"name":"wp","href":"https:\/\/api.w.org\/{rel}","templated":true}]}}