{"id":706,"date":"2025-11-03T06:46:07","date_gmt":"2025-11-03T06:46:07","guid":{"rendered":"https:\/\/www.cxjsmartcard.com\/?post_type=product&#038;p=706"},"modified":"2025-12-29T01:27:11","modified_gmt":"2025-12-29T01:27:11","slug":"sewing-washable-uhf-textile-rfid-laundry-tags","status":"publish","type":"product","link":"https:\/\/www.cxjsmartcard.com\/de\/sewing-washable-uhf-textile-rfid-laundry-tags\/","title":{"rendered":"N\u00e4hbare, waschbare UHF-Textil-RFID-W\u00e4scheetiketten"},"content":{"rendered":"<p data-start=\"95\" data-end=\"390\">Der RFID-UHF-W\u00e4scheanh\u00e4nger ist speziell f\u00fcr die Anforderungen der Hotel- und institutionellen W\u00e4schereiprozesse entwickelt und bietet Langlebigkeit sowie Eignung f\u00fcr Waschen, Trocknen, chemische Reinigung und B\u00fcgeln. Er kann auch zur Verwaltung anderer Berufsbekleidung, Kost\u00fcme oder Mietartikel wie Matten und Handt\u00fccher verwendet werden.<\/p>\n<p data-start=\"392\" data-end=\"410\"><strong data-start=\"392\" data-end=\"408\">Hauptmerkmale<\/strong><\/p>\n<ol data-start=\"411\" data-end=\"692\">\n<li data-start=\"411\" data-end=\"507\">\n<p data-start=\"414\" data-end=\"507\">Hervorragende Leistung und eine kosteng\u00fcnstige L\u00f6sung f\u00fcr industrielle W\u00e4scheanwendungen.<\/p>\n<\/li>\n<li data-start=\"508\" data-end=\"595\">\n<p data-start=\"511\" data-end=\"595\">Das ultrad\u00fcnne und weiche Etikett l\u00e4sst sich problemlos mit oder ohne Beutel auf Leinen n\u00e4hen.<\/p>\n<\/li>\n<li data-start=\"596\" data-end=\"654\">\n<p data-start=\"599\" data-end=\"654\">Kollisionsbest\u00e4ndig, hochtemperaturbest\u00e4ndig, druckfest.<\/p>\n<\/li>\n<li data-start=\"655\" data-end=\"692\">\n<p data-start=\"658\" data-end=\"692\">Mehr als 200 Waschg\u00e4nge.<\/p>\n<\/li>\n<\/ol>\n<p data-start=\"694\" data-end=\"916\">Diese RFID-W\u00e4scheetiketten sind wasserdicht, aus Nylon und Polyester gefertigt und f\u00fcr die RFID-gest\u00fctzte W\u00e4sche- und Textilverwaltung konzipiert. Sie sind f\u00fcr unterschiedliche Betriebstemperaturbereiche geeignet und in verschiedenen Durchmessern\/Gr\u00f6\u00dfen erh\u00e4ltlich.<\/p>\n<p data-start=\"918\" data-end=\"936\"><strong data-start=\"918\" data-end=\"934\">Anwendungen<\/strong><\/p>\n<ol data-start=\"937\" data-end=\"1047\">\n<li data-start=\"937\" data-end=\"989\">\n<p data-start=\"940\" data-end=\"989\">Geeignet zum Waschen, zur chemischen Reinigung und zum B\u00fcgeln.<\/p>\n<\/li>\n<li data-start=\"990\" data-end=\"1047\">\n<p data-start=\"993\" data-end=\"1047\">Tracking-Management f\u00fcr Hotelbettw\u00e4sche, Uniformen usw.<\/p>\n<\/li>\n<\/ol>\n<p data-start=\"1049\" data-end=\"1254\"><strong data-start=\"1049\" data-end=\"1089\">H\u00e4ufig gestellte Fragen zu RFID-W\u00e4scheetiketten f\u00fcr Textilien<\/strong><br data-start=\"1089\" data-end=\"1092\" \/><strong data-start=\"1092\" data-end=\"1098\">Q:<\/strong> K\u00f6nnen die Etiketten die Pressmaschinen \u00fcberstehen?<br data-start=\"1138\" data-end=\"1141\" \/><strong data-start=\"1141\" data-end=\"1147\">A:<\/strong> Ja. Diese RFID-Tags sind so konstruiert, dass sie hohen Temperaturen und Dr\u00fccken standhalten \u2013 ideal f\u00fcr industrielle Trockner und Pressen.<\/p>\n<p data-start=\"1256\" data-end=\"1370\"><strong data-start=\"1256\" data-end=\"1262\">Q:<\/strong> Welche Lebensdauer ist von diesen Tags zu erwarten?<br data-start=\"1306\" data-end=\"1309\" \/><strong data-start=\"1309\" data-end=\"1315\">A:<\/strong> Im Durchschnitt 200 Waschg\u00e4nge oder bis zu 3 Jahre Nutzungsdauer.<\/p>\n<p data-start=\"1372\" data-end=\"1534\"><strong data-start=\"1372\" data-end=\"1378\">Q:<\/strong> Wie w\u00e4hle ich die richtige Etikettengr\u00f6\u00dfe?<br data-start=\"1414\" data-end=\"1417\" \/><strong data-start=\"1417\" data-end=\"1423\">A:<\/strong> Wir bieten verschiedene Gr\u00f6\u00dfen an. Bitte f\u00fcllen Sie das Formular aus und teilen Sie uns die Spezifikationen Ihres Kleidungsst\u00fccks oder Ihrer W\u00e4sche mit.<\/p>\n<h2 data-start=\"1536\" data-end=\"1561\">Tabelle (Spezifikationen)<\/h2>\n<div class=\"_tableContainer_1rjym_1\">\n<div class=\"group _tableWrapper_1rjym_13 flex w-fit flex-col-reverse\" tabindex=\"-1\">\n<table class=\"w-fit min-w-(--thread-content-width)\" data-start=\"1563\" data-end=\"3688\">\n<thead data-start=\"1563\" data-end=\"1713\">\n<tr data-start=\"1563\" data-end=\"1713\">\n<th data-start=\"1563\" data-end=\"1585\" data-col-size=\"sm\">Kategorie<\/th>\n<th data-start=\"1585\" data-end=\"1607\" data-col-size=\"sm\">Parameter<\/th>\n<th data-start=\"1607\" data-end=\"1713\" data-col-size=\"lg\">Wert<\/th>\n<\/tr>\n<\/thead>\n<tbody data-start=\"1865\" data-end=\"3688\">\n<tr data-start=\"1865\" data-end=\"2015\">\n<td data-start=\"1865\" data-end=\"1887\" data-col-size=\"sm\">Produkt<\/td>\n<td data-col-size=\"sm\" data-start=\"1887\" data-end=\"1909\">Produktname<\/td>\n<td data-col-size=\"lg\" data-start=\"1909\" data-end=\"2015\">N\u00e4hbare, waschbare UHF-Textil-RFID-W\u00e4scheetiketten<\/td>\n<\/tr>\n<tr data-start=\"2016\" data-end=\"2165\">\n<td data-start=\"2016\" data-end=\"2038\" data-col-size=\"sm\">Materialien<\/td>\n<td data-col-size=\"sm\" data-start=\"2038\" data-end=\"2060\">Material<\/td>\n<td data-col-size=\"lg\" data-start=\"2060\" data-end=\"2165\">Stoff\/Gewebe, B\u00fcgeleisenkleber, N\u00e4hte, Metalll\u00f6cher usw.<\/td>\n<\/tr>\n<tr data-start=\"2166\" data-end=\"2316\">\n<td data-start=\"2166\" data-end=\"2188\" data-col-size=\"sm\">RFID<\/td>\n<td data-col-size=\"sm\" data-start=\"2188\" data-end=\"2210\">Chipmodell<\/td>\n<td data-col-size=\"lg\" data-start=\"2210\" data-end=\"2316\">NXP UCODE\u00ae 9<\/td>\n<\/tr>\n<tr data-start=\"2317\" data-end=\"2467\">\n<td data-start=\"2317\" data-end=\"2339\" data-col-size=\"sm\"><\/td>\n<td data-col-size=\"sm\" data-start=\"2339\" data-end=\"2361\">Erinnerung<\/td>\n<td data-col-size=\"lg\" data-start=\"2361\" data-end=\"2467\">EPC: 96 Bit<\/td>\n<\/tr>\n<tr data-start=\"2468\" data-end=\"2618\">\n<td data-start=\"2468\" data-end=\"2490\" data-col-size=\"sm\"><\/td>\n<td data-col-size=\"sm\" data-start=\"2490\" data-end=\"2512\">Protokoll<\/td>\n<td data-col-size=\"lg\" data-start=\"2512\" data-end=\"2618\">EPC C1 G2<\/td>\n<\/tr>\n<tr data-start=\"2619\" data-end=\"2770\">\n<td data-start=\"2619\" data-end=\"2641\" data-col-size=\"sm\">Physisch<\/td>\n<td data-col-size=\"sm\" data-start=\"2641\" data-end=\"2663\">Gr\u00f6\u00dfe<\/td>\n<td data-col-size=\"lg\" data-start=\"2663\" data-end=\"2770\">70\u00d715 mm<\/td>\n<\/tr>\n<tr data-start=\"2771\" data-end=\"2921\">\n<td data-start=\"2771\" data-end=\"2793\" data-col-size=\"sm\"><\/td>\n<td data-col-size=\"sm\" data-start=\"2793\" data-end=\"2815\">Andere Gr\u00f6\u00dfen<\/td>\n<td data-col-size=\"lg\" data-start=\"2815\" data-end=\"2921\">86 \u00d7 16 mm; 50 \u00d7 20 mm; 72 \u00d7 16 mm; 35 \u00d7 15 mm usw.<\/td>\n<\/tr>\n<tr data-start=\"2922\" data-end=\"3072\">\n<td data-start=\"2922\" data-end=\"2944\" data-col-size=\"sm\">Aussehen<\/td>\n<td data-col-size=\"sm\" data-start=\"2944\" data-end=\"2966\">Farbe<\/td>\n<td data-col-size=\"lg\" data-start=\"2966\" data-end=\"3072\">Wei\u00df<\/td>\n<\/tr>\n<tr data-start=\"3073\" data-end=\"3223\">\n<td data-start=\"3073\" data-end=\"3095\" data-col-size=\"sm\">Haltbarkeit<\/td>\n<td data-col-size=\"sm\" data-start=\"3095\" data-end=\"3117\">Arbeitszeiten<\/td>\n<td data-col-size=\"lg\" data-start=\"3117\" data-end=\"3223\">Durchschnittlich 200 Zyklen; einige Modelle &gt;300 Zyklen<\/td>\n<\/tr>\n<tr data-start=\"3224\" data-end=\"3375\">\n<td data-start=\"3224\" data-end=\"3246\" data-col-size=\"sm\">Umfeld<\/td>\n<td data-start=\"3246\" data-end=\"3270\" data-col-size=\"sm\">Betriebstemperatur<\/td>\n<td data-col-size=\"lg\" data-start=\"3270\" data-end=\"3375\">\u221225 \u2103 bis +150 \u2103<\/td>\n<\/tr>\n<tr data-start=\"3376\" data-end=\"3526\">\n<td data-start=\"3376\" data-end=\"3398\" data-col-size=\"sm\">Leistung<\/td>\n<td data-col-size=\"sm\" data-start=\"3398\" data-end=\"3420\">Lesedistanz<\/td>\n<td data-col-size=\"lg\" data-start=\"3420\" data-end=\"3526\">5\u201310 m<\/td>\n<\/tr>\n<tr data-start=\"3527\" data-end=\"3688\">\n<td data-start=\"3527\" data-end=\"3549\" data-col-size=\"sm\">Verwendung<\/td>\n<td data-col-size=\"sm\" data-start=\"3549\" data-end=\"3571\">Anwendung<\/td>\n<td data-col-size=\"lg\" data-start=\"3571\" data-end=\"3688\">W\u00e4schereil\u00f6sungen, Waschsalon, Industriew\u00e4sche, Hoteltextilienmanagement, Supermarkt-\/Textiliengesch\u00e4ftmanagement usw.<\/td>\n<\/tr>\n<\/tbody>\n<\/table>\n<\/div>\n<\/div>","protected":false},"excerpt":{"rendered":"<p>Aufn\u00e4hbare, waschbare UHF-Textil-RFID-Etiketten f\u00fcr Bettw\u00e4sche und Uniformen \u2013 wasserdicht, hitzebest\u00e4ndig, Lesereichweite 5\u201310 m und Haltbarkeit \u00fcber 200 Waschzyklen f\u00fcr industrielle W\u00e4schereien.<\/p>","protected":false},"featured_media":707,"template":"","meta":{"_gspb_post_css":""},"product_brand":[],"product_cat":[17,18],"product_tag":[],"class_list":{"0":"post-706","1":"product","2":"type-product","3":"status-publish","4":"has-post-thumbnail","6":"product_cat-rfid-laundry-tags","7":"product_cat-textile-rfid-laundry-tags","9":"first","10":"instock","11":"shipping-taxable","12":"purchasable","13":"product-type-simple"},"_links":{"self":[{"href":"https:\/\/www.cxjsmartcard.com\/de\/wp-json\/wp\/v2\/product\/706","targetHints":{"allow":["GET"]}}],"collection":[{"href":"https:\/\/www.cxjsmartcard.com\/de\/wp-json\/wp\/v2\/product"}],"about":[{"href":"https:\/\/www.cxjsmartcard.com\/de\/wp-json\/wp\/v2\/types\/product"}],"wp:featuredmedia":[{"embeddable":true,"href":"https:\/\/www.cxjsmartcard.com\/de\/wp-json\/wp\/v2\/media\/707"}],"wp:attachment":[{"href":"https:\/\/www.cxjsmartcard.com\/de\/wp-json\/wp\/v2\/media?parent=706"}],"wp:term":[{"taxonomy":"product_brand","embeddable":true,"href":"https:\/\/www.cxjsmartcard.com\/de\/wp-json\/wp\/v2\/product_brand?post=706"},{"taxonomy":"product_cat","embeddable":true,"href":"https:\/\/www.cxjsmartcard.com\/de\/wp-json\/wp\/v2\/product_cat?post=706"},{"taxonomy":"product_tag","embeddable":true,"href":"https:\/\/www.cxjsmartcard.com\/de\/wp-json\/wp\/v2\/product_tag?post=706"}],"curies":[{"name":"wp","href":"https:\/\/api.w.org\/{rel}","templated":true}]}}