{"id":701,"date":"2025-11-03T06:44:06","date_gmt":"2025-11-03T06:44:06","guid":{"rendered":"https:\/\/www.cxjsmartcard.com\/?post_type=product&#038;p=701"},"modified":"2025-12-29T01:27:11","modified_gmt":"2025-12-29T01:27:11","slug":"textile-washable-waterproof-uhf-rfid-laundry-tags","status":"publish","type":"product","link":"https:\/\/www.cxjsmartcard.com\/de\/textile-washable-waterproof-uhf-rfid-laundry-tags\/","title":{"rendered":"Waschbare, wasserdichte UHF-RFID-W\u00e4scheetiketten f\u00fcr Textilien"},"content":{"rendered":"<p data-start=\"141\" data-end=\"525\">Waschbare, wasserdichte UHF-RFID-W\u00e4scheetiketten f\u00fcr Textilien sind nicht \u00fcbertragbare Etiketten mit einem sicher versiegelten RFID-Chip zur zuverl\u00e4ssigen Datenspeicherung und -\u00fcbertragung. Sie sind best\u00e4ndig gegen hohe Temperaturen und raue Umgebungsbedingungen. Besonders geeignet sind sie f\u00fcr die W\u00e4scheverwaltung und W\u00e4schereiketten. Die Etiketten sind in verschiedenen Gr\u00f6\u00dfen erh\u00e4ltlich und k\u00f6nnen durch N\u00e4hen, Kleben, Anstecken oder Binden befestigt werden.<\/p>\n<p data-start=\"527\" data-end=\"541\"><strong data-start=\"527\" data-end=\"539\">Merkmale<\/strong><\/p>\n<ol data-start=\"542\" data-end=\"899\">\n<li data-start=\"542\" data-end=\"602\">\n<p data-start=\"545\" data-end=\"602\">UHF-Technologie zum gleichzeitigen Auslesen von Hunderten von Tags.<\/p>\n<\/li>\n<li data-start=\"603\" data-end=\"642\">\n<p data-start=\"606\" data-end=\"642\">Mehr als 8 Fu\u00df Leseabstand.<\/p>\n<\/li>\n<li data-start=\"643\" data-end=\"711\">\n<p data-start=\"646\" data-end=\"711\">Neue mechanische Konstruktion f\u00fcr verbesserte Leistung bei Flachw\u00e4sche.<\/p>\n<\/li>\n<li data-start=\"712\" data-end=\"768\">\n<p data-start=\"715\" data-end=\"768\">Geeignet f\u00fcr Hochdruckabsauganlagen bis 60 bar.<\/p>\n<\/li>\n<li data-start=\"769\" data-end=\"811\">\n<p data-start=\"772\" data-end=\"811\">Geeignet f\u00fcr die Sterilisation im Autoklaven.<\/p>\n<\/li>\n<li data-start=\"812\" data-end=\"899\">\n<p data-start=\"815\" data-end=\"899\">Kleines, weiches, flexibles Material, ideal f\u00fcr Textilien, Bettw\u00e4sche, Bekleidung und Accessoires.<\/p>\n<\/li>\n<\/ol>\n<p data-start=\"901\" data-end=\"1018\"><strong data-start=\"901\" data-end=\"925\">Gesch\u00e4ftsanwendung<\/strong><br data-start=\"925\" data-end=\"928\" \/>Anwendungsbereich: W\u00e4scherei, Hotel, Schule, Qualit\u00e4tskontrolle, Bestandsverwaltung usw.<\/p>\n<p data-start=\"1020\" data-end=\"1050\"><strong data-start=\"1020\" data-end=\"1048\">Wie werden die Tags installiert?<\/strong><\/p>\n<ol data-start=\"1051\" data-end=\"1195\">\n<li data-start=\"1051\" data-end=\"1109\">\n<p data-start=\"1054\" data-end=\"1109\">Die Antenne aussparen und durch Vern\u00e4hen beider Enden befestigen.<\/p>\n<\/li>\n<li data-start=\"1110\" data-end=\"1195\">\n<p data-start=\"1113\" data-end=\"1195\">Bringen Sie es an, indem Sie es 15 Sekunden lang bei einer hohen Temperatur von 210 Grad Celsius b\u00fcgeln.<\/p>\n<\/li>\n<\/ol>\n<p data-start=\"1197\" data-end=\"1534\"><strong data-start=\"1197\" data-end=\"1249\">Warum RFID-W\u00e4scheetiketten in industriellen W\u00e4schereien einsetzen?<\/strong><br data-start=\"1249\" data-end=\"1252\" \/>RFID-W\u00e4scheetiketten automatisieren W\u00e4schereiprozesse mit hohem Durchsatz und reduzieren so manuelle Arbeit und menschliche Fehler. Die Etiketten wurden f\u00fcr gewerbliche W\u00e4schereien, medizinische Berufsbekleidung und Krankenhausw\u00e4sche entwickelt und vereinfachen die Nachverfolgung und Verwaltung durch die nahtlose Daten\u00fcbertragung an RFID-Leseger\u00e4te.<\/p>\n<p data-start=\"1536\" data-end=\"1716\"><strong data-start=\"1536\" data-end=\"1568\">H\u00e4ufig gestellte Fragen zu RFID-W\u00e4scheetiketten<\/strong><br data-start=\"1568\" data-end=\"1571\" \/><strong data-start=\"1571\" data-end=\"1577\">Q:<\/strong> Sind diese Etiketten f\u00fcr den Einsatz in Industrietrocknern geeignet?<br data-start=\"1619\" data-end=\"1622\" \/><strong data-start=\"1622\" data-end=\"1628\">A:<\/strong> Ja, diese waschbaren UHF-RFID-Tags sind so konstruiert, dass sie hoher Hitze und hohem Druck standhalten.<\/p>\n<p data-start=\"1718\" data-end=\"1834\"><strong data-start=\"1718\" data-end=\"1724\">Q:<\/strong> Welche RFID-Leseger\u00e4te sind kompatibel?<br data-start=\"1758\" data-end=\"1761\" \/><strong data-start=\"1761\" data-end=\"1767\">A:<\/strong> Jeder Leser, der die Normen ISO 18000-6C oder EPC Class1 Gen2 unterst\u00fctzt.<\/p>\n<p data-start=\"1836\" data-end=\"2028\"><strong data-start=\"1836\" data-end=\"1842\">Q:<\/strong> Wie integriere ich sie in mein bestehendes System?<br data-start=\"1890\" data-end=\"1893\" \/><strong data-start=\"1893\" data-end=\"1899\">A:<\/strong> Wir bieten umfassenden technischen Support. Bitte f\u00fcllen Sie das untenstehende Formular aus und teilen Sie uns mit, welchen Leseger\u00e4t- oder Antennentyp Sie ben\u00f6tigen.<\/p>\n<p data-start=\"2030\" data-end=\"2188\"><strong data-start=\"2030\" data-end=\"2038\">\u7b80\u8981\u63cf\u8ff0<\/strong><br data-start=\"2038\" data-end=\"2041\" \/>Robuste UHF-RFID-W\u00e4scheetiketten f\u00fcr Textilien und Bekleidung. Wasserdicht, waschbar und mit gro\u00dfer Reichweite \u2013 ideal f\u00fcr die industrielle W\u00e4scheverfolgung und -verwaltung.<\/p>\n<h2 data-start=\"2190\" data-end=\"2215\">Tabelle (Spezifikationen)<\/h2>\n<div class=\"_tableContainer_1rjym_1\">\n<div class=\"group _tableWrapper_1rjym_13 flex w-fit flex-col-reverse\" tabindex=\"-1\">\n<table class=\"w-fit min-w-(--thread-content-width)\" data-start=\"2217\" data-end=\"4716\">\n<thead data-start=\"2217\" data-end=\"2341\">\n<tr data-start=\"2217\" data-end=\"2341\">\n<th data-start=\"2217\" data-end=\"2242\" data-col-size=\"sm\">Kategorie<\/th>\n<th data-start=\"2242\" data-end=\"2268\" data-col-size=\"sm\">Parameter<\/th>\n<th data-start=\"2268\" data-end=\"2341\" data-col-size=\"md\">Wert<\/th>\n<\/tr>\n<\/thead>\n<tbody data-start=\"2467\" data-end=\"4716\">\n<tr data-start=\"2467\" data-end=\"2591\">\n<td data-start=\"2467\" data-end=\"2492\" data-col-size=\"sm\">Physikalische Parameter<\/td>\n<td data-col-size=\"sm\" data-start=\"2492\" data-end=\"2518\">Produktgr\u00f6\u00dfe<\/td>\n<td data-col-size=\"md\" data-start=\"2518\" data-end=\"2591\">55\u00d710\u00d72,2 mm; 70\u00d715\u00d71,5 mm; usw.<\/td>\n<\/tr>\n<tr data-start=\"2592\" data-end=\"2716\">\n<td data-start=\"2592\" data-end=\"2617\" data-col-size=\"sm\"><\/td>\n<td data-start=\"2617\" data-end=\"2643\" data-col-size=\"sm\">Materialien<\/td>\n<td data-col-size=\"md\" data-start=\"2643\" data-end=\"2716\">100% Polyester<\/td>\n<\/tr>\n<tr data-start=\"2717\" data-end=\"2841\">\n<td data-start=\"2717\" data-end=\"2742\" data-col-size=\"sm\"><\/td>\n<td data-col-size=\"sm\" data-start=\"2742\" data-end=\"2768\">Farbe<\/td>\n<td data-col-size=\"md\" data-start=\"2768\" data-end=\"2841\">Blau, Wei\u00df (andere Farben individuell anpassbar)<\/td>\n<\/tr>\n<tr data-start=\"2842\" data-end=\"2966\">\n<td data-start=\"2842\" data-end=\"2867\" data-col-size=\"sm\"><\/td>\n<td data-col-size=\"sm\" data-start=\"2867\" data-end=\"2893\">Handwerk<\/td>\n<td data-col-size=\"md\" data-start=\"2893\" data-end=\"2966\">Logodruck, Laserdruck von Nummern<\/td>\n<\/tr>\n<tr data-start=\"2967\" data-end=\"3091\">\n<td data-start=\"2967\" data-end=\"2992\" data-col-size=\"sm\">Umwelt<\/td>\n<td data-col-size=\"sm\" data-start=\"2992\" data-end=\"3018\">Betriebstemperatur<\/td>\n<td data-col-size=\"md\" data-start=\"3018\" data-end=\"3091\">\u221240 ~ +160 \u00b0C (160 \u00b0C \/ 20 Minuten)<\/td>\n<\/tr>\n<tr data-start=\"3092\" data-end=\"3216\">\n<td data-start=\"3092\" data-end=\"3117\" data-col-size=\"sm\"><\/td>\n<td data-start=\"3117\" data-end=\"3143\" data-col-size=\"sm\">Lagertemperatur<\/td>\n<td data-col-size=\"md\" data-start=\"3143\" data-end=\"3216\">\u221240 ~ +160 \u00b0C (160 \u00b0C \/ 20 Minuten)<\/td>\n<\/tr>\n<tr data-start=\"3217\" data-end=\"3341\">\n<td data-start=\"3217\" data-end=\"3242\" data-col-size=\"sm\">Technisch<\/td>\n<td data-col-size=\"sm\" data-start=\"3242\" data-end=\"3268\">Arbeitsfrequenz<\/td>\n<td data-col-size=\"md\" data-start=\"3268\" data-end=\"3341\">840 ~ 960 MHz<\/td>\n<\/tr>\n<tr data-start=\"3342\" data-end=\"3466\">\n<td data-start=\"3342\" data-end=\"3367\" data-col-size=\"sm\"><\/td>\n<td data-col-size=\"sm\" data-start=\"3367\" data-end=\"3393\">Chip<\/td>\n<td data-col-size=\"md\" data-start=\"3393\" data-end=\"3466\">NXP U CODE 9<\/td>\n<\/tr>\n<tr data-start=\"3467\" data-end=\"3591\">\n<td data-start=\"3467\" data-end=\"3492\" data-col-size=\"sm\"><\/td>\n<td data-col-size=\"sm\" data-start=\"3492\" data-end=\"3518\">Protokoll<\/td>\n<td data-col-size=\"md\" data-start=\"3518\" data-end=\"3591\">ISO18000-6C, EPC Klasse Gen 2<\/td>\n<\/tr>\n<tr data-start=\"3592\" data-end=\"3716\">\n<td data-start=\"3592\" data-end=\"3617\" data-col-size=\"sm\"><\/td>\n<td data-col-size=\"sm\" data-start=\"3617\" data-end=\"3643\">Lebenslang<\/td>\n<td data-col-size=\"md\" data-start=\"3643\" data-end=\"3716\">Normale W\u00e4sche 200 Mal<\/td>\n<\/tr>\n<tr data-start=\"3717\" data-end=\"3841\">\n<td data-start=\"3717\" data-end=\"3742\" data-col-size=\"sm\"><\/td>\n<td data-col-size=\"sm\" data-start=\"3742\" data-end=\"3768\">Lesebereich<\/td>\n<td data-col-size=\"md\" data-start=\"3768\" data-end=\"3841\">10 m<\/td>\n<\/tr>\n<tr data-start=\"3842\" data-end=\"3966\">\n<td data-start=\"3842\" data-end=\"3867\" data-col-size=\"sm\">Leistung\/Handling<\/td>\n<td data-start=\"3867\" data-end=\"3893\" data-col-size=\"sm\">Gleichzeitiges Lesen<\/td>\n<td data-start=\"3893\" data-end=\"3966\" data-col-size=\"md\">Hunderte von Tags (UHF)<\/td>\n<\/tr>\n<tr data-start=\"3967\" data-end=\"4091\">\n<td data-start=\"3967\" data-end=\"3992\" data-col-size=\"sm\"><\/td>\n<td data-col-size=\"sm\" data-start=\"3992\" data-end=\"4018\">Kompatibilit\u00e4t des Extraktors<\/td>\n<td data-col-size=\"md\" data-start=\"4018\" data-end=\"4091\">Hochdruckabsaugger\u00e4te bis zu 60 bar<\/td>\n<\/tr>\n<tr data-start=\"4092\" data-end=\"4216\">\n<td data-start=\"4092\" data-end=\"4117\" data-col-size=\"sm\"><\/td>\n<td data-col-size=\"sm\" data-start=\"4117\" data-end=\"4143\">Sterilisation<\/td>\n<td data-col-size=\"md\" data-start=\"4143\" data-end=\"4216\">Autoklavierbar<\/td>\n<\/tr>\n<tr data-start=\"4217\" data-end=\"4341\">\n<td data-start=\"4217\" data-end=\"4242\" data-col-size=\"sm\">Formfaktor<\/td>\n<td data-start=\"4242\" data-end=\"4268\" data-col-size=\"sm\">Konstruktion<\/td>\n<td data-col-size=\"md\" data-start=\"4268\" data-end=\"4341\">Klein, weich, flexibel \u2013 ideal f\u00fcr Textilien\/Bettw\u00e4sche\/Bekleidung\/Accessoires<\/td>\n<\/tr>\n<tr data-start=\"4342\" data-end=\"4466\">\n<td data-start=\"4342\" data-end=\"4367\" data-col-size=\"sm\">Installation<\/td>\n<td data-start=\"4367\" data-end=\"4393\" data-col-size=\"sm\">N\u00e4hen<\/td>\n<td data-col-size=\"md\" data-start=\"4393\" data-end=\"4466\">Beide Enden vern\u00e4hen; die Antenne aussparen.<\/td>\n<\/tr>\n<tr data-start=\"4467\" data-end=\"4591\">\n<td data-start=\"4467\" data-end=\"4492\" data-col-size=\"sm\"><\/td>\n<td data-start=\"4492\" data-end=\"4518\" data-col-size=\"sm\">Heizpresse<\/td>\n<td data-start=\"4518\" data-end=\"4591\" data-col-size=\"md\">Eisen bei 210 \u00b0C f\u00fcr 15 Sekunden<\/td>\n<\/tr>\n<tr data-start=\"4592\" data-end=\"4716\">\n<td data-start=\"4592\" data-end=\"4617\" data-col-size=\"sm\">Anwendungen<\/td>\n<td data-col-size=\"sm\" data-start=\"4617\" data-end=\"4643\">Typische Anwendungsf\u00e4lle<\/td>\n<td data-col-size=\"md\" data-start=\"4643\" data-end=\"4716\">W\u00e4scherei, Hotel, Schule, Qualit\u00e4tskontrolle, Bestandsmanagement<\/td>\n<\/tr>\n<\/tbody>\n<\/table>\n<\/div>\n<\/div>","protected":false},"excerpt":{"rendered":"<p>Langlebige, waschbare und wasserdichte UHF-RFID-W\u00e4scheetiketten f\u00fcr Textilien und Bettw\u00e4sche mit gro\u00dfer Lesereichweite, hoher Temperaturbest\u00e4ndigkeit und Unterst\u00fctzung f\u00fcr Autoklaven und 60-bar-Extraktoren.<\/p>","protected":false},"featured_media":702,"template":"","meta":{"_gspb_post_css":""},"product_brand":[],"product_cat":[17,18],"product_tag":[],"class_list":{"0":"post-701","1":"product","2":"type-product","3":"status-publish","4":"has-post-thumbnail","6":"product_cat-rfid-laundry-tags","7":"product_cat-textile-rfid-laundry-tags","9":"first","10":"instock","11":"shipping-taxable","12":"purchasable","13":"product-type-simple"},"_links":{"self":[{"href":"https:\/\/www.cxjsmartcard.com\/de\/wp-json\/wp\/v2\/product\/701","targetHints":{"allow":["GET"]}}],"collection":[{"href":"https:\/\/www.cxjsmartcard.com\/de\/wp-json\/wp\/v2\/product"}],"about":[{"href":"https:\/\/www.cxjsmartcard.com\/de\/wp-json\/wp\/v2\/types\/product"}],"wp:featuredmedia":[{"embeddable":true,"href":"https:\/\/www.cxjsmartcard.com\/de\/wp-json\/wp\/v2\/media\/702"}],"wp:attachment":[{"href":"https:\/\/www.cxjsmartcard.com\/de\/wp-json\/wp\/v2\/media?parent=701"}],"wp:term":[{"taxonomy":"product_brand","embeddable":true,"href":"https:\/\/www.cxjsmartcard.com\/de\/wp-json\/wp\/v2\/product_brand?post=701"},{"taxonomy":"product_cat","embeddable":true,"href":"https:\/\/www.cxjsmartcard.com\/de\/wp-json\/wp\/v2\/product_cat?post=701"},{"taxonomy":"product_tag","embeddable":true,"href":"https:\/\/www.cxjsmartcard.com\/de\/wp-json\/wp\/v2\/product_tag?post=701"}],"curies":[{"name":"wp","href":"https:\/\/api.w.org\/{rel}","templated":true}]}}